{"id":9532,"date":"2024-05-13T11:53:00","date_gmt":"2024-05-13T04:53:00","guid":{"rendered":"https:\/\/chinaesim.com\/comprendre-linternet-mobile-en-chine-guide-pour-les-touristes\/"},"modified":"2025-10-06T17:00:25","modified_gmt":"2025-10-06T10:00:25","slug":"internet-mobile","status":"publish","type":"page","link":"https:\/\/chinaesim.com\/fr\/internet-mobile\/","title":{"rendered":"Comprendre l&#8217;Internet Mobile en Chine \u2013 Guide pour les Touristes"},"content":{"rendered":"\n<p>Naviguer dans les complexit\u00e9s de l\u2019Internet mobile en Chine peut \u00eatre intimidant, en particulier pour les nouveaux visiteurs. Des points d&#8217;acc\u00e8s Wi-Fi publics aux appareils Wi-Fi portables, en passant par les cartes SIM pr\u00e9pay\u00e9es et l&#8217;itin\u00e9rance internationale, chaque option pr\u00e9sente ses propres avantages et inconv\u00e9nients. Comprendre ces nuances est crucial pour garantir une exp\u00e9rience de voyage fluide et connect\u00e9e dans ce pays vaste et dynamique.<\/p>\n\n\n\n<figure class=\"wp-block-image size-large\"><img decoding=\"async\" width=\"1024\" height=\"683\" src=\"https:\/\/chinaesim.com\/wp-content\/uploads\/sites\/5\/2024\/06\/LInternet-Mobile-en-Chine-Comment-Choisir-la-Meilleure-Option-1024x683.jpg\" alt=\"L'Internet Mobile en Chine Comment Choisir la Meilleure Option\" class=\"wp-image-9534\" srcset=\"https:\/\/chinaesim.com\/wp-content\/uploads\/sites\/5\/2024\/06\/LInternet-Mobile-en-Chine-Comment-Choisir-la-Meilleure-Option-1024x683.jpg 1024w, https:\/\/chinaesim.com\/wp-content\/uploads\/sites\/5\/2024\/06\/LInternet-Mobile-en-Chine-Comment-Choisir-la-Meilleure-Option-300x200.jpg 300w, https:\/\/chinaesim.com\/wp-content\/uploads\/sites\/5\/2024\/06\/LInternet-Mobile-en-Chine-Comment-Choisir-la-Meilleure-Option-768x512.jpg 768w, https:\/\/chinaesim.com\/wp-content\/uploads\/sites\/5\/2024\/06\/LInternet-Mobile-en-Chine-Comment-Choisir-la-Meilleure-Option-570x380.jpg 570w, https:\/\/chinaesim.com\/wp-content\/uploads\/sites\/5\/2024\/06\/LInternet-Mobile-en-Chine-Comment-Choisir-la-Meilleure-Option.jpg 1200w\" sizes=\"(max-width: 1024px) 100vw, 1024px\" \/><\/figure>\n\n\n\n<div class=\"wp-block-rank-math-toc-block\" id=\"rank-math-toc\"><h2>Table des Mati\u00e8res<\/h2><nav><div><div class=\"\"><a href=\"#i-paysage-des-reseaux-mobiles-en-chine\">I. Paysage des R\u00e9seaux Mobiles en Chine<\/a><\/div><div class=\"\"><a href=\"#ii-options-d-acces-a-l-internet-mobile-en-chine\">II. Options d&#8217;Acc\u00e8s \u00e0 l&#8217;Internet Mobile en Chine<\/a><\/div><div class=\"\"><a href=\"#iii-budgetisation-des-couts-des-donnees-mobiles-en-chine\">III. Budg\u00e9tisation des Co\u00fbts des Donn\u00e9es Mobiles en Chine<\/a><\/div><div class=\"\"><a href=\"#iv-meilleurs-operateurs-mobiles-en-chine\">IV. Meilleurs Op\u00e9rateurs Mobiles en Chine<\/a><\/div><div class=\"\"><a href=\"#v-faq-sur-l-internet-mobile-en-chine\">V. FAQ sur l&#8217;Internet Mobile en Chine<\/a><\/div><div class=\"\"><a href=\"#dernieres-notes\">Derni\u00e8res Notes<\/a><\/div><\/div><\/nav><\/div>\n\n\n\n<h2 class=\"wp-block-heading\" id=\"i-paysage-des-reseaux-mobiles-en-chine\">I. Paysage des R\u00e9seaux Mobiles en Chine<\/h2>\n\n\n\n<p>En tant que l&#8217;un des march\u00e9s mobiles les plus importants et les plus d\u00e9velopp\u00e9s au monde, la Chine poss\u00e8de sa propre structure de r\u00e9seau unique que les visiteurs doivent conna\u00eetre.<\/p>\n\n\n\n<h3 class=\"wp-block-heading\" id=\"1-china-mobile-internet-coverage\">1. Internet Mobile en Chine: Couverture<\/h3>\n\n\n\n<figure class=\"wp-block-image size-large\"><img decoding=\"async\" width=\"1024\" height=\"683\" src=\"https:\/\/chinaesim.com\/wp-content\/uploads\/sites\/5\/2024\/05\/Coverage-mo-china-1024x683.jpg\" alt=\"Les trois op\u00e9rateurs disposent d'une vaste couverture nationale en Chine, China Mobile ayant la plus grande port\u00e9e.\" class=\"wp-image-6647\" srcset=\"https:\/\/chinaesim.com\/wp-content\/uploads\/sites\/5\/2024\/05\/Coverage-mo-china-1024x683.jpg 1024w, https:\/\/chinaesim.com\/wp-content\/uploads\/sites\/5\/2024\/05\/Coverage-mo-china-300x200.jpg 300w, https:\/\/chinaesim.com\/wp-content\/uploads\/sites\/5\/2024\/05\/Coverage-mo-china-768x512.jpg 768w, https:\/\/chinaesim.com\/wp-content\/uploads\/sites\/5\/2024\/05\/Coverage-mo-china-570x380.jpg 570w, https:\/\/chinaesim.com\/wp-content\/uploads\/sites\/5\/2024\/05\/Coverage-mo-china.jpg 1200w\" sizes=\"(max-width: 1024px) 100vw, 1024px\" \/><\/figure>\n\n\n\n<p>Les trois op\u00e9rateurs disposent d&#8217;une vaste couverture nationale en Chine, China Mobile ayant la plus grande port\u00e9e.<\/p>\n\n\n\n<ul>\n<li>Le r\u00e9seau 2G de China Mobile couvre presque toute la Chine, fournissant des services vocaux et textuels de base dans tout le pays. Cependant, les vitesses de donn\u00e9es sur la 2G sont assez lentes, atteignant un maximum de 320 kbps.<\/li>\n\n\n\n<li>En termes de donn\u00e9es \u00e0 haut d\u00e9bit, China Unicom dispose de la couverture 3G la plus \u00e9tendue de Chine gr\u00e2ce \u00e0 son r\u00e9seau UMTS\/HSPA \u00e0 2 100 MHz. Ce r\u00e9seau est compatible avec la plupart des smartphones mondiaux.<\/li>\n\n\n\n<li>Les plus grandes villes et provinces b\u00e9n\u00e9ficient d\u00e9sormais d&#8217;une couverture 4G LTE quasi universelle de la part des trois op\u00e9rateurs. China Mobile d\u00e9ploie la technologie TDD-LTE sur des bandes de fr\u00e9quences peu courantes, tandis que China Unicom et China Telecom utilisent des bandes FDD-LTE plus compatibles avec le monde entier.<\/li>\n\n\n\n<li>Les r\u00e9seaux 5G se d\u00e9veloppent \u00e9galement rapidement dans les grandes villes et les r\u00e9gions en d\u00e9veloppement. China Broadnet s&#8217;est associ\u00e9 \u00e0 China Mobile pour introduire la 5G en utilisant des bandes de spectre peu communes.<\/li>\n<\/ul>\n\n\n\n<h3 class=\"wp-block-heading\" id=\"2-china-mobile-internet-speed\">2. Internet Mobile en Chine: Performances du R\u00e9seau<\/h3>\n\n\n\n<figure class=\"wp-block-image size-large\"><img decoding=\"async\" width=\"1024\" height=\"683\" src=\"https:\/\/chinaesim.com\/wp-content\/uploads\/sites\/5\/2024\/04\/speedtest-5gperformance-china-1024x683.jpg\" alt=\"D'apr\u00e8s les donn\u00e9es du Speedtest Global Index , les r\u00e9seaux mobiles Chinois continuent d'offrir certaines des vitesses les plus rapides au monde:\" class=\"wp-image-5737\" srcset=\"https:\/\/chinaesim.com\/wp-content\/uploads\/sites\/5\/2024\/04\/speedtest-5gperformance-china-1024x683.jpg 1024w, https:\/\/chinaesim.com\/wp-content\/uploads\/sites\/5\/2024\/04\/speedtest-5gperformance-china-300x200.jpg 300w, https:\/\/chinaesim.com\/wp-content\/uploads\/sites\/5\/2024\/04\/speedtest-5gperformance-china-768x512.jpg 768w, https:\/\/chinaesim.com\/wp-content\/uploads\/sites\/5\/2024\/04\/speedtest-5gperformance-china-570x380.jpg 570w, https:\/\/chinaesim.com\/wp-content\/uploads\/sites\/5\/2024\/04\/speedtest-5gperformance-china.jpg 1200w\" sizes=\"(max-width: 1024px) 100vw, 1024px\" \/><\/figure>\n\n\n\n<p>D&#8217;apr\u00e8s les donn\u00e9es du <a href=\"https:\/\/www.speedtest.net\/global-index\/china\" data-type=\"link\" data-id=\"https:\/\/www.speedtest.net\/global-index\/china\" target=\"_blank\" rel=\"noopener\">Speedtest Global Index<\/a>, les r\u00e9seaux mobiles Chinois continuent d&#8217;offrir certaines des vitesses les plus rapides au monde:<\/p>\n\n\n\n<ul>\n<li>Les vitesses m\u00e9dianes de t\u00e9l\u00e9chargement 4G \u00e0 l\u2019\u00e9chelle nationale d\u00e9passaient 195 Mbps sur China Mobile et 143 Mbps sur China Unicom en Mars 2024.<\/li>\n\n\n\n<li>China Broadnet a d\u00e9ploy\u00e9 la 5G \u00e0 tr\u00e8s haute capacit\u00e9, offrant des vitesses de t\u00e9l\u00e9chargement m\u00e9dianes 5G sup\u00e9rieures \u00e0 300 Mbps.<\/li>\n\n\n\n<li>Les grandes villes comme Beijing et Shanghai ont des vitesses m\u00e9dianes de 4G allant jusqu&#8217;\u00e0 230 Mbps, la 5G \u00e9tant capable de d\u00e9passer 300 Mbps sur les appareils les plus r\u00e9cents.<\/li>\n\n\n\n<li>Les appareils phares et les chipsets de modem plus rapides atteignent syst\u00e9matiquement des vitesses comprises entre 250 et 300 Mbps sur les meilleures connexions cellulaires \u00e0 travers la Chine.<\/li>\n<\/ul>\n\n\n\n<p>En r\u00e9sum\u00e9, m\u00eame si les incoh\u00e9rences en mati\u00e8re de fr\u00e9quence et de normes restent des d\u00e9fis pour la compatibilit\u00e9 mondiale, la couverture et les vitesses du r\u00e9seau national en Chine ont consolid\u00e9 la Chine en tant que leader mondial en termes de performances et de d\u00e9ploiement globaux de l&#8217;Internet mobile. L\u2019expansion continue de la 5G promet une connectivit\u00e9 mobile encore plus grande \u00e0 l\u2019\u00e9chelle nationale.<\/p>\n\n\n\n<h2 class=\"wp-block-heading\" id=\"ii-options-d-acces-a-l-internet-mobile-en-chine\">II. Options d&#8217;Acc\u00e8s \u00e0 l&#8217;Internet Mobile en Chine<\/h2>\n\n\n\n<figure class=\"wp-block-table\"><table><thead><tr><th>Option<\/th><th>Couverture<\/th><th>Vitesse<\/th><th>Validit\u00e9<\/th><th>VPN Requis?<\/th><th>Gamme de Prix (USD)<\/th><\/tr><\/thead><tbody><tr><td><strong>Carte SIM pr\u00e9pay\u00e9e China Mobile<\/strong><\/td><td>Couverture nationale 2G, extension de la couverture 4G mais utilisation d&#8217;un syst\u00e8me TDD-LTE non standard<\/td><td>Vitesses 2G pour les donn\u00e9es, 4G plus rapide dans les villes mais r\u00e9seau encombr\u00e9<\/td><td>Forfaits mensuels (valables 30 jours)<\/td><td>Non, mais certains sites peuvent \u00eatre bloqu\u00e9s<\/td><td>$13-88<\/td><\/tr><tr><td><strong>Carte SIM pr\u00e9pay\u00e9e de China Unicom<\/strong><\/td><td>Large couverture 3G\/4G sur les fr\u00e9quences standards\t<\/td><td>Vitesses 3G\/4G rapides\t<\/td><td>Forfaits mensuels (valables 30 jours)<\/td><td>Non, mais certains sites peuvent \u00eatre bloqu\u00e9s<\/td><td>$13-86<\/td><\/tr><tr><td><strong>Carte SIM pr\u00e9pay\u00e9e de China Telecom<\/strong><\/td><td>Limit\u00e9 aux zones couvertes par la 4G, utilise un r\u00e9seau CDMA non standard\t<\/td><td>4G rapide l\u00e0 o\u00f9 disponible<\/td><td>Forfaits mensuels (valables 30 jours)<\/td><td>Non, mais certains sites peuvent \u00eatre bloqu\u00e9s<\/td><td>$13-60<\/td><\/tr><tr><td><strong>Plans eSIM Chine<\/strong><\/td><td>Plans bas\u00e9s sur l&#8217;utilisation couvrant la Chine continentale<\/td><td>Des d\u00e9bits rapides sur les r\u00e9seaux 3G\/4G<\/td><td>Valable 5, 7, 10, 15 ou 30 jours<\/td><td>Non pour les forfaits de 5 \u00e0 15 jours, oui pour les forfaits de 30 jours\t<\/td><td>$1-15<\/td><\/tr><tr><td><strong>SIM Hong Kong avec itin\u00e9rance en Chine<\/strong><\/td><td>Forfaits bas\u00e9s sur l&#8217;utilisation couvrant Hong Kong et la Chine continentale<\/td><td>Vitesses rapides sur les r\u00e9seaux de Hong Kong et de Chine<\/td><td>Valable 5, 7, 10, 15 ou 30 jours<\/td><td>Non<\/td><td>$1.30-23<\/td><\/tr><tr><td><strong>eSIM de Chinaesim.com<\/strong><\/td><td>Forfaits bas\u00e9s sur l&#8217;utilisation couvrant plusieurs pays<\/td><td>Vitesses rapides sur les r\u00e9seaux locaux et Chinois<\/td><td>Valable 7, 10, 15 ou 30 jours<\/td><td>Non<\/td><td>$1.80-19<\/td><\/tr><\/tbody><\/table><\/figure>\n\n\n\n<p>China Unicom offre g\u00e9n\u00e9ralement la meilleure couverture en Chine continentale gr\u00e2ce \u00e0 ses cartes SIM pr\u00e9pay\u00e9es. Cependant, les forfaits eSIM offrent des p\u00e9riodes d\u2019utilisation plus flexibles sans n\u00e9cessiter l\u2019achat d\u2019une SIM physique.<\/p>\n\n\n\n<h2 class=\"wp-block-heading\" id=\"iii-budgetisation-des-couts-des-donnees-mobiles-en-chine\">III. Budg\u00e9tisation des Co\u00fbts des Donn\u00e9es Mobiles en Chine<\/h2>\n\n\n\n<p>L\u2019estimation de vos besoins en donn\u00e9es et la budg\u00e9tisation en cons\u00e9quence sont cruciales lors de la planification de votre voyage en Chine. Voici un guide g\u00e9n\u00e9ral pour vous aider \u00e0 anticiper les co\u00fbts en fonction des diff\u00e9rentes dur\u00e9es de voyage et des exigences en mati\u00e8re de donn\u00e9es.<\/p>\n\n\n\n<h3 class=\"wp-block-heading\" id=\"1-estimating-data-needs\">1. Estimation des Besoins en Donn\u00e9es<\/h3>\n\n\n\n<p>Avant d&#8217;explorer les options de tarification, il est essentiel d&#8217;estimer votre utilisation pr\u00e9vue des donn\u00e9es pendant votre voyage. Tenez compte des facteurs suivants:<\/p>\n\n\n\n<ul>\n<li>Dur\u00e9e du voyage: Les voyages plus longs n\u00e9cessitent g\u00e9n\u00e9ralement plus de donn\u00e9es.<\/li>\n\n\n\n<li>Style de voyage: Une utilisation intensive des cartes, des m\u00e9dias sociaux et du streaming consommera plus de donn\u00e9es.<\/li>\n\n\n\n<li>Nombre d&#8217;appareils: Si vous envisagez de connecter plusieurs appareils, vous aurez besoin d&#8217;une allocation de donn\u00e9es plus importante.<\/li>\n<\/ul>\n\n\n\n<h3 class=\"wp-block-heading\" id=\"2-comparing-prices-of-chinaesim-com-plans\">2. Comparaison des Prix des Forfaits Chinaesim.com<\/h3>\n\n\n\n<p>Chinaesim.com est un fournisseur populaire de cartes SIM pr\u00e9pay\u00e9es et de forfaits de donn\u00e9es sp\u00e9cialement con\u00e7us pour les voyageurs en Chine. <\/p>\n\n\n\n<p>Ces forfaits offrent des tarifs comp\u00e9titifs et peuvent constituer une option rentable pour ceux qui planifient des s\u00e9jours plus longs ou n\u00e9cessitent une utilisation importante des donn\u00e9es.<\/p>\n\n\n\n<h3 class=\"wp-block-heading\" id=\"3-estimating-costs-for-different-trip-lengths\">3. Estimation des Co\u00fbts pour Diff\u00e9rentes Dur\u00e9es de Voyage<\/h3>\n\n\n\n<p>Sur la base des donn\u00e9es et des tarifs de Chinaesim.com, voici une estimation des co\u00fbts pour diff\u00e9rentes dur\u00e9es de voyage:<\/p>\n\n\n\n<ul>\n<li>Voyage d&#8217;une semaine: Un forfait de donn\u00e9es de 1 Go (15,99$) peut suffire pour une utilisation l\u00e9g\u00e8re.<\/li>\n\n\n\n<li>Voyage de 2 semaines: Envisagez un forfait de donn\u00e9es de 3 Go (29,99$) pour une utilisation mod\u00e9r\u00e9e.<\/li>\n\n\n\n<li>Voyage d&#8217;un mois: Un forfait de donn\u00e9es de 6 Go (39,99 $) ou un forfait de donn\u00e9es de 10 Go (59,99$) pourrait convenir, selon vos besoins en donn\u00e9es.<\/li>\n\n\n\n<li>Voyages plus longs: Pour les s\u00e9jours prolong\u00e9s, envisagez d&#8217;acheter plusieurs recharges de donn\u00e9es ou un forfait de donn\u00e9es plus \u00e9lev\u00e9 pour \u00e9viter de manquer de donn\u00e9es en cours de voyage.<\/li>\n<\/ul>\n\n\n\n<h2 class=\"wp-block-heading\" id=\"iv-meilleurs-operateurs-mobiles-en-chine\">IV. Meilleurs Op\u00e9rateurs Mobiles en Chine<\/h2>\n\n\n\n<p>Il existe trois principaux op\u00e9rateurs de r\u00e9seaux mobiles en Chine: China Mobile, China Unicom et China Telecom. Ensemble, ils offrent une couverture nationale 2G, 3G et 4G. China Mobile est le plus important, avec plus de 900 millions d&#8217;abonn\u00e9s, tandis que China Unicom et China Telecom d\u00e9tiennent chacune environ 20% de part de march\u00e9.<\/p>\n\n\n\n<ul>\n<li><strong><span><a href=\"https:\/\/chinaesim.com\/fr\/operateurs\/china-mobile\/\" data-type=\"page\" data-id=\"9022\">China Mobile<\/a><\/span><\/strong><span> &#8211; En tant que plus grand op\u00e9rateur en Chine avec la couverture la plus \u00e9tendue \u00e0 l&#8217;\u00e9chelle nationale, China Mobile est un choix fiable. Ils disposent du r\u00e9seau 4G\/LTE \u00e0 la croissance la plus rapide et proposent des forfaits internationaux comp\u00e9titifs. Cependant, leur r\u00e9seau utilise la norme TD-LTE, moins courante, que de nombreux t\u00e9l\u00e9phones \u00e9trangers ne prennent pas en charge. Les vitesses peuvent \u00e9galement varier dans les zones tr\u00e8s fr\u00e9quent\u00e9es.<\/span><\/li>\n\n\n\n<li><strong><span><a href=\"https:\/\/chinaesim.com\/fr\/operateurs\/china-unicom\/\" data-type=\"page\" data-id=\"9054\">China Unicom<\/a><\/span><\/strong><span> &#8211; China Unicom offre une meilleure compatibilit\u00e9 avec la plupart des t\u00e9l\u00e9phones car ils utilisent les normes 3G et 4G communes. Leur couverture est tr\u00e8s bonne dans les grandes villes et se d\u00e9veloppe bien dans les autres zones. Les forfaits offrent un bon rapport qualit\u00e9-prix et la vitesse est g\u00e9n\u00e9ralement plus constante que celle de China Mobile. Il est facile pour les touristes de choisir ici un forfait de donn\u00e9es rentable.<\/span><\/li>\n\n\n\n<li><strong><span><a href=\"https:\/\/chinaesim.com\/fr\/operateurs\/china-telecom\/\" data-type=\"page\" data-id=\"9062\">China Telecom<\/a><\/span><\/strong><span> &#8211; Bien que China Telecom dispose d&#8217;un r\u00e9seau LTE plus vaste que par le pass\u00e9, son principal r\u00e9seau CDMA n&#8217;est pas compatible avec les t\u00e9l\u00e9phones \u00e9trangers. Il est pr\u00e9f\u00e9rable de les \u00e9viter, sauf si vous disposez d&#8217;un appareil CDMA globalement compatible. Cependant, lorsqu&#8217;il est disponible, leur r\u00e9seau LTE fonctionne bien.<\/span><\/li>\n<\/ul>\n\n\n\n<h2 class=\"wp-block-heading\" id=\"v-faq-sur-l-internet-mobile-en-chine\">V. FAQ sur l&#8217;Internet Mobile en Chine<\/h2>\n\n\n<div id=\"rank-math-faq\" class=\"rank-math-block\">\n<div class=\"rank-math-list \">\n<div id=\"faq-question-1715570917787\" class=\"rank-math-list-item\">\n<h3 class=\"rank-math-question \">Quels sont les principaux r\u00e9seaux mobiles en Chine?<\/h3>\n<div class=\"rank-math-answer \">\n\n<p>Les trois principaux r\u00e9seaux mobiles en Chine sont China Mobile, China Unicom et China Telecom. China Mobile est le plus grand r\u00e9seau avec environ 60% de part de march\u00e9.<\/p>\n\n<\/div>\n<\/div>\n<div id=\"faq-question-1715570924974\" class=\"rank-math-list-item\">\n<h3 class=\"rank-math-question \">Quelles normes technologiques les r\u00e9seaux utilisent-ils?<\/h3>\n<div class=\"rank-math-answer \">\n\n<p>China Mobile utilise TD-SCDMA pour la 3G, qui n&#8217;est pas compatible avec la plupart des t\u00e9l\u00e9phones \u00e9trangers. Il utilise TDD-LTE pour la 4G qui est \u00e9galement moins compatible. China Unicom utilise la norme UMTS pour la 3G et FDD-LTE pour la 4G qui est plus compatible. China Telecom utilise CDMA pour la voix et EVDO pour la 3G qui sont \u00e9galement moins compatibles.<\/p>\n\n<\/div>\n<\/div>\n<div id=\"faq-question-1715570933175\" class=\"rank-math-list-item\">\n<h3 class=\"rank-math-question \">Comment puis-je obtenir une carte SIM en Chine?<\/h3>\n<div class=\"rank-math-answer \">\n\n<p>Vous devez vous rendre dans un magasin de transporteur officiel avec votre passeport. L\u2019enregistrement du vrai nom et la reconnaissance faciale sont requis. Des forfaits eSIM contenant uniquement des donn\u00e9es sont \u00e9galement disponibles aupr\u00e8s de fournisseurs \u00e9trangers.<\/p>\n\n<\/div>\n<\/div>\n<div id=\"faq-question-1715570943718\" class=\"rank-math-list-item\">\n<h3 class=\"rank-math-question \">Quels types de forfaits mobiles sont disponibles?<\/h3>\n<div class=\"rank-math-answer \">\n\n<p>Les principaux types sont les forfaits mensuels comprenant des donn\u00e9es et des minutes, les forfaits de donn\u00e9es quotidiens et les packs compl\u00e9mentaires mensuels de donn\u00e9es uniquement. Les forfaits illimit\u00e9s incluent des limites de donn\u00e9es \u00e0 pleine vitesse, puis une limitation. Les tarifs varient selon la province.<\/p>\n\n<\/div>\n<\/div>\n<div id=\"faq-question-1715570953421\" class=\"rank-math-list-item\">\n<h3 class=\"rank-math-question \">Quelle est la vitesse de l\u2019Internet mobile en Chine?<\/h3>\n<div class=\"rank-math-answer \">\n\n<p>Selon les donn\u00e9es des tests de vitesse, la Chine se classe au 63\u00e8me rang mondial pour les vitesses moyennes de l&#8217;Internet mobile, soit environ 25 Mbps. Les vitesses sont g\u00e9n\u00e9ralement les plus rapides dans les grandes villes et sur les r\u00e9seaux 4G de China Unicom et China Mobile.<\/p>\n\n<\/div>\n<\/div>\n<div id=\"faq-question-1715570962446\" class=\"rank-math-list-item\">\n<h3 class=\"rank-math-question \">Internet est-il censur\u00e9 en Chine? <\/h3>\n<div class=\"rank-math-answer \">\n\n<p><span>Oui, il existe une censure g\u00e9n\u00e9ralis\u00e9e sur Internet en Chine, qui bloque de nombreux sites Web \u00e9trangers et filtre les r\u00e9sultats de recherche et les m\u00e9dias sociaux. Un VPN est g\u00e9n\u00e9ralement requis pour acc\u00e9der au contenu non filtr\u00e9.<\/span><br \/><strong><span>En savoir plus sur: <\/span><\/strong><span><a href=\"https:\/\/chinaesim.com\/fr\/censure-internet\/\" data-type=\"page\" data-id=\"9511\">Comment contourner la censure sur Internet en Chine<\/a><\/span><\/p>\n\n<\/div>\n<\/div>\n<\/div>\n<\/div>\n\n\n<h2 class=\"wp-block-heading\" id=\"dernieres-notes\">Derni\u00e8res Notes<\/h2>\n\n\n\n<p>En prenant en compte des facteurs tels que la couverture, la vitesse, le co\u00fbt et la facilit\u00e9 d&#8217;utilisation, les visiteurs en Chine peuvent prendre des d\u00e9cisions \u00e9clair\u00e9es quant \u00e0 la s\u00e9lection de l&#8217;option Internet mobile la plus adapt\u00e9e \u00e0 leur voyage. Qu&#8217;il s&#8217;agisse d&#8217;opter pour un appareil Wi-Fi de poche pour une connectivit\u00e9 partageable, une carte SIM locale pour les s\u00e9jours de longue dur\u00e9e ou l&#8217;itin\u00e9rance internationale pour les voyages courts, planifier \u00e0 l&#8217;avance et budg\u00e9tiser les co\u00fbts des donn\u00e9es mobiles peut am\u00e9liorer l&#8217;exp\u00e9rience globale du voyage en Chine.<\/p>\n","protected":false},"excerpt":{"rendered":"<p>Naviguer dans les complexit\u00e9s de l\u2019Internet mobile en Chine peut \u00eatre intimidant, en particulier pour les nouveaux visiteurs. Des points d&#8217;acc\u00e8s Wi-Fi publics aux appareils Wi-Fi portables, en passant par les cartes SIM pr\u00e9pay\u00e9es et l&#8217;itin\u00e9rance internationale, chaque option pr\u00e9sente ses propres avantages et inconv\u00e9nients. Comprendre ces nuances est crucial pour garantir une exp\u00e9rience de [&#8230;]\n","protected":false},"author":15,"featured_media":9534,"parent":0,"menu_order":0,"comment_status":"closed","ping_status":"closed","template":"page-right-sidebar.php","meta":{"_acf_changed":false,"inline_featured_image":false,"footnotes":""},"acf":[],"jetpack_sharing_enabled":true,"_links":{"self":[{"href":"https:\/\/chinaesim.com\/fr\/wp-json\/wp\/v2\/pages\/9532"}],"collection":[{"href":"https:\/\/chinaesim.com\/fr\/wp-json\/wp\/v2\/pages"}],"about":[{"href":"https:\/\/chinaesim.com\/fr\/wp-json\/wp\/v2\/types\/page"}],"author":[{"embeddable":true,"href":"https:\/\/chinaesim.com\/fr\/wp-json\/wp\/v2\/users\/15"}],"replies":[{"embeddable":true,"href":"https:\/\/chinaesim.com\/fr\/wp-json\/wp\/v2\/comments?post=9532"}],"version-history":[{"count":0,"href":"https:\/\/chinaesim.com\/fr\/wp-json\/wp\/v2\/pages\/9532\/revisions"}],"wp:featuredmedia":[{"embeddable":true,"href":"https:\/\/chinaesim.com\/fr\/wp-json\/wp\/v2\/media\/9534"}],"wp:attachment":[{"href":"https:\/\/chinaesim.com\/fr\/wp-json\/wp\/v2\/media?parent=9532"}],"curies":[{"name":"wp","href":"https:\/\/api.w.org\/{rel}","templated":true}]}}