{"id":9494,"date":"2024-04-15T17:46:27","date_gmt":"2024-04-15T10:46:27","guid":{"rendered":"https:\/\/chinaesim.com\/carte-sim\/comment-acheter-une-carte-sim-a-guangzhou-conseils-de-locaux\/"},"modified":"2025-10-06T17:02:32","modified_gmt":"2025-10-06T10:02:32","slug":"guangzhou","status":"publish","type":"page","link":"https:\/\/chinaesim.com\/fr\/carte-sim\/guangzhou\/","title":{"rendered":"Comment Acheter une Carte SIM \u00e0 Guangzhou: Conseils de Locaux"},"content":{"rendered":"\n<p>En tant que capitale de la province du Guangdong, Guangzhou est une plaque tournante mondiale attirant des visiteurs du monde entier. Avec tant de choses \u00e0 voir et \u00e0 faire dans cette m\u00e9tropole anim\u00e9e du Sud, rester connect\u00e9 est une priorit\u00e9 pour de nombreux voyageurs.<\/p>\n\n\n\n<p>L&#8217;achat de la bonne carte SIM garantit une connectivit\u00e9 fiable dans la vaste ville et dans la r\u00e9gion environnante du delta de la rivi\u00e8re des Perles. Avec une gamme de fournisseurs et d&#8217;options de forfaits disponibles, choisir la carte optimale pour vos besoins n\u00e9cessite quelques recherches.<\/p>\n\n\n\n<p>Ce guide d\u00e9taille tout ce que vous devez savoir pour obtenir une carte SIM \u00e0 Guangzhou.<\/p>\n\n\n\n<figure class=\"wp-block-image size-large\"><img decoding=\"async\" width=\"1024\" height=\"683\" src=\"https:\/\/chinaesim.com\/wp-content\/uploads\/sites\/5\/2024\/06\/Acheter-une-carte-sim-a-Guangzhou-1024x683.jpg\" alt=\"Acheter une carte sim \u00e0 Guangzhou\" class=\"wp-image-9496\" srcset=\"https:\/\/chinaesim.com\/wp-content\/uploads\/sites\/5\/2024\/06\/Acheter-une-carte-sim-a-Guangzhou-1024x683.jpg 1024w, https:\/\/chinaesim.com\/wp-content\/uploads\/sites\/5\/2024\/06\/Acheter-une-carte-sim-a-Guangzhou-300x200.jpg 300w, https:\/\/chinaesim.com\/wp-content\/uploads\/sites\/5\/2024\/06\/Acheter-une-carte-sim-a-Guangzhou-768x512.jpg 768w, https:\/\/chinaesim.com\/wp-content\/uploads\/sites\/5\/2024\/06\/Acheter-une-carte-sim-a-Guangzhou-570x380.jpg 570w, https:\/\/chinaesim.com\/wp-content\/uploads\/sites\/5\/2024\/06\/Acheter-une-carte-sim-a-Guangzhou.jpg 1200w\" sizes=\"(max-width: 1024px) 100vw, 1024px\" \/><\/figure>\n\n\n\n<div class=\"wp-block-rank-math-toc-block\" id=\"rank-math-toc\"><h2>Table des Mati\u00e8res<\/h2><nav><div><div class=\"\"><a href=\"#i-quel-operateur-mobile-est-le-meilleur-a-guangzhou\">I. Quel Op\u00e9rateur Mobile est le Meilleur \u00e0 Guangzhou?<\/a><\/div><div class=\"\"><a href=\"#ii-meilleures-cartes-sim-de-guangzhou-et-cout\">II. Meilleures Cartes SIM de Guangzhou et Co\u00fbt<\/a><\/div><div class=\"\"><a href=\"#iii-ou-acheter-une-carte-sim-a-guangzhou\">III. O\u00f9 Acheter une Carte SIM \u00e0 Guangzhou<\/a><\/div><div class=\"\"><a href=\"#iv-e-sim-pour-les-voyageurs-a-guangzhou-alternative-intelligente\">IV. eSIM Pour les Voyageurs \u00e0 Guangzhou \u2013 Alternative Intelligente<\/a><\/div><div class=\"\"><a href=\"#v-que-faut-il-faire-pour-acheter-une-carte-sim-a-guangzhou\">V. Que Faut-il Faire pour Acheter une Carte SIM \u00e0 Guangzhou ?<\/a><\/div><div class=\"\"><a href=\"#vi-conseils-et-recommandations\">VI. Conseils et Recommandations<\/a><\/div><div class=\"\"><a href=\"#vii-faq-sur-lachat-dune-carte-sim-a-guangzhou\">VII. FAQ sur l&#8217;achat d&#8217;une Carte SIM \u00e0 Guangzhou<\/a><\/div><div class=\"\"><a href=\"#viii-conclusion\">VIII. Conclusion<\/a><\/div><\/div><\/nav><\/div>\n\n\n\n<h2 class=\"wp-block-heading\" id=\"i-quel-operateur-mobile-est-le-meilleur-a-guangzhou\">I. Quel Op\u00e9rateur Mobile est le Meilleur \u00e0 Guangzhou?<\/h2>\n\n\n\n<p>Guangzhou est l&#8217;une des plus grandes villes de la province du Guangdong et l&#8217;une des villes les plus d\u00e9velopp\u00e9es \u00e9conomiquement de Chine. Le choix d&#8217;un op\u00e9rateur mobile appropri\u00e9 est tr\u00e8s important pour les visiteurs et les r\u00e9sidents voyageant \u00e0 Guangzhou.<\/p>\n\n\n\n<figure class=\"wp-block-image size-large\"><img decoding=\"async\" width=\"1024\" height=\"683\" src=\"https:\/\/chinaesim.com\/wp-content\/uploads\/sites\/5\/2024\/04\/city-speedtest-china-guangzhou-1024x683.jpg\" alt=\"Quel Op\u00e9rateur Mobile est le Meilleur \u00e0 Guangzhou?\" class=\"wp-image-5738\" srcset=\"https:\/\/chinaesim.com\/wp-content\/uploads\/sites\/5\/2024\/04\/city-speedtest-china-guangzhou-1024x683.jpg 1024w, https:\/\/chinaesim.com\/wp-content\/uploads\/sites\/5\/2024\/04\/city-speedtest-china-guangzhou-300x200.jpg 300w, https:\/\/chinaesim.com\/wp-content\/uploads\/sites\/5\/2024\/04\/city-speedtest-china-guangzhou-768x512.jpg 768w, https:\/\/chinaesim.com\/wp-content\/uploads\/sites\/5\/2024\/04\/city-speedtest-china-guangzhou-570x380.jpg 570w, https:\/\/chinaesim.com\/wp-content\/uploads\/sites\/5\/2024\/04\/city-speedtest-china-guangzhou.jpg 1200w\" sizes=\"(max-width: 1024px) 100vw, 1024px\" \/><\/figure>\n\n\n\n<p><span>Selon une \u00e9tude de&nbsp;<a href=\"https:\/\/www.speedtest.net\/global-index\/china\" data-type=\"link\" data-id=\"https:\/\/www.speedtest.net\/global-index\/china\" target=\"_blank\" rel=\"noopener\">Speedtest<\/a> sur les vitesses des r\u00e9seaux mobiles dans les principales villes chinoises au Q4 2023, Guangzhou se classe au 14e rang en termes de vitesse moyenne de t\u00e9l\u00e9chargement mobile, avec 119.61 Mbps.<\/span><\/p>\n\n\n\n<h3 class=\"wp-block-heading\" id=\"major-mobile-network-providers-in-the-city\">Principaux fournisseurs de r\u00e9seaux mobiles de la ville<\/h3>\n\n\n\n<figure class=\"wp-block-table\"><table><thead><tr><th>Op\u00e9rateur<\/th><th>Vitesse du r\u00e9seau<\/th><th>Couverture<\/th><th>Service Client<\/th><th>Meilleur Pour<\/th><\/tr><\/thead><tbody><tr><td><strong>China Mobile<\/strong><\/td><td>Vitesse de t\u00e9l\u00e9chargement m\u00e9diane de 208,56 Mbps dans tout le pays au Q4 2023. Le plus grand r\u00e9seau mais pas n\u00e9cessairement le plus rapide.\t<\/td><td>Sa couverture \u00e9tendue en tant que plus grand op\u00e9rateur en fait une option tr\u00e8s fiable \u00e0 Guangzhou.\t<\/td><td>Le plus grand op\u00e9rateur donc un bon service client disponible.\t<\/td><td>Ceux qui donnent la priorit\u00e9 \u00e0 la couverture plut\u00f4t qu\u2019aux augmentations de vitesse marginales.<\/td><\/tr><tr><td><strong>China Broadnet<\/strong><\/td><td>Vitesse de t\u00e9l\u00e9chargement m\u00e9diane la plus rapide en Chine, \u00e0 248.77 Mbps au Q3 2023.\t<\/td><td>L&#8217;\u00e9tendue de la couverture \u00e0 Guangzhou n&#8217;est pas claire, mais elle pourrait \u00eatre tr\u00e8s bonne dans les zones denses.\t<\/td><td>Op\u00e9rateur relativement nouveau, donc service client toujours en d\u00e9veloppement.<\/td><td>Utilisateurs souhaitant les vitesses potentiellement les plus rapides.<\/td><\/tr><tr><td><strong>China Unicom<\/strong><\/td><td>Des vitesses l\u00e9g\u00e8rement inf\u00e9rieures \u00e0 celles des concurrents avec 143,68 Mbps en t\u00e9l\u00e9chargement \u00e0 l&#8217;\u00e9chelle nationale.\t<\/td><td>Grand r\u00e9seau mais moins de couverture que China Mobile \u00e0 Guangzhou.\t<\/td><td>Op\u00e9rateur bien \u00e9tabli offrant un support client comp\u00e9tent.\t<\/td><td>Une option \u00e9quilibr\u00e9e avec une bonne couverture et de bonnes vitesses.<\/td><\/tr><tr><td><strong>China Telecom<\/strong><\/td><td>Vitesses les plus basses des principaux op\u00e9rateurs \u00e0 134,20 Mbps au niveau national au quatri\u00e8me trimestre 2023.\t<\/td><td>Grand r\u00e9seau \u00e0 Guangzhou mais plus petit que China Mobile.\t<\/td><td>Op\u00e9rateur r\u00e9put\u00e9 avec des niveaux de service suffisants.<\/td><td>Option \u00e9conomique pour une utilisation mobile de base l\u00e0 o\u00f9 d&#8217;autres r\u00e9seaux le permettent.<\/td><\/tr><\/tbody><\/table><\/figure>\n\n\n\n<p><span>Alors que China Broadnet offre le potentiel des vitesses les plus rapides,&nbsp;<\/span><strong><span>China Mobile fournirait la couverture la plus fiable \u00e0 Guangzhou<\/span><\/strong><span>&nbsp;gr\u00e2ce \u00e0 son vaste r\u00e9seau en tant que leader du march\u00e9. China Unicom offre \u00e9galement un bon \u00e9quilibre entre les deux.<\/span>\n<\/p>\n\n\n<div class=\"lazyblock-ggg-custom-block-Z1ix5Fc wp-block-lazyblock-ggg-custom-block\"><div class=\"ggg-custom-shortcode gigago-block-blue\">\n    <div class=\"ggg-shortcode-content\">\n        <p>D\u00e9couvrez plus d'informations sur <a href=\"https:\/\/chinaesim.com\/fr\/operateurs\/\"><strong>Top China Mobile Network Operators: Quel est le Meilleur pour les Touristes?<\/strong><\/a><\/p>    <\/div>\n<\/div><\/div>\n\n\n<h2 class=\"wp-block-heading\" id=\"ii-meilleures-cartes-sim-de-guangzhou-et-cout\">II. Meilleures Cartes SIM de Guangzhou et Co\u00fbt<\/h2>\n\n\n\n<p>Lorsque vous recherchez une carte SIM de voyage \u00e0 Guangzhou, China Mobile est mon premier choix. Ils proposent des cartes pr\u00e9pay\u00e9es avec d&#8217;excellentes options group\u00e9es destin\u00e9es aux visiteurs:<\/p>\n\n\n\n<figure class=\"wp-block-table\"><table><thead><tr><th>Carte SIM<\/th><th>Plan<\/th><th>Co\u00fbt Mensuel (CNY)<\/th><th>Co\u00fbt Mensuel (USD)<\/th><\/tr><\/thead><tbody><tr><td>China Mobile<\/td><td>Forfait 30 Go 5G<\/td><td>128<\/td><td>19<\/td><\/tr><tr><td>China Mobile<\/td><td>Forfait 40 Go 5G<\/td><td>158<\/td><td>23<\/td><\/tr><tr><td>China Mobile<\/td><td>Forfait 60 Go 5G<\/td><td>198<\/td><td>29<\/td><\/tr><tr><td>China Mobile<\/td><td>Forfait 100 Go 5G<\/td><td>298<\/td><td>44<\/td><\/tr><tr><td>China Unicom<\/td><td>Forfait 30 Go<\/td><td>88<\/td><td>13<\/td><\/tr><tr><td>China Unicom<\/td><td>Forfait 40 Go<\/td><td>138<\/td><td>20<\/td><\/tr><tr><td>China Unicom<\/td><td>Forfait 60 Go<\/td><td>188<\/td><td>27<\/td><\/tr><tr><td>China Telecom<\/td><td>Forfait 20 Go\t<\/td><td>98<\/td><td>14<\/td><\/tr><\/tbody><\/table><figcaption class=\"wp-element-caption\">Notez que les prix peuvent varier l\u00e9g\u00e8rement selon la province et les promotions des op\u00e9rateurs de t\u00e9l\u00e9phonie mobile. Les taux de change utilis\u00e9s \u00e9taient de 1 CNY = 0,1483 USD sur la base des taux actuels.<\/figcaption><\/figure>\n\n\n\n<p>En termes de valeur, regroupant les appels, les SMS et d&#8217;\u00e9normes quantit\u00e9s de donn\u00e9es, les cartes SIM visiteurs de China Mobile offrent une connectivit\u00e9 fiable \u00e0 des tarifs touristiques raisonnables. Leur large couverture GSM avec la 4G LTE rapide et la 5G en expansion garantissent des vitesses de qualit\u00e9 pour rester en contact lors de vos d\u00e9placements.<\/p>\n\n\n\n<h2 class=\"wp-block-heading\" id=\"iii-ou-acheter-une-carte-sim-a-guangzhou\">III. O\u00f9 Acheter une Carte SIM \u00e0 Guangzhou<\/h2>\n\n\n\n<p>Une fois que vous avez choisi votre combo China Mobile pr\u00e9f\u00e9r\u00e9, r\u00e9cup\u00e9rer votre carte SIM de Guangzhou est simple. Les grands a\u00e9roports, h\u00f4tels et m\u00eame attractions les vendent dans toute la ville:<\/p>\n\n\n\n<h3 class=\"wp-block-heading\" id=\"1-upon-arrival\">1. \u00c0 l&#8217;arriv\u00e9e<\/h3>\n\n\n\n<p>L&#8217;a\u00e9roport international de Guangzhou Baiyun dispose de comptoirs China Mobile dans les terminaux permettant de r\u00e9cup\u00e9rer et d&#8217;activer facilement la carte SIM. Situ\u00e9 avant et apr\u00e8s l&#8217;immigration, le personnel amical vous aide \u00e0 vous connecter pour votre voyage.<\/p>\n\n\n<div class=\"lazyblock-ggg-custom-block-1crkD7 wp-block-lazyblock-ggg-custom-block\"><div class=\"ggg-custom-shortcode gigago-block-yellow\">\n    <div class=\"ggg-shortcode-content\">\n        <div data-zone-id=\"0\" data-line-index=\"0\" data-line=\"true\">D\u00e9couvrez <a href=\"https:\/\/chinaesim.com\/fr\/carte-sim-aeroports\/guangzhou\/\"><strong>O\u00f9 Acheter une Carte SIM \u00e0 l'a\u00e9roport de Guangzhou Baiyun<\/strong><\/a>.<\/div>    <\/div>\n<\/div><\/div>\n\n\n<h3 class=\"wp-block-heading\" id=\"2-in-the-city\">2. En ville<\/h3>\n\n\n\n<p>Si vous ne parvenez pas \u00e0 en obtenir un \u00e0 l&#8217;a\u00e9roport, China Mobile poss\u00e8de des succursales id\u00e9alement situ\u00e9es dans Guangzhou. En plus de leurs magasins officiels, de nombreux revendeurs agr\u00e9\u00e9s proposent \u00e9galement des cartes SIM pr\u00e9pay\u00e9es.<\/p>\n\n\n\n<p>Dans la plupart des quartiers commerciaux et des centres commerciaux, vous trouverez des vendeurs proposant les derni\u00e8res cartes SIM. Ils peuvent \u00e9galement vous aider \u00e0 configurer votre forfait et \u00e0 recharger\/recharger si n\u00e9cessaire.<\/p>\n\n\n\n<p>Les endroits les plus populaires en ville pour les succursales de China Mobile sont la Rue pi\u00e9tonne Beijing Lu, le district de Tianhe et le centre commercial TaiKoo Hui dans la ville nouvelle de Zhujiang. N&#8217;oubliez pas de vous munir de votre passeport lors de l&#8217;achat pour l&#8217;enregistrement.<\/p>\n\n\n\n<h2 class=\"wp-block-heading\" id=\"iv-e-sim-pour-les-voyageurs-a-guangzhou-alternative-intelligente\">IV. eSIM Pour les Voyageurs \u00e0 Guangzhou \u2013 Alternative Intelligente<\/h2>\n\n\n\n<p>Guangzhou est l&#8217;une des villes les plus visit\u00e9es de Chine. En tant que centre mondial d\u2019affaires et de commerce, elle attire chaque ann\u00e9e des millions de visiteurs \u00e9trangers pour le travail et les loisirs. Rester connect\u00e9 lors d&#8217;un voyage \u00e0 Guangzhou est important. Voici quelques conseils pour utiliser l\u2019eSIM afin de vous assurer de rester connect\u00e9 de mani\u00e8re transparente:<\/p>\n\n\n\n<ul>\n<li><span><strong>Chinaesim<\/strong> propose des forfaits de donn\u00e9es eSIM comp\u00e9titifs pour la Chine continentale et ses r\u00e9gions, garantissant une connectivit\u00e9 ininterrompue sur des plateformes comme Facebook, Google SANS VPN. Ils proposent des forfaits \u00e0 partir de seulement 7$ qui sont extr\u00eamement rentables pour les voyages courts.<\/span><\/li>\n<\/ul>\n\n\n\n<ul>\n<li>Une eSIM vous permet de passer facilement \u00e0 un num\u00e9ro de mobile Chinois local sans avoir \u00e0 vous soucier des cartes SIM physiques. T\u00e9l\u00e9chargez simplement le profil eSIM depuis l&#8217;application Chinaesim et vous \u00eates pr\u00eat \u00e0 partir.\n<\/li>\n\n\n\n<li>Tous les principaux r\u00e9seaux cellulaires en Chine comme China Mobile, China Unicom et China Telecom sont pris en charge. Ainsi, vous b\u00e9n\u00e9ficierez d&#8217;une couverture fantastique \u00e0 la fois dans la ville de Guangzhou et dans d&#8217;autres parties du Guangdong pendant votre voyage.<\/li>\n\n\n\n<li>Pas de file d&#8217;attente dans les magasins mobiles pour acheter des cartes SIM physiques. Commandez simplement le plan eSIM en ligne aupr\u00e8s de Chinaesim avant votre voyage.<\/li>\n\n\n\n<li>Fonctionne de mani\u00e8re transparente sur tous les derniers smartphones iPhone et Android sans aucun probl\u00e8me de compatibilit\u00e9.<\/li>\n<\/ul>\n\n\n\n<p>En r\u00e9sum\u00e9, les forfaits eSIM de Chinaesim offrent un moyen simple de rester en ligne pendant votre voyage \u00e0 Guangzhou sans avoir \u00e0 vous soucier de l&#8217;organisation des cartes SIM physiques. Fortement recommand\u00e9 aux voyageurs.<\/p>\n\n\n\n<h2 class=\"wp-block-heading\" id=\"v-que-faut-il-faire-pour-acheter-une-carte-sim-a-guangzhou\">V. Que Faut-il Faire pour Acheter une Carte SIM \u00e0 Guangzhou ?<\/h2>\n\n\n\n<p>Lorsque vous souhaitez acheter votre carte SIM Guangzhou, il est utile de se pr\u00e9parer:<\/p>\n\n\n\n<ul>\n<li><strong><span>Passeport<\/span><\/strong><span> &#8211; Votre passeport est requis pour enregistrer les plans de carte SIM chinoise afin de valider le statut de visiteur \u00e9tranger. N&#8217;oubliez pas de l&#8217;apporter.<\/span><\/li>\n\n\n\n<li><strong><span>Broche du plateau SIM<\/span><\/strong><span> &#8211; Pour \u00e9changer des cartes SIM physiques dans votre t\u00e9l\u00e9phone, n&#8217;oubliez pas la broche de votre plateau. Les revendeurs doivent \u00e9galement stocker des \u00e9pingles standard si vous en avez besoin.<\/span><\/li>\n\n\n\n<li><strong><span>Appareil mobile<\/span><\/strong><span> &#8211; V\u00e9rifiez que votre t\u00e9l\u00e9phone dispose d&#8217;emplacements SIM disponibles et qu&#8217;il est d\u00e9verrouill\u00e9 pour une utilisation internationale avant le d\u00e9part. De nos jours, la plupart des mobiles modernes prennent en charge les cartes doubles sans probl\u00e8me.<\/span><\/li>\n\n\n\n<li><strong><span>Esp\u00e8ces<\/span><\/strong><span> &#8211; Ayez \u00e0 port\u00e9e de main des billets en RMB pour payer les d\u00e9p\u00f4ts ou les frais d\u2019activation requis. De nombreux endroits acceptent \u00e9galement Alipay\/WeChat Pay s&#8217;ils sont configur\u00e9s. \u00c9changez des devises ou retirez de l&#8217;argent \u00e0 votre arriv\u00e9e \u00e0 l&#8217;a\u00e9roport.<\/span><\/li>\n<\/ul>\n\n\n\n<p>Une fois votre appareil et votre documentation pr\u00eats, acheter une carte SIM de voyage \u00e0 Guangzhou est rapide et pratique. Les comptoirs China Mobile b\u00e9n\u00e9ficient d&#8217;une assistance en anglais avec des inscriptions simples prenant moins de 10 minutes avant de b\u00e9n\u00e9ficier d&#8217;un acc\u00e8s mobile complet.<\/p>\n\n\n\n<h2 class=\"wp-block-heading\" id=\"vi-conseils-et-recommandations\">VI. Conseils et Recommandations<\/h2>\n\n\n\n<p>Au-del\u00e0 du choix de China Mobile et de l&#8217;endroit o\u00f9 l&#8217;acheter, gardez \u00e0 l&#8217;esprit ces conseils suppl\u00e9mentaires sur la carte SIM de Guangzhou:<\/p>\n\n\n\n<ul>\n<li>Testez la force du signal apr\u00e8s l&#8217;activation en cas de probl\u00e8me \u00e0 l&#8217;int\u00e9rieur. Sortez du magasin pour v\u00e9rifier que les donn\u00e9es fonctionnent avant de partir.<\/li>\n\n\n\n<li>Des applications comme WeChat n\u00e9cessitent des num\u00e9ros de mobile chinois enregistr\u00e9s. Envisagez un forfait d&#8217;itin\u00e9rance ou une carte SIM locale pour une exp\u00e9rience compl\u00e8te en utilisant les plateformes populaires.<\/li>\n\n\n\n<li>Si vous avez du mal \u00e0 obtenir une r\u00e9ception en int\u00e9rieur, changez les modes r\u00e9seau de 5G \u00e0 4G LTE pour une meilleure p\u00e9n\u00e9tration dans les b\u00e2timents. La plupart des cartes SIM chinoises se connectent automatiquement \u00e0 des vitesses rapides lorsqu&#8217;elles sont disponibles.<\/li>\n\n\n\n<li>Les cartes SIM pr\u00e9pay\u00e9es fonctionnent pendant 30 jours, puis expirent. Les voyages plus longs peuvent n\u00e9cessiter des extensions\/renouvellements, alors budg\u00e9tisez en cons\u00e9quence. Certains forfaits eSIM proposent plusieurs recharges d&#8217;une dur\u00e9e de 60 \u00e0 90 jours.<\/li>\n\n\n\n<li>Des cartes de recharge mobiles sont disponibles dans tout Guangzhou pour recharger des donn\u00e9es et des cr\u00e9dits si n\u00e9cessaire. Recherchez les fournisseurs China Mobile agr\u00e9\u00e9s marqu\u00e9s d\u2019un logo pour un service fiable.<\/li>\n<\/ul>\n\n\n\n<p>Suivre les derniers conseils de configuration de la carte SIM de Guangzhou vous permet de rester connect\u00e9 lors de vos visites touristiques. Gr\u00e2ce \u00e0 la couverture fiable de China Mobile et \u00e0 la commodit\u00e9 du pr\u00e9paiement, profiter de communications stables est sans tracas.<\/p>\n\n\n\n<h2 class=\"wp-block-heading\" id=\"vii-faq-sur-lachat-dune-carte-sim-a-guangzhou\">VII. FAQ sur l&#8217;achat d&#8217;une Carte SIM \u00e0 Guangzhou<\/h2>\n\n\n<div id=\"rank-math-faq\" class=\"rank-math-block\">\n<div class=\"rank-math-list \">\n<div id=\"faq-question-1705648610682\" class=\"rank-math-list-item\">\n<h3 class=\"rank-math-question \">Quels op\u00e9rateurs mobiles puis-je choisir \u00e0 Guangzhou?<\/h3>\n<div class=\"rank-math-answer \">\n\n<p>Les trois principaux op\u00e9rateurs mobiles de Guangzhou sont China Mobile, China Unicom et China Telecom. China Mobile offre la meilleure couverture \u00e0 Guangzhou.<\/p>\n\n<\/div>\n<\/div>\n<div id=\"faq-question-1705648622639\" class=\"rank-math-list-item\">\n<h3 class=\"rank-math-question \">Dois-je pr\u00e9senter mon passeport pour acheter une carte SIM \u00e0 Guangzhou?<\/h3>\n<div class=\"rank-math-answer \">\n\n<p>Oui, vous devrez pr\u00e9senter votre passeport et fournir votre nom, votre adresse en Chine et d&#8217;autres d\u00e9tails pour l&#8217;enregistrement de votre vrai nom lors de l&#8217;achat d&#8217;une carte SIM aupr\u00e8s de l&#8217;un des principaux op\u00e9rateurs. Une pi\u00e8ce d\u2019identit\u00e9 avec photo est requise.<\/p>\n\n<\/div>\n<\/div>\n<div id=\"faq-question-1705648664223\" class=\"rank-math-list-item\">\n<h3 class=\"rank-math-question \">Puis-je acheter une carte SIM en ligne ou dois-je me rendre en magasin?<\/h3>\n<div class=\"rank-math-answer \">\n\n<p>Vous ne pouvez pas acheter de carte SIM en ligne en tant qu&#8217;\u00e9tranger \u2013 vous devez vous rendre dans un magasin officiel de l&#8217;op\u00e9rateur mobile pour acheter et activer une carte SIM. Assurez-vous d&#8217;avoir votre passeport.<\/p>\n\n<\/div>\n<\/div>\n<div id=\"faq-question-1705648674096\" class=\"rank-math-list-item\">\n<h3 class=\"rank-math-question \">Quels types de forfaits de donn\u00e9es sont disponibles \u00e0 Guangzhou?<\/h3>\n<div class=\"rank-math-answer \">\n\n<p>Les op\u00e9rateurs proposent diff\u00e9rents forfaits mensuels avec des minutes de voix et de 1 Go \u00e0 100 Go de donn\u00e9es, ainsi que des forfaits quotidiens\/hebdomadaires. Il existe \u00e9galement des packs compl\u00e9mentaires de donn\u00e9es uniquement parmi lesquels vous pouvez choisir \u00e0 partir de 300 Mo, valables 1 jour.<\/p>\n\n<\/div>\n<\/div>\n<div id=\"faq-question-1705648689538\" class=\"rank-math-list-item\">\n<h3 class=\"rank-math-question \">Comment recharger le solde de ma carte SIM Guangzhou?<\/h3>\n<div class=\"rank-math-answer \">\n\n<p>Vous pouvez recharger dans les sup\u00e9rettes en achetant des cartes \u00e0 gratter, ou directement dans les magasins des op\u00e9rateurs. Vous pouvez \u00e9galement utiliser l&#8217;option WeChat Pay pour recharger en ligne \u00e0 l&#8217;aide d&#8217;une carte de cr\u00e9dit \u00e9trang\u00e8re une fois la carte SIM activ\u00e9e.<\/p>\n\n<\/div>\n<\/div>\n<div id=\"faq-question-1705648706247\" class=\"rank-math-list-item\">\n<h3 class=\"rank-math-question \">Puis-je utiliser ma carte SIM apr\u00e8s avoir quitt\u00e9 Guangzhou\/Chine?<\/h3>\n<div class=\"rank-math-answer \">\n\n<p>Non, les cartes SIM achet\u00e9es en Chine sont uniquement destin\u00e9es \u00e0 un usage domestique et seront bloqu\u00e9es si vous essayez de les utiliser \u00e0 l&#8217;\u00e9tranger apr\u00e8s avoir quitt\u00e9 la Chine. Vous devez suivre les proc\u00e9dures d&#8217;annulation avant le d\u00e9part.<\/p>\n\n<\/div>\n<\/div>\n<\/div>\n<\/div>\n\n\n<h2 class=\"wp-block-heading\" id=\"viii-conclusion\">VIII. Conclusion<\/h2>\n\n\n\n<p>Se connecter tout en explorant la dynamique Guangzhou est essentiel pour naviguer facilement dans ce hub au rythme rapide. Choisir China Mobile pour b\u00e9n\u00e9ficier de la couverture 5G et 4G la plus large ainsi que de cartes SIM pr\u00e9pay\u00e9es d&#8217;un excellent rapport qualit\u00e9-prix vous permet de rester en contact.<\/p>\n\n\n\n<p>En suivant les derniers conseils des locaux sur les op\u00e9rateurs, les achats et en utilisant les cartes SIM de Guangzhou en douceur, vous \u00e9conomisez du temps et de l&#8217;argent. Gr\u00e2ce aux conseils de ce guide, b\u00e9n\u00e9ficier d&#8217;une connectivit\u00e9 fiable est simple afin que vous puissiez mieux profiter de Canton rapide.<\/p>\n\n\n<div class=\"lazyblock-cta-selling-points-2jtHp0 wp-block-lazyblock-cta-selling-points\">\n<div class=\"cta-selling-points mb-6\">\n    <div class=\"title\">D\u00e9passez les Fronti\u00e8res avec chinaesim.com!<\/div>\n    <div class=\"content\"><div data-page-id=\"AEbGd8Fedo34ogxo3qJlpSgZgyh\" data-docx-has-block-data=\"false\">\n<div class=\"ace-line ace-line old-record-id-Zf0Ud14xhonxs0xfWealkSffg3b\" style=\"text-align: left\">\n<div data-page-id=\"JaJjdNzPdoRFspxLTWzltcvLgsf\" data-docx-has-block-data=\"false\">\n<div class=\"ace-line ace-line old-record-id-UmVBd2AkQotv5exxlp1lB66Dgfg\">\u26a1\ufe0f<strong>Activation Instantan\u00e9e<\/strong>: Pas d'attente, il suffit de t\u00e9l\u00e9charger et de partir!<\/div>\n<div class=\"ace-line ace-line old-record-id-W4MedwNfkoXwIax6caLl9GNAgEe\">\u2708\ufe0f<strong>Local Magie de l'Op\u00e9rateur<\/strong>: Sans faille et rapide, aliment\u00e9 par les principaux acteurs.<\/div>\n<div class=\"ace-line ace-line old-record-id-M31AdRPWQoa9dexxRRelPTs0gCs\">\u267e\ufe0f<strong>Flexible Plans<\/strong>: Choisissez le forfait de donn\u00e9es qui correspond \u00e0 vos besoins et \u00e0 votre budget.<\/div>\n<div class=\"ace-line ace-line old-record-id-G2lRdGcDXoS18ZxE0qmlpj9Bgsc\">\u2705<strong>Pas de frais cach\u00e9s<\/strong>: Ce que vous voyez est ce que vous payez, pas de surprises.<\/div>\n<div class=\"ace-line ace-line old-record-id-Eb8UdF1ZZoaHCxxb2HQlkH6dgMc\">\u00a0<\/div>\n<div class=\"ace-line ace-line old-record-id-D5EydmJUVoH3z7xmzqolsvRpgNh\">Pr\u00eat \u00e0 vous lib\u00e9rer des restrictions de l'itin\u00e9rance? Cliquez sur le bouton ci-dessous pour obtenir votre eSIM et commencez votre aventure mondiale d\u00e8s aujourd'hui!<\/div>\n<\/div>\n<\/div>\n<\/div><\/div>\n    <div class=\"link-shop\">\n        <a href=\"https:\/\/chinaesim.com\/fr\/\">\n            Achetez!        <\/a>\n    <\/div>\n<\/div><\/div>","protected":false},"excerpt":{"rendered":"<p>En tant que capitale de la province du Guangdong, Guangzhou est une plaque tournante mondiale attirant des visiteurs du monde entier. Avec tant de choses \u00e0 voir et \u00e0 faire dans cette m\u00e9tropole anim\u00e9e du Sud, rester connect\u00e9 est une priorit\u00e9 pour de nombreux voyageurs. L&#8217;achat de la bonne carte SIM garantit une connectivit\u00e9 fiable [&#8230;]\n","protected":false},"author":15,"featured_media":9496,"parent":8394,"menu_order":0,"comment_status":"closed","ping_status":"closed","template":"page-right-sidebar.php","meta":{"_acf_changed":false,"inline_featured_image":false,"footnotes":""},"acf":[],"jetpack_sharing_enabled":true,"_links":{"self":[{"href":"https:\/\/chinaesim.com\/fr\/wp-json\/wp\/v2\/pages\/9494"}],"collection":[{"href":"https:\/\/chinaesim.com\/fr\/wp-json\/wp\/v2\/pages"}],"about":[{"href":"https:\/\/chinaesim.com\/fr\/wp-json\/wp\/v2\/types\/page"}],"author":[{"embeddable":true,"href":"https:\/\/chinaesim.com\/fr\/wp-json\/wp\/v2\/users\/15"}],"replies":[{"embeddable":true,"href":"https:\/\/chinaesim.com\/fr\/wp-json\/wp\/v2\/comments?post=9494"}],"version-history":[{"count":0,"href":"https:\/\/chinaesim.com\/fr\/wp-json\/wp\/v2\/pages\/9494\/revisions"}],"up":[{"embeddable":true,"href":"https:\/\/chinaesim.com\/fr\/wp-json\/wp\/v2\/pages\/8394"}],"wp:featuredmedia":[{"embeddable":true,"href":"https:\/\/chinaesim.com\/fr\/wp-json\/wp\/v2\/media\/9496"}],"wp:attachment":[{"href":"https:\/\/chinaesim.com\/fr\/wp-json\/wp\/v2\/media?parent=9494"}],"curies":[{"name":"wp","href":"https:\/\/api.w.org\/{rel}","templated":true}]}}