{"id":9378,"date":"2024-04-15T17:47:52","date_gmt":"2024-04-15T10:47:52","guid":{"rendered":"https:\/\/chinaesim.com\/carte-sim\/comment-acheter-une-carte-sim-a-shanghai-conseils-de-locaux\/"},"modified":"2025-10-06T17:01:49","modified_gmt":"2025-10-06T10:01:49","slug":"shanghai","status":"publish","type":"page","link":"https:\/\/chinaesim.com\/fr\/carte-sim\/shanghai\/","title":{"rendered":"Comment Acheter une Carte SIM \u00e0 Shanghai: Conseils de Locaux"},"content":{"rendered":"\n<p>Shanghai est une ville dynamique et moderne qui offre aux visiteurs un m\u00e9lange passionnant de sites embl\u00e9matiques, une sc\u00e8ne artistique et culturelle florissante, des boutiques et des restaurants de classe mondiale, et bien plus encore. Un \u00e9l\u00e9ment essentiel \u00e0 consid\u00e9rer pour les voyageurs \u00e0 Shanghai est de se procurer une carte SIM locale.<\/p>\n\n\n\n<p>L&#8217;achat d&#8217;une carte SIM \u00e0 Shanghai peut s&#8217;av\u00e9rer fastidieux si vous ne savez pas par o\u00f9 commencer, \u00e9tant donn\u00e9 le grand nombre de fournisseurs de r\u00e9seaux et d&#8217;options disponibles. <\/p>\n\n\n\n<p>Dans ce guide complet, nous vous expliquons tout ce que vous devez savoir pour vous connecter avec une carte SIM de Shanghai en tant que touriste.<\/p>\n\n\n\n<figure class=\"wp-block-image size-large\"><img decoding=\"async\" width=\"1024\" height=\"683\" src=\"https:\/\/chinaesim.com\/wp-content\/uploads\/sites\/5\/2024\/06\/Acheter-une-carte-sim-a-Shanghai-1024x683.jpg\" alt=\"Acheter une carte sim \u00e0 Shanghai\" class=\"wp-image-9381\" srcset=\"https:\/\/chinaesim.com\/wp-content\/uploads\/sites\/5\/2024\/06\/Acheter-une-carte-sim-a-Shanghai-1024x683.jpg 1024w, https:\/\/chinaesim.com\/wp-content\/uploads\/sites\/5\/2024\/06\/Acheter-une-carte-sim-a-Shanghai-300x200.jpg 300w, https:\/\/chinaesim.com\/wp-content\/uploads\/sites\/5\/2024\/06\/Acheter-une-carte-sim-a-Shanghai-768x512.jpg 768w, https:\/\/chinaesim.com\/wp-content\/uploads\/sites\/5\/2024\/06\/Acheter-une-carte-sim-a-Shanghai-570x380.jpg 570w, https:\/\/chinaesim.com\/wp-content\/uploads\/sites\/5\/2024\/06\/Acheter-une-carte-sim-a-Shanghai.jpg 1200w\" sizes=\"(max-width: 1024px) 100vw, 1024px\" \/><\/figure>\n\n\n\n<div class=\"wp-block-rank-math-toc-block\" id=\"rank-math-toc\"><h2>Table des Mati\u00e8res<\/h2><nav><div><div class=\"\"><a href=\"#i-quel-operateur-mobile-est-le-meilleur-a-shanghai\">I. Quel Op\u00e9rateur Mobile est le Meilleur \u00e0 Shanghai?<\/a><\/div><div class=\"\"><a href=\"#ii-meilleures-cartes-sim-de-shanghai-et-cout\">II. Meilleures Cartes SIM de Shanghai et Co\u00fbt<\/a><\/div><div class=\"\"><a href=\"#iii-ou-acheter-une-carte-sim-a-shanghai\">III. O\u00f9 Acheter une Carte SIM \u00e0 Shanghai<\/a><\/div><div class=\"\"><a href=\"#iv-e-sim-pour-les-voyageurs-a-shanghai-une-alternative-intelligente\">IV. eSIM Pour les Voyageurs \u00e0 Shanghai \u2013 Une Alternative Intelligente<\/a><\/div><div class=\"\"><a href=\"#v-ce-quil-faut-savoir-pour-acheter-une-carte-sim-a-shanghai\">V. Ce Qu&#8217;il faut Savoir pour Acheter une Carte SIM \u00e0 Shanghai<\/a><\/div><div class=\"\"><a href=\"#vi-conseils-et-recommandations\">VI. Conseils et Recommandations<\/a><\/div><div class=\"\"><a href=\"#vii-faq\">VII. FAQ<\/a><\/div><\/div><\/nav><\/div>\n\n\n\n<h2 class=\"wp-block-heading\" id=\"i-quel-operateur-mobile-est-le-meilleur-a-shanghai\">I. Quel Op\u00e9rateur Mobile est le Meilleur \u00e0 Shanghai?<\/h2>\n\n\n\n<figure class=\"wp-block-image size-large\"><img decoding=\"async\" width=\"1024\" height=\"683\" src=\"https:\/\/chinaesim.com\/wp-content\/uploads\/sites\/5\/2024\/04\/city-speedtest-china-1024x683.jpg\" alt=\" Selon\u00a0les donn\u00e9es de Speedtest pour le quatri\u00e8me trimestre 2023, Shanghai se classe au deuxi\u00e8me rang national en termes de vitesse m\u00e9diane de t\u00e9l\u00e9chargement mobile, soit 223,81 Mbps.\" class=\"wp-image-5736\" srcset=\"https:\/\/chinaesim.com\/wp-content\/uploads\/sites\/5\/2024\/04\/city-speedtest-china-1024x683.jpg 1024w, https:\/\/chinaesim.com\/wp-content\/uploads\/sites\/5\/2024\/04\/city-speedtest-china-300x200.jpg 300w, https:\/\/chinaesim.com\/wp-content\/uploads\/sites\/5\/2024\/04\/city-speedtest-china-768x512.jpg 768w, https:\/\/chinaesim.com\/wp-content\/uploads\/sites\/5\/2024\/04\/city-speedtest-china-570x380.jpg 570w, https:\/\/chinaesim.com\/wp-content\/uploads\/sites\/5\/2024\/04\/city-speedtest-china.jpg 1200w\" sizes=\"(max-width: 1024px) 100vw, 1024px\" \/><\/figure>\n\n\n\n<p><span>Shanghai est une ville d\u00e9velopp\u00e9e o\u00f9 la vitesse de l&#8217;Internet mobile et la qualit\u00e9 du service sont particuli\u00e8rement importantes. Selon&nbsp;<a href=\"https:\/\/www.speedtest.net\/global-index\/china\" data-type=\"link\" data-id=\"https:\/\/www.speedtest.net\/global-index\/china\" target=\"_blank\" rel=\"noopener\">les donn\u00e9es de Speedtest pour le Q4 2023<\/a>, Shanghai se classe au deuxi\u00e8me rang national en termes de vitesse m\u00e9diane de t\u00e9l\u00e9chargement mobile, soit 223,81 Mbps.<\/span><\/p>\n\n\n\n<figure class=\"wp-block-image size-large\"><img decoding=\"async\" width=\"1024\" height=\"683\" src=\"https:\/\/chinaesim.com\/wp-content\/uploads\/sites\/5\/2024\/04\/speedtest-5gperformance-china-1024x683.jpg\" alt=\"Parmi les trois principaux op\u00e9rateurs mobiles de Shanghai \u2013 China Mobile, China Unicom et China Telecom \u2013 les donn\u00e9es Speedtest montrent que les performances du r\u00e9seau de China Mobile sont les meilleures\" class=\"wp-image-5737\" srcset=\"https:\/\/chinaesim.com\/wp-content\/uploads\/sites\/5\/2024\/04\/speedtest-5gperformance-china-1024x683.jpg 1024w, https:\/\/chinaesim.com\/wp-content\/uploads\/sites\/5\/2024\/04\/speedtest-5gperformance-china-300x200.jpg 300w, https:\/\/chinaesim.com\/wp-content\/uploads\/sites\/5\/2024\/04\/speedtest-5gperformance-china-768x512.jpg 768w, https:\/\/chinaesim.com\/wp-content\/uploads\/sites\/5\/2024\/04\/speedtest-5gperformance-china-570x380.jpg 570w, https:\/\/chinaesim.com\/wp-content\/uploads\/sites\/5\/2024\/04\/speedtest-5gperformance-china.jpg 1200w\" sizes=\"(max-width: 1024px) 100vw, 1024px\" \/><\/figure>\n\n\n\n<p>Parmi les trois principaux op\u00e9rateurs mobiles de Shanghai \u2013 China Mobile, China Unicom et China Telecom \u2013 les donn\u00e9es Speedtest montrent que les performances du r\u00e9seau de China Mobile sont les meilleures. Sp\u00e9cifiquement:<\/p>\n\n\n\n<ol>\n<li><strong><span>Vitesse de t\u00e9l\u00e9chargement<\/span><\/strong><span> &#8211; \u200b\u200bChina Mobile a atteint la vitesse de t\u00e9l\u00e9chargement mobile m\u00e9diane la plus rapide \u00e0 Shanghai, soit 208,56 Mbps, sup\u00e9rieure \u00e0 China Unicom (143,68 Mbps) et China Telecom (134,20 Mbps).<\/span><\/li>\n\n\n\n<li><strong><span>Latence<\/span><\/strong><span> &#8211; Les trois op\u00e9rateurs ont affich\u00e9 des performances de latence similaires, bien que China Mobile ait la latence m\u00e9diane la plus faible de 42 ms, l\u00e9g\u00e8rement meilleure que les 42 ms et 43 ms de China Unicom et China Telecom respectivement.<\/span><\/li>\n\n\n\n<li><strong><span>Coh\u00e9rence<\/span><\/strong><span> &#8211; En mesurant la coh\u00e9rence des performances du r\u00e9seau, China Mobile a obtenu les meilleurs r\u00e9sultats avec 93,7% des tests recevant des vitesses de t\u00e9l\u00e9chargement d&#8217;au moins 25 Mbps et des vitesses de t\u00e9l\u00e9chargement d&#8217;au moins 3 Mbps.<\/span><\/li>\n\n\n\n<li><strong><span>Couverture 5G<\/span><\/strong><span> &#8211; Sur la base de tests effectu\u00e9s uniquement sur les r\u00e9seaux 5G, China Mobile a atteint la vitesse de t\u00e9l\u00e9chargement m\u00e9diane 5G la plus rapide \u00e0 Shanghai, soit 283,64 Mbps, surpassant ainsi ses concurrents.<\/span><\/li>\n<\/ol>\n\n\n\n<p><span>Dans l&#8217;ensemble,&nbsp;<\/span><strong><span>China Mobile offre une exp\u00e9rience Internet plus rapide et plus fiable \u00e0 Shanghai<\/span><\/strong><span>. Pour les utilisateurs de Shanghai qui ont besoin d&#8217;un acc\u00e8s Internet haut d\u00e9bit et fluide, China Mobile peut \u00eatre le choix pr\u00e9f\u00e9r\u00e9 de l&#8217;op\u00e9rateur mobile. Cependant, \u00e0 mesure que les r\u00e9seaux 5G se d\u00e9veloppent, l\u2019\u00e9cart entre les op\u00e9rateurs pourrait se r\u00e9duire \u00e0 l\u2019avenir.<\/span><\/p>\n\n\n<div class=\"lazyblock-ggg-custom-block-Z1ix5Fc wp-block-lazyblock-ggg-custom-block\"><div class=\"ggg-custom-shortcode gigago-block-blue\">\n    <div class=\"ggg-shortcode-content\">\n        <p>D\u00e9couvrez plus d'informations sur <a href=\"https:\/\/chinaesim.com\/fr\/operateurs\/\"><strong>Top China Mobile Network Operators: Quel est le meilleur pour les touristes?<\/strong><\/a><\/p>    <\/div>\n<\/div><\/div>\n\n\n<h2 class=\"wp-block-heading\" id=\"ii-meilleures-cartes-sim-de-shanghai-et-cout\">II. Meilleures Cartes SIM de Shanghai et Co\u00fbt<\/h2>\n\n\n\n<p>Voici un tableau des meilleures cartes SIM de Shanghai et leurs co\u00fbts en Yuan Chinois (CNY) et en Dollars Am\u00e9ricains (USD):<\/p>\n\n\n\n<figure class=\"wp-block-table\"><table><thead><tr><th>Fournisseur de Cartes SIM<\/th><th>Plan<\/th><th>Prix en CNY<\/th><th>Prix en USD<\/th><\/tr><\/thead><tbody><tr><td>China Mobile<\/td><td>Forfait de 128 RMB avec 30 Go de donn\u00e9es et 500 minutes<\/td><td>128 <\/td><td>~$19.18<\/td><\/tr><tr><td>China Mobile<\/td><td>Forfait de 238 RMB avec 80 Go de donn\u00e9es et 1 000 minutes<\/td><td>238 <\/td><td>~$35.63<\/td><\/tr><tr><td>China Unicom<\/td><td>Forfait &#8220;Ice God&#8221; \u00e0 188 RMB avec 30 Go de donn\u00e9es \u00e0 pleine vitesse\t<\/td><td>188 <\/td><td>~$28.12<\/td><\/tr><tr><td>China Unicom<\/td><td>Forfait de 238 RMB avec 40 Go de donn\u00e9es \u00e0 pleine vitesse et 800 minutes<\/td><td>238 <\/td><td>~$35.63<\/td><\/tr><tr><td>China Telecom<\/td><td>Forfait 88 RMB avec 20 Go de donn\u00e9es et 100 minutes\t<\/td><td>88 <\/td><td>~$13.15<\/td><\/tr><\/tbody><\/table><figcaption class=\"wp-element-caption\"><figure class=\"wp-block-table\"><figcaption class=\"wp-element-caption\"><span>*Converti au taux de change actuel de 1 USD = 6,67 CNY<\/span><\/figcaption><\/figure><\/figcaption><\/figure>\n\n\n\n<p>En conclusion, China Mobile et China Unicom proposent g\u00e9n\u00e9ralement les cartes SIM au meilleur rapport qualit\u00e9-prix pour les voyageurs \u00e0 Shanghai, avec des forfaits de donn\u00e9es de plusieurs Go et des minutes d&#8217;appel \u00e0 partir d&#8217;environ 128-188 RMB par mois. Les forfaits de China Telecom offrent moins de donn\u00e9es et de minutes pour un prix inf\u00e9rieur, mais peuvent avoir une couverture plus limit\u00e9e. Il est conseill\u00e9 de choisir un forfait en fonction de l&#8217;utilisation pr\u00e9vue des donn\u00e9es et des appels.<\/p>\n\n\n\n<p>Veuillez noter que les prix peuvent varier l\u00e9g\u00e8rement en fonction des taux de change et des promotions des op\u00e9rateurs mobiles. Assurez-vous de v\u00e9rifier les prix officiels dans les magasins lors de votre visite pour conna\u00eetre les co\u00fbts les plus r\u00e9cents.<\/p>\n\n\n\n<h2 class=\"wp-block-heading\" id=\"iii-ou-acheter-une-carte-sim-a-shanghai\">III. O\u00f9 Acheter une Carte SIM \u00e0 Shanghai<\/h2>\n\n\n\n<p>Les visiteurs souhaitant acheter une carte SIM de Shanghai peuvent facilement le faire soit \u00e0 l&#8217;atterrissage \u00e0 l&#8217;a\u00e9roport, soit en ville. Voici les options:<\/p>\n\n\n\n<h4 class=\"wp-block-heading\" id=\"upon-arrival\">\u00c0 l&#8217;arriv\u00e9e<\/h4>\n\n\n\n<p>Les voyageurs peuvent facilement acheter une carte SIM Shanghai fiable aupr\u00e8s des principaux op\u00e9rateurs tels que China Mobile ou China Unicom \u00e0 leur arriv\u00e9e. Mais les prix des kiosques d&#8217;a\u00e9roport ont tendance \u00e0 \u00eatre major\u00e9s, donc se rendre en ville est la prochaine option viable.<\/p>\n\n\n<div class=\"lazyblock-ggg-custom-block-2ilMLc wp-block-lazyblock-ggg-custom-block\"><div class=\"ggg-custom-shortcode gigago-block-yellow\">\n    <div class=\"ggg-shortcode-content\">\n        <div data-zone-id=\"0\" data-line-index=\"0\" data-line=\"true\">D\u00e9couvrez <a href=\"https:\/\/chinaesim.com\/fr\/carte-sim-aeroports\/shanghai\/\"><strong>O\u00f9 acheter une carte SIM \u00e0 l'a\u00e9roport de Shanghai Pudong<\/strong><\/a>.<\/div>    <\/div>\n<\/div><\/div>\n\n\n<h4 class=\"wp-block-heading\" id=\"in-the-city\">Dans la Ville<\/h4>\n\n\n\n<p>Les trois soci\u00e9t\u00e9s de t\u00e9l\u00e9communications disposent \u00e9galement de magasins de premier plan et de revendeurs agr\u00e9\u00e9s id\u00e9alement situ\u00e9s dans le centre de Shanghai pour l&#8217;achat de cartes SIM:<\/p>\n\n\n\n<ul>\n<li><span>Trouvez les magasins phares&nbsp;<\/span><strong><span>de China Mobile<\/span><\/strong><span>&nbsp;sur East Nanjing Road, Huaihai Middle Road ou dans les grands centres commerciaux<\/span><\/li>\n\n\n\n<li><strong><span>China Unicom<\/span><\/strong><span>&nbsp;poss\u00e8de des magasins situ\u00e9s directement sur la promenade du Bund et dans d&#8217;autres zones<\/span><\/li>\n\n\n\n<li><span>Visitez un point de vente&nbsp;<\/span><strong><span>China Telecom<\/span><\/strong><span>&nbsp;le long des rues commer\u00e7antes comme East Nanjing Road et Huaihai Road<\/span><\/li>\n<\/ul>\n\n\n\n<p>Les meilleurs choix de quartier pour acheter des cartes SIM \u00e0 Shanghai en ville comprennent:<\/p>\n\n\n\n<ul>\n<li><strong>People&#8217;s Square <\/strong>&#8211; Zone centrale anim\u00e9e avec tous les magasins de transport au milieu des centres commerciaux\/magasins<\/li>\n\n\n\n<li><strong><span>Quartier commer\u00e7ant de Xujiahui<\/span><\/strong><span> &#8211; Large zone de circulation pi\u00e9tonni\u00e8re regorgeant de boutiques et de restaurants<\/span><\/li>\n\n\n\n<li><strong><span>The Bund<\/span><\/strong><span> &#8211; Tron\u00e7on embl\u00e9matique au bord de la rivi\u00e8re o\u00f9 China Unicom poss\u00e8de un magasin<\/span><\/li>\n\n\n\n<li><strong><span>East Nanjing Road<\/span><\/strong><span> &#8211; Grande avenue commer\u00e7ante pi\u00e9tonne bord\u00e9e de vendeurs de cartes SIM<\/span><\/li>\n<\/ul>\n\n\n\n<p>Lorsque vous achetez votre carte SIM en ville dans un magasin de d\u00e9tail d&#8217;un op\u00e9rateur officiel ou chez un vendeur tiers agr\u00e9\u00e9, assurez-vous d&#8217;apporter votre passeport comme preuve d&#8217;identit\u00e9.<\/p>\n\n\n\n<p>Bref, l&#8217;achat d&#8217;une carte SIM pour Shanghai \u00e0 l&#8217;arriv\u00e9e ou en s&#8217;aventurant dans les quartiers de la ville permet aux visiteurs d&#8217;acc\u00e9der \u00e0 la t\u00e9l\u00e9phonie, aux SMS et aux donn\u00e9es mobiles des principaux op\u00e9rateurs de r\u00e9seaux en Chine.<\/p>\n\n\n\n<h2 class=\"wp-block-heading\" id=\"iv-e-sim-pour-les-voyageurs-a-shanghai-une-alternative-intelligente\">IV. eSIM Pour les Voyageurs \u00e0 Shanghai \u2013 Une Alternative Intelligente<\/h2>\n\n\n\n<p>Vous voyagez \u00e0 Shanghai et souhaitez rester connect\u00e9 sans tracas? Une eSIM est un choix intelligent. Au lieu de chercher une carte SIM \u00e0 l&#8217;a\u00e9roport, vous pouvez acheter un forfait eSIM en ligne avant votre voyage depuis ChinaeSIM.<\/p>\n\n\n\n<p>Qu&#8217;est-ce qu&#8217;une eSIM? Une eSIM est une carte SIM num\u00e9rique int\u00e9gr\u00e9e directement dans votre appareil. Pas besoin de nano-SIM physique. La prise en charge de l&#8217;eSIM est disponible sur de nombreux appareils iPhone et Android les plus r\u00e9cents.<\/p>\n\n\n\n<p><strong><span>Avantages de l&#8217;utilisation d&#8217;une eSIM de chinaesim.com \u00e0 Shanghai:<\/span><\/strong><\/p>\n\n\n\n<ul>\n<li>Activation instantan\u00e9e en ligne. T\u00e9l\u00e9chargez simplement le profil eSIM et vous \u00eates connect\u00e9 une fois \u00e0 Shanghai. Pas d&#8217;attente dans les a\u00e9roports.<\/li>\n\n\n\n<li>Couverture fiable. Les forfaits eSIM sur les r\u00e9seaux China Mobile, China Telecom ou China Unicom garantissent une excellente couverture 4G \u00e0 Shanghai.<\/li>\n\n\n\n<li>Pas de frais d&#8217;itin\u00e9rance. Appels locaux et donn\u00e9es en Chine \u00e0 des tarifs abordables.<\/li>\n\n\n\n<li>VPN inclus. Parcourez facilement les applications sociales restreintes comme Facebook avec le VPN inclus sur les forfaits eSIM plus longs.<\/li>\n\n\n\n<li>Dur\u00e9es flexibles. Choisissez parmi des forfaits 5J, 7J, 15J ou 1 mois en fonction de la dur\u00e9e de votre voyage \u00e0 Shanghai.<\/li>\n<\/ul>\n\n\n\n<h2 class=\"wp-block-heading\" id=\"v-ce-quil-faut-savoir-pour-acheter-une-carte-sim-a-shanghai\">V. Ce Qu&#8217;il faut Savoir pour Acheter une Carte SIM \u00e0 Shanghai<\/h2>\n\n\n\n<p>Lorsqu&#8217;ils envisagent d&#8217;acheter une carte SIM Shanghai dans les kiosques des a\u00e9roports, dans les magasins des op\u00e9rateurs ou chez les revendeurs agr\u00e9\u00e9s, les visiteurs doivent pr\u00e9parer:<\/p>\n\n\n\n<ol>\n<li><span>Appareil d\u00e9verrouill\u00e9 &#8211; Votre smartphone doit \u00eatre d\u00e9verrouill\u00e9 pour ins\u00e9rer une carte SIM Shanghai afin qu&#8217;il puisse acc\u00e9der au r\u00e9seau de l&#8217;op\u00e9rateur.<\/span><\/li>\n\n\n\n<li><span>Passeport &#8211; Apportez votre passeport physique comme preuve d&#8217;identit\u00e9 lors de l&#8217;achat d&#8217;une carte SIM de voyage \u00e0 Shanghai<\/span><\/li>\n\n\n\n<li><span>Esp\u00e8ces &#8211; Ayez de la monnaie locale \u00e0 port\u00e9e de main pour payer en esp\u00e8ces chez la plupart des vendeurs de cartes SIM.<\/span><\/li>\n\n\n\n<li><span>Adaptateurs secteur<strong> <\/strong>&#8211; Emballez des adaptateurs de prise de courant en Chine pour charger des appareils utilisant des cartes SIM de Shanghai<\/span><\/li>\n\n\n\n<li><span>Patience &#8211; Pr\u00e9voyez plus de temps lors de l&#8217;achat de cartes SIM \u00e0 Shanghai, car les files d&#8217;attente dans les magasins sont courantes<\/span><\/li>\n<\/ol>\n\n\n\n<p>S&#8217;assurer que votre t\u00e9l\u00e9phone est d\u00e9verrouill\u00e9 sur le r\u00e9seau, avoir votre passeport pr\u00eat pour l&#8217;identification, de l&#8217;argent pour le paiement et des adaptateurs secteur \u00e0 port\u00e9e de main facilitera le processus d&#8217;achat de la carte SIM de Shanghai.<\/p>\n\n\n\n<h2 class=\"wp-block-heading\" id=\"vi-conseils-et-recommandations\">VI. Conseils et Recommandations<\/h2>\n\n\n\n<p>Au-del\u00e0 de l&#8217;endroit o\u00f9 acheter des cartes SIM, de quel op\u00e9rateur choisir et du meilleur forfait pr\u00e9pay\u00e9 \u00e0 Shanghai, les visiteurs devraient prendre en compte quelques autres conseils locaux:<\/p>\n\n\n\n<ul>\n<li><strong><span>Test de couverture<\/span><\/strong><span> &#8211; V\u00e9rifiez \u00e0 nouveau l&#8217;indicateur de signal pour la connectivit\u00e9 apr\u00e8s l&#8217;insertion de la carte SIM de Shanghai.<\/span><\/li>\n\n\n\n<li><strong><span>Charger des applications <\/span><\/strong>&#8211;<span> T\u00e9l\u00e9chargez WeChat, Baidu Maps et d&#8217;autres applications utiles en Chine.<\/span><\/li>\n\n\n\n<li><strong><span>Activer l&#8217;itin\u00e9rance des donn\u00e9es<\/span><\/strong><span> &#8211; Activez l&#8217;itin\u00e9rance dans les param\u00e8tres du t\u00e9l\u00e9phone pour une port\u00e9e \u00e9tendue.<\/span><\/li>\n\n\n\n<li><strong><span>Restez charg\u00e9<\/span><\/strong><span> &#8211; Apportez des chargeurs portables pour rester aliment\u00e9 dans cette immense ville.<\/span><\/li>\n\n\n\n<li><strong><span>Utilisez le leader du march\u00e9<\/span><\/strong><span> &#8211; China Mobile offre la couverture LTE la plus large et la plus rapide.<\/span><\/li>\n<\/ul>\n\n\n\n<p>En gardant \u00e0 l&#8217;esprit les conseils ci-dessus, les touristes peuvent maximiser leur connectivit\u00e9 pendant leur s\u00e9jour \u00e0 Shanghai en utilisant des cartes SIM pr\u00e9pay\u00e9es.<\/p>\n\n\n\n<h2 class=\"wp-block-heading\" id=\"vii-faq\">VII. FAQ<\/h2>\n\n\n<div id=\"rank-math-faq\" class=\"rank-math-block\">\n<div class=\"rank-math-list \">\n<div id=\"faq-question-1705649355247\" class=\"rank-math-list-item\">\n<h3 class=\"rank-math-question \">Quels op\u00e9rateurs mobiles puis-je choisir \u00e0 Shanghai?<\/h3>\n<div class=\"rank-math-answer \">\n\n<p>Les trois principaux op\u00e9rateurs mobiles de Shanghai sont China Mobile, China Unicom et China Telecom. China Mobile poss\u00e8de la meilleure couverture \u00e0 l\u2019\u00e9chelle nationale. Le r\u00e9seau de China Unicom est \u00e9galement bon et plus compatible avec les t\u00e9l\u00e9phones \u00e9trangers.<\/p>\n\n<\/div>\n<\/div>\n<div id=\"faq-question-1705649365967\" class=\"rank-math-list-item\">\n<h3 class=\"rank-math-question \">O\u00f9 puis-je acheter une carte SIM \u00e0 Shanghai?<\/h3>\n<div class=\"rank-math-answer \">\n\n<p>Vous pouvez acheter des cartes SIM dans les magasins de la marque de chaque op\u00e9rateur. Les magasins situ\u00e9s dans les a\u00e9roports disposent souvent de personnes parlant anglais. N&#8217;oubliez pas de vous munir de votre passeport. Dans les magasins officiels, la proc\u00e9dure d&#8217;activation comprend la v\u00e9rification de la carte d&#8217;identit\u00e9.<\/p>\n\n<\/div>\n<\/div>\n<div id=\"faq-question-1705649385838\" class=\"rank-math-list-item\">\n<h3 class=\"rank-math-question \">Quels forfaits sont disponibles?<\/h3>\n<div class=\"rank-math-answer \">\n\n<p>Les op\u00e9rateurs proposent des forfaits mensuels comprenant des donn\u00e9es et des minutes. China Mobile propose des forfaits 5G \u00e0 partir de 128 RMB pour 30 Go. China Unicom propose des forfaits journaliers abordables (1 RMB\/1GB). Les deux op\u00e9rateurs proposent des options &#8220;illimit\u00e9es&#8221; avec des politiques d&#8217;utilisation \u00e9quitable. Des packs de donn\u00e9es suppl\u00e9mentaires sont \u00e9galement disponibles.<\/p>\n\n<\/div>\n<\/div>\n<div id=\"faq-question-1705649394046\" class=\"rank-math-list-item\">\n<h3 class=\"rank-math-question \">Comment recharger mon solde?<\/h3>\n<div class=\"rank-math-answer \">\n\n<p>Vous pouvez recharger en ligne avec WeChat Pay en associant une carte de cr\u00e9dit\/d\u00e9bit \u00e9trang\u00e8re. Ou acheter des cartes \u00e0 gratter dans les magasins de proximit\u00e9. Vous pouvez recharger votre compte dans les magasins de l&#8217;op\u00e9rateur et le solde de votre compte sera directement ajout\u00e9 \u00e0 votre compte.<\/p>\n\n<\/div>\n<\/div>\n<div id=\"faq-question-1705649425015\" class=\"rank-math-list-item\">\n<h3 class=\"rank-math-question \">Mon t\u00e9l\u00e9phone \u00e9tranger fonctionnera-t-il?<\/h3>\n<div class=\"rank-math-answer \">\n\n<p>Le r\u00e9seau de China Unicom prend en charge la plupart des t\u00e9l\u00e9phones 3G\/4G \u00e9trangers. China Mobile utilise des normes 4G moins courantes, mais les t\u00e9l\u00e9phones multibandes les plus r\u00e9cents devraient fonctionner. Envisagez une carte SIM de Hong Kong pour une meilleure compatibilit\u00e9.<\/p>\n\n<\/div>\n<\/div>\n<div id=\"faq-question-1705649465395\" class=\"rank-math-list-item\">\n<h3 class=\"rank-math-question \">Un VPN est-il n\u00e9cessaire en Chine?<\/h3>\n<div class=\"rank-math-answer \">\n\n<p>Oui, de nombreux sites web et services \u00e9trangers sont bloqu\u00e9s en Chine. T\u00e9l\u00e9chargez un VPN avant votre voyage pour acc\u00e9der aux contenus bloqu\u00e9s et contourner les restrictions de censure sur internet.<br \/><strong><em>Vous \u00eates peut-\u00eatre int\u00e9ress\u00e9 par<\/em><\/strong>: <a href=\"https:\/\/chinaesim.com\/fr\/utiliser-telephone\/\" data-type=\"page\" data-id=\"9552\">[Pour les voyageurs] Comment utiliser votre t\u00e9l\u00e9phone en Chine? 4 fa\u00e7ons et co\u00fbt<\/a><\/p>\n\n<\/div>\n<\/div>\n<\/div>\n<\/div>\n\n<div class=\"lazyblock-cta-selling-points-2jtHp0 wp-block-lazyblock-cta-selling-points\">\n<div class=\"cta-selling-points mb-6\">\n    <div class=\"title\">D\u00e9passez les Fronti\u00e8res avec chinaesim.com!<\/div>\n    <div class=\"content\"><div data-page-id=\"AEbGd8Fedo34ogxo3qJlpSgZgyh\" data-docx-has-block-data=\"false\">\n<div class=\"ace-line ace-line old-record-id-Zf0Ud14xhonxs0xfWealkSffg3b\" style=\"text-align: left\">\n<div data-page-id=\"JaJjdNzPdoRFspxLTWzltcvLgsf\" data-docx-has-block-data=\"false\">\n<div class=\"ace-line ace-line old-record-id-UmVBd2AkQotv5exxlp1lB66Dgfg\">\u26a1\ufe0f<strong>Activation Instantan\u00e9e<\/strong>: Pas d'attente, il suffit de t\u00e9l\u00e9charger et de partir!<\/div>\n<div class=\"ace-line ace-line old-record-id-W4MedwNfkoXwIax6caLl9GNAgEe\">\u2708\ufe0f<strong>Local Magie de l'Op\u00e9rateur<\/strong>: Sans faille et rapide, aliment\u00e9 par les principaux acteurs.<\/div>\n<div class=\"ace-line ace-line old-record-id-M31AdRPWQoa9dexxRRelPTs0gCs\">\u267e\ufe0f<strong>Flexible Plans<\/strong>: Choisissez le forfait de donn\u00e9es qui correspond \u00e0 vos besoins et \u00e0 votre budget.<\/div>\n<div class=\"ace-line ace-line old-record-id-G2lRdGcDXoS18ZxE0qmlpj9Bgsc\">\u2705<strong>Pas de frais cach\u00e9s<\/strong>: Ce que vous voyez est ce que vous payez, pas de surprises.<\/div>\n<div class=\"ace-line ace-line old-record-id-Eb8UdF1ZZoaHCxxb2HQlkH6dgMc\">\u00a0<\/div>\n<div class=\"ace-line ace-line old-record-id-D5EydmJUVoH3z7xmzqolsvRpgNh\">Pr\u00eat \u00e0 vous lib\u00e9rer des restrictions de l'itin\u00e9rance? Cliquez sur le bouton ci-dessous pour obtenir votre eSIM et commencez votre aventure mondiale d\u00e8s aujourd'hui!<\/div>\n<\/div>\n<\/div>\n<\/div><\/div>\n    <div class=\"link-shop\">\n        <a href=\"https:\/\/chinaesim.com\/fr\/\">\n            Achetez!        <\/a>\n    <\/div>\n<\/div><\/div>","protected":false},"excerpt":{"rendered":"<p>Shanghai est une ville dynamique et moderne qui offre aux visiteurs un m\u00e9lange passionnant de sites embl\u00e9matiques, une sc\u00e8ne artistique et culturelle florissante, des boutiques et des restaurants de classe mondiale, et bien plus encore. Un \u00e9l\u00e9ment essentiel \u00e0 consid\u00e9rer pour les voyageurs \u00e0 Shanghai est de se procurer une carte SIM locale. L&#8217;achat d&#8217;une [&#8230;]\n","protected":false},"author":15,"featured_media":9381,"parent":8394,"menu_order":0,"comment_status":"closed","ping_status":"closed","template":"page-right-sidebar.php","meta":{"_acf_changed":false,"inline_featured_image":false,"footnotes":""},"acf":[],"jetpack_sharing_enabled":true,"_links":{"self":[{"href":"https:\/\/chinaesim.com\/fr\/wp-json\/wp\/v2\/pages\/9378"}],"collection":[{"href":"https:\/\/chinaesim.com\/fr\/wp-json\/wp\/v2\/pages"}],"about":[{"href":"https:\/\/chinaesim.com\/fr\/wp-json\/wp\/v2\/types\/page"}],"author":[{"embeddable":true,"href":"https:\/\/chinaesim.com\/fr\/wp-json\/wp\/v2\/users\/15"}],"replies":[{"embeddable":true,"href":"https:\/\/chinaesim.com\/fr\/wp-json\/wp\/v2\/comments?post=9378"}],"version-history":[{"count":0,"href":"https:\/\/chinaesim.com\/fr\/wp-json\/wp\/v2\/pages\/9378\/revisions"}],"up":[{"embeddable":true,"href":"https:\/\/chinaesim.com\/fr\/wp-json\/wp\/v2\/pages\/8394"}],"wp:featuredmedia":[{"embeddable":true,"href":"https:\/\/chinaesim.com\/fr\/wp-json\/wp\/v2\/media\/9381"}],"wp:attachment":[{"href":"https:\/\/chinaesim.com\/fr\/wp-json\/wp\/v2\/media?parent=9378"}],"curies":[{"name":"wp","href":"https:\/\/api.w.org\/{rel}","templated":true}]}}