{"id":9328,"date":"2024-03-12T17:09:14","date_gmt":"2024-03-12T10:09:14","guid":{"rendered":"https:\/\/chinaesim.com\/carte-sim\/comment-acheter-une-carte-sim-a-beijing-conseils-de-locaux\/"},"modified":"2025-10-06T17:03:10","modified_gmt":"2025-10-06T10:03:10","slug":"beijing","status":"publish","type":"page","link":"https:\/\/chinaesim.com\/fr\/carte-sim\/beijing\/","title":{"rendered":"Comment Acheter une Carte SIM \u00e0 Beijing: Conseils de Locaux"},"content":{"rendered":"\n<p>Se connecter aux donn\u00e9es mobiles lors de votre visite \u00e0 Beijing peut rendre votre voyage infiniment plus facile. Avoir acc\u00e8s \u00e0 des cartes, des applications de traduction et des covoiturages comme Didi est indispensable pour naviguer dans cette immense ville. L&#8217;achat d&#8217;une carte SIM locale pour votre t\u00e9l\u00e9phone d\u00e9verrouill\u00e9 est le moyen le plus abordable de vous connecter en ligne pendant vos voyages.<\/p>\n\n\n\n<p>Dans ce guide, vous apprendrez tout ce que vous devez savoir pour obtenir une carte SIM de Beijing. Gr\u00e2ce \u00e0 ces conseils, vous pourrez suivre le processus plus facilement et b\u00e9n\u00e9ficier d&#8217;un acc\u00e8s Internet stable pendant votre s\u00e9jour dans la capitale Chinoise. Allez-y!<\/p>\n\n\n<div class=\"wp-block-image\">\n<figure class=\"aligncenter size-large\"><img decoding=\"async\" width=\"1024\" height=\"683\" src=\"https:\/\/chinaesim.com\/wp-content\/uploads\/sites\/5\/2024\/06\/Acheter-une-carte-sim-a-Beijing-1024x683.jpg\" alt=\"Comment Acheter une Carte SIM \u00e0 Beijing: Conseils de Locaux\" class=\"wp-image-9331\" srcset=\"https:\/\/chinaesim.com\/wp-content\/uploads\/sites\/5\/2024\/06\/Acheter-une-carte-sim-a-Beijing-1024x683.jpg 1024w, https:\/\/chinaesim.com\/wp-content\/uploads\/sites\/5\/2024\/06\/Acheter-une-carte-sim-a-Beijing-300x200.jpg 300w, https:\/\/chinaesim.com\/wp-content\/uploads\/sites\/5\/2024\/06\/Acheter-une-carte-sim-a-Beijing-768x512.jpg 768w, https:\/\/chinaesim.com\/wp-content\/uploads\/sites\/5\/2024\/06\/Acheter-une-carte-sim-a-Beijing-570x380.jpg 570w, https:\/\/chinaesim.com\/wp-content\/uploads\/sites\/5\/2024\/06\/Acheter-une-carte-sim-a-Beijing.jpg 1200w\" sizes=\"(max-width: 1024px) 100vw, 1024px\" \/><\/figure><\/div>\n\n\n<div class=\"wp-block-rank-math-toc-block\" id=\"rank-math-toc\"><h2>Table des Mati\u00e8res<\/h2><nav><div><div class=\"\"><a href=\"#i-quel-operateur-mobile-est-le-meilleur-a-beijing\">I. Quel Op\u00e9rateur Mobile est le Meilleur \u00e0 Beijing?<\/a><\/div><div class=\"\"><a href=\"#ii-prix-des-cartes-sim-a-pekin\">II. Prix des Cartes SIM \u00e0 P\u00e9kin<\/a><\/div><div class=\"\"><a href=\"#iii-ou-acheter-une-carte-sim-a-beijing\">III. O\u00f9 Acheter une Carte SIM \u00e0 Beijing?<\/a><\/div><div class=\"\"><a href=\"#iv-e-sim-pour-les-voyageurs-a-beijing-une-alternative-intelligente\">IV. eSIM pour les Voyageurs \u00e0 Beijing \u2013 Une Alternative Intelligente<\/a><\/div><div class=\"\"><a href=\"#v-choses-a-preparer-lors-de-l-achat-de-carte-sim-a-beijing\">V. Choses \u00e0 Pr\u00e9parer Lors de l&#8217;Achat de Carte SIM \u00e0 Beijing<\/a><\/div><div class=\"\"><a href=\"#vi-conseils-et-recommandations\">VI. Conseils et Recommandations<\/a><\/div><div class=\"\"><a href=\"#vii-faq-sur-la-carte-sim-a-beijing\">VII. FAQ sur la Carte SIM \u00e0 Beijing<\/a><\/div><div class=\"\"><a href=\"#viii-derniers-notes\">VIII. Derniers Notes<\/a><\/div><\/div><\/nav><\/div>\n\n\n\n<h2 class=\"wp-block-heading\" id=\"i-quel-operateur-mobile-est-le-meilleur-a-beijing\">I. Quel Op\u00e9rateur Mobile est le Meilleur \u00e0 Beijing?<\/h2>\n\n\n\n<p><span>La Chine compte trois principaux fournisseurs de r\u00e9seaux mobiles: <\/span><strong><span>China Mobile<\/span><\/strong><span>, <\/span><strong><span>China Unicom<\/span><\/strong><span>&nbsp;et&nbsp;<\/span><strong><span>China Telecom<\/span><\/strong><span>. Tous trois disposent d&#8217;infrastructures \u00e9tendues \u00e0 travers Beijing, mais ils diff\u00e8rent en termes de vitesses et de valeur.<\/span><\/p>\n\n\n\n<figure class=\"wp-block-table\"><table><thead><tr><th>Op\u00e9rateur<\/th><th>Abonn\u00e9s<\/th><th>R\u00e9seau<\/th><th>Compatibilit\u00e9<\/th><th>Couverture<\/th><th>Vitesse<\/th><th>Plans pour les Touristes<\/th><\/tr><\/thead><tbody><tr><td><strong><a href=\"https:\/\/www.chinamobileltd.com\/en\/global\/home.php\" data-type=\"URL\" data-id=\"https:\/\/www.chinamobileltd.com\/en\/global\/home.php\" target=\"_blank\" rel=\"noopener\">China Mobile<\/a><\/strong><\/td><td>945,5 millions (le plus grand)\t<\/td><td>WCDMA, GSM<\/td><td>Norme TD-SCDMA non compatible avec de nombreux t\u00e9l\u00e9phones \u00e9trangers. Compatible 4G avec la plupart.<\/td><td>Excellente couverture nationale.<\/td><td>Vitesse de t\u00e9l\u00e9chargement m\u00e9diane 138,95 Mbps (la plus rapide)\t<\/td><td>2 Go pour 30 jours \u2013 48$ 3 Go pour 30 jours \u2013 80$ 18 Go pour 30 jours \u2013 198$<\/td><\/tr><tr><td><strong><a href=\"https:\/\/www.chinaunicom.com\/\" data-type=\"URL\" data-id=\"https:\/\/www.chinaunicom.com\/\" target=\"_blank\" rel=\"noopener\">China Unicom<\/a><\/strong><\/td><td>310,45 millions\t<\/td><td>WCDMA, GSM<\/td><td>Compatible 3G avec la plupart des t\u00e9l\u00e9phones \u00e9trangers. Compatible 4G.\t<\/td><td>Bonne couverture nationale.<\/td><td>Vitesse de t\u00e9l\u00e9chargement m\u00e9diane 221,07 Mbps (haut d\u00e9bit fixe le plus rapide)<\/td><td>10 Go pendant 30 jours \u2013 80$ 20 Go pendant 30 jours \u2013 100$ 30 Go pendant 30 jours \u2013 120$<\/td><\/tr><tr><td><strong><a href=\"https:\/\/www.chinatelecom-h.com\/en\/global\/home.php\" data-type=\"URL\" data-id=\"https:\/\/www.chinatelecom-h.com\/en\/global\/home.php\" target=\"_blank\" rel=\"noopener\">China Telecom<\/a><\/strong><\/td><td>362,49 millions<\/td><td>CDMA<\/td><td>Non compatible avec la plupart des t\u00e9l\u00e9phones \u00e9trangers.<\/td><td>Bonne couverture nationale.<\/td><td>Vitesse de t\u00e9l\u00e9chargement m\u00e9diane 106,20 Mbps.<\/td><td>N\/A<\/td><\/tr><\/tbody><\/table><\/figure>\n\n\n\n<p>Bien que China Telecom dispose d&#8217;une large base d&#8217;abonn\u00e9s, son r\u00e9seau CDMA n&#8217;est g\u00e9n\u00e9ralement pas compatible avec les t\u00e9l\u00e9phones \u00e9trangers. Ses vitesses et sa couverture sont l\u00e9g\u00e8rement meilleures que celles de China Unicom, mais la compatibilit\u00e9 r\u00e9seau est un probl\u00e8me plus important.<\/p>\n\n\n\n<p><span>Par cons\u00e9quent, pour des raisons de compatibilit\u00e9 et de commodit\u00e9,&nbsp;<\/span><strong><span>China Unicom serait g\u00e9n\u00e9ralement recommand\u00e9 comme le meilleur op\u00e9rateur mobile pour la plupart des touristes internationaux visitant la Chine<\/span><\/strong><span> , en particulier ceux provenant des march\u00e9s bas\u00e9s sur le GSM. China Mobile pourrait \u00e9galement \u00eatre utilis\u00e9 si le t\u00e9l\u00e9phone du touriste prend en charge les r\u00e9seaux 4G en Chine.<\/span><\/p>\n\n\n<div class=\"lazyblock-ggg-custom-block-dPE5j wp-block-lazyblock-ggg-custom-block\"><div class=\"ggg-custom-shortcode gigago-block-blue\">\n    <div class=\"ggg-shortcode-content\">\n        <p>D\u00e9couvrez plus d'informations sur <a href=\"https:\/\/chinaesim.com\/fr\/operateurs\/\"><strong>Top China Mobile Network Operators: Quel est le Meilleur pour les Touristes?<\/strong><\/a><\/p>    <\/div>\n<\/div><\/div>\n\n\n<h2 class=\"wp-block-heading\" id=\"ii-prix-des-cartes-sim-a-pekin\">II. Prix des Cartes SIM \u00e0 P\u00e9kin<\/h2>\n\n\n\n<p>Examinons maintenant quelques options de carte SIM sp\u00e9cifiques de China Unicom, le fournisseur recommand\u00e9:<\/p>\n\n\n\n<figure class=\"wp-block-table\"><table><thead><tr><th>R\u00e9seau<\/th><th>Plan<\/th><th>Co\u00fbt Mensuel (RMB)<\/th><th>Co\u00fbt Mensuel (USD)<\/th><th>Donn\u00e9es<\/th><th>Minutes<\/th><\/tr><\/thead><tbody><tr><td>China Mobile<\/td><td>Forfait 5G \u00e0 128 RMB<\/td><td>128<\/td><td>18.55*<\/td><td>30 Go<\/td><td>500<\/td><\/tr><tr><td>China Mobile<\/td><td>Forfait 5G \u00e0 158 RMB<\/td><td>158<\/td><td>22.90*<\/td><td>40 Go<\/td><td>600<\/td><\/tr><tr><td>China Mobile<\/td><td>Forfait 5G \u00e0 198 RMB<\/td><td>198<\/td><td>28.70*<\/td><td>60 Go<\/td><td>1000<\/td><\/tr><tr><td>China Mobile<\/td><td>Forfait 5G \u00e0 238 RMB<\/td><td>238<\/td><td>34.55*<\/td><td>80 Go<\/td><td>1000<\/td><\/tr><tr><td>China Mobile<\/td><td>Forfait mondial 4G de 88 RMB<\/td><td>88<\/td><td>12.75*<\/td><td>3 Go<\/td><td>220<\/td><\/tr><tr><td>China Mobile<\/td><td>Forfait Mondial 4G de 138 RMB<\/td><td>138<\/td><td>20.05*<\/td><td>6 Go<\/td><td>450<\/td><\/tr><tr><td>China Unicom<\/td><td>Forfait 4G Data King<\/td><td>58<\/td><td>8.40*<\/td><td>6 Go<\/td><td>Appels illimit\u00e9s<\/td><\/tr><tr><td>China Unicom<\/td><td>4G SIM pour Donn\u00e9es uniquement<\/td><td>30<\/td><td>4.35*<\/td><td>3 Go<\/td><td>N\/A<\/td><\/tr><tr><td>China Unicom<\/td><td>SIM Easy<\/td><td>30-200<\/td><td>4.35-28.9*<\/td><td>Diverses quantit\u00e9s de donn\u00e9es jusqu&#8217;\u00e0 150 Go<\/td><td>Minutes variables<\/td><\/tr><tr><td>China Telecom<\/td><td>No Worry Card<\/td><td>20<\/td><td>2.90*<\/td><td>1 Go<\/td><td>100 minutes<\/td><\/tr><\/tbody><\/table><figcaption class=\"wp-element-caption\">*Remarque: Le taux de change de 6,9 \u200b\u200bRMB = 1 USD est utilis\u00e9 \u00e0 des fins d&#8217;estimation et peut varier.<\/figcaption><\/figure>\n\n\n\n<p>China Mobile offre la meilleure couverture r\u00e9seau et la meilleure valeur avec ses forfaits 5G et 4G Global offrant le plus de donn\u00e9es pour le co\u00fbt mensuel. Le forfait China Unicom SIM Easy offre de la flexibilit\u00e9 mais co\u00fbte plus cher pour des quantit\u00e9s de donn\u00e9es plus \u00e9lev\u00e9es. Le forfait China Telecom est peu co\u00fbteux mais limit\u00e9 en donn\u00e9es et en minutes.<\/p>\n\n\n\n<h2 class=\"wp-block-heading\" id=\"iii-ou-acheter-une-carte-sim-a-beijing\">III. O\u00f9 Acheter une Carte SIM \u00e0 Beijing?<\/h2>\n\n\n\n<p>Si vous n&#8217;avez pas command\u00e9 \u00e0 l&#8217;avance en ligne, vous pouvez \u00e9galement acheter une carte SIM apr\u00e8s votre arriv\u00e9e \u00e0 P\u00e9kin. Regardons les options.<\/p>\n\n\n\n<h3 class=\"wp-block-heading\" id=\"upon-arrival\">\u00c0 l&#8217;arriv\u00e9e \u00e0 l&#8217;a\u00e9roport international de Beijing<\/h3>\n\n\n\n<ul>\n<li><strong><span>Lieu 1: Hall des arriv\u00e9es du Terminal 3<\/span><\/strong><\/li>\n<\/ul>\n\n\n\n<figure class=\"wp-block-image size-large\"><img decoding=\"async\" width=\"1024\" height=\"898\" src=\"https:\/\/chinaesim.com\/wp-content\/uploads\/sites\/5\/2024\/03\/international-arrival-t3-1024x898.jpg\" alt=\"Disponible sur tous les principaux op\u00e9rateurs Chinois tels que China Mobile, China Unicom et China Telecom. Le personnel ici est souvent \u00e9quip\u00e9 en anglais pour communiquer et aider les touristes\" class=\"wp-image-5096\" srcset=\"https:\/\/chinaesim.com\/wp-content\/uploads\/sites\/5\/2024\/03\/international-arrival-t3-1024x898.jpg 1024w, https:\/\/chinaesim.com\/wp-content\/uploads\/sites\/5\/2024\/03\/international-arrival-t3-300x263.jpg 300w, https:\/\/chinaesim.com\/wp-content\/uploads\/sites\/5\/2024\/03\/international-arrival-t3-768x674.jpg 768w, https:\/\/chinaesim.com\/wp-content\/uploads\/sites\/5\/2024\/03\/international-arrival-t3-1536x1347.jpg 1536w, https:\/\/chinaesim.com\/wp-content\/uploads\/sites\/5\/2024\/03\/international-arrival-t3-570x500.jpg 570w, https:\/\/chinaesim.com\/wp-content\/uploads\/sites\/5\/2024\/03\/international-arrival-t3.jpg 1596w\" sizes=\"(max-width: 1024px) 100vw, 1024px\" \/><\/figure>\n\n\n\n<p>Disponible sur tous les principaux op\u00e9rateurs Chinois tels que China Mobile, China Unicom et China Telecom. Le personnel ici est souvent \u00e9quip\u00e9 en anglais pour communiquer et aider les touristes<\/p>\n\n\n\n<ul>\n<li><strong>Lieu 2: Pr\u00e8s de la zone de r\u00e9cup\u00e9ration des bagages du Terminal 2<\/strong><\/li>\n<\/ul>\n\n\n\n<figure class=\"wp-block-image size-large\"><img decoding=\"async\" width=\"1024\" height=\"898\" src=\"https:\/\/chinaesim.com\/wp-content\/uploads\/sites\/5\/2024\/03\/international-arrival-t3-1-1024x898.jpg\" alt=\"Fournissant principalement des cartes SIM China Unicom et China Mobile. Pratique pour les clients visitant le terminal 2, ils peuvent obtenir une carte SIM en attendant leurs bagages\" class=\"wp-image-5097\" srcset=\"https:\/\/chinaesim.com\/wp-content\/uploads\/sites\/5\/2024\/03\/international-arrival-t3-1-1024x898.jpg 1024w, https:\/\/chinaesim.com\/wp-content\/uploads\/sites\/5\/2024\/03\/international-arrival-t3-1-300x263.jpg 300w, https:\/\/chinaesim.com\/wp-content\/uploads\/sites\/5\/2024\/03\/international-arrival-t3-1-768x674.jpg 768w, https:\/\/chinaesim.com\/wp-content\/uploads\/sites\/5\/2024\/03\/international-arrival-t3-1-1536x1347.jpg 1536w, https:\/\/chinaesim.com\/wp-content\/uploads\/sites\/5\/2024\/03\/international-arrival-t3-1-570x500.jpg 570w, https:\/\/chinaesim.com\/wp-content\/uploads\/sites\/5\/2024\/03\/international-arrival-t3-1.jpg 1596w\" sizes=\"(max-width: 1024px) 100vw, 1024px\" \/><\/figure>\n\n\n\n<p>Fournissant principalement des cartes SIM China Unicom et China Mobile. Pratique pour les clients visitant le terminal 2, ils peuvent obtenir une carte SIM en attendant leurs bagages<\/p>\n\n\n<div class=\"lazyblock-ggg-custom-block-B1wu2 wp-block-lazyblock-ggg-custom-block\"><div class=\"ggg-custom-shortcode gigago-block-red\">\n    <div class=\"ggg-shortcode-content\">\n        <p>Avant d'acheter une carte SIM, assurez-vous que votre t\u00e9l\u00e9phone est d\u00e9bloqu\u00e9 et compatible avec les r\u00e9seaux mobiles chinois. Cliquez pour lire l'article complet sur la <a href=\"https:\/\/chinaesim.com\/fr\/utiliser-telephone\/\"><strong>fa\u00e7on d'utiliser votre t\u00e9l\u00e9phone en Chine sans probl\u00e8me<\/strong><\/a>.<\/p>    <\/div>\n<\/div><\/div>\n\n\n<h3 class=\"wp-block-heading\" id=\"in-the-city\">Dans la Ville<\/h3>\n\n\n\n<figure class=\"wp-block-image size-large\"><img decoding=\"async\" width=\"1024\" height=\"769\" src=\"https:\/\/chinaesim.com\/wp-content\/uploads\/sites\/5\/2024\/03\/china-telecom-store-china-1024x769.jpg\" alt=\"Dans tout Beijing, vous trouverez \u00e9galement des stands de vendeurs agr\u00e9\u00e9s et des magasins d'op\u00e9rateurs officiels. Les zones commerciales comme Wangfujing regroupent souvent plusieurs vendeurs SIM dans une m\u00eame zone.\" class=\"wp-image-5098\" srcset=\"https:\/\/chinaesim.com\/wp-content\/uploads\/sites\/5\/2024\/03\/china-telecom-store-china-1024x769.jpg 1024w, https:\/\/chinaesim.com\/wp-content\/uploads\/sites\/5\/2024\/03\/china-telecom-store-china-300x225.jpg 300w, https:\/\/chinaesim.com\/wp-content\/uploads\/sites\/5\/2024\/03\/china-telecom-store-china-768x576.jpg 768w, https:\/\/chinaesim.com\/wp-content\/uploads\/sites\/5\/2024\/03\/china-telecom-store-china-570x428.jpg 570w, https:\/\/chinaesim.com\/wp-content\/uploads\/sites\/5\/2024\/03\/china-telecom-store-china.jpg 1199w\" sizes=\"(max-width: 1024px) 100vw, 1024px\" \/><\/figure>\n\n\n\n<p>Dans tout Beijing, vous trouverez \u00e9galement des stands de vendeurs agr\u00e9\u00e9s et des magasins d&#8217;op\u00e9rateurs officiels. Les zones commerciales comme Wangfujing regroupent souvent plusieurs vendeurs SIM dans une m\u00eame zone.<\/p>\n\n\n\n<p>Les grands march\u00e9s de l\u2019\u00e9lectronique comme Zhongguancun disposent \u00e9galement d\u2019\u00e9tages entiers d\u00e9di\u00e9s aux services mobiles. Vous aurez le choix entre de nombreux fournisseurs de cartes SIM.<\/p>\n\n\n\n<p>O\u00f9 que vous achetiez en ville, assurez-vous de marchander le prix. Les tarifs des cartes SIM sont presque toujours n\u00e9gociables dans les magasins locaux. Pensez \u00e9galement \u00e0 vous munir de votre passeport.<\/p>\n\n\n<div class=\"lazyblock-cta-browse-right-button-Z2jiBNp wp-block-lazyblock-cta-browse-right-button\"><\/div>\n\n\n<h2 class=\"wp-block-heading\" id=\"iv-e-sim-pour-les-voyageurs-a-beijing-une-alternative-intelligente\">IV. eSIM pour les Voyageurs \u00e0 Beijing \u2013 Une Alternative Intelligente<\/h2>\n\n\n\n<p>Qu&#8217;il s&#8217;agisse de votre premi\u00e8re visite \u00e0 P\u00e9kin ou d&#8217;un voyage annuel, disposer d&#8217;une connexion de donn\u00e9es locale est essentiel pour la navigation, les traductions et rester en contact avec vos amis et votre famille rest\u00e9s chez vous. Autrefois, cela signifiait \u00e9changer sa carte SIM physique dans les magasins de l&#8217;a\u00e9roport ou trouver des hotspots wifi dans la ville.<\/p>\n\n\n\n<p><span>Cependant, avec l&#8217;essor de la technologie eSIM, il existe d\u00e9sormais un moyen plus pratique: <strong>C<\/strong><\/span><strong><span>ommander un forfait eSIM sur Chinaesim.com avant votre voyage.<\/span><\/strong><\/p>\n\n\n\n<p><strong><span>Chinaesim.com<\/span><\/strong><span> propose aux voyageurs des forfaits de donn\u00e9es pr\u00e9pay\u00e9s abordables pour diff\u00e9rentes p\u00e9riodes (5 jours, 10 jours, etc.) que vous pouvez facilement activer \u00e0 votre arriv\u00e9e \u00e0 Beijing. Achetez simplement le forfait en ligne qui convient \u00e0 la dur\u00e9e de votre voyage et recevez le profil eSIM par e-mail.<\/span><\/p>\n\n\n\n<p><span>Pas de probl\u00e8mes de barri\u00e8res linguistiques ou de files d&#8217;attente dans les magasins de l&#8217;a\u00e9roport. Une fois que vous atterrissez \u00e0 l&#8217;a\u00e9roport international de Beijing, activez simplement l&#8217;itin\u00e9rance sur votre <a href=\"https:\/\/chinaesim.com\/fr\/liste-compatible-esim\/\" data-type=\"page\" data-id=\"8260\">appareil compatible eSIM<\/a>&nbsp;et vos donn\u00e9es mobiles en Chine seront instantan\u00e9ment activ\u00e9es.<\/span><\/p>\n\n\n\n<h2 class=\"wp-block-heading\" id=\"v-choses-a-preparer-lors-de-l-achat-de-carte-sim-a-beijing\">V. Choses \u00e0 Pr\u00e9parer Lors de l&#8217;Achat de Carte SIM \u00e0 Beijing<\/h2>\n\n\n\n<p>Pour faciliter le processus d&#8217;achat d&#8217;une carte SIM, gardez \u00e0 l&#8217;esprit les conseils suivants:<\/p>\n\n\n\n<ul>\n<li><strong><span>D\u00e9verrouillez votre t\u00e9l\u00e9phone<\/span><\/strong><span> &#8211; La plupart des t\u00e9l\u00e9phones achet\u00e9s \u00e0 l&#8217;\u00e9tranger sont verrouill\u00e9s. Assurez-vous de contacter votre fournisseur pour le d\u00e9verrouiller avant de voyager.<\/span><\/li>\n\n\n\n<li><strong><span>Apportez votre passeport<\/span><\/strong><span> &#8211; Vous devrez pr\u00e9senter votre passeport lors de l&#8217;achat d&#8217;une carte SIM \u00e0 P\u00e9kin en tant que touriste.<\/span><\/li>\n\n\n\n<li><strong><span>Connaissez la taille nano-SIM de votre t\u00e9l\u00e9phone<\/span><\/strong><span> &#8211; Presque tous les t\u00e9l\u00e9phones modernes utilisent la nano-SIM. Mais v\u00e9rifiez bien pour obtenir la bonne taille de carte.<\/span><\/li>\n\n\n\n<li><strong>Avoir de la monnaie<\/strong> &#8211; Certains magasins n&#8217;acceptent pas les cartes de cr\u00e9dit \u00e9trang\u00e8res. Il est donc pr\u00e9f\u00e9rable d&#8217;avoir de la monnaie locale \u00e0 port\u00e9e de main.<\/li>\n\n\n\n<li><strong><span>T\u00e9l\u00e9chargez une application de traduction<\/span><\/strong><span> &#8211; Des applications comme Google Translate peuvent aider \u00e0 surmonter les barri\u00e8res linguistiques lors de la communication avec le personnel du magasin.<\/span><\/li>\n\n\n\n<li><strong><span>Notez les instructions<\/span><\/strong><span> &#8211; Les commis du magasin configurent souvent la carte SIM et vous montrent les \u00e9tapes. Prenez des notes pour vous souvenir des informations cl\u00e9s.<\/span><\/li>\n\n\n\n<li><strong><span>Testez-le imm\u00e9diatement<\/span><\/strong><span> &#8211; \u200b\u200bAvant de quitter le magasin, connectez-vous au WiFi et testez que votre carte SIM est activ\u00e9e et que les donn\u00e9es fonctionnent.<\/span><\/li>\n<\/ul>\n\n\n\n<p>Ces quelques conseils vous permettront d&#8217;obtenir une carte SIM pour Beijing en toute simplicit\u00e9.<\/p>\n\n\n\n<h2 class=\"wp-block-heading\" id=\"vi-conseils-et-recommandations\">VI. Conseils et Recommandations<\/h2>\n\n\n\n<p>Au-del\u00e0 des bases, ces conseils suppl\u00e9mentaires peuvent am\u00e9liorer votre exp\u00e9rience avec la carte SIM de Beijing:<\/p>\n\n\n\n<ul>\n<li>Pensez \u00e0 obtenir une carte SIM illimit\u00e9e si vous utilisez fr\u00e9quemment des covoiturages comme Didi. Les donn\u00e9es peuvent s\u2019accumuler rapidement.<\/li>\n\n\n\n<li>Optez pour des p\u00e9riodes de validit\u00e9 plus longues (30 jours) car elles offrent la meilleure valeur quotidienne. Vous pouvez toujours recharger plus tard si n\u00e9cessaire.<\/li>\n\n\n\n<li>Ne vous inqui\u00e9tez pas des quantit\u00e9s exactes de donn\u00e9es. Recharger un Go suppl\u00e9mentaire est abordable si vous d\u00e9passez ce montant.<\/li>\n\n\n\n<li>Si vous achetez \u00e0 l&#8217;a\u00e9roport, comparez les prix entre les magasins China Mobile et Unicom avant d&#8217;acheter.<\/li>\n\n\n\n<li>Pour les derniers mod\u00e8les de smartphones, confirmez qu&#8217;ils prennent en charge les bandes 4G utilis\u00e9es en Chine. La couverture 5G est encore limit\u00e9e.<\/li>\n\n\n\n<li>T\u00e9l\u00e9chargez des applications importantes telles que des cartes, des traducteurs, des VPN et des applications de paiement avant de quitter la maison.<\/li>\n\n\n\n<li>Capturez l&#8217;\u00e9cran des param\u00e8tres APN de votre fournisseur SIM afin de pouvoir les configurer facilement si n\u00e9cessaire.<\/li>\n\n\n\n<li>Ajoutez les num\u00e9ros de service client de votre fournisseur SIM \u00e0 vos favoris au cas o\u00f9 vous auriez besoin d&#8217;assistance.<\/li>\n<\/ul>\n\n\n\n<p>Rester flexible, comparer les options et planifier \u00e0 l&#8217;avance permettra \u00e0 votre carte SIM de Beijing de naviguer en douceur.<\/p>\n\n\n\n<h2 class=\"wp-block-heading\" id=\"vii-faq-sur-la-carte-sim-a-beijing\">VII. FAQ sur la Carte SIM \u00e0 Beijing<\/h2>\n\n\n<div id=\"rank-math-faq\" class=\"rank-math-block\">\n<div class=\"rank-math-list \">\n<div id=\"faq-question-1705648907590\" class=\"rank-math-list-item\">\n<h3 class=\"rank-math-question \">Quels r\u00e9seaux mobiles fonctionnent \u00e0 Beijing?<\/h3>\n<div class=\"rank-math-answer \">\n\n<p>Les trois principaux r\u00e9seaux mobiles en Chine sont China Mobile, China Unicom et China Telecom. Les trois r\u00e9seaux op\u00e8rent \u00e0 Beijing.<\/p>\n\n<\/div>\n<\/div>\n<div id=\"faq-question-1705649225180\" class=\"rank-math-list-item\">\n<h3 class=\"rank-math-question \">O\u00f9 puis-je acheter une carte SIM?<\/h3>\n<div class=\"rank-math-answer \">\n\n<p>Vous pouvez acheter des cartes SIM dans les magasins officiels des op\u00e9rateurs tels que les magasins China Mobile, China Unicom et China Telecom. Les grands magasins de l&#8217;a\u00e9roport ont tendance \u00e0 avoir des anglophones. Assurez-vous d&#8217;apporter votre passeport.<\/p>\n\n<\/div>\n<\/div>\n<div id=\"faq-question-1705649231261\" class=\"rank-math-list-item\">\n<h3 class=\"rank-math-question \">Dois-je enregistrer la carte SIM avec mon identification?<\/h3>\n<div class=\"rank-math-answer \">\n\n<p>Oui, depuis 2010, la loi Chinoise exige l&#8217;enregistrement des vrais noms et des cartes d&#8217;identit\u00e9 pour les nouvelles cartes SIM. En 2019, les transporteurs \u00e9taient \u00e9galement tenus d&#8217;effectuer des analyses de reconnaissance faciale dans le cadre de la v\u00e9rification des utilisateurs.<\/p>\n\n<\/div>\n<\/div>\n<div id=\"faq-question-1705649238352\" class=\"rank-math-list-item\">\n<h3 class=\"rank-math-question \">Quel r\u00e9seau a la meilleure couverture \u00e0 Beijing?<\/h3>\n<div class=\"rank-math-answer \">\n\n<p>China Mobile poss\u00e8de la couverture 2G la plus \u00e9tendue en Chine, y compris \u00e0 Beijing. Cependant, leurs r\u00e9seaux 3G et 4G peuvent avoir une couverture plus limit\u00e9e que celle de China Unicom, qui utilise des fr\u00e9quences plus compatibles au niveau international.<\/p>\n\n<\/div>\n<\/div>\n<div id=\"faq-question-1705649246870\" class=\"rank-math-list-item\">\n<h3 class=\"rank-math-question \">Quels forfaits sont disponibles?<\/h3>\n<div class=\"rank-math-answer \">\n\n<p>Les principaux op\u00e9rateurs proposent une gamme de forfaits mensuels offrant un m\u00e9lange de donn\u00e9es et de minutes d&#8217;appel. Les options populaires incluent les forfaits journaliers &#8220;King SIM&#8221; avec donn\u00e9es \u00e0 la carte. Les op\u00e9rateurs proposent \u00e9galement divers packs compl\u00e9mentaires de donn\u00e9es uniquement valables 30, 90, 180 ou 360 jours.<\/p>\n\n<\/div>\n<\/div>\n<div id=\"faq-question-1705649268766\" class=\"rank-math-list-item\">\n<h3 class=\"rank-math-question \">Comment puis-je v\u00e9rifier le solde et l&#8217;utilisation de mon compte?<\/h3>\n<div class=\"rank-math-answer \">\n\n<p>Vous pouvez v\u00e9rifier votre solde China Mobile en envoyant un SMS avec le texte &#8220;ye&#8221; au 10086. Pour l&#8217;utilisation des donn\u00e9es, envoyez &#8220;1091&#8221; au 10086. Les alertes d&#8217;utilisation sont \u00e9galement courantes sur China Unicom.<\/p>\n\n<\/div>\n<\/div>\n<\/div>\n<\/div>\n\n\n<h2 class=\"wp-block-heading\" id=\"viii-derniers-notes\">VIII. Derniers Notes<\/h2>\n\n\n\n<p>Avec les informations contenues dans ce guide, vous pouvez parcourir facilement le processus de carte SIM. Restez simplement flexible en mati\u00e8re de d\u00e9pannage et ne vous inqui\u00e9tez pas de l&#8217;utilisation des donn\u00e9es &#8211; Il est peu co\u00fbteux de recharger davantage!<\/p>\n\n\n\n<p>Gr\u00e2ce \u00e0 des donn\u00e9es mobiles fiables, vous pouvez tracer des itin\u00e9raires de m\u00e9tro, rechercher des suggestions de restaurants et traduire toutes les barri\u00e8res linguistiques. Avoir la connectivit\u00e9 vous apportera une grande tranquillit\u00e9 d&#8217;esprit lorsque vous explorerez la dynamique capitale de la Chine!<\/p>\n","protected":false},"excerpt":{"rendered":"<p>Se connecter aux donn\u00e9es mobiles lors de votre visite \u00e0 Beijing peut rendre votre voyage infiniment plus facile. Avoir acc\u00e8s \u00e0 des cartes, des applications de traduction et des covoiturages comme Didi est indispensable pour naviguer dans cette immense ville. L&#8217;achat d&#8217;une carte SIM locale pour votre t\u00e9l\u00e9phone d\u00e9verrouill\u00e9 est le moyen le plus abordable [&#8230;]\n","protected":false},"author":15,"featured_media":9331,"parent":8394,"menu_order":0,"comment_status":"closed","ping_status":"closed","template":"page-right-sidebar.php","meta":{"_acf_changed":false,"inline_featured_image":false,"footnotes":""},"acf":[],"jetpack_sharing_enabled":true,"_links":{"self":[{"href":"https:\/\/chinaesim.com\/fr\/wp-json\/wp\/v2\/pages\/9328"}],"collection":[{"href":"https:\/\/chinaesim.com\/fr\/wp-json\/wp\/v2\/pages"}],"about":[{"href":"https:\/\/chinaesim.com\/fr\/wp-json\/wp\/v2\/types\/page"}],"author":[{"embeddable":true,"href":"https:\/\/chinaesim.com\/fr\/wp-json\/wp\/v2\/users\/15"}],"replies":[{"embeddable":true,"href":"https:\/\/chinaesim.com\/fr\/wp-json\/wp\/v2\/comments?post=9328"}],"version-history":[{"count":0,"href":"https:\/\/chinaesim.com\/fr\/wp-json\/wp\/v2\/pages\/9328\/revisions"}],"up":[{"embeddable":true,"href":"https:\/\/chinaesim.com\/fr\/wp-json\/wp\/v2\/pages\/8394"}],"wp:featuredmedia":[{"embeddable":true,"href":"https:\/\/chinaesim.com\/fr\/wp-json\/wp\/v2\/media\/9331"}],"wp:attachment":[{"href":"https:\/\/chinaesim.com\/fr\/wp-json\/wp\/v2\/media?parent=9328"}],"curies":[{"name":"wp","href":"https:\/\/api.w.org\/{rel}","templated":true}]}}