{"id":9239,"date":"2024-03-27T15:39:28","date_gmt":"2024-03-27T08:39:28","guid":{"rendered":"https:\/\/chinaesim.com\/carte-sim-aeroports\/ou-acheter-une-carte-sim-a-laeroport-de-guangzhou-baiyun\/"},"modified":"2025-10-06T17:06:09","modified_gmt":"2025-10-06T10:06:09","slug":"guangzhou","status":"publish","type":"page","link":"https:\/\/chinaesim.com\/fr\/carte-sim-aeroports\/guangzhou\/","title":{"rendered":"O\u00f9 Acheter une Carte SIM \u00e0 l&#8217;A\u00e9roport de Guangzhou Baiyun"},"content":{"rendered":"\n<p>L&#8217;a\u00e9roport international de Guangzhou Baiyun est l&#8217;un des a\u00e9roports les plus fr\u00e9quent\u00e9s de Chine, servant de plaque tournante majeure pour les voyageurs nationaux et internationaux. Pour ceux qui arrivent \u00e0 Guangzhou, disposer d\u2019une connexion Internet fiable est essentiel, que ce soit pour communiquer, naviguer ou acc\u00e9der aux services en ligne. L&#8217;achat d&#8217;une carte SIM locale \u00e0 l&#8217;a\u00e9roport est une solution pratique pour rester connect\u00e9 pendant votre s\u00e9jour en Chine.<\/p>\n\n\n<div class=\"wp-block-image\">\n<figure class=\"aligncenter size-large\"><img decoding=\"async\" width=\"1024\" height=\"683\" src=\"https:\/\/chinaesim.com\/wp-content\/uploads\/sites\/5\/2024\/06\/carte-SIM-a-laeroport-de-Guangzhou-Baiyun-1024x683.jpg\" alt=\"carte SIM \u00e0 l'aeroport de Guangzhou Baiyun\" class=\"wp-image-9242\" srcset=\"https:\/\/chinaesim.com\/wp-content\/uploads\/sites\/5\/2024\/06\/carte-SIM-a-laeroport-de-Guangzhou-Baiyun-1024x683.jpg 1024w, https:\/\/chinaesim.com\/wp-content\/uploads\/sites\/5\/2024\/06\/carte-SIM-a-laeroport-de-Guangzhou-Baiyun-300x200.jpg 300w, https:\/\/chinaesim.com\/wp-content\/uploads\/sites\/5\/2024\/06\/carte-SIM-a-laeroport-de-Guangzhou-Baiyun-768x512.jpg 768w, https:\/\/chinaesim.com\/wp-content\/uploads\/sites\/5\/2024\/06\/carte-SIM-a-laeroport-de-Guangzhou-Baiyun-570x380.jpg 570w, https:\/\/chinaesim.com\/wp-content\/uploads\/sites\/5\/2024\/06\/carte-SIM-a-laeroport-de-Guangzhou-Baiyun.jpg 1200w\" sizes=\"(max-width: 1024px) 100vw, 1024px\" \/><\/figure><\/div>\n\n\n<div class=\"wp-block-rank-math-toc-block\" id=\"rank-math-toc\"><h2>Table des Mati\u00e8res<\/h2><nav><div><div class=\"\"><a href=\"#i-ou-acheter-une-carte-sim-a-l-aeroport-de-guangzhou-baiyun\">I. O\u00f9 Acheter une Carte SIM \u00e0 l&#8217;A\u00e9roport de Guangzhou Baiyun<\/a><\/div><div class=\"\"><a href=\"#ii-options-et-couts-de-la-carte-sim-de-l-aeroport-de-guangzhou-baiyun\">II. Options et Co\u00fbts de la Carte SIM de l&#8217;A\u00e9roport de Guangzhou Baiyun<\/a><\/div><div class=\"\"><a href=\"#iii-ce-quil-faut-preparer-pour-obtenir-une-carte-sim-a-l-aeroport-de-guangzhou-baiyun\">III. Ce Qu&#8217;il faut Pr\u00e9parer pour Obtenir une Carte SIM \u00e0 l&#8217;A\u00e9roport de Guangzhou Baiyun<\/a><\/div><div class=\"\"><a href=\"#iv-e-sim-comme-alternative-a-la-carte-sim-a-l-aeroport-de-guangzhou-baiyun\">IV. eSIM Comme Alternative \u00e0 la Carte SIM \u00e0 l&#8217;A\u00e9roport de Guangzhou Baiyun<\/a><\/div><div class=\"\"><a href=\"#v-faq\">V. FAQ<\/a><\/div><div class=\"\"><a href=\"#conclusion\">Conclusion<\/a><\/div><\/div><\/nav><\/div>\n\n\n\n<h2 class=\"wp-block-heading\" id=\"i-ou-acheter-une-carte-sim-a-l-aeroport-de-guangzhou-baiyun\">I. O\u00f9 Acheter une Carte SIM \u00e0 l&#8217;A\u00e9roport de Guangzhou Baiyun<\/h2>\n\n\n\n<h3 class=\"wp-block-heading\" id=\"1-mobile-operator-stores\">1. Magasins d&#8217;Op\u00e9rateurs Mobiles<\/h3>\n\n\n\n<figure class=\"wp-block-image size-full is-resized\"><img decoding=\"async\" width=\"1024\" height=\"768\" src=\"https:\/\/chinaesim.com\/wp-content\/uploads\/sites\/5\/2024\/03\/I.1-Mobile-Operator-Stores.jpg\" alt=\"O\u00f9 Acheter une Carte SIM \u00e0 l'A\u00e9roport de Guangzhou Baiyun\" class=\"wp-image-5412\" style=\"width:840px;height:auto\" srcset=\"https:\/\/chinaesim.com\/wp-content\/uploads\/sites\/5\/2024\/03\/I.1-Mobile-Operator-Stores.jpg 1024w, https:\/\/chinaesim.com\/wp-content\/uploads\/sites\/5\/2024\/03\/I.1-Mobile-Operator-Stores-300x225.jpg 300w, https:\/\/chinaesim.com\/wp-content\/uploads\/sites\/5\/2024\/03\/I.1-Mobile-Operator-Stores-768x576.jpg 768w, https:\/\/chinaesim.com\/wp-content\/uploads\/sites\/5\/2024\/03\/I.1-Mobile-Operator-Stores-570x428.jpg 570w\" sizes=\"(max-width: 1024px) 100vw, 1024px\" \/><\/figure>\n\n\n\n<p>L&#8217;a\u00e9roport de Guangzhou Baiyun dispose de plusieurs magasins d&#8217;op\u00e9rateurs mobiles situ\u00e9s dans les terminaux, ce qui facilite l&#8217;achat d&#8217;une carte SIM \u00e0 l&#8217;arriv\u00e9e. Voici les principaux op\u00e9rateurs mobiles ayant des magasins \u00e0 l&#8217;a\u00e9roport:<\/p>\n\n\n\n<h4 class=\"wp-block-heading\" id=\"china-mobile\">China Mobile<\/h4>\n\n\n\n<p>China Mobile est l&#8217;un des plus grands op\u00e9rateurs de t\u00e9l\u00e9phonie mobile en Chine et poss\u00e8de plusieurs magasins \u00e0 l&#8217;a\u00e9roport de Guangzhou Baiyun. Vous pouvez trouver leurs magasins dans le hall des arriv\u00e9es des b\u00e2timents du Terminal 1 et du Terminal 2.<\/p>\n\n\n\n<h4 class=\"wp-block-heading\" id=\"china-unicom\">China Unicom<\/h4>\n\n\n\n<p>China Unicom est un autre op\u00e9rateur mobile majeur en Chine et poss\u00e8de des magasins situ\u00e9s dans le hall des arriv\u00e9es des terminaux 1 et 2 de l&#8217;a\u00e9roport de Guangzhou Baiyun.<\/p>\n\n\n\n<h4 class=\"wp-block-heading\" id=\"china-telecom\">China Telecom<\/h4>\n\n\n\n<p>China Telecom est le 3\u00e8me op\u00e9rateur mobile en Chine et poss\u00e8de \u00e9galement un magasin dans le hall des arriv\u00e9es du Terminal 1 de l&#8217;a\u00e9roport de Guangzhou Baiyun.<\/p>\n\n\n\n<h3 class=\"wp-block-heading\" id=\"2-convenience-stores\">2. D\u00e9panneurs<\/h3>\n\n\n\n<figure class=\"wp-block-image size-full is-resized\"><img decoding=\"async\" width=\"750\" height=\"500\" src=\"https:\/\/chinaesim.com\/wp-content\/uploads\/sites\/5\/2024\/03\/I.2-Convenience-Stores.jpg\" alt=\"Outre les magasins des op\u00e9rateurs de t\u00e9l\u00e9phonie mobile, vous pouvez \u00e9galement acheter une carte SIM dans les magasins de proximit\u00e9 situ\u00e9s dans les terminaux des a\u00e9roports.\" class=\"wp-image-5423\" style=\"width:839px;height:auto\" srcset=\"https:\/\/chinaesim.com\/wp-content\/uploads\/sites\/5\/2024\/03\/I.2-Convenience-Stores.jpg 750w, https:\/\/chinaesim.com\/wp-content\/uploads\/sites\/5\/2024\/03\/I.2-Convenience-Stores-300x200.jpg 300w, https:\/\/chinaesim.com\/wp-content\/uploads\/sites\/5\/2024\/03\/I.2-Convenience-Stores-570x380.jpg 570w\" sizes=\"(max-width: 750px) 100vw, 750px\" \/><\/figure>\n\n\n\n<p>En plus des magasins des op\u00e9rateurs mobiles, vous pouvez \u00e9galement acheter une carte SIM dans les sup\u00e9rettes situ\u00e9es au sein des terminaux de l&#8217;a\u00e9roport. Ces magasins proposent g\u00e9n\u00e9ralement des cartes SIM de diff\u00e9rents op\u00e9rateurs mobiles, vous offrant ainsi plus d&#8217;options parmi lesquelles choisir.<\/p>\n\n\n\n<p>Certaines des cha\u00eenes de magasins de proximit\u00e9 o\u00f9 vous pouvez acheter des cartes SIM \u00e0 l&#8217;a\u00e9roport de Guangzhou Baiyun comprennent:<\/p>\n\n\n\n<ul>\n<li>7-Eleven<\/li>\n\n\n\n<li>FamilyMart<\/li>\n\n\n\n<li>Lawson<\/li>\n<\/ul>\n\n\n\n<p>Ces d\u00e9panneurs sont g\u00e9n\u00e9ralement ouverts 24\/24, ce qui facilite l&#8217;achat d&#8217;une carte SIM quelle que soit votre heure d&#8217;arriv\u00e9e.<\/p>\n\n\n\n<h3 class=\"wp-block-heading\" id=\"3-mobile-service-counters\">3. Comptoirs de Services Mobiles<\/h3>\n\n\n\n<figure class=\"wp-block-image size-full is-resized\"><img decoding=\"async\" width=\"588\" height=\"420\" src=\"https:\/\/chinaesim.com\/wp-content\/uploads\/sites\/5\/2024\/03\/I.3-Mobile-Service-Counters.jpg\" alt=\"Si vous pr\u00e9f\u00e9rez un service plus personnalis\u00e9 ou si vous avez des exigences sp\u00e9cifiques, vous pouvez vous rendre aux comptoirs de services mobiles situ\u00e9s dans les terminaux de l'a\u00e9roport.\" class=\"wp-image-5424\" style=\"width:839px;height:auto\" srcset=\"https:\/\/chinaesim.com\/wp-content\/uploads\/sites\/5\/2024\/03\/I.3-Mobile-Service-Counters.jpg 588w, https:\/\/chinaesim.com\/wp-content\/uploads\/sites\/5\/2024\/03\/I.3-Mobile-Service-Counters-300x214.jpg 300w, https:\/\/chinaesim.com\/wp-content\/uploads\/sites\/5\/2024\/03\/I.3-Mobile-Service-Counters-570x407.jpg 570w\" sizes=\"(max-width: 588px) 100vw, 588px\" \/><\/figure>\n\n\n\n<p>Si vous pr\u00e9f\u00e9rez un service plus personnalis\u00e9 ou avez des exigences sp\u00e9cifiques, vous pouvez vous rendre aux comptoirs de services mobiles situ\u00e9s dans les terminaux de l&#8217;a\u00e9roport. Ces comptoirs sont g\u00e9r\u00e9s par des repr\u00e9sentants des op\u00e9rateurs mobiles qui peuvent vous aider \u00e0 s\u00e9lectionner le bon forfait de carte SIM et vous guider tout au long du processus d&#8217;activation.<\/p>\n\n\n\n<p><span>Pour des informations plus d\u00e9taill\u00e9es sur les installations et les services disponibles \u00e0 l&#8217;a\u00e9roport international de Guangzhou Baiyun, consultez leur site officiel en cliquant ici: <a href=\"https:\/\/www.baiyunairport.com\/\" data-type=\"link\" data-id=\"https:\/\/www.baiyunairport.com\/\" target=\"_blank\" rel=\"noopener\">Consultez le site Web de l&#8217;a\u00e9roport<\/a><\/span><\/p>\n\n\n\n<h2 class=\"wp-block-heading\" id=\"ii-options-et-couts-de-la-carte-sim-de-l-aeroport-de-guangzhou-baiyun\">II. Options et Co\u00fbts de la Carte SIM de l&#8217;A\u00e9roport de Guangzhou Baiyun<\/h2>\n\n\n\n<figure class=\"wp-block-image size-full is-resized\"><img decoding=\"async\" width=\"860\" height=\"573\" src=\"https:\/\/chinaesim.com\/wp-content\/uploads\/sites\/5\/2024\/03\/II.-Guangzhou-Baiyun-Airport-SIM-Card-Options-and-Costs-1.jpg\" alt=\"Options et Co\u00fbts de la Carte SIM de l'A\u00e9roport de Guangzhou Baiyun\" class=\"wp-image-5425\" style=\"width:840px;height:auto\" srcset=\"https:\/\/chinaesim.com\/wp-content\/uploads\/sites\/5\/2024\/03\/II.-Guangzhou-Baiyun-Airport-SIM-Card-Options-and-Costs-1.jpg 860w, https:\/\/chinaesim.com\/wp-content\/uploads\/sites\/5\/2024\/03\/II.-Guangzhou-Baiyun-Airport-SIM-Card-Options-and-Costs-1-300x200.jpg 300w, https:\/\/chinaesim.com\/wp-content\/uploads\/sites\/5\/2024\/03\/II.-Guangzhou-Baiyun-Airport-SIM-Card-Options-and-Costs-1-768x512.jpg 768w, https:\/\/chinaesim.com\/wp-content\/uploads\/sites\/5\/2024\/03\/II.-Guangzhou-Baiyun-Airport-SIM-Card-Options-and-Costs-1-570x380.jpg 570w\" sizes=\"(max-width: 860px) 100vw, 860px\" \/><\/figure>\n\n\n\n<p>Les op\u00e9rateurs mobiles de l&#8217;a\u00e9roport de Guangzhou Baiyun proposent une vari\u00e9t\u00e9 d&#8217;options de cartes SIM pour r\u00e9pondre \u00e0 diff\u00e9rents besoins et budgets. Voici quelques options courantes et leurs co\u00fbts approximatifs:<\/p>\n\n\n\n<figure class=\"wp-block-table\"><table><thead><tr><th>R\u00e9seau<\/th><th>Plan<\/th><th>Prix (RMB)<\/th><th>Prix (USD)<\/th><th>Donn\u00e9es<\/th><th>Remarques<\/th><\/tr><\/thead><tbody><tr><td>China Mobile<\/td><td>Daily Data Plan<\/td><td>18 RMB\/mois\t<\/td><td>~$2.60\/mois<\/td><td>1 RMB\/1 Go par jour<\/td><td>Option la moins ch\u00e8re pour une utilisation l\u00e9g\u00e8re. Les prix peuvent varier.<\/td><\/tr><tr><td>China Mobile<\/td><td>30 Day Unlimited Plan<\/td><td>128 RMB\/mois<\/td><td>~$18.40\/mois<\/td><td>30 Go de donn\u00e9es \u00e0 pleine vitesse\t<\/td><td>Bon rapport qualit\u00e9 prix pour une utilisation mod\u00e9r\u00e9e<\/td><\/tr><tr><td>China Mobile<\/td><td>60 Day Unlimited Plan<\/td><td>238 RMB\/mois<\/td><td>~$34.20\/mois<\/td><td>40 Go de donn\u00e9es \u00e0 pleine vitesse\t<\/td><td>Plus de donn\u00e9es que le forfait de 30 jours<\/td><\/tr><tr><td>China Unicom<\/td><td>1 Month Data-Only SIM<\/td><td>30 RMB<\/td><td>~$4.30<\/td><td>4 Go<\/td><td>Carte SIM de donn\u00e9es uniquement, pas de minutes d&#8217;appel<\/td><\/tr><tr><td>China Unicom<\/td><td>7 Day Tourist SIM<\/td><td>58 RMB<\/td><td>~$8.35<\/td><td>2 Go<\/td><td>Valable 7 jours, aucune inscription Chinoise requise<\/td><\/tr><tr><td>China Unicom Hong Kong<\/td><td>Carte SIM 1 Mois<\/td><td>128 HKD (~160 RMB)<\/td><td>~$22.90<\/td><td>8 Go<\/td><td>Contourne la censure, accepte les cartes \u00e9trang\u00e8res<\/td><\/tr><\/tbody><\/table><\/figure>\n\n\n\n<p>Il est important de noter que les prix et les forfaits peuvent varier, et il est recommand\u00e9 de v\u00e9rifier aupr\u00e8s des magasins ou des comptoirs des op\u00e9rateurs mobiles \u00e0 l&#8217;a\u00e9roport pour conna\u00eetre les derni\u00e8res offres et promotions.<\/p>\n\n\n<div class=\"lazyblock-ggg-custom-block-ZiC4YY wp-block-lazyblock-ggg-custom-block\"><div class=\"ggg-custom-shortcode gigago-block-yellow\">\n    <div class=\"ggg-shortcode-content\">\n        <div data-zone-id=\"0\" data-line-index=\"0\" data-line=\"true\">D\u00e9couvrez quel op\u00e9rateur offre la meilleure couverture \u00e0 Guangzhou et o\u00f9 acheter facilement une carte SIM dans notre guide complet:<\/div>\n<div data-zone-id=\"0\" data-line-index=\"0\" data-line=\"true\"><a href=\"https:\/\/chinaesim.com\/fr\/carte-sim\/guangzhou\/\"><strong>Comment Acheter une Carte SIM \u00e0 Guangzhou: Conseils de Locaux<\/strong><\/a><\/div>    <\/div>\n<\/div><\/div>\n\n\n<h2 class=\"wp-block-heading\" id=\"iii-ce-quil-faut-preparer-pour-obtenir-une-carte-sim-a-l-aeroport-de-guangzhou-baiyun\">III. Ce Qu&#8217;il faut Pr\u00e9parer pour Obtenir une Carte SIM \u00e0 l&#8217;A\u00e9roport de Guangzhou Baiyun<\/h2>\n\n\n\n<figure class=\"wp-block-image size-full is-resized\"><img decoding=\"async\" width=\"1024\" height=\"683\" src=\"https:\/\/chinaesim.com\/wp-content\/uploads\/sites\/5\/2024\/03\/III.-What-You-Need-to-Prepare-for-Getting-a-SIM-Card-at-Guangzhou-Baiyun-Airport.jpg\" alt=\"Ce Qu'il faut Pr\u00e9parer pour Obtenir une Carte SIM \u00e0 l'A\u00e9roport de Guangzhou Baiyun\" class=\"wp-image-5426\" style=\"width:841px;height:auto\" srcset=\"https:\/\/chinaesim.com\/wp-content\/uploads\/sites\/5\/2024\/03\/III.-What-You-Need-to-Prepare-for-Getting-a-SIM-Card-at-Guangzhou-Baiyun-Airport.jpg 1024w, https:\/\/chinaesim.com\/wp-content\/uploads\/sites\/5\/2024\/03\/III.-What-You-Need-to-Prepare-for-Getting-a-SIM-Card-at-Guangzhou-Baiyun-Airport-300x200.jpg 300w, https:\/\/chinaesim.com\/wp-content\/uploads\/sites\/5\/2024\/03\/III.-What-You-Need-to-Prepare-for-Getting-a-SIM-Card-at-Guangzhou-Baiyun-Airport-768x512.jpg 768w, https:\/\/chinaesim.com\/wp-content\/uploads\/sites\/5\/2024\/03\/III.-What-You-Need-to-Prepare-for-Getting-a-SIM-Card-at-Guangzhou-Baiyun-Airport-570x380.jpg 570w\" sizes=\"(max-width: 1024px) 100vw, 1024px\" \/><\/figure>\n\n\n\n<p>Pour acheter une carte SIM \u00e0 l&#8217;a\u00e9roport de Guangzhou Baiyun, vous devez pr\u00e9parer quelques \u00e9l\u00e9ments:<\/p>\n\n\n\n<h3 class=\"wp-block-heading\" id=\"1-passport\">1. Num\u00e9ro d&#8217;identification Chinois\/Num\u00e9ro de Passeport<\/h3>\n\n\n\n<p>Assurez-vous d&#8217;avoir votre num\u00e9ro de passeport \u00e0 port\u00e9e de main pour l&#8217;inscription. Certains fournisseurs de cartes SIM peuvent \u00e9galement vous demander votre num\u00e9ro d&#8217;identification Chinois \u00e0 16 chiffres si vous en avez un.<\/p>\n\n\n\n<h3 class=\"wp-block-heading\" id=\"2-cash-or-credit-card\">2. Mode de Paiement<\/h3>\n\n\n\n<p>La plupart des kiosques de cartes SIM et des magasins de l&#8217;a\u00e9roport acceptent les paiements en esp\u00e8ces en yuans Chinois. Il est pr\u00e9f\u00e9rable d&#8217;avoir environ 150 yuans en main pour payer la carte SIM, les frais d&#8217;activation et le montant de la recharge initiale. Vous pourrez peut-\u00eatre \u00e9galement payer par carte de cr\u00e9dit, notamment aux guichets China Unicom.<\/p>\n\n\n\n<h3 class=\"wp-block-heading\" id=\"3-unlocked-phone\">3. T\u00e9l\u00e9phone d\u00e9bloqu\u00e9<\/h3>\n\n\n\n<p>Assurez-vous que votre appareil mobile est d\u00e9verrouill\u00e9 et compatible avec les r\u00e9seaux mobiles en Chine. La plupart des smartphones modernes sont compatibles, mais il est toujours pr\u00e9f\u00e9rable de v\u00e9rifier aupr\u00e8s de votre op\u00e9rateur mobile ou du personnel du magasin \u00e0 l&#8217;a\u00e9roport pour garantir la compatibilit\u00e9.<\/p>\n\n\n\n<h3 class=\"wp-block-heading\" id=\"4-camera-or-scanner-app\">4. Documents pour l&#8217;Enregistrement de l&#8217;Adresse<\/h3>\n\n\n\n<p>Les cartes SIM d&#8217;a\u00e9roport n\u00e9cessitent souvent un enregistrement d&#8217;adresse. Pr\u00e9parez votre carte d&#8217;adresse d&#8217;h\u00f4tel ou votre re\u00e7u de r\u00e9servation comme preuve si n\u00e9cessaire.<\/p>\n\n\n\n<h3 class=\"wp-block-heading\" id=\"5-smartphone-settings\">5. Bref Itin\u00e9raire<\/h3>\n\n\n\n<p>Soyez pr\u00eat \u00e0 fournir votre type de visa (par exemple, un visa de tourisme ou d&#8217;affaires), la dur\u00e9e pr\u00e9vue de votre s\u00e9jour et vos projets g\u00e9n\u00e9raux de voyage en Chine. Ces informations sont n\u00e9cessaires \u00e0 des fins d&#8217;inscription.<\/p>\n\n\n\n<h2 class=\"wp-block-heading\" id=\"iv-e-sim-comme-alternative-a-la-carte-sim-a-l-aeroport-de-guangzhou-baiyun\">IV. eSIM Comme Alternative \u00e0 la Carte SIM \u00e0 l&#8217;A\u00e9roport de Guangzhou Baiyun<\/h2>\n\n\n\n<p>Lorsque vous voyagez \u00e0 Guangzhou, obtenir une carte SIM locale peut \u00eatre important pour rester connect\u00e9. En r\u00e8gle g\u00e9n\u00e9rale, les visiteurs doivent trouver l&#8217;un des magasins China Mobile, China Telecom ou China Unicom situ\u00e9s \u00e0 l&#8217;int\u00e9rieur ou \u00e0 proximit\u00e9 de l&#8217;a\u00e9roport pour acheter une carte SIM physique.<\/p>\n\n\n\n<p><span>Cependant, nous vous recommandons d&#8217;envisager une eSIM de&nbsp;<\/span><strong><span>Chinaesim.com<\/span><\/strong><span>&nbsp;comme alternative.&nbsp;<\/span><strong><span>Chinaesim.com<\/span><\/strong><span>&nbsp;est l&#8217;un des principaux fournisseurs eSIM qui propose des forfaits SIM num\u00e9riques pratiques pour les voyageurs. Nos forfaits eSIM peuvent \u00eatre activ\u00e9s instantan\u00e9ment apr\u00e8s l&#8217;achat, sans qu&#8217;il soit n\u00e9cessaire d&#8217;\u00e9changer des cartes SIM physiques.<\/span><\/p>\n\n\n\n<p>Certains avantages de l\u2019achat d\u2019une eSIM sur Chinaesim.com incluent:<\/p>\n\n\n\n<ul>\n<li>Livraison instantan\u00e9e du code eSIM par e-mail, permettant une activation imm\u00e9diate sans faire la queue \u00e0 l&#8217;a\u00e9roport.<\/li>\n\n\n\n<li>Un plus grand choix d&#8217;options et de dur\u00e9es de forfaits de donn\u00e9es par rapport aux cartes SIM physiques.<\/li>\n\n\n\n<li>Aucun risque de perdre ou d&#8217;endommager la carte SIM. L&#8217;eSIM est install\u00e9e num\u00e9riquement sur votre appareil.<\/li>\n\n\n\n<li>Possibilit\u00e9 d&#8217;installer plusieurs profils eSIM, alors que les cartes SIM physiques n&#8217;en autorisent qu&#8217;un \u00e0 la fois.<\/li>\n<\/ul>\n\n\n\n<p><span>Nos forfaits sont&nbsp;<\/span><strong><span>tr\u00e8s abordables \u00e0 partir de seulement 7$<\/span><\/strong><span> et offrent une couverture dans toute la Chine ainsi que dans les pays voisins comme Hong Kong, le Vietnam, etc.&nbsp;<\/span><\/p>\n\n\n\n<p><span>Bien que les eSIM soient pratiques, il est important de vous assurer que votre appareil prend en charge&nbsp;<a href=\"https:\/\/chinaesim.com\/fr\/liste-compatible-esim\/\" data-type=\"page\" data-id=\"8260\">la fonctionnalit\u00e9 eSIM<\/a> et que vous disposez d&#8217;une connexion Internet stable pour terminer le processus de configuration.<\/span><\/p>\n\n\n<div class=\"lazyblock-cta01-highlight-1edKUl wp-block-lazyblock-cta01-highlight\">\n<div class=\"cta01-highlight mb-6\">\n    <div class=\"cta01-content\">\n        <p>Libert\u00e9 mobile \u00e0 l'\u00e9tranger. Obtenez une eSIM sur <strong>Chinaesim.com<\/strong><\/p>    <\/div>\n    <div class=\"cta01-button\">\n        <a href=\"https:\/\/chinaesim.com\/fr\/\">\n            Achetez!        <\/a>\n    <\/div>\n<\/div><\/div>\n\n\n<h2 class=\"wp-block-heading\" id=\"v-faq\">V. FAQ<\/h2>\n\n\n<div id=\"rank-math-faq\" class=\"rank-math-block\">\n<div class=\"rank-math-list \">\n<div id=\"faq-question-1711507473896\" class=\"rank-math-list-item\">\n<h3 class=\"rank-math-question \">O\u00f9 puis-je acheter une carte SIM \u00e0 l&#8217;a\u00e9roport international de Guangzhou Baiyun?<\/h3>\n<div class=\"rank-math-answer \">\n\n<p>Des kiosques situ\u00e9s dans les halls d&#8217;arriv\u00e9e des terminaux nationaux et internationaux vendent des cartes SIM des trois principaux op\u00e9rateurs chinois : China Mobile, China Unicom et China Telecom.<\/p>\n\n<\/div>\n<\/div>\n<div id=\"faq-question-1711507486707\" class=\"rank-math-list-item\">\n<h3 class=\"rank-math-question \">De quelle documentation ai-je besoin pour acheter une carte SIM?<\/h3>\n<div class=\"rank-math-answer \">\n\n<p>Vous devrez pr\u00e9senter votre passeport pour v\u00e9rification. Certains kiosques peuvent \u00e9galement vous demander de fournir votre adresse en Chine. Il est recommand\u00e9 de noter l&#8217;adresse de votre h\u00f4tel.<\/p>\n\n<\/div>\n<\/div>\n<div id=\"faq-question-1711507497770\" class=\"rank-math-list-item\">\n<h3 class=\"rank-math-question \">Quel transporteur dois-je choisir?<\/h3>\n<div class=\"rank-math-answer \">\n\n<p>China Unicom est g\u00e9n\u00e9ralement recommand\u00e9 aux voyageurs internationaux car il offre la meilleure couverture nationale sur ses r\u00e9seaux 3G\/4G. La couverture r\u00e9seau de China Mobile est \u00e9tendue mais sa technologie 3G n&#8217;est pas compatible avec la plupart des t\u00e9l\u00e9phones \u00e9trangers.<\/p>\n\n<\/div>\n<\/div>\n<div id=\"faq-question-1711507507946\" class=\"rank-math-list-item\">\n<h3 class=\"rank-math-question \">Combien de temps prend le processus d&#8217;activation et de configuration de la carte SIM?<\/h3>\n<div class=\"rank-math-answer \">\n\n<p>Les kiosques de l&#8217;a\u00e9roport peuvent activer les cartes SIM en 5-10 minutes. Vous aurez besoin d&#8217;une connexion Internet pour terminer le processus d&#8217;inscription avant de pouvoir utiliser les donn\u00e9es. Le WiFi de l\u2019h\u00f4tel fonctionne bien pour l\u2019activation.<\/p>\n\n<\/div>\n<\/div>\n<div id=\"faq-question-1711507516331\" class=\"rank-math-list-item\">\n<h3 class=\"rank-math-question \">Existe-t-il une alternative plus simple aux achats de cartes SIM \u00e0 l\u2019a\u00e9roport?<\/h3>\n<div class=\"rank-math-answer \">\n\n<p>Oui, l&#8217;achat d&#8217;une eSIM Chinoise sur Chinaesim.com permet une configuration instantan\u00e9e sans changer de carte SIM physique. Les forfaits sont propos\u00e9s \u00e0 des prix comp\u00e9titifs et vous pouvez \u00eatre op\u00e9rationnel quelques minutes apr\u00e8s votre atterrissage par e-mail. Ceci est fortement recommand\u00e9 pour une connectivit\u00e9 sans tracas.<\/p>\n\n<\/div>\n<\/div>\n<\/div>\n<\/div>\n\n\n<h2 class=\"wp-block-heading\" id=\"conclusion\">Conclusion<\/h2>\n\n\n\n<p>Il est essentiel de rester connect\u00e9 pendant votre voyage en Chine, et l&#8217;achat d&#8217;une carte SIM \u00e0 l&#8217;a\u00e9roport de Guangzhou Baiyun est une solution pratique et abordable. Gr\u00e2ce aux nombreuses options disponibles, y compris les magasins d&#8217;op\u00e9rateurs de t\u00e9l\u00e9phonie mobile, les magasins de proximit\u00e9 et la possibilit\u00e9 d&#8217;utiliser une eSIM, vous pouvez facilement trouver un plan qui correspond \u00e0 vos besoins et \u00e0 votre budget.<\/p>\n\n\n<div class=\"lazyblock-cta-selling-points-2jtHp0 wp-block-lazyblock-cta-selling-points\">\n<div class=\"cta-selling-points mb-6\">\n    <div class=\"title\">D\u00e9passez les Fronti\u00e8res avec chinaesim.com!<\/div>\n    <div class=\"content\"><div data-page-id=\"AEbGd8Fedo34ogxo3qJlpSgZgyh\" data-docx-has-block-data=\"false\">\n<div class=\"ace-line ace-line old-record-id-Zf0Ud14xhonxs0xfWealkSffg3b\" style=\"text-align: left\">\n<div data-page-id=\"JaJjdNzPdoRFspxLTWzltcvLgsf\" data-docx-has-block-data=\"false\">\n<div class=\"ace-line ace-line old-record-id-UmVBd2AkQotv5exxlp1lB66Dgfg\">\u26a1\ufe0f<strong>Activation Instantan\u00e9e<\/strong>: Pas d'attente, il suffit de t\u00e9l\u00e9charger et de partir!<\/div>\n<div class=\"ace-line ace-line old-record-id-W4MedwNfkoXwIax6caLl9GNAgEe\">\u2708\ufe0f<strong>Local Magie de l'Op\u00e9rateur<\/strong>: Sans faille et rapide, aliment\u00e9 par les principaux acteurs.<\/div>\n<div class=\"ace-line ace-line old-record-id-M31AdRPWQoa9dexxRRelPTs0gCs\">\u267e\ufe0f<strong>Flexible Plans<\/strong>: Choisissez le forfait de donn\u00e9es qui correspond \u00e0 vos besoins et \u00e0 votre budget.<\/div>\n<div class=\"ace-line ace-line old-record-id-G2lRdGcDXoS18ZxE0qmlpj9Bgsc\">\u2705<strong>Pas de frais cach\u00e9s<\/strong>: Ce que vous voyez est ce que vous payez, pas de surprises.<\/div>\n<div class=\"ace-line ace-line old-record-id-D5EydmJUVoH3z7xmzqolsvRpgNh\">Pr\u00eat \u00e0 vous lib\u00e9rer des restrictions de l'itin\u00e9rance? Cliquez sur le bouton ci-dessous pour obtenir votre eSIM et commencez votre aventure mondiale d\u00e8s aujourd'hui!<\/div>\n<\/div>\n<\/div>\n<\/div><\/div>\n    <div class=\"link-shop\">\n        <a href=\"https:\/\/chinaesim.com\/fr\/\">\n            Achetez!        <\/a>\n    <\/div>\n<\/div><\/div>","protected":false},"excerpt":{"rendered":"<p>L&#8217;a\u00e9roport international de Guangzhou Baiyun est l&#8217;un des a\u00e9roports les plus fr\u00e9quent\u00e9s de Chine, servant de plaque tournante majeure pour les voyageurs nationaux et internationaux. Pour ceux qui arrivent \u00e0 Guangzhou, disposer d\u2019une connexion Internet fiable est essentiel, que ce soit pour communiquer, naviguer ou acc\u00e9der aux services en ligne. L&#8217;achat d&#8217;une carte SIM locale [&#8230;]\n","protected":false},"author":15,"featured_media":9242,"parent":9137,"menu_order":0,"comment_status":"closed","ping_status":"closed","template":"page-right-sidebar.php","meta":{"_acf_changed":false,"inline_featured_image":false,"footnotes":""},"acf":[],"jetpack_sharing_enabled":true,"_links":{"self":[{"href":"https:\/\/chinaesim.com\/fr\/wp-json\/wp\/v2\/pages\/9239"}],"collection":[{"href":"https:\/\/chinaesim.com\/fr\/wp-json\/wp\/v2\/pages"}],"about":[{"href":"https:\/\/chinaesim.com\/fr\/wp-json\/wp\/v2\/types\/page"}],"author":[{"embeddable":true,"href":"https:\/\/chinaesim.com\/fr\/wp-json\/wp\/v2\/users\/15"}],"replies":[{"embeddable":true,"href":"https:\/\/chinaesim.com\/fr\/wp-json\/wp\/v2\/comments?post=9239"}],"version-history":[{"count":0,"href":"https:\/\/chinaesim.com\/fr\/wp-json\/wp\/v2\/pages\/9239\/revisions"}],"up":[{"embeddable":true,"href":"https:\/\/chinaesim.com\/fr\/wp-json\/wp\/v2\/pages\/9137"}],"wp:featuredmedia":[{"embeddable":true,"href":"https:\/\/chinaesim.com\/fr\/wp-json\/wp\/v2\/media\/9242"}],"wp:attachment":[{"href":"https:\/\/chinaesim.com\/fr\/wp-json\/wp\/v2\/media?parent=9239"}],"curies":[{"name":"wp","href":"https:\/\/api.w.org\/{rel}","templated":true}]}}