{"id":8427,"date":"2023-06-09T00:05:26","date_gmt":"2023-06-08T17:05:26","guid":{"rendered":"https:\/\/chinaesim.com\/operateurs-mobiles-en-chine-quel-est-le-meilleur-pour-les-touristes\/"},"modified":"2025-10-06T16:58:13","modified_gmt":"2025-10-06T09:58:13","slug":"operateurs","status":"publish","type":"page","link":"https:\/\/chinaesim.com\/fr\/operateurs\/","title":{"rendered":"Op\u00e9rateurs Mobiles en Chine: Quel est le Meilleur Pour les Touristes?"},"content":{"rendered":"\n<p>Lorsqu&#8217;il s&#8217;agit de voyager en Chine, disposer d&#8217;une connexion mobile fiable et abordable est essentiel pour rester connect\u00e9, acc\u00e9der aux cartes et tirer le meilleur parti de votre voyage. Avec plusieurs op\u00e9rateurs de t\u00e9l\u00e9phonie mobile parmi lesquels choisir, il peut \u00eatre difficile de d\u00e9cider lequel correspond le mieux \u00e0 vos besoins en tant que touriste.<\/p>\n\n\n\n<p>Dans cet article de blog complet, nous explorerons les principaux op\u00e9rateurs mobiles en Chine, leurs offres, et vous fournirons les informations dont vous avez besoin pour prendre une d\u00e9cision \u00e9clair\u00e9e.<\/p>\n\n\n\n<figure class=\"wp-block-image size-large\"><img decoding=\"async\" width=\"1024\" height=\"683\" src=\"https:\/\/chinaesim.com\/wp-content\/uploads\/sites\/5\/2024\/06\/meilleur-operateurs-mobiles-en-Chine-1024x683.jpg\" alt=\"meilleur op\u00e9rateurs mobiles en Chine\" class=\"wp-image-8440\" srcset=\"https:\/\/chinaesim.com\/wp-content\/uploads\/sites\/5\/2024\/06\/meilleur-operateurs-mobiles-en-Chine-1024x683.jpg 1024w, https:\/\/chinaesim.com\/wp-content\/uploads\/sites\/5\/2024\/06\/meilleur-operateurs-mobiles-en-Chine-300x200.jpg 300w, https:\/\/chinaesim.com\/wp-content\/uploads\/sites\/5\/2024\/06\/meilleur-operateurs-mobiles-en-Chine-768x512.jpg 768w, https:\/\/chinaesim.com\/wp-content\/uploads\/sites\/5\/2024\/06\/meilleur-operateurs-mobiles-en-Chine-570x380.jpg 570w, https:\/\/chinaesim.com\/wp-content\/uploads\/sites\/5\/2024\/06\/meilleur-operateurs-mobiles-en-Chine.jpg 1200w\" sizes=\"(max-width: 1024px) 100vw, 1024px\" \/><\/figure>\n\n\n\n<div class=\"wp-block-rank-math-toc-block\" id=\"rank-math-toc\"><h2>Table des Mati\u00e8res<\/h2><nav><div><div class=\"\"><a href=\"#i-liste-des-operateurs-mobiles-en-chine\">I. Liste des Op\u00e9rateurs Mobiles en Chine<\/a><\/div><div class=\"\"><a href=\"#ii-comment-choisir-les-meilleurs-operateurs-mobiles-en-chine\">II. Comment Choisir les Meilleurs Op\u00e9rateurs Mobiles en Chine<\/a><\/div><div class=\"\"><a href=\"#iii-meilleurs-operateurs-mobiles-en-chine-comparaison-detaillee\">III. Meilleurs Op\u00e9rateurs Mobiles en Chine \u2013 Comparaison D\u00e9taill\u00e9e<\/a><\/div><div class=\"\"><a href=\"#iv-ou-acheter-une-carte-sim-aupres-des-operateurs-mobiles-en-chine\">IV. O\u00f9 Acheter une Carte SIM Aupr\u00e8s des Op\u00e9rateurs Mobiles en Chine ?<\/a><\/div><div class=\"\"><a href=\"#v-les-operateurs-mobiles-en-chine-proposent-ils-le-sim\">V. Les Op\u00e9rateurs Mobiles en Chine Proposent-ils l&#8217;eSIM?<\/a><\/div><div class=\"\"><a href=\"#vi-faq-sur-les-operateurs-mobiles-en-chine\">VI. FAQ sur les Op\u00e9rateurs Mobiles en Chine<\/a><\/div><div class=\"\"><a href=\"#conclusion\">Conclusion<\/a><\/div><\/div><\/nav><\/div>\n\n\n\n<h2 class=\"wp-block-heading\" id=\"i-liste-des-operateurs-mobiles-en-chine\">I. Liste des Op\u00e9rateurs Mobiles en Chine<\/h2>\n\n\n\n<div class=\"wp-block-group gigago-block-background\"><div class=\"wp-block-group__inner-container is-layout-constrained wp-block-group-is-layout-constrained\">\n<p><em><strong>Faits:<\/strong><\/em><\/p>\n\n\n\n<ul>\n<li>China Mobile est la plus importante soci\u00e9t\u00e9 de t\u00e9l\u00e9communications en Chine et l&#8217;une des plus grandes au monde.<\/li>\n\n\n\n<li>China Unicom est le 2\u00e8me op\u00e9rateur de r\u00e9seau en Chine et est tr\u00e8s populaire aupr\u00e8s des voyageurs.<\/li>\n\n\n\n<li>China Telecom est le 3\u00e8me op\u00e9rateur de r\u00e9seau le plus important du pays d&#8217;Asie.<\/li>\n<\/ul>\n<\/div><\/div>\n\n\n\n<p>Abritant la plus grande population du monde, la Chine abrite \u00e9galement les plus grands march\u00e9s de t\u00e9l\u00e9communications du monde, du moins en termes de nombre total d&#8217;abonn\u00e9s. <\/p>\n\n\n\n<p>En ce qui concerne&nbsp;les op\u00e9rateurs Chinois, nous les divisons en 02 cat\u00e9gories principales: les op\u00e9rateurs de r\u00e9seaux mobiles et les op\u00e9rateurs de r\u00e9seaux mobiles virtuels (MVNO).<\/p>\n\n\n\n<h3 class=\"wp-block-heading\" id=\"1-traditional-mobile-network-operators-in-china\">1. Principaux Op\u00e9rateurs Mobiles en Chine<\/h3>\n\n\n\n<figure class=\"wp-block-table\"><table><thead><tr><th>Entreprise<\/th><th>Propri\u00e9taire<\/th><th>Ann\u00e9e d&#8217;\u00c9tablissement<\/th><th>Abonn\u00e9s en Chine<\/th><th>Services Mobiles<\/th><th>R\u00e9seau<\/th><\/tr><\/thead><tbody><tr><td><a href=\"https:\/\/chinaesim.com\/fr\/operateurs\/china-mobile\/\" data-type=\"page\" data-id=\"9022\">China Mobile<\/a><\/td><td>Entreprise Publique<\/td><td>1997<\/td><td>975 millions<\/td><td>Fournit des services mobiles vocaux et multim\u00e9dias\t<\/td><td>Plus grand r\u00e9seau, norme TD-SCDMA 3G propre<\/td><\/tr><tr><td><a href=\"https:\/\/chinaesim.com\/fr\/operateurs\/china-unicom\/\" data-type=\"page\" data-id=\"9054\">China Unicom<\/a><\/td><td>Entreprise Publique<\/td><td>1994<\/td><td>1,001.72 millions<\/td><td>Fournit un r\u00e9seau mobile, des appels longue distance, locaux, des communications de donn\u00e9es, des services Internet et de la t\u00e9l\u00e9phonie IP<\/td><td>Deuxi\u00e8me plus grand r\u00e9seau\t<\/td><\/tr><tr><td><a href=\"https:\/\/chinaesim.com\/fr\/operateurs\/china-telecom\/\" data-type=\"page\" data-id=\"9062\">China Telecom<\/a><\/td><td>Entreprise Publique<\/td><td>1995<\/td><td>391 millions<\/td><td>Fournit des services mobiles vocaux et multim\u00e9dias\t<\/td><td>Le plus petit r\u00e9seau, utilise CDMA\t<\/td><\/tr><\/tbody><\/table><\/figure>\n\n\n\n<h3 class=\"wp-block-heading\" id=\"2-mobile-virtual-network-operators-mvno-in-china\">2. Op\u00e9rateurs de R\u00e9seaux Virtuels Mobiles (ou MVNO) en Chine<\/h3>\n\n\n\n<p>Outre les principaux op\u00e9rateurs mobiles, il existe plusieurs op\u00e9rateurs de r\u00e9seaux mobiles virtuels (MVNO) en Chine qui revendent les services r\u00e9seau des principaux op\u00e9rateurs. Ces MVNO peuvent parfois proposer des forfaits plus abordables, notamment pour les visiteurs de courte dur\u00e9e.<\/p>\n\n\n\n<p>Il existe de nombreux MVNO en Chine, certains sont actifs et d\u2019autres sont d\u00e9sormais inactifs. Le tableau ci-dessous d\u00e9crit les actifs en d\u00e9tail:<\/p>\n\n\n\n<figure class=\"wp-block-table\"><table><thead><tr><th>Entreprise<\/th><th>R\u00e9seaux<\/th><th>Services<\/th><th>Objectifs<\/th><th>Statut<\/th><\/tr><\/thead><tbody><tr><td>263 Mobile<\/td><td>China Unicom<\/td><td>postpay\u00e9<\/td><td>Affaires<\/td><td>Actif<\/td><\/tr><tr><td>Ali Telecom<\/td><td>China Mobile, China Telecom, China Unicom<\/td><td>pr\u00e9pay\u00e9<\/td><td>Pas de fioritures<\/td><td>Actif<\/td><\/tr><tr><td>HNA Mobile<\/td><td>China Telecom, China Unicom<\/td><td>pr\u00e9pay\u00e9<\/td><td>Pas de fioritures<\/td><td>Actif<\/td><\/tr><tr><td>Lenovo Connect<\/td><td>China Telecom, China Unicom<\/td><td>pr\u00e9 + postpay\u00e9\t<\/td><td>Non-niche<\/td><td>Actif<\/td><\/tr><tr><td>Mi Mobile<\/td><td>China Telecom, China Unicom<\/td><td>pr\u00e9pay\u00e9<\/td><td>Pas de fioritures<\/td><td>Actif<\/td><\/tr><tr><td>Minsheng Communications<\/td><td>China Telecom, China Unicom<\/td><td>pr\u00e9pay\u00e9<\/td><td>Pas de fioritures<\/td><td>Actif<\/td><\/tr><tr><td>Snail Mobile<\/td><td>China Telecom, China Unicom<\/td><td>pr\u00e9pay\u00e9<\/td><td>Communaut\u00e9<\/td><td>Actif<\/td><\/tr><tr><td>Suning Mobile<\/td><td>China Mobile<\/td><td>pr\u00e9pay\u00e9<\/td><td>Vente au d\u00e9tail<\/td><td>Actif<\/td><\/tr><tr><td>UYou<\/td><td>China Unicom<\/td><td>pr\u00e9 + postpay\u00e9\t<\/td><td>Pas de fioritures<\/td><td>Actif<\/td><\/tr><tr><td>Yuantel<\/td><td>China Unicom<\/td><td>pr\u00e9 + postpay\u00e9\t<\/td><td>Non-niche<\/td><td>Actif<\/td><\/tr><\/tbody><\/table><\/figure>\n\n\n\n<h2 class=\"wp-block-heading\" id=\"ii-comment-choisir-les-meilleurs-operateurs-mobiles-en-chine\">II. Comment Choisir les Meilleurs Op\u00e9rateurs Mobiles en Chine<\/h2>\n\n\n\n<figure class=\"wp-block-image size-large\"><img decoding=\"async\" width=\"1024\" height=\"683\" src=\"https:\/\/chinaesim.com\/wp-content\/uploads\/sites\/5\/2024\/04\/chinese-sim-options-cost-1024x683.jpg\" alt=\"Comment Choisir les Meilleurs Op\u00e9rateurs Mobiles en Chine\" class=\"wp-image-6186\" srcset=\"https:\/\/chinaesim.com\/wp-content\/uploads\/sites\/5\/2024\/04\/chinese-sim-options-cost-1024x683.jpg 1024w, https:\/\/chinaesim.com\/wp-content\/uploads\/sites\/5\/2024\/04\/chinese-sim-options-cost-300x200.jpg 300w, https:\/\/chinaesim.com\/wp-content\/uploads\/sites\/5\/2024\/04\/chinese-sim-options-cost-768x512.jpg 768w, https:\/\/chinaesim.com\/wp-content\/uploads\/sites\/5\/2024\/04\/chinese-sim-options-cost-570x380.jpg 570w, https:\/\/chinaesim.com\/wp-content\/uploads\/sites\/5\/2024\/04\/chinese-sim-options-cost.jpg 1200w\" sizes=\"(max-width: 1024px) 100vw, 1024px\" \/><\/figure>\n\n\n\n<p>Choisir le meilleur op\u00e9rateur mobile en Chine pour vos besoins en tant que touriste peut s&#8217;av\u00e9rer difficile, mais il y a quelques facteurs cl\u00e9s \u00e0 prendre en compte:<\/p>\n\n\n\n<h3 class=\"wp-block-heading\">Couverture et Qualit\u00e9 du R\u00e9seau<\/h3>\n\n\n\n<p>Lorsque vous voyagez en Chine, disposer d\u2019une couverture r\u00e9seau fiable est essentiel. M\u00eame si tous les principaux op\u00e9rateurs pr\u00e9tendent disposer d&#8217;une couverture \u00e9tendue, il peut y avoir des variations dans la force du signal et la qualit\u00e9 du r\u00e9seau dans certaines zones. Tenez compte de vos destinations de voyage et recherchez quel op\u00e9rateur offre la meilleure couverture dans ces r\u00e9gions.<\/p>\n\n\n\n<h3 class=\"wp-block-heading\">Forfaits de Donn\u00e9es et Tarifs<\/h3>\n\n\n\n<p>En tant que touriste, vous utiliserez probablement beaucoup de donn\u00e9es pour la navigation, les applications de traduction et pour rester connect\u00e9. Comparez les plans de donn\u00e9es et les tarifs propos\u00e9s par les diff\u00e9rents op\u00e9rateurs pour trouver l&#8217;option la plus rentable qui corresponde \u00e0 vos besoins en mati\u00e8re d&#8217;utilisation de donn\u00e9es.<\/p>\n\n\n\n<h3 class=\"wp-block-heading\">Service Client et Assistance<\/h3>\n\n\n\n<p>M\u00eame si les barri\u00e8res linguistiques peuvent constituer un probl\u00e8me, il est essentiel de prendre en compte le niveau de service client et d&#8217;assistance que chaque op\u00e9rateur propose aux voyageurs internationaux. Recherchez des op\u00e9rateurs qui proposent une assistance en anglais ou disposent de cha\u00eenes d\u00e9di\u00e9es aux touristes.<\/p>\n\n\n\n<h3 class=\"wp-block-heading\">Capacit\u00e9s d&#8217;Itin\u00e9rance<\/h3>\n\n\n\n<p>Si vous pr\u00e9voyez d&#8217;utiliser votre carte SIM existante depuis votre pays d&#8217;origine, v\u00e9rifiez quels op\u00e9rateurs mobiles Chinois ont des accords d&#8217;itin\u00e9rance avec votre op\u00e9rateur. L&#8217;itin\u00e9rance peut \u00eatre co\u00fbteuse, mais certains op\u00e9rateurs peuvent proposer des forfaits d&#8217;itin\u00e9rance plus abordables pour les visiteurs internationaux.<\/p>\n\n\n\n<h2 class=\"wp-block-heading\" id=\"iii-meilleurs-operateurs-mobiles-en-chine-comparaison-detaillee\">III. Meilleurs Op\u00e9rateurs Mobiles en Chine \u2013 Comparaison D\u00e9taill\u00e9e<\/h2>\n\n\n\n<figure class=\"wp-block-image size-large\"><img decoding=\"async\" width=\"1024\" height=\"683\" src=\"https:\/\/chinaesim.com\/wp-content\/uploads\/sites\/5\/2024\/04\/speedtest-5gperformance-china-1024x683.jpg\" alt=\"Meilleurs Op\u00e9rateurs Mobiles en Chine \u2013 Comparaison D\u00e9taill\u00e9e\" class=\"wp-image-5737\" srcset=\"https:\/\/chinaesim.com\/wp-content\/uploads\/sites\/5\/2024\/04\/speedtest-5gperformance-china-1024x683.jpg 1024w, https:\/\/chinaesim.com\/wp-content\/uploads\/sites\/5\/2024\/04\/speedtest-5gperformance-china-300x200.jpg 300w, https:\/\/chinaesim.com\/wp-content\/uploads\/sites\/5\/2024\/04\/speedtest-5gperformance-china-768x512.jpg 768w, https:\/\/chinaesim.com\/wp-content\/uploads\/sites\/5\/2024\/04\/speedtest-5gperformance-china-570x380.jpg 570w, https:\/\/chinaesim.com\/wp-content\/uploads\/sites\/5\/2024\/04\/speedtest-5gperformance-china.jpg 1200w\" sizes=\"(max-width: 1024px) 100vw, 1024px\" \/><\/figure>\n\n\n\n<p><span>Voici un aper\u00e7u complet des principaux op\u00e9rateurs mobiles chinois, bas\u00e9 sur les informations du&nbsp;<a href=\"https:\/\/www.speedtest.net\/global-index\/china\" data-type=\"link\" data-id=\"https:\/\/www.speedtest.net\/global-index\/china\" target=\"_blank\" rel=\"noopener\">Speedtest Global Index<\/a>, vous permettant de prendre une d\u00e9cision \u00e9clair\u00e9e en fonction de vos besoins sp\u00e9cifiques.<\/span><\/p>\n\n\n\n<figure class=\"wp-block-table\"><table><thead><tr><th>M\u00e9trique<\/th><th>China Mobile<\/th><th>China Unicom<\/th><th>China Telecom<\/th><\/tr><\/thead><tbody><tr><td><strong>Vitesse de T\u00e9l\u00e9chargement Mobile (Mbps)<\/strong><\/td><td>208.56<\/td><td>134.20<\/td><td>143.68<\/td><\/tr><tr><td><strong>Vitesse de Chargement Mobile (Mbps)<\/strong><\/td><td>27.51<\/td><td>35.41<\/td><td>27.51<\/td><\/tr><tr><td>Latence Mobile (ms)<\/td><td>42<\/td><td>42<\/td><td>43<\/td><\/tr><tr><td>Coh\u00e9rence Mobile (%)<\/td><td>95.7%<\/td><td>93.8%<\/td><td>93.0%<\/td><\/tr><tr><td><strong>Vitesse de T\u00e9l\u00e9chargement 5G (Mbps)<\/strong><\/td><td>283.64<\/td><td>230.41<\/td><td>221.71<\/td><\/tr><tr><td><strong>Compatibilit\u00e9 4G\/LTE<\/strong><\/td><td>Limit\u00e9 \u00e0 TDD-LTE<\/td><td>Bonne prise en charge du FDD-LTE<\/td><td>Bonne prise en charge du FDD-LTE<\/td><\/tr><tr><td>Compatibilit\u00e9 3G<\/td><td>Incompatible TD-SCDMA<\/td><td>Compatible UMTS\/HSPA+<\/td><td>CDMA\/EVDO (surtout abandonn\u00e9)<\/td><\/tr><tr><td>Compatibilit\u00e9 2G<\/td><td>Compatible GSM\/EDGE<\/td><td>Compatible GSM\/EDGE<\/td><td>CDMA BC0 (principalement voix seule)<\/td><\/tr><tr><td><strong>Couverture<\/strong><\/td><td>Meilleure couverture nationale\t<\/td><td>Couverture raisonnable<\/td><td>La plus petite couverture r\u00e9seau<\/td><\/tr><tr><td><strong>Forfait et Prix<\/strong><\/td><td>Forfaits mensuels \u00e0 partir de 88 RMB avec donn\u00e9es et minutes. \u00c9galement des forfaits de donn\u00e9es quotidiens \u00e0 partir de 18 RMB\/1 Go. Offre g\u00e9n\u00e9ralement le plus de donn\u00e9es \u00e0 des prix inf\u00e9rieurs, mais les vitesses peuvent \u00eatre plus lentes que celles des concurrents.<\/td><td>Forfaits mensuels \u00e0 partir de 58 RMB avec donn\u00e9es uniquement ou group\u00e9s avec minutes. Offre g\u00e9n\u00e9ralement des vitesses plus rapides sur les r\u00e9seaux internationaux compatibles mais \u00e0 des prix l\u00e9g\u00e8rement plus \u00e9lev\u00e9s que China Mobile. Connu pour des probl\u00e8mes occasionnels de surcharge de donn\u00e9es.<\/td><td>Forfaits mensuels \u00e0 partir de 29 RMB avec un accent sur les forfaits group\u00e9s comprenant les services fixes. Les forfaits sont moins chers mais le r\u00e9seau est limit\u00e9 aux grandes villes en raison de probl\u00e8mes d&#8217;incompatibilit\u00e9 CDMA.<\/td><\/tr><tr><td><strong>Conditions d&#8217;Enregistrement<\/strong><\/td><td>Enregistrement du nom r\u00e9el et scan du visage requis<\/td><td>Enregistrement du nom r\u00e9el et scan du visage requis<\/td><td>Enregistrement du nom r\u00e9el et scan du visage requis<\/td><\/tr><tr><td><strong>Contournement de la Censure<\/strong><\/td><td>N\u00e9cessite un VPN, soumis \u00e0 des blocages<\/td><td>N\u00e9cessite un VPN, soumis \u00e0 des blocages<\/td><td>N\u00e9cessite un VPN, soumis \u00e0 des blocages<\/td><\/tr><\/tbody><\/table><\/figure>\n\n\n\n<p><strong>Recommandations:<\/strong><\/p>\n\n\n\n<ul>\n<li><strong>Pour une couverture \u00e9tendue et les besoins de base<\/strong>: China Mobile<\/li>\n\n\n\n<li><strong>Pour des vitesses plus rapides et une compatibilit\u00e9 avec les t\u00e9l\u00e9phones internationaux<\/strong>: China Unicom ou China Telecom<\/li>\n<\/ul>\n\n\n\n<h2 class=\"wp-block-heading\" id=\"iv-ou-acheter-une-carte-sim-aupres-des-operateurs-mobiles-en-chine\">IV. O\u00f9 Acheter une Carte SIM Aupr\u00e8s des Op\u00e9rateurs Mobiles en Chine ?<\/h2>\n\n\n\n<p>L&#8217;un des moyens les plus pratiques d&#8217;acheter une carte SIM aupr\u00e8s des op\u00e9rateurs de t\u00e9l\u00e9phonie mobile Chinois est de se rendre dans leurs magasins respectifs ou chez leurs revendeurs agr\u00e9\u00e9s situ\u00e9s dans les principaux a\u00e9roports, gares et zones touristiques. Nombre de ces points de vente disposent de guichets ou de kiosques sp\u00e9cialement destin\u00e9s aux voyageurs internationaux, o\u00f9 vous pourrez obtenir une assistance en Anglais et acheter des cartes SIM pr\u00e9pay\u00e9es avec des forfaits de donn\u00e9es.<\/p>\n\n\n\n<p>En outre, certains op\u00e9rateurs de t\u00e9l\u00e9phonie mobile offrent la possibilit\u00e9 d&#8217;acheter des cartes SIM en ligne ou par l&#8217;interm\u00e9diaire de d\u00e9taillants tiers. Cependant, il est essentiel de s&#8217;assurer que vous achetez aupr\u00e8s d&#8217;un vendeur autoris\u00e9 pour \u00e9viter les cartes SIM contrefaites ou frauduleuses.<\/p>\n\n\n<div class=\"lazyblock-ggg-custom-block-ZfT2yX wp-block-lazyblock-ggg-custom-block\"><div class=\"ggg-custom-shortcode gigago-block-yellow\">\n    <div class=\"ggg-shortcode-content\">\n        <p><strong>Vous \u00eates peut-\u00eatre int\u00e9ress\u00e9 par:<\/strong><\/p>\n<ul>\n<li><a href=\"https:\/\/chinaesim.com\/fr\/carte-sim-aeroports\/\">O\u00f9 acheter des Cartes SIM Locales dans les Principaux A\u00e9roports de Chine<\/a><\/li>\n<li><a href=\"https:\/\/chinaesim.com\/fr\/carte-sim\/\">Cartes SIM en Chine: Prix Actualis\u00e9s et O\u00f9 Acheter<\/a><\/li>\n<\/ul>    <\/div>\n<\/div><\/div>\n\n\n<h2 class=\"wp-block-heading\" id=\"v-les-operateurs-mobiles-en-chine-proposent-ils-le-sim\">V. Les Op\u00e9rateurs Mobiles en Chine Proposent-ils l&#8217;eSIM?<\/h2>\n\n\n\n<p>La technologie eSIM, qui permet aux utilisateurs d&#8217;activer instantan\u00e9ment un forfait de donn\u00e9es mobiles sans avoir besoin d&#8217;une carte SIM physique, est de plus en plus populaire parmi les voyageurs. M\u00eame si les op\u00e9rateurs mobiles Chinois ont mis du temps \u00e0 adopter la technologie eSIM, certains progr\u00e8s ont \u00e9t\u00e9 r\u00e9alis\u00e9s ces derni\u00e8res ann\u00e9es.<\/p>\n\n\n\n<p><span>China Mobile et China Unicom ont commenc\u00e9 \u00e0 proposer des services eSIM, ciblant principalement les clients et les entreprises locaux. Cependant,&nbsp;<\/span><strong><span>leurs offres eSIM pour les voyageurs internationaux sont encore limit\u00e9es<\/span><\/strong><span>&nbsp;et peuvent ne pas \u00eatre largement disponibles ou facilement accessibles.<\/span><\/p>\n\n\n\n<p><span>Alternativement, les fournisseurs eSIM internationaux comme&nbsp;<\/span><strong><span>chinaesim.com<\/span><\/strong><span> proposent des forfaits de donn\u00e9es eSIM comp\u00e9titifs pour la Chine continentale et ses r\u00e9gions, garantissant une connectivit\u00e9 ininterrompue sur des plateformes comme Facebook, Google SANS VPN. Cela permet aux touristes de b\u00e9n\u00e9ficier d\u2019une connectivit\u00e9 Internet stable tout au long de leur voyage en Chine et dans les pays voisins.<\/span><\/p>\n\n\n<div class=\"lazyblock-cta01-highlight-mXnfJ wp-block-lazyblock-cta01-highlight\">\n<div class=\"cta01-highlight mb-6\">\n    <div class=\"cta01-content\">\n        <p>Passez \u00e0 <strong>Chinaesim<\/strong> - Installation facile, connectivit\u00e9 illimit\u00e9e en Chine<\/p>    <\/div>\n    <div class=\"cta01-button\">\n        <a href=\"https:\/\/chinaesim.com\/fr\/\">\n            Achetez!        <\/a>\n    <\/div>\n<\/div><\/div>\n\n\n<h2 class=\"wp-block-heading\" id=\"vi-faq-sur-les-operateurs-mobiles-en-chine\">VI. FAQ sur les Op\u00e9rateurs Mobiles en Chine<\/h2>\n\n\n<div id=\"rank-math-faq\" class=\"rank-math-block\">\n<div class=\"rank-math-list \">\n<div id=\"faq-question-1713868198920\" class=\"rank-math-list-item\">\n<h3 class=\"rank-math-question \">Quels r\u00e9seaux et fr\u00e9quences les op\u00e9rateurs mobiles en Chine utilisent-ils?<\/h3>\n<div class=\"rank-math-answer \">\n\n<p><span>China Mobile utilise TD-SCDMA pour la 3G et TDD-LTE pour la 4G. Utilise d\u00e9sormais \u00e9galement les bandes FDD-LTE 3 et 8 dans les grandes villes.<\/span><br \/>\n<span>China Unicom utilise WCDMA pour la 3G sur la bande 1 et FDD-LTE sur les bandes 1, 3 et 41 pour la 4G.<\/span><br \/>\n<span>China Telecom utilise CDMA2000 pour la voix et EVDO pour la 3G\/4G. Extension du FDD-LTE sur les bandes 1, 3 et 5.<\/span><\/p>\n\n<\/div>\n<\/div>\n<div id=\"faq-question-1713868273569\" class=\"rank-math-list-item\">\n<h3 class=\"rank-math-question \">Comment acheter une carte SIM aupr\u00e8s de chaque op\u00e9rateur?<\/h3>\n<div class=\"rank-math-answer \">\n\n<p>Vous devez visiter un magasin officiel avec votre passeport. Les cartes SIM peuvent \u00eatre achet\u00e9es dans les magasins China Mobile, China Unicom et China Telecom. Fournissez une adresse d\u2019h\u00f4tel pour l\u2019inscription. Une recharge initiale d&#8217;au moins 30-50 RMB est requise pour l&#8217;activation.<\/p>\n\n<\/div>\n<\/div>\n<div id=\"faq-question-1713868284339\" class=\"rank-math-list-item\">\n<h3 class=\"rank-math-question \">Quelles options de forfait de donn\u00e9es sont disponibles?<\/h3>\n<div class=\"rank-math-answer \">\n\n<p>Les op\u00e9rateurs proposent des forfaits mensuels avec des allocations de donn\u00e9es d\u00e9finies et des forfaits illimit\u00e9s avec des politiques d&#8217;utilisation \u00e9quitable. Des packs de donn\u00e9es compl\u00e9mentaires pour la recharge sont \u00e9galement disponibles. China Mobile propose comme alternative des forfaits de donn\u00e9es quotidiens\/hebdomadaires valables pendant 1-7 jours.<\/p>\n\n<\/div>\n<\/div>\n<div id=\"faq-question-1713868293004\" class=\"rank-math-list-item\">\n<h3 class=\"rank-math-question \">Comment recharger le solde de mon compte?<\/h3>\n<div class=\"rank-math-answer \">\n\n<p>Vous pouvez recharger via WeChat Pay en ajoutant votre carte de cr\u00e9dit\/d\u00e9bit \u00e9trang\u00e8re. Vous pouvez \u00e9galement acheter des cartes \u00e0 gratter dans les d\u00e9panneurs pour recharger vos soldes en ligne ou dans les magasins des op\u00e9rateurs.<\/p>\n\n<\/div>\n<\/div>\n<div id=\"faq-question-1713868305684\" class=\"rank-math-list-item\">\n<h3 class=\"rank-math-question \">Dois-je annuler ma carte SIM avant de quitter la Chine?<\/h3>\n<div class=\"rank-math-answer \">\n\n<p>It is recommended to formally cancel your account in-person at a carrier store before leaving to avoid any blacklisting which could prevent signing up in the future. Account termination requires the original ID used for registration.<\/p>\n\n<\/div>\n<\/div>\n<div id=\"faq-question-1728557066099\" class=\"rank-math-list-item\">\n<h3 class=\"rank-math-question \">Quels op\u00e9rateurs t\u00e9l\u00e9phoniques sont recommand\u00e9s pour les tourists?<\/h3>\n<div class=\"rank-math-answer \">\n\n<p>Le principal op\u00e9rateur recommand\u00e9 pour les touristes en Chine est China Mobile. Il dispose du meilleur r\u00e9seau 4G sur l&#8217;ensemble du territoire. Cela permet de rester connect\u00e9 facilement pendant son s\u00e9jour.<\/p>\n\n<\/div>\n<\/div>\n<\/div>\n<\/div>\n\n\n<h2 class=\"wp-block-heading\" id=\"conclusion\">Conclusion<\/h2>\n\n\n\n<p>China Telecom, Unicom et Mobile sont les 3 principaux op\u00e9rateurs mobiles en Chine offrant la meilleure vitesse et la meilleure couverture. Ainsi, lorsque vous achetez une carte SIM\/eSIM aupr\u00e8s d\u2019une entreprise plut\u00f4t que de ces op\u00e9rateurs eux-m\u00eames, gardez \u00e0 l\u2019esprit que vous utiliserez probablement le r\u00e9seau de l\u2019un de ces trois.<\/p>\n\n\n\n<p>Vous devez v\u00e9rifier si votre t\u00e9l\u00e9phone a des fr\u00e9quences similaires \u00e0 celles utilis\u00e9es par ces soci\u00e9t\u00e9s.<\/p>\n\n\n\n<p><span>La plupart des touristes et voyageurs en Chine utilisent&nbsp;<\/span><strong><span>China Unicom<\/span><\/strong><span>, qui fonctionne sans probl\u00e8me avec les smartphones courants et couvre environ 90% du territoire du pays avec une connexion relativement bonne.<\/span><\/p>\n\n\n\n<p><i class=\"icon frame-33\" aria-hidden=\"true\"> <\/i>D\u00e9couvrez <a href=\"https:\/\/chinaesim.com\/fr\/\" data-type=\"page\" data-id=\"8191\">chinaesim.com<\/a> pour plus d&#8217;informations utiles sur les meilleurs plans eSIM en Chine.<\/p>\n","protected":false},"excerpt":{"rendered":"<p>Lorsqu&#8217;il s&#8217;agit de voyager en Chine, disposer d&#8217;une connexion mobile fiable et abordable est essentiel pour rester connect\u00e9, acc\u00e9der aux cartes et tirer le meilleur parti de votre voyage. Avec plusieurs op\u00e9rateurs de t\u00e9l\u00e9phonie mobile parmi lesquels choisir, il peut \u00eatre difficile de d\u00e9cider lequel correspond le mieux \u00e0 vos besoins en tant que touriste. [&#8230;]\n","protected":false},"author":5,"featured_media":8440,"parent":0,"menu_order":0,"comment_status":"closed","ping_status":"closed","template":"page-right-sidebar.php","meta":{"_acf_changed":false,"inline_featured_image":false,"footnotes":""},"acf":[],"jetpack_sharing_enabled":true,"_links":{"self":[{"href":"https:\/\/chinaesim.com\/fr\/wp-json\/wp\/v2\/pages\/8427"}],"collection":[{"href":"https:\/\/chinaesim.com\/fr\/wp-json\/wp\/v2\/pages"}],"about":[{"href":"https:\/\/chinaesim.com\/fr\/wp-json\/wp\/v2\/types\/page"}],"author":[{"embeddable":true,"href":"https:\/\/chinaesim.com\/fr\/wp-json\/wp\/v2\/users\/5"}],"replies":[{"embeddable":true,"href":"https:\/\/chinaesim.com\/fr\/wp-json\/wp\/v2\/comments?post=8427"}],"version-history":[{"count":0,"href":"https:\/\/chinaesim.com\/fr\/wp-json\/wp\/v2\/pages\/8427\/revisions"}],"wp:featuredmedia":[{"embeddable":true,"href":"https:\/\/chinaesim.com\/fr\/wp-json\/wp\/v2\/media\/8440"}],"wp:attachment":[{"href":"https:\/\/chinaesim.com\/fr\/wp-json\/wp\/v2\/media?parent=8427"}],"curies":[{"name":"wp","href":"https:\/\/api.w.org\/{rel}","templated":true}]}}