{"id":8370,"date":"2023-02-23T14:58:44","date_gmt":"2023-02-23T07:58:44","guid":{"rendered":"https:\/\/chinaesim.com\/politique-de-confidentialite\/"},"modified":"2024-06-19T09:21:22","modified_gmt":"2024-06-19T02:21:22","slug":"politique-confidentialite","status":"publish","type":"page","link":"https:\/\/chinaesim.com\/fr\/politique-confidentialite\/","title":{"rendered":"Politique de Confidentialit\u00e9"},"content":{"rendered":"\n<p>Cette Politique de Confidentialit\u00e9 a \u00e9t\u00e9 d\u00e9velopp\u00e9e par l&#8217;\u00e9quipe de <a href=\"https:\/\/chinaesim.com\/fr\/\" data-type=\"page\" data-id=\"8191\">Chinaesim.com<\/a> pour vous aider \u00e0 comprendre comment nous collectons, utilisons, communiquons, divulguons et faisons usage des informations personnelles de nos clients. En commandant une eSIM aupr\u00e8s de Chinaesim.com, vous acceptez les informations suivantes de notre politique de confidentialit\u00e9.<\/p>\n\n\n\n<h2 class=\"wp-block-heading\">1. Informations recueillies<\/h2>\n\n\n\n<p>Nous prenons toutes les mesures n\u00e9cessaires pour nous assurer que les informations que vous nous fournissez sont enregistr\u00e9es de mani\u00e8re pr\u00e9cise et compl\u00e8te. Nous vous aidons \u00e0 modifier ou \u00e0 corriger les informations que vous nous communiquez, le cas \u00e9ch\u00e9ant. <\/p>\n\n\n\n<h3 class=\"wp-block-heading\"><i>1.1 Informations personnelles que nous collectons<\/i><\/h3>\n\n\n\n<p>Nous utilisons les informations personnelles \u00e0 diverses fins commerciales, notamment pour r\u00e9pondre \u00e0 vos demandes de services ou d\u2019assistance; pour effectuer des transactions et fabriquer des services ou des produits; pour pr\u00e9dire et r\u00e9soudre les probl\u00e8mes r\u00e9els et potentiels li\u00e9s \u00e0 nos services et produits; cr\u00e9er et am\u00e9liorer la qualit\u00e9 de nos services et produits; sugg\u00e9rer des services et produits suppl\u00e9mentaires ou diff\u00e9rents; prendre des d\u00e9cisions commerciales internes concernant les offres actuelles et futures; fournir un service personnalis\u00e9 ainsi que des exp\u00e9riences utilisateur; prot\u00e9ger notre propri\u00e9t\u00e9 et nos droits; et vous contacter au sujet d\u2019autres produits\/services fournis par Chinaesim.com.<\/p>\n\n\n\n<p>Toute information que vous nous fournissez est totalement confidentielle et sera prot\u00e9g\u00e9e contre toute utilisation non autoris\u00e9e. Elles ne seront jamais divulgu\u00e9es \u00e0 des tiers sans votre autorisation.<\/p>\n\n\n\n<h3 class=\"wp-block-heading\">1.2 Informations non personnellement identifiables recueillies<\/h3>\n\n\n\n<p>Nous recueillons et stockons dans nos journaux de serveur des informations non personnellement identifiables, notamment l&#8217;adresse IP, le type de navigateur, le syst\u00e8me d&#8217;exploitation, l&#8217;heure et la date des visites, les pages visit\u00e9es, le temps pass\u00e9 sur le site et les visites r\u00e9p\u00e9t\u00e9es sur le site web. <\/p>\n\n\n\n<p>En outre, nous pouvons tirer parti de Google Analytics qui enregistre des donn\u00e9es non personnellement identifiables telles que le type de navigateur, l&#8217;heure et la date d&#8217;une visite, le syst\u00e8me d&#8217;exploitation, la source des visiteurs, les pages visit\u00e9es sur le site web, le temps pass\u00e9 sur le site, la destination des visiteurs lorsqu&#8217;ils quittent le site et les visites r\u00e9p\u00e9t\u00e9es sur le site web.<\/p>\n\n\n\n<p>Ces donn\u00e9es non personnellement identifiables sont collect\u00e9es dans le but de mieux comprendre comment nos visiteurs utilisent le site, et d&#8217;aider \u00e0 g\u00e9rer, maintenir, am\u00e9liorer et rendre compte de l&#8217;utilisation de notre site.<\/p>\n\n\n\n<p>Ce type de donn\u00e9es peut \u00eatre partag\u00e9 avec des tiers dans le but limit\u00e9 de rendre compte de l&#8217;utilisation de notre site ou de se conformer \u00e0 la l\u00e9gislation applicable.<\/p>\n\n\n\n<p>Nous nous engageons \u00e0 ne pas louer, vendre ou partager les donn\u00e9es non personnelles collect\u00e9es sur ce site avec des tiers, y compris Google, \u00e0 des fins de marketing telles que le remarketing.<\/p>\n\n\n\n<h3 class=\"wp-block-heading\">1.3 Op\u00e9rations financi\u00e8res<\/h3>\n\n\n\n<p>Les transactions par carte de cr\u00e9dit sont trait\u00e9es par l\u2019une des soci\u00e9t\u00e9s prestigieuses tierces de traitement des cartes de cr\u00e9dit. Les informations vous appartenant sont crypt\u00e9es et ne sont utilis\u00e9es que pour r\u00e9aliser les transactions appropri\u00e9es. Notre base de donn\u00e9es stocke uniquement les 4 derniers chiffres de votre carte de cr\u00e9dit pour vous aider \u00e0 compl\u00e9ter le processus de v\u00e9rification et d\u2019approbation.<\/p>\n\n\n\n<h3 class=\"wp-block-heading\">1.4 Cookies<\/h3>\n\n\n\n<p>Chinaesim.com utilise des cookies pour d\u00e9finir, reconna\u00eetre nos clients lorsqu&#8217;ils visitent notre site web. Cela nous permet de personnaliser leur exp\u00e9rience sur notre site. Il se peut que vous deviez activer les cookies ou les activer sur votre navigateur pour vous enregistrer. <\/p>\n\n\n\n<p>Si vous choisissez de d\u00e9sactiver les cookies, vous pouvez toujours naviguer sur le site Web. Les cookies ne stockent aucune information personnelle. Toutes les informations sont totalement confidentielles et ne sont jamais vendues ou vues en dehors de l\u2019entreprise.<\/p>\n\n\n\n<h3 class=\"wp-block-heading\">1.5 Syst\u00e8me d\u2019information<\/h3>\n\n\n\n<p>Nous avons le droit de collecter et de stocker des informations telles que l\u2019adresse IP, le type de syst\u00e8me d\u2019exploitation ou le type de navigateur. Toutes les informations sont confidentielles et seront utilis\u00e9es uniquement \u00e0 des fins d\u2019administration du syst\u00e8me. Ces informations permettent de diagnostiquer les probl\u00e8mes, de contr\u00f4ler l\u2019utilisation et le trafic du site.<\/p>\n\n\n\n<h3 class=\"wp-block-heading\">1.6 E-mail<\/h3>\n\n\n\n<p>Chinaesim.com utilise l&#8217;email pour envoyer des notifications \u00e0 nos clients et membres concernant le code QR eSIM et le guide d&#8217;installation et d&#8217;activation ou les fonctionnalit\u00e9s ajout\u00e9es. La liste des emails est confidentielle et n&#8217;est jamais vendue ou donn\u00e9e \u00e0 un tiers.<\/p>\n\n\n\n<h2 class=\"wp-block-heading\">2. Autres conditions g\u00e9n\u00e9rales<\/h2>\n\n\n\n<p>Cette d\u00e9claration de politique ne change ni ne modifie aucun accord entre Chinaesim.com et vous. Si vous vous abonnez ou utilisez nos produits et services, nos conditions g\u00e9n\u00e9rales et certains autres termes peuvent s&#8217;appliquer \u00e0 votre achat, votre utilisation et votre abonnement, le cas \u00e9ch\u00e9ant. Si cette politique est en conflit avec une partie de ces termes et accords, ces termes et accords pr\u00e9valent dans la mesure de l&#8217;incoh\u00e9rence. <\/p>\n\n\n\n<h2 class=\"wp-block-heading\">3. Modifications de cette politique de confidentialit\u00e9<\/h2>\n\n\n\n<p>Nous pouvons mettre \u00e0 jour automatiquement cette politique de confidentialit\u00e9 si nous modifions mat\u00e9riellement nos pratiques ou si des changements juridiques ou r\u00e9glementaires l&#8217;exigent. S&#8217;il s&#8217;av\u00e8re que nous utilisons ou divulguons les informations personnelles d&#8217;une mani\u00e8re mat\u00e9riellement diff\u00e9rente de celle mentionn\u00e9e dans la pr\u00e9sente politique au moment o\u00f9 les informations personnelles ont \u00e9t\u00e9 collect\u00e9es, nous vous en informerons soit en envoyant un avis \u00e0 l&#8217;adresse \u00e9lectronique que vous nous avez fournie, soit en pla\u00e7ant un avis bien visible sur nos sites web. Nous vous conseillons de consulter r\u00e9guli\u00e8rement la pr\u00e9sente politique pour obtenir les informations les plus r\u00e9centes.<\/p>\n\n\n\n<h2 class=\"wp-block-heading\">4. Clause de non-responsabilit\u00e9<\/h2>\n\n\n\n<p>Les communications et les transactions sur l&#8217;internet sont soumises \u00e0 des risques de s\u00e9curit\u00e9 diff\u00e9rents. Nous ne pouvons en aucun cas \u00eatre tenus responsables de pertes ou de dommages quelconques, directs ou indirects, cons\u00e9cutifs ou accessoires, sp\u00e9ciaux ou punitifs, r\u00e9sultant de ou li\u00e9s \u00e0 l&#8217;utilisation non autoris\u00e9e, la modification, l&#8217;exposition ou la suppression de toute information, confidentielle ou non, \u00e0 la suite d&#8217;une intrusion non autoris\u00e9e dans le syst\u00e8me ou de toute autre fuite d&#8217;informations de s\u00e9curit\u00e9 ou d&#8217;une d\u00e9faillance du syst\u00e8me. <\/p>\n\n\n\n<p>Chinaesim.com d\u00e9cline par la pr\u00e9sente toutes les garanties concernant le mat\u00e9riel et les logiciels utilis\u00e9s pour assurer la s\u00e9curit\u00e9 et soutenir ce site, y compris toutes les garanties implicites, l&#8217;ad\u00e9quation \u00e0 un usage particulier et les dommages accessoires, sp\u00e9ciaux, directs ou cons\u00e9cutifs. <\/p>\n\n\n\n<p>En cons\u00e9quence, les dirigeants et employ\u00e9s de Chinaesim.com, ses affili\u00e9s, partenaires, filiales, successeurs et ayants droit et ses agents tiers ne peuvent, directement ou indirectement, \u00eatre tenus responsables de quelque mani\u00e8re que ce soit envers vous ou toute autre personne en cas de mauvaise utilisation, d&#8217;inexactitudes, d&#8217;erreurs, d&#8217;interceptions par des tiers, d&#8217;attaques de pirates informatiques, de virus entra\u00eenant une perte de donn\u00e9es ou de services, sans se limiter aux erreurs ou aux interruptions dans la livraison ou la transmission des services.<\/p>\n\n\n\n<p>Chinaesim.com contient certains liens vers d&#8217;autres sites web. Ces liens sont fournis \u00e0 titre d&#8217;information uniquement et pour aider \u00e0 localiser d&#8217;autres ressources Internet. Nous ne sommes donc pas responsables des pratiques en mati\u00e8re de confidentialit\u00e9 ou du contenu de ces sites web.<\/p>\n\n\n\n<h2 class=\"wp-block-heading\">5. R\u00e9sum\u00e9<\/h2>\n\n\n\n<p>En acc\u00e9dant au site et en utilisant ses produits et services, vous acceptez inconditionnellement les d\u00e9clarations mentionn\u00e9es dans cette politique de confidentialit\u00e9 et nos conditions g\u00e9n\u00e9rales. Vous acceptez et respectez les conditions r\u00e9gissant l&#8217;utilisation de ce site web et de ses produits et services et qui r\u00e9gissent \u00e9galement toutes les informations fournies par vous et d&#8217;autres personnes sur Chinaesim.com. Si vous n&#8217;\u00eates pas d&#8217;accord avec l&#8217;un ou l&#8217;ensemble des termes de cette politique, veuillez ne pas utiliser le site. <\/p>\n\n\n\n<p>Chinaesim.com se r\u00e9serve le droit d&#8217;ajuster cette d\u00e9claration \u00e0 tout moment et sans pr\u00e9avis, c&#8217;est pourquoi nous encourageons nos utilisateurs ou clients \u00e0 lire cette politique avant d&#8217;acc\u00e9der \u00e0 d&#8217;autres pages du site.<\/p>\n\n\n\n<p>Pour toute question relative \u00e0 la pr\u00e9sente politique de confidentialit\u00e9, veuillez nous contacter \u00e0 l&#8217;adresse suivante: <a href=\"mailto:cn@gigago.com\">cn@gigago.com<\/a>.<\/p>\n","protected":false},"excerpt":{"rendered":"<p>Cette Politique de Confidentialit\u00e9 a \u00e9t\u00e9 d\u00e9velopp\u00e9e par l&#8217;\u00e9quipe de Chinaesim.com pour vous aider \u00e0 comprendre comment nous collectons, utilisons, communiquons, divulguons et faisons usage des informations personnelles de nos clients. En commandant une eSIM aupr\u00e8s de Chinaesim.com, vous acceptez les informations suivantes de notre politique de confidentialit\u00e9. 1. Informations recueillies Nous prenons toutes les [&#8230;]\n","protected":false},"author":8,"featured_media":7800,"parent":0,"menu_order":0,"comment_status":"closed","ping_status":"closed","template":"","meta":{"_acf_changed":false,"inline_featured_image":false,"footnotes":""},"acf":[],"jetpack_sharing_enabled":true,"_links":{"self":[{"href":"https:\/\/chinaesim.com\/fr\/wp-json\/wp\/v2\/pages\/8370"}],"collection":[{"href":"https:\/\/chinaesim.com\/fr\/wp-json\/wp\/v2\/pages"}],"about":[{"href":"https:\/\/chinaesim.com\/fr\/wp-json\/wp\/v2\/types\/page"}],"author":[{"embeddable":true,"href":"https:\/\/chinaesim.com\/fr\/wp-json\/wp\/v2\/users\/8"}],"replies":[{"embeddable":true,"href":"https:\/\/chinaesim.com\/fr\/wp-json\/wp\/v2\/comments?post=8370"}],"version-history":[{"count":0,"href":"https:\/\/chinaesim.com\/fr\/wp-json\/wp\/v2\/pages\/8370\/revisions"}],"wp:featuredmedia":[{"embeddable":true,"href":"https:\/\/chinaesim.com\/fr\/wp-json\/wp\/v2\/media\/7800"}],"wp:attachment":[{"href":"https:\/\/chinaesim.com\/fr\/wp-json\/wp\/v2\/media?parent=8370"}],"curies":[{"name":"wp","href":"https:\/\/api.w.org\/{rel}","templated":true}]}}