{"id":8327,"date":"2023-02-23T11:11:37","date_gmt":"2023-02-23T04:11:37","guid":{"rendered":"https:\/\/chinaesim.com\/termes-et-conditions\/"},"modified":"2024-06-28T10:15:55","modified_gmt":"2024-06-28T03:15:55","slug":"terms-conditions","status":"publish","type":"page","link":"https:\/\/chinaesim.com\/fr\/terms-conditions\/","title":{"rendered":"Termes et Conditions"},"content":{"rendered":"\n<p>Ces Termes &amp; Conditions d\u00e9finissent les conditions dans lesquelles eSIM Chine est propos\u00e9e aux clients. En achetant une eSIM sur Chinaesim.com par Gigago, vous acceptez que ces Termes &amp; Conditions forment un contrat entre vous &#8211; notre client et Chinaesim (ci-apr\u00e8s d\u00e9nomm\u00e9 &#8220;Nous&#8221;, &#8220;notre&#8221;, ou &#8221; Soci\u00e9t\u00e9 &#8220;).<\/p>\n\n\n\n<p>AVANT DE CLIQUER SUR LE BOUTON \u201cCOMMANDER\u201d ou \u201cPayPal\u201d, VEUILLEZ LIRE ATTENTIVEMENT LES TERMES ET CONDITIONS CI-DESSOUS.\r\n\r\n<\/p>\n\n\n\n<h2 class=\"wp-block-heading\">1. Qualit\u00e9 du service<\/h2>\n\n\n\n<p>Chinaesim.com fournit des profils eSIM Chine et des profils de voyage r\u00e9gionaux (la &#8220;eSIM&#8221;) aux voyageurs qui pr\u00e9voient de visiter la Chine et d&#8217;autres pays et qui souhaitent rester connect\u00e9s sur place.<\/p>\n\n\n\n<p>L&#8217;eSIM est fournie sous la forme d&#8217;un code QR, et non d&#8217;une carte SIM physique, et elle fonctionne uniquement sur les appareils mobiles compatibles avec l&#8217;eSIM qui ont \u00e9t\u00e9 clairement r\u00e9pertori\u00e9s ici.<\/p>\n\n\n\n<p>Le code QR eSIM est envoy\u00e9 par e-mail imm\u00e9diatement apr\u00e8s le paiement. Par cons\u00e9quent, vous n\u2019encouragez aucun frais d\u2019exp\u00e9dition et aucun temps de transit.\r\n\r\n<\/p>\n\n\n\n<h2 class=\"wp-block-heading\">2. Tarifs<\/h2>\n\n\n\n<p>Nous proposons un certain nombre de plans de donn\u00e9es mobiles Chine (locaux et r\u00e9gionaux) sous forme d&#8217;eSIM.<\/p>\n\n\n\n<p>Les tarifs des produits et services propos\u00e9s sur notre site web peuvent \u00eatre modifi\u00e9s de temps \u00e0 autre.<\/p>\n\n\n\n<p>Nos forfaits vous permettent d\u2019utiliser une certaine quantit\u00e9 de donn\u00e9es dans un certain laps de temps. De plus, certains de nos forfaits sont accompagn\u00e9s de num\u00e9ros de t\u00e9l\u00e9phone locaux qui peuvent \u00eatre utilis\u00e9s pour recevoir ou passer des appels vocaux et des SMS, suivis des conditions accompagnant chaque forfait. Cela signifie que vous ne serez jamais factur\u00e9 de frais suppl\u00e9mentaires pour les donn\u00e9es.<\/p>\n\n\n\n<h2 class=\"wp-block-heading\">3. Paiement<\/h2>\n\n\n\n<p>Nous acceptons les paiements Paypal et ne serons pas responsables des frais bancaires (le cas \u00e9ch\u00e9ant) d\u00e9coulant de votre paiement pour nos produits.<\/p>\n\n\n\n<p>En cas de contestation de la facture, le client doit adresser \u00e0 Chinaesim.com, au plus tard 7 jours avant la date d&#8217;\u00e9ch\u00e9ance du paiement de la facture contest\u00e9e, une d\u00e9claration \u00e9crite \u00e9num\u00e9rant tous les \u00e9l\u00e9ments contest\u00e9s et fournissant une description raisonnablement d\u00e9taill\u00e9e de chacun d&#8217;entre eux.<\/p>\n\n\n\n<p>Le montant non contest\u00e9 ou confirm\u00e9 par un jugement d\u00e9finitif du tribunal sera r\u00e9put\u00e9 accept\u00e9 et pay\u00e9, nonobstant toute contestation sur d\u2019autres \u00e9l\u00e9ments, dans un d\u00e9lai de 7 jours. Nous cherchons \u00e0 r\u00e9soudre tous les diff\u00e9rends rapidement et de bonne foi.<\/p>\n\n\n\n<h2 class=\"wp-block-heading\">4. Annulation<\/h2>\n\n\n\n<p>Si vous devez annuler le paiement de votre commande, vous pouvez le faire sans p\u00e9nalit\u00e9 avant que votre code QR eSIM n\u2019ait \u00e9t\u00e9 envoy\u00e9 \u00e0 votre adresse e-mail. Une fois votre code QR eSIM livr\u00e9, vous ne pouvez pas annuler votre paiement ou ne pouvez \u00eatre rembours\u00e9 qu\u2019en cas d\u2019erreur li\u00e9e \u00e0 notre eSIM, qui a \u00e9t\u00e9 communiqu\u00e9e mais ne peut pas \u00eatre corrig\u00e9e par notre \u00c9quipe d\u2019Assistance.<\/p>\n\n\n\n<p>\u25ba Pour en savoir plus, consultez notre page principale\u00a0<a href=\"https:\/\/chinaesim.com\/fr\/annulation-remboursement\/\" data-type=\"page\" data-id=\"8367\">Annulation et Remboursement<\/a>.<\/p>\n\n\n\n<h2 class=\"wp-block-heading\">5. Politique d\u2019utilisation \u00e9quitable de la communication des donn\u00e9es<\/h2>\n\n\n\n<p>Lorsque le fournisseur de r\u00e9seau local dans le pays o\u00f9 vous s\u00e9journez pendant votre voyage identifie un volume massif de donn\u00e9es, le volume de communication pour la ligne utilis\u00e9e peut \u00eatre limit\u00e9 sans pr\u00e9avis afin de maintenir la qualit\u00e9 du r\u00e9seau et l&#8217;utilisation \u00e9quitable des ondes radio. De ce fait, la connexion internet peut \u00eatre instable, perdue ou la vitesse r\u00e9duite.<\/p>\n","protected":false},"excerpt":{"rendered":"<p>Ces Termes &amp; Conditions d\u00e9finissent les conditions dans lesquelles eSIM Chine est propos\u00e9e aux clients. En achetant une eSIM sur Chinaesim.com par Gigago, vous acceptez que ces Termes &amp; Conditions forment un contrat entre vous &#8211; notre client et Chinaesim (ci-apr\u00e8s d\u00e9nomm\u00e9 &#8220;Nous&#8221;, &#8220;notre&#8221;, ou &#8221; Soci\u00e9t\u00e9 &#8220;). AVANT DE CLIQUER SUR LE BOUTON \u201cCOMMANDER\u201d [&#8230;]\n","protected":false},"author":8,"featured_media":7802,"parent":0,"menu_order":0,"comment_status":"closed","ping_status":"closed","template":"","meta":{"_acf_changed":false,"inline_featured_image":false,"footnotes":""},"acf":[],"jetpack_sharing_enabled":true,"_links":{"self":[{"href":"https:\/\/chinaesim.com\/fr\/wp-json\/wp\/v2\/pages\/8327"}],"collection":[{"href":"https:\/\/chinaesim.com\/fr\/wp-json\/wp\/v2\/pages"}],"about":[{"href":"https:\/\/chinaesim.com\/fr\/wp-json\/wp\/v2\/types\/page"}],"author":[{"embeddable":true,"href":"https:\/\/chinaesim.com\/fr\/wp-json\/wp\/v2\/users\/8"}],"replies":[{"embeddable":true,"href":"https:\/\/chinaesim.com\/fr\/wp-json\/wp\/v2\/comments?post=8327"}],"version-history":[{"count":0,"href":"https:\/\/chinaesim.com\/fr\/wp-json\/wp\/v2\/pages\/8327\/revisions"}],"wp:featuredmedia":[{"embeddable":true,"href":"https:\/\/chinaesim.com\/fr\/wp-json\/wp\/v2\/media\/7802"}],"wp:attachment":[{"href":"https:\/\/chinaesim.com\/fr\/wp-json\/wp\/v2\/media?parent=8327"}],"curies":[{"name":"wp","href":"https:\/\/api.w.org\/{rel}","templated":true}]}}