{"id":9995,"date":"2024-05-10T14:16:17","date_gmt":"2024-05-10T07:16:17","guid":{"rendered":"https:\/\/chinaesim.com\/?page_id=9995"},"modified":"2025-10-06T14:02:00","modified_gmt":"2025-10-06T07:02:00","slug":"vpn-para-china","status":"publish","type":"page","link":"https:\/\/chinaesim.com\/es\/vpn-para-china\/","title":{"rendered":"VPN para China: Principales Opciones y Alternativas"},"content":{"rendered":"\n<p>Si est\u00e1 planeando un viaje a China, es posible que haya o\u00eddo que Internet est\u00e1 sujeto a fuertes censuras y restricciones. Si bien esto es cierto hasta cierto punto, el uso de una VPN (red privada virtual) es una forma sencilla para que los turistas accedan a sitios web y aplicaciones bloqueados mientras visitan China.<\/p>\n\n\n\n<p>Como turista, una VPN le permitir\u00e1 permanecer conectado con el mundo exterior y comunicarse con amigos y familiares en casa. Tambi\u00e9n le brinda acceso sin censura a informaci\u00f3n en l\u00ednea, lo que puede resultar muy \u00fatil para tareas como encontrar transporte, consultar mapas, hacer reservas, traducir y m\u00e1s.<\/p>\n\n\n\n<p>A continuaci\u00f3n se detallan algunas cosas clave que los viajeros deben saber sobre el uso de una VPN en China.<\/p>\n\n\n\n<figure class=\"wp-block-image size-large\"><img decoding=\"async\" width=\"1024\" height=\"683\" src=\"https:\/\/chinaesim.com\/wp-content\/uploads\/sites\/5\/2024\/07\/vpn-china-options-es-1024x683.jpg\" alt=\"vpn para china\" class=\"wp-image-9833\" srcset=\"https:\/\/chinaesim.com\/wp-content\/uploads\/sites\/5\/2024\/07\/vpn-china-options-es-1024x683.jpg 1024w, https:\/\/chinaesim.com\/wp-content\/uploads\/sites\/5\/2024\/07\/vpn-china-options-es-300x200.jpg 300w, https:\/\/chinaesim.com\/wp-content\/uploads\/sites\/5\/2024\/07\/vpn-china-options-es-768x512.jpg 768w, https:\/\/chinaesim.com\/wp-content\/uploads\/sites\/5\/2024\/07\/vpn-china-options-es-570x380.jpg 570w, https:\/\/chinaesim.com\/wp-content\/uploads\/sites\/5\/2024\/07\/vpn-china-options-es.jpg 1200w\" sizes=\"(max-width: 1024px) 100vw, 1024px\" \/><\/figure>\n\n\n\n<div class=\"wp-block-rank-math-toc-block\" id=\"rank-math-toc\"><h2>Tabla de Contenidos<\/h2><nav><div><div class=\"\"><a href=\"#i-que-es-una-vpn\">I. \u00bfQu\u00e9 es una VPN?<\/a><\/div><div class=\"\"><a href=\"#ii-por-que-utilizar-una-vpn-para-viajar-a-china\">II. \u00bfPor Qu\u00e9 Utilizar una VPN para Viajar a China?<\/a><\/div><div class=\"\"><a href=\"#iii-elegir-la-vpn-adecuada-para-china\">III. Elegir la VPN Adecuada para China<\/a><\/div><div class=\"\"><a href=\"#iv-mantenerse-seguro-con-una-vpn-para-china\">IV. Mantenerse Seguro con una VPN para China<\/a><\/div><div class=\"\"><a href=\"#v-alternativa-chinaesim-com\">V. Alternativa: Chinaesim.com<\/a><\/div><div class=\"\"><a href=\"#vi-preguntas-frecuentes-sobre-vpn-para-china\">VI. Preguntas Frecuentes sobre VPN para China<\/a><\/div><div class=\"\"><a href=\"#conclusion\">Conclusi\u00f3n<\/a><\/div><\/div><\/nav><\/div>\n\n\n\n<h2 class=\"wp-block-heading\" id=\"i-que-es-una-vpn\">I. \u00bfQu\u00e9 es una VPN?<\/h2>\n\n\n\n<h3 class=\"wp-block-heading\" id=\"understanding-vp-ns-a-simplified-explanation\">Comprensi\u00f3n de las VPN: una explicaci\u00f3n simplificada<\/h3>\n\n\n\n<p>VPN significa Red Privada Virtual. Piense en ello como un t\u00fanel que cifra su tr\u00e1fico de Internet y lo dirige a trav\u00e9s de un servidor en otra ubicaci\u00f3n. Esto te permite acceder a Internet como si estuvieras en ese otro pa\u00eds, evitando las restricciones en China.<\/p>\n\n\n\n<h3 class=\"wp-block-heading\" id=\"how-vp-ns-work\">C\u00f3mo funcionan las VPN<\/h3>\n\n\n\n<p>Cuando se conecta a un servidor VPN, su dispositivo establece una conexi\u00f3n segura con ese servidor. Todos los datos que env\u00eda y recibe est\u00e1n cifrados, lo que garantiza que su actividad en l\u00ednea permanezca privada y protegida de miradas indiscretas. Adem\u00e1s, su direcci\u00f3n IP se reemplaza con la direcci\u00f3n IP del servidor VPN, lo que enmascara efectivamente su verdadera ubicaci\u00f3n y dificulta el seguimiento de sus actividades en l\u00ednea hasta usted.<\/p>\n\n\n\n<h2 class=\"wp-block-heading\" id=\"ii-por-que-utilizar-una-vpn-para-viajar-a-china\">II. \u00bfPor Qu\u00e9 Utilizar una VPN para Viajar a China?<\/h2>\n\n\n\n<h3 class=\"wp-block-heading\" id=\"unblocking-restricted-websites-and-content\">Desbloquear sitios web y contenido restringidos<\/h3>\n\n\n\n<p>La censura de Internet de China, a menudo denominada el &#8220;Gran Cortafuegos&#8221;, bloquea el acceso a numerosos sitios web y servicios populares, incluidos Google, Facebook, YouTube y muchos otros. Usar una VPN puede ayudarte a evitar estas restricciones y acceder al contenido que deseas.<\/p>\n\n\n\n<figure class=\"wp-block-image size-large\"><img decoding=\"async\" width=\"1024\" height=\"683\" src=\"https:\/\/chinaesim.com\/wp-content\/uploads\/sites\/5\/2024\/05\/why-vpn-for-china-1024x683.jpg\" alt=\"\" class=\"wp-image-6579\" srcset=\"https:\/\/chinaesim.com\/wp-content\/uploads\/sites\/5\/2024\/05\/why-vpn-for-china-1024x683.jpg 1024w, https:\/\/chinaesim.com\/wp-content\/uploads\/sites\/5\/2024\/05\/why-vpn-for-china-300x200.jpg 300w, https:\/\/chinaesim.com\/wp-content\/uploads\/sites\/5\/2024\/05\/why-vpn-for-china-768x512.jpg 768w, https:\/\/chinaesim.com\/wp-content\/uploads\/sites\/5\/2024\/05\/why-vpn-for-china-570x380.jpg 570w, https:\/\/chinaesim.com\/wp-content\/uploads\/sites\/5\/2024\/05\/why-vpn-for-china.jpg 1200w\" sizes=\"(max-width: 1024px) 100vw, 1024px\" \/><\/figure>\n\n\n\n<h3 class=\"wp-block-heading\" id=\"enhancing-online-privacy-and-security\">Mejora de la privacidad y la seguridad en l\u00ednea<\/h3>\n\n\n\n<p>Al conectarse a redes Wi-Fi p\u00fablicas en cafeter\u00edas, hoteles, aeropuertos, etc., es f\u00e1cil que su actividad en Internet sea monitoreada o que su conexi\u00f3n sea secuestrada. Una VPN cifra todo su tr\u00e1fico de Internet para que nadie pueda ver qu\u00e9 sitios visita o robar informaci\u00f3n confidencial como contrase\u00f1as y detalles de tarjetas de cr\u00e9dito.<\/p>\n\n\n\n<p>Tambi\u00e9n oculta su direcci\u00f3n IP real, por lo que no es posible rastrear en l\u00ednea su ubicaci\u00f3n f\u00edsica y sus h\u00e1bitos de navegaci\u00f3n. Esto es importante para realizar actividades en l\u00ednea de forma segura, como banca m\u00f3vil y compras mientras viaja.<\/p>\n\n\n\n<h3 class=\"wp-block-heading\" id=\"secure-access-on-public-wi-fi-networks\">Acceso seguro a redes Wi-Fi p\u00fablicas<\/h3>\n\n\n\n<p>Muchos caf\u00e9s, hoteles y otros espacios p\u00fablicos en China requerir\u00e1n que inicies sesi\u00f3n con tu n\u00famero de tel\u00e9fono m\u00f3vil, que est\u00e1 vinculado a tu n\u00famero de identidad nacional. Esto permite monitorear m\u00e1s f\u00e1cilmente su actividad en Internet.<\/p>\n\n\n\n<p>Una VPN le permite omitir este inicio de sesi\u00f3n y acceder a Internet sin censura de forma privada y segura mientras sigue utilizando redes Wi-Fi p\u00fablicas, que son muy convenientes mientras recorre lugares en China.<\/p>\n\n\n\n<p>En resumen, el uso de una VPN es muy recomendable para los turistas que visitan China y desean acceder de forma segura a todas las funciones de Internet a las que est\u00e1n acostumbrados en casa, sin censura ni seguimiento de sus actividades en l\u00ednea. B\u00e1sicamente, una VPN crea una &#8220;red privada virtual&#8221; para que puedas disfrutar de una experiencia de Internet sin restricciones mientras viajas por China.<\/p>\n\n\n\n<h2 class=\"wp-block-heading\" id=\"iii-elegir-la-vpn-adecuada-para-china\">III. Elegir la VPN Adecuada para China<\/h2>\n\n\n\n<h3 class=\"wp-block-heading\" id=\"factors-to-consider\">Factores a considerar<\/h3>\n\n\n\n<p>Al seleccionar una VPN para usar en China, hay varios factores importantes a considerar:<\/p>\n\n\n\n<ol start=\"1\">\n<li><strong>Capacidad para eludir el Gran Cortafuegos: <\/strong>no todas las VPN son igualmente efectivas para eludir las restricciones de Internet de China. Busque servicios VPN que est\u00e9n dise\u00f1ados espec\u00edficamente para evitar el Gran Cortafuegos y que tengan un historial comprobado de \u00e9xito en China.<\/li>\n\n\n\n<li><strong>Velocidad y confiabilidad:<\/strong> una conexi\u00f3n VPN lenta o poco confiable puede afectar significativamente su experiencia en l\u00ednea. Elija una VPN con servidores r\u00e1pidos y conexiones estables para garantizar una navegaci\u00f3n, transmisi\u00f3n y descarga fluidas.<\/li>\n\n\n\n<li><strong>Protocolos de seguridad y cifrado s\u00f3lidos: <\/strong>un servicio VPN de buena reputaci\u00f3n debe ofrecer protocolos de cifrado s\u00f3lidos, como OpenVPN o WireGuard, para garantizar el m\u00e1s alto nivel de seguridad y privacidad para sus actividades en l\u00ednea.<\/li>\n\n\n\n<li><strong>Pol\u00edtica de no registros: <\/strong>busque proveedores de VPN que tengan una pol\u00edtica estricta de no registros, lo que significa que no almacenan ni monitorean sus actividades en l\u00ednea ni sus datos personales.<\/li>\n\n\n\n<li><strong>Soporte multiplataforma: <\/strong>aseg\u00farese de que el servicio VPN que elija sea compatible con los dispositivos y sistemas operativos que planea usar, como Windows, macOS, iOS y Android.<\/li>\n<\/ol>\n\n\n\n<figure class=\"wp-block-image size-large\"><img decoding=\"async\" width=\"1024\" height=\"683\" src=\"https:\/\/chinaesim.com\/wp-content\/uploads\/sites\/5\/2024\/05\/vpn-top-five-1024x683.jpg\" alt=\"\" class=\"wp-image-6578\" srcset=\"https:\/\/chinaesim.com\/wp-content\/uploads\/sites\/5\/2024\/05\/vpn-top-five-1024x683.jpg 1024w, https:\/\/chinaesim.com\/wp-content\/uploads\/sites\/5\/2024\/05\/vpn-top-five-300x200.jpg 300w, https:\/\/chinaesim.com\/wp-content\/uploads\/sites\/5\/2024\/05\/vpn-top-five-768x512.jpg 768w, https:\/\/chinaesim.com\/wp-content\/uploads\/sites\/5\/2024\/05\/vpn-top-five-570x380.jpg 570w, https:\/\/chinaesim.com\/wp-content\/uploads\/sites\/5\/2024\/05\/vpn-top-five.jpg 1200w\" sizes=\"(max-width: 1024px) 100vw, 1024px\" \/><\/figure>\n\n\n\n<h3 class=\"wp-block-heading\" id=\"popular-vpn-options-for-china\">VPN for China: Top 5 Options [UPDATED]<\/h3>\n\n\n\n<p>Hemos compilado una comparaci\u00f3n detallada de algunas de las mejores VPN para usar en China, considerando los factores mencionados anteriormente.<\/p>\n\n\n\n<figure class=\"wp-block-table\"><table><thead><tr><th>Caracter\u00edstica<\/th><th>NordVPN<\/th><th>ExpressVPN<\/th><th>Surfshark<\/th><th>UltraVPN<\/th><th>PrivadoVPN<\/th><\/tr><\/thead><tbody><tr><td>Funciona en China<\/td><td>S\u00ed<\/td><td>S\u00ed<\/td><td>S\u00ed<\/td><td>S\u00ed<\/td><td>S\u00ed<\/td><\/tr><tr><td>Protocolo recomendado en China<\/td><td>NordLynx (WireGuard)<\/td><td>Lightway (WireGuard)<\/td><td>WireGuard<\/td><td>Hydra<\/td><td>WireGuard<\/td><\/tr><tr><td>Obfuscaci\u00f3n\/Stealth<\/td><td>S\u00ed (servidores ofuscados)<\/td><td>S\u00ed (ofuscaci\u00f3n)<\/td><td>S\u00ed (modo camuflaje)<\/td><td>No claro<\/td><td>S\u00ed (VPN sigilosa)<\/td><\/tr><tr><td>Sin registros Pol\u00edtica<\/td><td>Auditado<\/td><td>Auditado<\/td><td>Auditado<\/td><td>No auditado<\/td><td>Jurisdicci\u00f3nauditada<\/td><\/tr><tr><td>Cifrado<\/td><td>AES-256-GCM<\/td><td>AES-256-GCM<\/td><td>AES-256-GCM<\/td><td>AES-256<\/td><td>AES-256<\/td><\/tr><tr><td>Kill Switch<\/td><td>S\u00ed<\/td><td>S\u00ed<\/td><td>S\u00ed<\/td><td>S\u00ed<\/td><td>S\u00ed<\/td><\/tr><tr><td>T\u00fanel dividido<\/td><td>S\u00ed<\/td><td>S\u00ed<\/td><td>S\u00ed<\/td><td>S\u00ed<\/td><td>S\u00ed<\/td><\/tr><tr><td>Conexiones simult\u00e1neas<\/td><td>65<\/td><td>Ilimitada<\/td><td>10<\/td><td>10<\/td><td><\/td><\/tr><tr><td>Servidores en China<\/td><td>Ubicaciones virtuales<\/td><td>Ubicaciones virtuales<\/td><td>Sin servidores en China<\/td><td>Virt Ubicaciones duales<\/td><td>Servidores f\u00edsicos<\/td><\/tr><tr><td>Oferta<\/td><td>$3.29\/mes (plan de 2 a\u00f1os)<\/td><td>$6.67\/mes (plan de 1 a\u00f1o)<\/td><td>$2.30\/mes (plan de 2 a\u00f1os)<\/td><td>$2.99\/mes<\/td><td>$2.03\/mes (plan de 3 a\u00f1os)<\/td><\/tr><tr><td>Garant\u00eda de devoluci\u00f3n de dinero<\/td><td>30 d\u00edas<\/td><td>30 d\u00edas<\/td><td>30 d\u00edas<\/td><td>30 d\u00edas<\/td><td>30 d\u00edas<\/td><\/tr><\/tbody><\/table><\/figure>\n\n\n\n<p>Las principales VPN como NordVPN, ExpressVPN y Surfshark ofrecen funciones s\u00f3lidas y s\u00f3lidas medidas de seguridad, lo que garantiza una experiencia en l\u00ednea segura y fluida durante sus viajes. Si bien las opciones m\u00e1s econ\u00f3micas como UltraVPN y PrivateVPN pueden funcionar en China, es posible que no proporcionen el mismo nivel de confiabilidad y rendimiento que las VPN de primer nivel.<\/p>\n\n\n\n<p>En \u00faltima instancia, la elecci\u00f3n depende de sus necesidades y prioridades espec\u00edficas, pero invertir en una VPN confiable puede hacer que su visita a China sea m\u00e1s agradable y conectada.<\/p>\n\n\n\n<h2 class=\"wp-block-heading\" id=\"iv-mantenerse-seguro-con-una-vpn-para-china\">IV. Mantenerse Seguro con una VPN para China<\/h2>\n\n\n\n<h3 class=\"wp-block-heading\" id=\"importance-of-using-a-reputable-vpn-service\">Importancia de utilizar un servicio VPN de buena reputaci\u00f3n<\/h3>\n\n\n\n<p>Si bien una VPN puede brindar mayor privacidad y seguridad en l\u00ednea, es crucial elegir un servicio VPN confiable con protocolos de seguridad s\u00f3lidos y un historial comprobado. El uso de una VPN gratuita o poco confiable puede exponerlo potencialmente a mayores riesgos, como fugas de datos, infecciones de malware o incluso vigilancia por parte del propio proveedor de VPN.<\/p>\n\n\n\n<h3 class=\"wp-block-heading\" id=\"strong-encryption-and-security-protocols\">Fuertes protocolos de cifrado y seguridad<\/h3>\n\n\n\n<p>Los servicios VPN de buena reputaci\u00f3n suelen ofrecer protocolos de cifrado s\u00f3lidos como OpenVPN y WireGuard, que brindan un alto nivel de seguridad y privacidad para sus actividades en l\u00ednea. Estos protocolos garantizan que sus datos est\u00e9n cifrados y protegidos contra posibles esp\u00edas o ciberdelincuentes.<\/p>\n\n\n\n<h3 class=\"wp-block-heading\" id=\"no-logs-policy-and-privacy-protection\">Pol\u00edtica de no registros y protecci\u00f3n de la privacidad<\/h3>\n\n\n\n<p>La pol\u00edtica de no registros de un proveedor de VPN es un factor cr\u00edtico para mantener su privacidad en l\u00ednea. Un servicio VPN confiable no debe almacenar ni monitorear sus actividades en l\u00ednea, su historial de navegaci\u00f3n ni sus datos personales. Esto garantiza que su informaci\u00f3n permanezca segura y no se pueda acceder a ella ni compartirla con terceros, incluso bajo presi\u00f3n legal o gubernamental.<\/p>\n\n\n\n<h3 class=\"wp-block-heading\" id=\"multi-factor-authentication-and-kill-switch\">Autenticaci\u00f3n multifactor y desconexi\u00f3n autom\u00e1tica<\/h3>\n\n\n\n<p>Para mayor seguridad, busque servicios VPN que ofrezcan autenticaci\u00f3n multifactor (MFA) y una funci\u00f3n de desconexi\u00f3n autom\u00e1tica. MFA agrega una capa adicional de protecci\u00f3n al requerir m\u00faltiples formas de autenticaci\u00f3n, como una contrase\u00f1a y un c\u00f3digo de un solo uso. Un interruptor de apagado corta autom\u00e1ticamente su conexi\u00f3n a Internet si se pierde la conexi\u00f3n VPN, evitando que se transmitan datos no cifrados.<\/p>\n\n\n\n<h2 class=\"wp-block-heading\" id=\"v-alternativa-chinaesim-com\">V. Alternativa: Chinaesim.com<\/h2>\n\n\n\n<p>Si bien las VPN son una soluci\u00f3n popular para acceder a Internet en China, una opci\u00f3n alternativa es el uso de una eSIM china de<strong> chinaesim.com<\/strong>. Esta innovadora soluci\u00f3n proporciona acceso fluido a Internet sin necesidad de una VPN, lo que ofrece varias ventajas.<\/p>\n\n\n\n<h3 class=\"wp-block-heading\" id=\"what-is-a-china-e-sim\">\u00bfQu\u00e9 es una eSIM china?<\/h3>\n\n\n\n<p>Una eSIM de China es una tarjeta SIM digital que le permite conectarse a una red m\u00f3vil china local directamente desde su dispositivo compatible. A diferencia de las tarjetas SIM f\u00edsicas tradicionales, las eSIM est\u00e1n integradas directamente en su dispositivo y pueden activarse y administrarse de forma remota, lo que elimina la necesidad de cambiar la tarjeta SIM f\u00edsica.<\/p>\n\n\n\n<h3 class=\"wp-block-heading\" id=\"benefits-of-using-a-china-e-sim\">Beneficios de utilizar una eSIM china<\/h3>\n\n\n\n<p>Usar una eSIM China de chinaesim.com ofrece varios beneficios sobre las soluciones VPN tradicionales:<\/p>\n\n\n\n<ul>\n\n<li><strong>Conexiones m\u00e1s r\u00e1pidas y estables:<\/strong> las eSIM brindan una conexi\u00f3n directa a las redes m\u00f3viles locales, lo que garantiza un acceso a Internet m\u00e1s r\u00e1pido y confiable en comparaci\u00f3n con las VPN, que a veces pueden experimentar velocidades m\u00e1s lentas o ca\u00eddas de conexi\u00f3n.<\/li>\n\n\n<li><strong>No es necesario software ni configuraci\u00f3n adicional: <\/strong>con una eSIM de China, no necesita instalar ni configurar ning\u00fan software adicional ni clientes VPN. Simplemente activa la eSIM en tu dispositivo compatible y estar\u00e1s listo para comenzar.<\/li>\n\n\n<li><strong>F\u00e1cil de usar y administrar:<\/strong> las eSIM son incre\u00edblemente f\u00e1ciles de usar y se pueden activar, administrar y cambiar f\u00e1cilmente entre diferentes redes m\u00f3viles directamente desde su dispositivo, sin la necesidad de cambiar la tarjeta SIM f\u00edsica.<\/li>\n\n\n<li><strong>Acceso a planes de datos m\u00f3viles locales:<\/strong> al utilizar una eSIM de China, puede aprovechar los planes de datos m\u00f3viles locales de China, que potencialmente ofrecen opciones de datos m\u00e1s asequibles y flexibles en comparaci\u00f3n con el roaming internacional o las suscripciones a VPN.<\/li>\n\n<\/ul>\n\n\n<div class=\"lazyblock-cta-browse-right-button-Z1MuUKl wp-block-lazyblock-cta-browse-right-button\"><\/div>\n\n\n<h3 class=\"wp-block-heading\" id=\"getting-a-china-e-sim-from-chinaesim-com\">Obtener una eSIM de China en chinaesim.com<\/h3>\n\n\n\n<p>Obtener una eSIM de China en chinaesim.com es un proceso sencillo. Simplemente visite nuestro sitio web, seleccione el plan de datos m\u00f3viles deseado y siga las instrucciones para activar la eSIM en su dispositivo compatible. Con una eSIM de China, puedes disfrutar de un acceso perfecto a Internet durante tu estancia en China, sin la molestia de tener que navegar por restricciones o configuraciones de VPN.<\/p>\n\n\n\n<h2 class=\"wp-block-heading\" id=\"vi-preguntas-frecuentes-sobre-vpn-para-china\">VI. Preguntas Frecuentes sobre VPN para China<\/h2>\n\n\n<div id=\"rank-math-faq\" class=\"rank-math-block\">\n<div class=\"rank-math-list \">\n<div id=\"faq-question-1715311760931\" class=\"rank-math-list-item\">\n<h3 class=\"rank-math-question \">\u00bfPor qu\u00e9 necesito una VPN en China?<\/h3>\n<div class=\"rank-math-answer \">\n\n<p>Muchos sitios web extranjeros como Google, Facebook, Twitter, etc. est\u00e1n bloqueados en China. Una VPN le permite cifrar su conexi\u00f3n a Internet y acceder a contenido bloqueado. Hace que Internet en China sea m\u00e1s abierto y como en casa.<\/p>\n\n<\/div>\n<\/div>\n<div id=\"faq-question-1715311826199\" class=\"rank-math-list-item\">\n<h3 class=\"rank-math-question \">\u00bfEs legal usar una VPN en China?<\/h3>\n<div class=\"rank-math-answer \">\n\n<p>El uso de una VPN se encuentra en un \u00e1rea legal gris en China. No es estrictamente ilegal, pero el gobierno bloquea algunos servicios comerciales de VPN. Aseg\u00farese de obtener una VPN que el &#8220;Gran Firewall&#8221; no cierre f\u00e1cilmente. Mover servidores con frecuencia puede ayudar a evitar bloqueos.<\/p>\n\n<\/div>\n<\/div>\n<div id=\"faq-question-1715311847127\" class=\"rank-math-list-item\">\n<h3 class=\"rank-math-question \">\u00bfQu\u00e9 tan r\u00e1pido es Internet con una VPN en China?<\/h3>\n<div class=\"rank-math-answer \">\n\n<p>Las velocidades de VPN en China pueden variar mucho seg\u00fan la ubicaci\u00f3n y la carga del servidor. Generalmente, las velocidades son moderadas y suficientes para tareas b\u00e1sicas como correo electr\u00f3nico, chat y navegaci\u00f3n. Es posible que experimentes velocidades m\u00e1s lentas que sin una VPN, especialmente para la transmisi\u00f3n de video. Es mejor tener expectativas de velocidad realistas.<\/p>\n\n<\/div>\n<\/div>\n<div id=\"faq-question-1715311857279\" class=\"rank-math-list-item\">\n<h3 class=\"rank-math-question \">\u00bfQu\u00e9 actividades en China requieren una VPN?<\/h3>\n<div class=\"rank-math-answer \">\n\n<p>Las actividades principales, como navegar por sitios de noticias internacionales, usar Google\/Gmail, Facebook, Twitter, Instagram y acceder a sitios de videos como YouTube, requerir\u00e1n una VPN. Incluso las aplicaciones de mensajer\u00eda como WhatsApp pueden estar restringidas en ocasiones. Tener una VPN brinda la mejor capacidad para acceder a servicios globales de Internet mientras viajo dentro de China.<\/p>\n\n<\/div>\n<\/div>\n<div id=\"faq-question-1715323443010\" class=\"rank-math-list-item\">\n<h3 class=\"rank-math-question \">\u00bfPuedo usar una eSIM con VPN para viajar a China?<\/h3>\n<div class=\"rank-math-answer \">\n\n<p>S\u00ed, muchos planes de datos eSIM de <strong>Chinaesim.com<\/strong> incluyen un servicio VPN para ayudarlo a acceder a sitios web bloqueados y aplicaciones durante su viaje a China. La VPN est\u00e1 preconfigurada, por lo que es muy conveniente.<\/p>\n\n<\/div>\n<\/div>\n<div id=\"faq-question-1715323615742\" class=\"rank-math-list-item\">\n<h3 class=\"rank-math-question \">\u00bfEst\u00e1 bien usar VPN gratuitas en China?<\/h3>\n<div class=\"rank-math-answer \">\n\n<p>Por lo general, no se recomiendan las VPN gratuitas, ya que pueden tener vulnerabilidades de seguridad, mantener registros de su actividad, tener velocidades lentas o dejar de funcionar peri\u00f3dicamente en Porcelana. Lo mejor es utilizar un servicio VPN pago de buena reputaci\u00f3n.<\/p>\n\n<\/div>\n<\/div>\n<\/div>\n<\/div>\n\n\n<h2 class=\"wp-block-heading\" id=\"conclusion\">Conclusi\u00f3n<\/h2>\n\n\n\n<p>Ya sea que elija utilizar una VPN u opte por una eSIM de China, es esencial priorizar su seguridad y privacidad en l\u00ednea. Al evaluar cuidadosamente sus opciones, comprender los riesgos y beneficios y seleccionar servicios confiables, puede garantizar una experiencia de Internet segura y fluida, incluso en regiones con estrictas restricciones de Internet como China.<\/p>\n\n\n\n<p>Recuerde mantenerse informado sobre los \u00faltimos avances en tecnolog\u00eda y censura de Internet para tomar decisiones bien informadas con respecto a su seguridad y privacidad en l\u00ednea. Cualquiera que sea la soluci\u00f3n que elijas, ya sea una VPN o una eSIM de China, prioriza la confiabilidad, la seguridad y la conveniencia para disfrutar de una experiencia de Internet sin preocupaciones.<\/p>\n","protected":false},"excerpt":{"rendered":"<p>Si est\u00e1 planeando un viaje a China, es posible que haya o\u00eddo que Internet est\u00e1 sujeto a fuertes censuras y restricciones. Si bien esto es cierto hasta cierto punto, el uso de una VPN (red privada virtual) es una forma sencilla para que los turistas accedan a sitios web y aplicaciones bloqueados mientras visitan China. [&#8230;]\n","protected":false},"author":15,"featured_media":9833,"parent":0,"menu_order":0,"comment_status":"closed","ping_status":"closed","template":"page-right-sidebar.php","meta":{"_acf_changed":false,"inline_featured_image":false,"footnotes":""},"acf":[],"jetpack_sharing_enabled":true,"_links":{"self":[{"href":"https:\/\/chinaesim.com\/es\/wp-json\/wp\/v2\/pages\/9995"}],"collection":[{"href":"https:\/\/chinaesim.com\/es\/wp-json\/wp\/v2\/pages"}],"about":[{"href":"https:\/\/chinaesim.com\/es\/wp-json\/wp\/v2\/types\/page"}],"author":[{"embeddable":true,"href":"https:\/\/chinaesim.com\/es\/wp-json\/wp\/v2\/users\/15"}],"replies":[{"embeddable":true,"href":"https:\/\/chinaesim.com\/es\/wp-json\/wp\/v2\/comments?post=9995"}],"version-history":[{"count":0,"href":"https:\/\/chinaesim.com\/es\/wp-json\/wp\/v2\/pages\/9995\/revisions"}],"wp:featuredmedia":[{"embeddable":true,"href":"https:\/\/chinaesim.com\/es\/wp-json\/wp\/v2\/media\/9833"}],"wp:attachment":[{"href":"https:\/\/chinaesim.com\/es\/wp-json\/wp\/v2\/media?parent=9995"}],"curies":[{"name":"wp","href":"https:\/\/api.w.org\/{rel}","templated":true}]}}