{"id":9985,"date":"2024-04-15T17:47:52","date_gmt":"2024-04-15T10:47:52","guid":{"rendered":"https:\/\/chinaesim.com\/?page_id=9985"},"modified":"2025-10-06T17:10:43","modified_gmt":"2025-10-06T10:10:43","slug":"shanghai","status":"publish","type":"page","link":"https:\/\/chinaesim.com\/es\/tarjetas-sim\/shanghai\/","title":{"rendered":"C\u00f3mo Comprar una Tarjeta SIM en Shanghai: Consejos de los Lugare\u00f1os"},"content":{"rendered":"\n<p>Shanghai es una ciudad vibrante y moderna que ofrece a los visitantes una emocionante combinaci\u00f3n de sitios emblem\u00e1ticos, una floreciente escena art\u00edstica y cultural, tiendas y restaurantes de primer nivel, y mucho m\u00e1s. Un elemento esencial que deben considerar los viajeros en Shanghai es obtener una tarjeta SIM local.<\/p>\n\n\n\n<p>Con tantos proveedores de red y opciones de planes disponibles, comprar una tarjeta SIM en Shanghai puede resultar abrumador si no sabes por d\u00f3nde empezar.<\/p>\n\n\n\n<p>En esta gu\u00eda completa, te explicamos todo lo que necesitas saber para conectarte con una tarjeta SIM de Shanghai como turista.<\/p>\n\n\n\n<figure class=\"wp-block-image size-large\"><img decoding=\"async\" width=\"1024\" height=\"683\" src=\"https:\/\/chinaesim.com\/wp-content\/uploads\/sites\/5\/2024\/07\/sim-card-in-shanghai-es-1024x683.jpg\" alt=\"sim en shanghai\" class=\"wp-image-9920\" srcset=\"https:\/\/chinaesim.com\/wp-content\/uploads\/sites\/5\/2024\/07\/sim-card-in-shanghai-es-1024x683.jpg 1024w, https:\/\/chinaesim.com\/wp-content\/uploads\/sites\/5\/2024\/07\/sim-card-in-shanghai-es-300x200.jpg 300w, https:\/\/chinaesim.com\/wp-content\/uploads\/sites\/5\/2024\/07\/sim-card-in-shanghai-es-768x512.jpg 768w, https:\/\/chinaesim.com\/wp-content\/uploads\/sites\/5\/2024\/07\/sim-card-in-shanghai-es-570x380.jpg 570w, https:\/\/chinaesim.com\/wp-content\/uploads\/sites\/5\/2024\/07\/sim-card-in-shanghai-es.jpg 1200w\" sizes=\"(max-width: 1024px) 100vw, 1024px\" \/><\/figure>\n\n\n\n<div class=\"wp-block-rank-math-toc-block\" id=\"rank-math-toc\"><h2>Tabla de Contenidos<\/h2><nav><div><div class=\"\"><a href=\"#i-que-operador-de-telefonia-movil-es-el-mejor-en-shanghai\">I. \u00bfQu\u00e9 Operador de Telefon\u00eda M\u00f3vil es el Mejor en Shanghai?<\/a><\/div><div class=\"\"><a href=\"#ii-las-mejores-tarjetas-sim-de-shanghai-y-su-costo\">II. Las Mejores Tarjetas SIM de Shanghai y su Costo<\/a><\/div><div class=\"\"><a href=\"#iii-donde-comprar-una-tarjeta-sim-en-shanghai\">III. D\u00f3nde Comprar una Tarjeta SIM en Shanghai<\/a><\/div><div class=\"\"><a href=\"#iv-e-sim-para-viajeros-a-shanghai-una-alternativa-inteligente\">IV. eSIM para Viajeros a Shanghai: una Alternativa Inteligente<\/a><\/div><div class=\"\"><a href=\"#v-cosas-a-preparar-al-comprar-una-tarjeta-sim-en-shanghai\">V. Cosas a Preparar al Comprar una Tarjeta SIM en Shanghai<\/a><\/div><div class=\"\"><a href=\"#vi-consejos-y-recomendaciones\">VI. Consejos y Recomendaciones<\/a><\/div><div class=\"\"><a href=\"#vii-preguntas-frecuentes\">VII. Preguntas Frecuentes<\/a><\/div><\/div><\/nav><\/div>\n\n\n\n<h2 class=\"wp-block-heading\" id=\"i-que-operador-de-telefonia-movil-es-el-mejor-en-shanghai\">I. \u00bfQu\u00e9 Operador de Telefon\u00eda M\u00f3vil es el Mejor en Shanghai?<\/h2>\n\n\n\n<figure class=\"wp-block-image size-large\"><img decoding=\"async\" width=\"1024\" height=\"683\" src=\"https:\/\/chinaesim.com\/wp-content\/uploads\/sites\/5\/2024\/04\/city-speedtest-china-1024x683.jpg\" alt=\"\" class=\"wp-image-5736\" srcset=\"https:\/\/chinaesim.com\/wp-content\/uploads\/sites\/5\/2024\/04\/city-speedtest-china-1024x683.jpg 1024w, https:\/\/chinaesim.com\/wp-content\/uploads\/sites\/5\/2024\/04\/city-speedtest-china-300x200.jpg 300w, https:\/\/chinaesim.com\/wp-content\/uploads\/sites\/5\/2024\/04\/city-speedtest-china-768x512.jpg 768w, https:\/\/chinaesim.com\/wp-content\/uploads\/sites\/5\/2024\/04\/city-speedtest-china-570x380.jpg 570w, https:\/\/chinaesim.com\/wp-content\/uploads\/sites\/5\/2024\/04\/city-speedtest-china.jpg 1200w\" sizes=\"(max-width: 1024px) 100vw, 1024px\" \/><\/figure>\n\n\n\n<p>Shanghai es una ciudad desarrollada donde la velocidad de Internet m\u00f3vil y la calidad del servicio son particularmente importantes. Seg\u00fan los datos de <a href=\"https:\/\/www.speedtest.net\/global-index\/china\" data-type=\"link\" data-id=\"https:\/\/www.speedtest.net\/global-index\/china\" target=\"_blank\" rel=\"noopener\">Speedtest para el cuarto trimestre de 2023<\/a>, Shanghai ocup\u00f3 el segundo lugar a nivel nacional en velocidad media de descarga m\u00f3vil con 223,81 Mbps.<\/p>\n\n\n\n<figure class=\"wp-block-image size-large\"><img decoding=\"async\" width=\"1024\" height=\"683\" src=\"https:\/\/chinaesim.com\/wp-content\/uploads\/sites\/5\/2024\/04\/speedtest-5gperformance-china-1024x683.jpg\" alt=\"\" class=\"wp-image-5737\" srcset=\"https:\/\/chinaesim.com\/wp-content\/uploads\/sites\/5\/2024\/04\/speedtest-5gperformance-china-1024x683.jpg 1024w, https:\/\/chinaesim.com\/wp-content\/uploads\/sites\/5\/2024\/04\/speedtest-5gperformance-china-300x200.jpg 300w, https:\/\/chinaesim.com\/wp-content\/uploads\/sites\/5\/2024\/04\/speedtest-5gperformance-china-768x512.jpg 768w, https:\/\/chinaesim.com\/wp-content\/uploads\/sites\/5\/2024\/04\/speedtest-5gperformance-china-570x380.jpg 570w, https:\/\/chinaesim.com\/wp-content\/uploads\/sites\/5\/2024\/04\/speedtest-5gperformance-china.jpg 1200w\" sizes=\"(max-width: 1024px) 100vw, 1024px\" \/><\/figure>\n\n\n\n<p>Entre los tres principales operadores m\u00f3viles de Shanghai (China Mobile, China Unicom y China Telecom), los datos de Speedtest muestran que el rendimiento de la red de China Mobile es el mejor. Espec\u00edficamente:<\/p>\n\n\n\n<ol>\n<li><strong>Velocidad de descarga<\/strong>: China Mobile logr\u00f3 la velocidad media de descarga m\u00f3vil m\u00e1s r\u00e1pida en Shanghai con 208,56 Mbps, superior a China Unicom (143,68 Mbps) y China Telecom (134,20 Mbps).<\/li>\n\n\n\n<li><strong>Latencia:<\/strong> Los tres operadores mostraron un rendimiento de latencia similar, aunque China Mobile tuvo la latencia media m\u00e1s baja de 42 ms, ligeramente mejor que los 42 ms y 43 ms de China Unicom y China Telecom, respectivamente.<\/li>\n\n\n\n<li><strong>Consistencia<\/strong>: al medir la consistencia del rendimiento de la red, China Mobile tuvo el mejor desempe\u00f1o: el 93,7% de las pruebas recibieron velocidades de descarga de al menos 25 Mbps y velocidades de carga de al menos 3 Mbps.<\/li>\n\n\n\n<li><strong>Cobertura 5G<\/strong>: bas\u00e1ndose \u00fanicamente en pruebas de redes 5G, China Mobile logr\u00f3 la velocidad media de descarga 5G m\u00e1s r\u00e1pida en Shanghai con 283,64 Mbps, superando a sus competidores.<\/li>\n<\/ol>\n\n\n\n<p>En general, <strong>China Mobile ofrece una experiencia de Internet m\u00e1s r\u00e1pida y confiable en Shanghai<\/strong>. Para los usuarios de Shanghai que requieren un acceso fluido y de alta velocidad a Internet, China Mobile puede ser la opci\u00f3n preferida de operador de telefon\u00eda m\u00f3vil. Sin embargo, a medida que las redes 5G se expandan a\u00fan m\u00e1s, la brecha entre operadores podr\u00eda reducirse en el futuro.<\/p>\n\n\n<div class=\"lazyblock-ggg-custom-block-Z1ix5Fc wp-block-lazyblock-ggg-custom-block\"><div class=\"ggg-custom-shortcode gigago-block-blue\">\n    <div class=\"ggg-shortcode-content\">\n        <p>Obt\u00e9n m\u00e1s informaci\u00f3n sobre <a href=\"https:\/\/chinaesim.com\/es\/operadores\/\">Los principales operadores de redes m\u00f3viles de China: \u00bfcu\u00e1l es el mejor para los turistas?<\/a><\/p>    <\/div>\n<\/div><\/div>\n\n\n<h2 class=\"wp-block-heading\" id=\"ii-las-mejores-tarjetas-sim-de-shanghai-y-su-costo\">II. Las Mejores Tarjetas SIM de Shanghai y su Costo<\/h2>\n\n\n\n<p>Aqu\u00ed hay una tabla de las mejores tarjetas SIM de Shanghai y sus costos en yuanes chinos (CNY) y d\u00f3lares estadounidenses (USD):<\/p>\n\n\n\n<figure class=\"wp-block-table\"><table><thead><tr><th>Proveedor de tarjeta<\/th><th>Planes<\/th><th>Precio CNY<\/th><th>Precio USD<\/th><\/tr><\/thead><tbody><tr><td>China Mobile<\/td><td>Plan de 128 RMB con 30 GB de datos y 500 minutos<\/td><td>128<\/td><td>~$19.18<\/td><\/tr><tr><td>China Mobile<\/td><td>Plan de 238 RMB con 80GB de datos y 1000 minutos<\/td><td>238<\/td><td>~$35.63<\/td><\/tr><tr><td>China Unicom<\/td><td>Plan &#8220;Ice God&#8221; de 188 RMB con 30GB de datos de alta velocidad<\/td><td>188<\/td><td>~$28.12<\/td><\/tr><tr><td>China Unicom<\/td><td>Plan de 238 RMB con 40 GB de datos a m\u00e1xima velocidad y 800 minutos<\/td><td>238<\/td><td>~$35,63<\/td><\/tr><tr><td>China Telecom<\/td><td>88 RMB con 20 GB de datos y 100 minutos<\/td><td>88<\/td><td>~$13,15<\/td><\/tr><\/tbody><\/table><figcaption class=\"wp-element-caption\"><em>Convertido al tipo de cambio actual de 1 USD = 6,67 CNY<\/em><\/figcaption><\/figure>\n\n\n\n<p>En conclusi\u00f3n, China Mobile y China Unicom generalmente ofrecen las tarjetas SIM de mejor valor para los viajeros en Shanghai, con paquetes de datos de varios GB y minutos de llamadas a partir de alrededor de 128-188 RMB por mes. Los planes de China Telecom ofrecen menos datos y minutos por un precio m\u00e1s bajo, pero pueden tener una cobertura m\u00e1s limitada. Es recomendable elegir un plan seg\u00fan los datos esperados y el uso de llamadas.<\/p>\n\n\n\n<p>Ten en cuenta que los precios pueden variar ligeramente seg\u00fan los tipos de cambio y las promociones de los operadores m\u00f3viles. Aseg\u00farate de consultar los precios oficiales en las tiendas durante tu visita para conocer los costos m\u00e1s actualizados.<\/p>\n\n\n\n<h2 class=\"wp-block-heading\" id=\"iii-donde-comprar-una-tarjeta-sim-en-shanghai\">III. D\u00f3nde Comprar una Tarjeta SIM en Shanghai<\/h2>\n\n\n\n<p>Los visitantes que deseen comprar una tarjeta SIM de Shanghai pueden hacerlo f\u00e1cilmente al aterrizar en el aeropuerto o en la ciudad. Aqu\u00ed est\u00e1n las opciones:<\/p>\n\n\n\n<h4 class=\"wp-block-heading\" id=\"upon-arrival\">A la llegada<\/h4>\n\n\n\n<p>Los viajeros pueden comprar c\u00f3modamente una tarjeta SIM de Shanghai confiable de los principales operadores como China Mobile o China Unicom con facilidad a su llegada. Pero los precios de los quioscos de los aeropuertos tienden a ser elevados, por lo que dirigirse a la ciudad es la siguiente opci\u00f3n viable.<\/p>\n\n\n<div class=\"lazyblock-ggg-custom-block-2ilMLc wp-block-lazyblock-ggg-custom-block\"><div class=\"ggg-custom-shortcode gigago-block-yellow\">\n    <div class=\"ggg-shortcode-content\">\n        <div data-zone-id=\"0\" data-line-index=\"0\" data-line=\"true\">Obt\u00e9n informaci\u00f3n detallada sobre <a href=\"https:\/\/chinaesim.com\/es\/tarjeta-sim-aeropuerto__trashed\/shanghai\/\">d\u00f3nde comprar una tarjeta SIM en el aeropuerto de Shanghai Pudong<\/a><\/div>    <\/div>\n<\/div><\/div>\n\n\n<h4 class=\"wp-block-heading\" id=\"in-the-city\">En la ciudad<\/h4>\n\n\n\n<p>Las tres empresas de telecomunicaciones tambi\u00e9n cuentan con destacadas tiendas en las calles principales y revendedores autorizados convenientemente ubicados en el centro de Shanghai para comprar tarjetas SIM:<\/p>\n\n\n\n<ul>\n<li>Encuentra tiendas emblem\u00e1ticas de China Mobile en East Nanjing Road, Huaihai Middle Road o dentro de los principales centros comerciales<\/li>\n\n\n\n<li>China Unicom tiene tiendas ubicadas justo en el paseo mar\u00edtimo del Bund y otras zonas<\/li>\n\n\n\n<li>Visita una tienda de China Telecom en calles comerciales como East Nanjing Road y Huaihai Road.<\/li>\n<\/ul>\n\n\n\n<p>Las mejores opciones de vecindarios para comprar tarjetas SIM de Shanghai en la ciudad incluyen:<\/p>\n\n\n\n<ul>\n<li><strong>Plaza del Pueblo:<\/strong> bulliciosa zona central con todas las tiendas de transporte entre centros comerciales y tiendas<\/li>\n\n\n\n<li><strong>Distrito comercial de Xujiahui:<\/strong> amplia zona de tr\u00e1nsito peatonal repleta de tiendas y restaurantes<\/li>\n\n\n\n<li><strong>El Bund: <\/strong>tramo emblem\u00e1tico junto al r\u00edo donde China Unicom tiene una tienda<\/li>\n\n\n\n<li><strong>East Nanjing Road:<\/strong> importante avenida comercial peatonal repleta de vendedores de tarjetas SIM<\/li>\n<\/ul>\n\n\n\n<p>Cuando adquieras su tarjeta SIM en la ciudad en una tienda minorista oficial del operador o en un vendedor externo autorizado, aseg\u00farate de traer tu pasaporte como prueba de identificaci\u00f3n.<\/p>\n\n\n\n<p>En general, configurar una tarjeta SIM de Shanghai al llegar o aventurarse en los vecindarios de la ciudad brinda a los visitantes acceso a conectividad de voz\/texto y datos m\u00f3viles de los principales operadores de redes chinos.<\/p>\n\n\n\n<h2 class=\"wp-block-heading\" id=\"iv-e-sim-para-viajeros-a-shanghai-una-alternativa-inteligente\">IV. eSIM para Viajeros a Shanghai: una Alternativa Inteligente<\/h2>\n\n\n\n<p>\u00bfViajas a Shangh\u00e1i y quieres estar conectado sin problemas? Una eSIM es una elecci\u00f3n inteligente. En lugar de buscar una tarjeta SIM en el aeropuerto, puedes comprar un plan eSIM en l\u00ednea antes de tu viaje en ChinaeSIM.<\/p>\n\n\n\n<p>\u00bfQu\u00e9 es una eSIM? Una eSIM es una tarjeta SIM digital que se integra directamente en su dispositivo. No se necesita una nano-SIM f\u00edsica. La compatibilidad con eSIM est\u00e1 disponible en muchos de los \u00faltimos dispositivos iPhone y Android.<\/p>\n\n\n\n<p><strong>Beneficios de usar una eSIM de chinaesim.com en Shanghai:<\/strong><\/p>\n\n\n\n<ul>\n<li>Activaci\u00f3n instant\u00e1nea en l\u00ednea. Simplemente descargue el perfil eSIM y estar\u00e1 conectado una vez en Shanghai. No hay que esperar en los aeropuertos.<\/li>\n\n\n\n<li>Cobertura confiable. Los planes eSIM en las redes China Mobile, China Telecom o China Unicom garantizan una excelente cobertura 4G en Shanghai.<\/li>\n\n\n\n<li>Sin cargos de roaming. Llamadas locales y datos dentro de China a tarifas asequibles.<\/li>\n\n\n\n<li>VPN incluida. Explore aplicaciones sociales restringidas como Facebook sin problemas con VPN incluida en planes eSIM m\u00e1s largos.<\/li>\n\n\n\n<li>Duraciones flexibles. Elija entre planes 5D, 7D, 15D o 1 mes que se adapten a la duraci\u00f3n de su viaje a Shanghai.<\/li>\n<\/ul>\n\n\n\n<h2 class=\"wp-block-heading\" id=\"v-cosas-a-preparar-al-comprar-una-tarjeta-sim-en-shanghai\">V. Cosas a Preparar al Comprar una Tarjeta SIM en Shanghai<\/h2>\n\n\n\n<p>Al dirigirse a comprar una tarjeta SIM de Shanghai en quioscos de aeropuertos, tiendas de operadores o revendedores autorizados, los visitantes deben preparar:<\/p>\n\n\n\n<ol>\n<li><strong>Dispositivo desbloqueado:<\/strong> su tel\u00e9fono inteligente debe estar desbloqueado para insertar una tarjeta SIM de Shanghai y poder acceder a la red del operador.<\/li>\n\n\n\n<li><strong>Pasaporte: <\/strong>traiga su pasaporte f\u00edsico como prueba de identificaci\u00f3n al comprar una SIM de viaje a Shanghai<\/li>\n\n\n\n<li><strong>Efectivo<\/strong>: tenga moneda local a mano para pagar en efectivo en la mayor\u00eda de los vendedores de tarjetas SIM.<\/li>\n\n\n\n<li><strong>Adaptadores de corriente:<\/strong> empaquete adaptadores de enchufe de China para cargar dispositivos con tarjetas SIM de Shanghai<\/li>\n\n\n\n<li><strong>Paciencia: <\/strong>t\u00f3mese tiempo adicional al comprar tarjetas SIM en Shanghai, ya que las colas y los tiempos de espera en las tiendas son comunes<\/li>\n<\/ol>\n\n\n\n<p>Asegurarse de que su tel\u00e9fono est\u00e9 desbloqueado en la red, tener su pasaporte listo para identificaci\u00f3n, dinero en efectivo para el pago y adaptadores de corriente a mano facilitar\u00e1 el proceso de compra de la tarjeta SIM de Shanghai.<\/p>\n\n\n\n<h2 class=\"wp-block-heading\" id=\"vi-consejos-y-recomendaciones\">VI. Consejos y Recomendaciones<\/h2>\n\n\n\n<p>M\u00e1s all\u00e1 de d\u00f3nde comprar tarjetas SIM, qu\u00e9 operador elegir y qu\u00e9 plan prepago es mejor en Shanghai, los visitantes deben considerar algunos otros consejos locales:<\/p>\n\n\n\n<ul>\n<li>Pruebe la cobertura: verifique dos veces la conectividad del medidor de se\u00f1al despu\u00e9s de insertar la tarjeta SIM de Shanghai.<\/li>\n\n\n\n<li>Cargar aplicaciones: descargue WeChat, Baidu Maps y otras aplicaciones \u00fatiles de China<\/li>\n\n\n\n<li>Habilite el roaming de datos: active el roaming en la configuraci\u00f3n del tel\u00e9fono para un alcance extendido<\/li>\n\n\n\n<li>Mant\u00e9ngase cargado: traiga cargadores port\u00e1tiles para mantenerse cargado en esta enorme ciudad<\/li>\n\n\n\n<li>L\u00edder del mercado de uso: China Mobile tiene la cobertura LTE m\u00e1s amplia y r\u00e1pida<\/li>\n<\/ul>\n\n\n\n<p>Tener en cuenta los consejos anteriores permite a los turistas maximizar la conectividad durante su estancia en Shanghai utilizando tarjetas SIM prepago.<\/p>\n\n\n\n<h2 class=\"wp-block-heading\" id=\"vii-preguntas-frecuentes\">VII. Preguntas Frecuentes<\/h2>\n\n\n<div id=\"rank-math-faq\" class=\"rank-math-block\">\n<div class=\"rank-math-list \">\n<div id=\"faq-question-1705649355247\" class=\"rank-math-list-item\">\n<h3 class=\"rank-math-question \">\u00bfQu\u00e9 operadores m\u00f3viles puedo elegir en Shanghai?<\/h3>\n<div class=\"rank-math-answer \">\n\n<p>Los tres principales operadores de telefon\u00eda m\u00f3vil de Shanghai son China Mobile, China Unicom y China Telecom. China Mobile tiene la mejor cobertura a nivel nacional. La red de China Unicom tambi\u00e9n es buena y m\u00e1s compatible con tel\u00e9fonos extranjeros.<\/p>\n\n<\/div>\n<\/div>\n<div id=\"faq-question-1705649365967\" class=\"rank-math-list-item\">\n<h3 class=\"rank-math-question \">\u00bfD\u00f3nde puedo comprar una tarjeta SIM en Shanghai?<\/h3>\n<div class=\"rank-math-answer \">\n\n<p>Puedes comprar tarjetas SIM en las tiendas de marca de cada operador. Las tiendas en los aeropuertos suelen tener personas que hablan ingl\u00e9s. Aseg\u00farate de traer tu pasaporte. Las tiendas oficiales tendr\u00e1n un proceso de activaci\u00f3n que incluir\u00e1 verificaci\u00f3n de identidad.<\/p>\n\n<\/div>\n<\/div>\n<div id=\"faq-question-1705649385838\" class=\"rank-math-list-item\">\n<h3 class=\"rank-math-question \">\u00bfQu\u00e9 planes est\u00e1n disponibles?<\/h3>\n<div class=\"rank-math-answer \">\n\n<p>Los operadores ofrecen planes mensuales combinados con datos y minutos. China Mobile ofrece planes 5G desde 128 RMB por 30 GB. China Unicom tiene planes diarios asequibles como 1 RMB\/1 GB. Ambos tienen opciones &#8220;ilimitadas&#8221; con pol\u00edticas de uso justo. Tambi\u00e9n se encuentran disponibles paquetes de datos complementarios.<\/p>\n\n<\/div>\n<\/div>\n<div id=\"faq-question-1705649394046\" class=\"rank-math-list-item\">\n<h3 class=\"rank-math-question \">\u00bfC\u00f3mo recargo mi saldo?<\/h3>\n<div class=\"rank-math-answer \">\n\n<p>Puede recargar en l\u00ednea usando WeChat Pay vinculando una tarjeta de cr\u00e9dito\/d\u00e9bito extranjera. O compre tarjetas rasca y gana en tiendas de conveniencia. Recargue en las tiendas del operador para agregarlo directamente al saldo de su cuenta.<\/p>\n\n<\/div>\n<\/div>\n<div id=\"faq-question-1705649425015\" class=\"rank-math-list-item\">\n<h3 class=\"rank-math-question \">\u00bfFuncionar\u00e1 mi tel\u00e9fono extranjero?<\/h3>\n<div class=\"rank-math-answer \">\n\n<p>La red de China Unicom admite la mayor\u00eda de los tel\u00e9fonos 3G\/4G extranjeros. China Mobile utiliza est\u00e1ndares 4G menos comunes, pero los tel\u00e9fonos multibanda m\u00e1s nuevos deber\u00edan funcionar. Considere una SIM de Hong Kong para una mejor compatibilidad.<\/p>\n\n<\/div>\n<\/div>\n<div id=\"faq-question-1705649465395\" class=\"rank-math-list-item\">\n<h3 class=\"rank-math-question \">\u00bfSe necesita una VPN en China?<\/h3>\n<div class=\"rank-math-answer \">\n\n<p>S\u00ed, muchos sitios web y servicios extranjeros est\u00e1n bloqueados en China. Descargue una VPN antes de su viaje para acceder a contenido bloqueado y evitar las restricciones de censura en Internet.<br \/><strong><em>Quiz\u00e1s te interese:<\/em><\/strong> <a href=\"https:\/\/chinaesim.com\/es\/usar-movil\/\" data-type=\"page\" data-id=\"9573\">[Para viajeros] \u00bfC\u00f3mo usar tu tel\u00e9fono en China? 4 formas y costo<\/a><\/p>\n\n<\/div>\n<\/div>\n<\/div>\n<\/div>\n\n<div class=\"lazyblock-cta-selling-points-2jtHp0 wp-block-lazyblock-cta-selling-points\">\n<div class=\"cta-selling-points mb-6\">\n    <div class=\"title\">\u00a1Vaya m\u00e1s all\u00e1 de las fronteras con chinaesim.com!<\/div>\n    <div class=\"content\"><div data-page-id=\"AEbGd8Fedo34ogxo3qJlpSgZgyh\" data-docx-has-block-data=\"false\">\n<div class=\"ace-line ace-line old-record-id-Zf0Ud14xhonxs0xfWealkSffg3b\" style=\"text-align: left\">\u26a1\ufe0f<strong>Instant Activation<\/strong>: No waiting, just download and go!<\/div>\n<div class=\"ace-line ace-line old-record-id-X6mldaezuoZfpCxlCoAlhv2mgYc\" style=\"text-align: left\">\u2708\ufe0f<strong>Local Carrier Magic<\/strong>: Seamless &amp; speedy, powered by major players.<\/div>\n<div class=\"ace-line ace-line old-record-id-KjXTdeqoJorTvfx3nMHlc4THgAu\" style=\"text-align: left\">\u267e\ufe0f<strong>Flexible Plans<\/strong>: Choose the data package that fits your needs and budget.<\/div>\n<div class=\"ace-line ace-line old-record-id-LnA6d16A6oBz0mxsmHrl67R7ghc\" style=\"text-align: left\">\u2705<strong>No Hidden Fees<\/strong>: What you see is what you pay, no surprises.<\/div>\n<div style=\"text-align: left\">\u00a0<\/div>\n<div class=\"ace-line ace-line old-record-id-CA9edLEa6oSHfPx9sdalflRigjh\" style=\"text-align: left\">Ready to break free from roaming restrictions? Click the button below to grab your eSIM and start your global adventure today!<\/div>\n<\/div><\/div>\n    <div class=\"link-shop\">\n        <a href=\"https:\/\/chinaesim.com\/es\">\n            Comprar Ahora        <\/a>\n    <\/div>\n<\/div><\/div>","protected":false},"excerpt":{"rendered":"<p>Shanghai es una ciudad vibrante y moderna que ofrece a los visitantes una emocionante combinaci\u00f3n de sitios emblem\u00e1ticos, una floreciente escena art\u00edstica y cultural, tiendas y restaurantes de primer nivel, y mucho m\u00e1s. Un elemento esencial que deben considerar los viajeros en Shanghai es obtener una tarjeta SIM local. Con tantos proveedores de red y [&#8230;]\n","protected":false},"author":15,"featured_media":9920,"parent":9502,"menu_order":0,"comment_status":"closed","ping_status":"closed","template":"page-right-sidebar.php","meta":{"_acf_changed":false,"inline_featured_image":false,"footnotes":""},"acf":[],"jetpack_sharing_enabled":true,"_links":{"self":[{"href":"https:\/\/chinaesim.com\/es\/wp-json\/wp\/v2\/pages\/9985"}],"collection":[{"href":"https:\/\/chinaesim.com\/es\/wp-json\/wp\/v2\/pages"}],"about":[{"href":"https:\/\/chinaesim.com\/es\/wp-json\/wp\/v2\/types\/page"}],"author":[{"embeddable":true,"href":"https:\/\/chinaesim.com\/es\/wp-json\/wp\/v2\/users\/15"}],"replies":[{"embeddable":true,"href":"https:\/\/chinaesim.com\/es\/wp-json\/wp\/v2\/comments?post=9985"}],"version-history":[{"count":0,"href":"https:\/\/chinaesim.com\/es\/wp-json\/wp\/v2\/pages\/9985\/revisions"}],"up":[{"embeddable":true,"href":"https:\/\/chinaesim.com\/es\/wp-json\/wp\/v2\/pages\/9502"}],"wp:featuredmedia":[{"embeddable":true,"href":"https:\/\/chinaesim.com\/es\/wp-json\/wp\/v2\/media\/9920"}],"wp:attachment":[{"href":"https:\/\/chinaesim.com\/es\/wp-json\/wp\/v2\/media?parent=9985"}],"curies":[{"name":"wp","href":"https:\/\/api.w.org\/{rel}","templated":true}]}}