{"id":9963,"date":"2024-05-10T17:22:16","date_gmt":"2024-05-10T10:22:16","guid":{"rendered":"https:\/\/chinaesim.com\/?page_id=9963"},"modified":"2025-10-06T10:51:06","modified_gmt":"2025-10-06T03:51:06","slug":"china-telecom","status":"publish","type":"page","link":"https:\/\/chinaesim.com\/es\/operadores\/china-telecom\/","title":{"rendered":"Tarjetas SIM de China Telecom: Gu\u00eda Completa para Turistas"},"content":{"rendered":"\n<p>Viajar a China puede ser una aventura emocionante, pero mantenerse conectado es crucial para navegar por destinos desconocidos, acceder a informaci\u00f3n en l\u00ednea y mantenerse en contacto con los seres queridos. Una de las formas m\u00e1s c\u00f3modas de garantizar una conectividad perfecta es adquirir una tarjeta SIM de China Telecom.<\/p>\n\n\n\n<p>Esta gu\u00eda le proporcionar\u00e1 informaci\u00f3n valiosa sobre China Telecom, su cobertura, las opciones de tarjetas SIM y d\u00f3nde adquirirlas.<\/p>\n\n\n\n<figure class=\"wp-block-image size-large\"><img decoding=\"async\" width=\"1024\" height=\"683\" src=\"https:\/\/chinaesim.com\/wp-content\/uploads\/sites\/5\/2024\/07\/chinatelecom-sim-esim-es-1024x683.jpg\" alt=\"sim de china telecom\" class=\"wp-image-9800\" srcset=\"https:\/\/chinaesim.com\/wp-content\/uploads\/sites\/5\/2024\/07\/chinatelecom-sim-esim-es-1024x683.jpg 1024w, https:\/\/chinaesim.com\/wp-content\/uploads\/sites\/5\/2024\/07\/chinatelecom-sim-esim-es-300x200.jpg 300w, https:\/\/chinaesim.com\/wp-content\/uploads\/sites\/5\/2024\/07\/chinatelecom-sim-esim-es-768x512.jpg 768w, https:\/\/chinaesim.com\/wp-content\/uploads\/sites\/5\/2024\/07\/chinatelecom-sim-esim-es-570x380.jpg 570w, https:\/\/chinaesim.com\/wp-content\/uploads\/sites\/5\/2024\/07\/chinatelecom-sim-esim-es.jpg 1200w\" sizes=\"(max-width: 1024px) 100vw, 1024px\" \/><\/figure>\n\n\n\n<div class=\"wp-block-rank-math-toc-block\" id=\"rank-math-toc\"><h2>\u00cdndice<\/h2><nav><div><div class=\"\"><a href=\"#i-datos-breves-sobre-china-telecom\">I. Datos Breves sobre China Telecom<\/a><\/div><div class=\"\"><a href=\"#ii-cobertura-y-velocidad-de-china-telecom\">II. Cobertura y Velocidad de China Telecom<\/a><\/div><div class=\"\"><a href=\"#iii-las-mejores-tarjetas-sim-de-china-telecom-para-turistas-coste\">III. Las Mejores Tarjetas SIM de China Telecom para Turistas &amp; Coste<\/a><\/div><div class=\"\"><a href=\"#iv-es-china-telecom-compatible-con-e-sim\">IV. \u00bfEs China Telecom compatible con eSIM?<\/a><\/div><div class=\"\"><a href=\"#v-donde-se-pueden-comprar-las-tarjetas-sim-de-china-telecom\">V. \u00bfD\u00f3nde Se Pueden Comprar Las Tarjetas SIM De China Telecom?<\/a><\/div><div class=\"\"><a href=\"#vi-como-activar-la-tarjeta-sim-de-china-telecom\">VI. C\u00f3mo Activar la Tarjeta SIM de China Telecom<\/a><\/div><div class=\"\"><a href=\"#vii-tarifas-de-llamadas-y-sms-de-china-telecom\">VII. Tarifas de Llamadas y SMS de China Telecom<\/a><\/div><div class=\"\"><a href=\"#viii-codigos-ussd-utiles-para-tarjetas-sim-de-china-telecom\">VIII. C\u00f3digos USSD \u00datiles para Tarjetas SIM de China Telecom<\/a><\/div><div class=\"\"><a href=\"#ix-como-recargar-tarjetas-sim-de-china-telecom\">IX. C\u00f3mo Recargar Tarjetas SIM de China Telecom<\/a><\/div><div class=\"\"><a href=\"#x-alternativas-a-china-telecom\">X. Alternativas a China Telecom<\/a><\/div><div class=\"\"><a href=\"#xi-fa-qs-about-china-telecom\">XI. FAQs about China Telecom<\/a><\/div><div class=\"\"><a href=\"#palabras-finales\">Palabras Finales<\/a><\/div><\/div><\/nav><\/div>\n\n\n\n<h2 class=\"wp-block-heading\" id=\"i-datos-breves-sobre-china-telecom\">I. Datos Breves sobre China Telecom<\/h2>\n\n\n\n<p>China Telecom es uno de los grandes nombres del mundo de las telecomunicaciones. Como mayor proveedor de telefon\u00eda fija de China, ha creado una extensa red de fibra \u00f3ptica e infraestructura que conecta a cientos de millones de usuarios en todo el vasto pa\u00eds. He aqu\u00ed algunos datos r\u00e1pidos para entender mejor esta gigantesca empresa estatal china de telecomunicaciones:<\/p>\n\n\n\n<ul>\n<li><strong>Nombre completo de la empresa:<\/strong> El nombre completo de la empresa es China Telecommunications Corporation, com\u00fanmente conocida como China Telecom o \u4e2d\u56fd\u7535\u4fe1.<\/li>\n\n\n\n<li><strong>Tipos de servicios prestados:<\/strong> Servicios de redes m\u00f3viles, servicios de telefon\u00eda fija, internet de banda ancha, televisi\u00f3n digital, servicios TIC, servicios de centros de datos, servicios de internet de las cosas, etc.<\/li>\n\n\n\n<li><strong>N\u00famero de abonados:<\/strong> En 2022, China Telecom ten\u00eda aproximadamente 370 millones de abonados m\u00f3viles, lo que la convierte en uno de los mayores operadores m\u00f3viles de China y del mundo.<\/li>\n\n\n\n<li><strong>Cobertura: <\/strong>Aunque su sede se encuentra en Pek\u00edn, China Telecom tiene presencia mundial y opera en varios pa\u00edses y regiones, como Hong Kong, Taiw\u00e1n, Macao y Estados Unidos. <\/li>\n<\/ul>\n\n\n\n<p>En los \u00faltimos a\u00f1os, China Telecom se ha asociado con empresas como Huawei, ZTE y Ericsson para seguir mejorando y modernizando su infraestructura de telecomunicaciones 5G con el fin de ofrecer servicios avanzados de conectividad.<\/p>\n\n\n\n<h2 class=\"wp-block-heading\" id=\"ii-cobertura-y-velocidad-de-china-telecom\">II. Cobertura y Velocidad de China Telecom<\/h2>\n\n\n\n<h3 class=\"wp-block-heading\" id=\"china-telecom-coverage\">Cobertura de China Telecom<\/h3>\n\n\n\n<p>Como turista que visita China, esto es lo que necesitas saber sobre la cobertura de red de China Telecom:<\/p>\n\n\n\n<ul>\n<li><strong>Red: <\/strong>China Telecom opera con una red CDMA, que utiliza un est\u00e1ndar diferente al de la mayor\u00eda de los tel\u00e9fonos de otros pa\u00edses. S\u00f3lo algunos tel\u00e9fonos CDMA \u00abglobales\u00bb funcionan en la red de China Telecom.<\/li>\n\n\n\n<li><strong>Cobertura: <\/strong>China Telecom tiene una modesta cobertura 4G\/LTE en las principales ciudades y pueblos de China. La cobertura se est\u00e1 ampliando, pero sigue estando por detr\u00e1s de China Mobile y China Unicom. La cobertura 2G se extiende m\u00e1s a las zonas rurales para voz y texto.<\/li>\n\n\n\n<li><strong>Frecuencias<\/strong>: La red 4G de China Telecom opera en las bandas 1, 3 y 5. Sin embargo, la banda 5 rara vez est\u00e1 disponible. Sin embargo, la banda 5 rara vez est\u00e1 disponible. La mayor\u00eda de los smartphones multibanda desbloqueados deber\u00edan ser compatibles con las bandas 1 y 3.<\/li>\n<\/ul>\n\n\n\n<h3 class=\"wp-block-heading\" id=\"china-telecom-speed\">Velocidad de China Telecom<\/h3>\n\n\n\n<p>Seg\u00fan pruebas de velocidad recientes, as\u00ed es como se comparan las velocidades de la red de China Telecom:<\/p>\n\n\n\n<ul>\n<li><strong>Banda ancha fija: <\/strong>La velocidad media de descarga de banda ancha fija de China Telecom fue de 241,69 Mbps en marzo de 2024, lo que la sit\u00faa en el 8\u00ba puesto mundial. La velocidad de subida fue de 38,27 Mbps.<\/li>\n\n\n\n<li><strong>M\u00f3viles:<\/strong> En redes m\u00f3viles, China Telecom proporcion\u00f3 velocidades medias de descarga de 143,68 Mbps en marzo de 2024, lo que la sit\u00faa como la cuarta m\u00e1s r\u00e1pida de China, por detr\u00e1s de China Broadnet, China Mobile y China Unicom.<\/li>\n\n\n\n<li><strong>Ciudades individuales: <\/strong>Tianjin registr\u00f3 las velocidades m\u00e1s r\u00e1pidas de China Telecom, con 326,07 Mbps de descarga en l\u00edneas fijas. En m\u00f3vil, Pek\u00edn alcanz\u00f3 232,41 Mbps de descarga seg\u00fan las pruebas.<\/li>\n\n\n\n<li><strong>Comparaci\u00f3n de proveedores: <\/strong>China Telecom super\u00f3 a China Unicom en las velocidades medias de descarga y subida 4G para los turistas que dependen de datos inal\u00e1mbricos.<\/li>\n<\/ul>\n\n\n\n<p>En resumen, las velocidades de China Telecom siguen siendo respetables para los est\u00e1ndares mundiales: buenas para el uso diario del m\u00f3vil y para descargas ligeras mientras se viaja por los principales centros urbanos de China, donde su red 4G tiene actualmente la mejor cobertura. Considere China Unicom como alternativa para una cobertura rural m\u00e1s amplia en sus viajes por China.<\/p>\n\n\n\n<h2 class=\"wp-block-heading\" id=\"iii-las-mejores-tarjetas-sim-de-china-telecom-para-turistas-coste\">III. Las Mejores Tarjetas SIM de China Telecom para Turistas &amp; Coste<\/h2>\n\n\n\n<p>China Telecom utiliza una red CDMA que no es compatible con tel\u00e9fonos GSM de fuera de China. Sin embargo, ofrecen algunas opciones que son compatibles con ciertos tel\u00e9fonos CDMA \u00abglobales\u00bb.<\/p>\n\n\n\n<h3 class=\"wp-block-heading\" id=\"network\">Red<\/h3>\n\n\n\n<p>China Telecom utiliza la red CDMA2000 1x (3G) en la clase de banda 0. Su red 4G utiliza las bandas LTE 1, 3 y 5. Por tanto, s\u00f3lo funcionar\u00e1n los tel\u00e9fonos con modo dual CDMA2000\/LTE. Las opciones m\u00e1s comunes son los tel\u00e9fonos recientes de Apple, LG, Motorola o Samsung con las bandas LTE adecuadas.<\/p>\n\n\n\n<h3 class=\"wp-block-heading\" id=\"availability\">Disponibilidad<\/h3>\n\n\n\n<p>Las tarjetas SIM de China Telecom pueden adquirirse en tiendas que exhiban el logotipo de China Telecom. Es posible que el personal no hable ingl\u00e9s, por lo que a continuaci\u00f3n se indican los nombres de los planes. Se requiere una recarga inicial de 30-50 RMB.<\/p>\n\n\n\n<h3 class=\"wp-block-heading\" id=\"plans\">Planes<\/h3>\n\n\n\n<p>Estos son algunos de los planes de prepago de China Telecom adecuados para turistas:<\/p>\n\n\n\n<figure class=\"wp-block-table\"><table><thead><tr><th>Nombre del plan<\/th><th>Precio (RMB)<\/th><th>Precio (USD)<\/th><th>Datos<\/th><th>Validez<\/th><\/tr><\/thead><tbody><tr><td>\u4f4e\u7528\u91cf\u5957\u9910 (Plan de bajo consumo)<\/td><td>18 RMB<\/td><td>2.60 USD\/mes<\/td><td>200 MB renovables cada mes<\/td><td>N\/A<\/td><\/tr><tr><td>\u57fa\u672c\u5957\u9910 (Plan B\u00e1sico)<\/td><td>28 RMB<\/td><td>4 USD\/mes<\/td><td>2GB<\/td><td>30 d\u00edas<\/td><\/tr><tr><td>\u6d41\u91cf\u53051 (Paquete de datos 1)<\/td><td>38 RMB<\/td><td>5.50 USD<\/td><td>3GB<\/td><td>30 d\u00edas<\/td><\/tr><tr><td>\u6d41\u91cf\u53052 (Paquete de datos 2)<\/td><td>58 RMB<\/td><td>8.40 USD<\/td><td>6GB<\/td><td>30 d\u00edas<\/td><\/tr><tr><td>\u6d41\u91cf\u53053 (Paquete de datos 3)<\/td><td>88 RMB<\/td><td>12.70 USD<\/td><td>10GB<\/td><td>30 d\u00edas<\/td><\/tr><\/tbody><\/table><figcaption class=\"wp-element-caption\"><em>Los datos no utilizados se cobran a 1 RMB\/100 MB (0,15 USD\/100 MB) en todos los planes. Los datos no utilizados se acumulan. El tipo de cambio utilizado es 1 USD = 6,92 RMB.<br><\/em><br>China Telecom puede funcionar para los turistas si se tiene un tel\u00e9fono CDMA\/LTE compatible, con varios planes de datos entre 18 y 88 RMB. Hay que asegurarse de adquirir el tel\u00e9fono adecuado de antemano.<\/figcaption><\/figure>\n\n\n\n<h2 class=\"wp-block-heading\" id=\"iv-es-china-telecom-compatible-con-e-sim\">IV. \u00bfEs China Telecom compatible con eSIM?<\/h2>\n\n\n\n<p>China Telecom opera redes GSM y CDMA en China y ofrece planes de pospago y prepago. Sin embargo, todas sus tarjetas SIM siguen teniendo formatos f\u00edsicos nano-SIM o micro-SIM que hay que insertar en el dispositivo. <strong>No permiten a los usuarios activar un perfil eSIM integrado en su red.<\/strong><\/p>\n\n\n\n<p>Esto puede causar inconvenientes a los viajeros internacionales que visitan China con regularidad. Como muchos de los \u00faltimos iPhone y dispositivos Android s\u00f3lo admiten eSIM y no ranuras SIM f\u00edsicas. Los viajeros tienen que comprar una SIM f\u00edsica adicional o recurrir a caros planes de itinerancia.<\/p>\n\n\n\n<p>Si quieres seguir conectado en China con un dispositivo compatible con eSIM pero no puedes utilizar la eSIM del operador local, una alternativa es <strong>optar por los planes de datos eSIM de Chinaesim.com<\/strong>.<\/p>\n\n\n\n<p>Los planes eSIM de <strong>Chinaesim<\/strong> son muy asequibles, desde s\u00f3lo 7 $. Obtendr\u00e1s datos LTE de alta velocidad sin preocuparte por las limitaciones de las SIM f\u00edsicas. Es una forma sencilla de estar conectado durante tu viaje a China con cualquier dispositivo compatible con eSIM.<\/p>\n\n\n\n<h2 class=\"wp-block-heading\" id=\"v-donde-se-pueden-comprar-las-tarjetas-sim-de-china-telecom\">V. \u00bfD\u00f3nde Se Pueden Comprar Las Tarjetas SIM De China Telecom?<\/h2>\n\n\n\n<p>Puede comprar una tarjeta SIM de China Telecom en varios lugares de China:<\/p>\n\n\n\n<ol start=\"1\">\n<li><strong>Tiendas al por menor de China Telecom: <\/strong>Visite cualquier tienda minorista de China Telecom, que est\u00e1n ampliamente disponibles en las principales ciudades, aeropuertos y centros de transporte. El personal puede ayudarle a elegir la tarjeta SIM y el paquete de datos adecuados.<\/li>\n\n\n\n<li><strong>Distribuidores y agentes autorizados: <\/strong>China Telecom tiene numerosos revendedores y agentes autorizados en todo el pa\u00eds donde puede comprar tarjetas SIM. Estos lugares pueden incluir tiendas de conveniencia, tiendas de electr\u00f3nica y tiendas de accesorios para m\u00f3viles.<\/li>\n\n\n\n<li><strong>Tiendas en l\u00ednea:<\/strong> Algunas tiendas en l\u00ednea y plataformas de comercio electr\u00f3nico pueden ofrecer tarjetas SIM de China Telecom para su compra y entrega. Sin embargo, sea precavido y compre a vendedores de confianza para asegurarse de recibir un producto aut\u00e9ntico.<\/li>\n<\/ol>\n\n\n\n<h2 class=\"wp-block-heading\" id=\"vi-como-activar-la-tarjeta-sim-de-china-telecom\">VI. C\u00f3mo Activar la Tarjeta SIM de China Telecom<\/h2>\n\n\n\n<p>Para activar y utilizar una tarjeta SIM de China Telecom, siga estos pasos:<\/p>\n\n\n\n<ol start=\"1\">\n<li><strong>Inserta la tarjeta SIM<\/strong>: Localiza la ranura de la tarjeta SIM en tu dispositivo e inserta la tarjeta SIM de China Telecom siguiendo las instrucciones proporcionadas.<\/li>\n\n\n\n<li><strong>Activa la itinerancia de datos: <\/strong>Activa la itinerancia de datos en tu dispositivo para garantizar la conectividad con la red de China Telecom.<\/li>\n\n\n\n<li><strong>Activa la tarjeta SIM: <\/strong>Sigue las instrucciones proporcionadas por China Telecom o el distribuidor para activar tu tarjeta SIM. Esto puede implicar el env\u00edo de un SMS espec\u00edfico o llamar a un n\u00famero designado.<\/li>\n\n\n\n<li><strong>Configura los ajustes APN:<\/strong> Si es necesario, es posible que tengas que configurar manualmente los ajustes del Nombre del Punto de Acceso (APN) en tu dispositivo para acceder a Internet. La configuraci\u00f3n de APN para China Telecom deber\u00eda venir con tu tarjeta SIM o estar disponible en su p\u00e1gina web.<\/li>\n\n\n\n<li><strong>Recarga y selecciona un paquete de datos:<\/strong> Una vez activada, puedes recargar el saldo de tu tarjeta SIM y seleccionar un paquete de datos adecuado a tus necesidades y a la duraci\u00f3n de tu estancia en China.<\/li>\n<\/ol>\n\n\n\n<h2 class=\"wp-block-heading\" id=\"vii-tarifas-de-llamadas-y-sms-de-china-telecom\">VII. Tarifas de Llamadas y SMS de China Telecom<\/h2>\n\n\n\n<figure class=\"wp-block-table\"><table><thead><tr><th>Tipo de llamada\/texto<\/th><th>Detalles de la tarifa<\/th><\/tr><\/thead><tbody><tr><td>Llamadas\/textos locales (dentro de China)<\/td><td>Gratis entre redes m\u00f3viles chinas<\/td><\/tr><tr><td>Llamadas a EE.UU., Corea del Sur, Singapur<\/td><td>0,99 RMB\/min (aprox. 0,16 USD)<\/td><\/tr><tr><td>Calls to most European countries, Japan<\/td><td>1,99 RMB\/min (aprox. 0,31 USD) con China Mobile<\/td><\/tr><tr><td>Recepci\u00f3n de mensajes de texto<\/td><td>Gratis en todo el mundo<\/td><\/tr><tr><td>Env\u00edo de mensajes de texto de EE.UU.\/Europa a China<\/td><td>0,19-0,99 RMB (0,03- 0,16 USD)<\/td><\/tr><\/tbody><\/table><\/figure>\n\n\n\n<p>Notas adicionales:<\/p>\n\n\n\n<ul>\n<li>Las tarifas est\u00e1n sujetas a cambios; consulte el sitio web de China Telecom para conocer las \u00faltimas.<\/li>\n\n\n\n<li>La calidad del servicio puede variar seg\u00fan la ubicaci\u00f3n y el plan espec\u00edfico.<\/li>\n<\/ul>\n\n\n\n<h2 class=\"wp-block-heading\" id=\"viii-codigos-ussd-utiles-para-tarjetas-sim-de-china-telecom\">VIII. C\u00f3digos USSD \u00datiles para Tarjetas SIM de China Telecom<\/h2>\n\n\n\n<p>China Telecom proporciona c\u00f3modos c\u00f3digos USSD que le permiten acceder a diversos servicios e informaci\u00f3n directamente desde su dispositivo. Aqu\u00ed tienes algunos c\u00f3digos USSD \u00fatiles para gestionar tu tarjeta SIM de China Telecom:<\/p>\n\n\n\n<figure class=\"wp-block-table\"><table><thead><tr><th><strong>C\u00f3digo USSD<\/strong><\/th><th><strong>Funci\u00f3n<\/strong><\/th><\/tr><\/thead><tbody><tr><td>Enviar \u00ab101\u00bb a \u00ab10001\u00bb<\/td><td>Comprobar saldo<\/td><\/tr><tr><td>Enviar \u201dQ\u00bb a \u00ab10001 \u00bb<\/td><td>Recibir un mensaje de ayuda con m\u00e1s c\u00f3digos generales disponibles.<\/td><\/tr><\/tbody><\/table><\/figure>\n\n\n\n<p>Estos c\u00f3digos USSD proporcionan un acceso r\u00e1pido y sencillo a servicios esenciales, ayud\u00e1ndole a mantenerse conectado e informado mientras utiliza la red de China Telecom.<\/p>\n\n\n\n<h2 class=\"wp-block-heading\" id=\"ix-como-recargar-tarjetas-sim-de-china-telecom\">IX. C\u00f3mo Recargar Tarjetas SIM de China Telecom<\/h2>\n\n\n\n<p>Para recargar tu tarjeta SIM o eSIM de China Telecom, puedes elegir entre varios m\u00e9todos convenientes dependiendo de tu preferencia y ubicaci\u00f3n. Estas son las formas m\u00e1s comunes de recargar tu saldo:<\/p>\n\n\n\n<ul>\n\n<li><strong>Por tel\u00e9fono: <\/strong>Marca 10000 desde tu tel\u00e9fono de China y sigue las instrucciones de voz para a\u00f1adir fondos a tu saldo. No es necesario saber chino.<\/li>\n\n\n<li><strong>Visitando una tienda<\/strong>: Ac\u00e9rcate a una tienda China Telecom cercana y el amable personal te ayudar\u00e1 a recargar el saldo, sin necesidad de cita previa. Busque tiendas en centros comerciales, estaciones de tren y aeropuertos.<\/li>\n\n\n<li><strong>Utiliza WeChat o Alipay: <\/strong>Si ya tienes instaladas estas aplicaciones, \u00e1brelas, selecciona \u00abRecarga m\u00f3vil\u00bb, introduce tu n\u00famero y paga. \u00a1S\u00faper sencillo!<\/li>\n\n\n<li><strong>Descarga las aplicaciones del operador:<\/strong> \u00bfHas encontrado la aplicaci\u00f3n oficial de China Telecom? Inst\u00e1lala para recargar directamente desde tu dispositivo mientras haces turismo.<\/li>\n\n\n<li><strong>Recarga en l\u00ednea:<\/strong> Sitios web como recharge.com y monito.com te permiten recargar desde cualquier lugar con conexi\u00f3n a Internet utilizando tu n\u00famero de pasaporte para la verificaci\u00f3n. Los fondos se a\u00f1aden al instante.<\/li>\n\n<\/ul>\n\n\n\n<p>Por \u00faltimo, no pierda la fotocopia del pasaporte que entreg\u00f3 al contratar la tarjeta SIM de China: la necesitar\u00e1 para comprar tiempo de conversaci\u00f3n y datos adicionales. Buen viaje.<\/p>\n\n\n\n<h2 class=\"wp-block-heading\" id=\"x-alternativas-a-china-telecom\">X. Alternativas a China Telecom<\/h2>\n\n\n\n<p>Aunque China Telecom es una opci\u00f3n popular para los viajeros debido a su amplia cobertura y servicios fiables, hay proveedores de telecomunicaciones alternativos en China que puede considerar en funci\u00f3n de sus necesidades espec\u00edficas:<\/p>\n\n\n\n<h3 class=\"wp-block-heading\" id=\"alternative-telecom-providers\">Otros proveedores de telecomunicaciones<\/h3>\n\n\n\n<ol start=\"1\">\n<li><strong>China Mobile:<\/strong> Como uno de los mayores operadores de telecomunicaciones de China, China Mobile ofrece planes de datos competitivos y cobertura en todo el pa\u00eds. Atiende a usuarios nacionales e internacionales con una amplia gama de servicios.<\/li>\n\n\n\n<li><strong>China Unicom:<\/strong> Otro de los principales proveedores de telecomunicaciones de China, China Unicom ofrece diversos paquetes de datos y voz para viajeros y residentes. Tiene acuerdos con operadores internacionales para una conectividad sin fisuras.<\/li>\n\n\n\n<li><strong><a href=\"https:\/\/chinaesim.com\/es\/operadores\/#i-lista-de-operadores-de-telefonia-movil-en-china\">Operadores de redes virtuales (OMV)<\/a><\/strong>: En China operan varios OMV que alquilan la infraestructura de red de grandes operadores como China Telecom, China Mobile y China Unicom. Estos OMV pueden ofrecer planes especializados o descuentos para determinados grupos demogr\u00e1ficos.<\/li>\n<\/ol>\n\n\n\n<p>Antes de elegir un proveedor de telecomunicaciones en China, compara la cobertura, los paquetes de datos y las tarifas que ofrecen las distintas compa\u00f1\u00edas para encontrar la que mejor se adapte a tus necesidades de comunicaci\u00f3n durante tu estancia.<\/p>\n\n\n\n<h2 class=\"wp-block-heading\" id=\"xi-fa-qs-about-china-telecom\">XI. FAQs about China Telecom<\/h2>\n\n\n<div id=\"rank-math-faq\" class=\"rank-math-block\">\n<div class=\"rank-math-list \">\n<div id=\"faq-question-1732871525289\" class=\"rank-math-list-item\">\n<h3 class=\"rank-math-question \">\u00bfQu\u00e9 red m\u00f3vil usa China Telecom?<\/h3>\n<div class=\"rank-math-answer \">\n\n<p>China Telecom utiliza una red CDMA que es incompatible con todos los tel\u00e9fonos GSM comprados fuera de China. Solo ciertos dispositivos CDMA &#8220;globales&#8221; pueden funcionar en su red.<\/p>\n\n<\/div>\n<\/div>\n<div id=\"faq-question-1732871533178\" class=\"rank-math-list-item\">\n<h3 class=\"rank-math-question \">\u00bfQu\u00e9 frecuencias y bandas usa China Telecom?<\/h3>\n<div class=\"rank-math-answer \">\n\n<p>China Telecom utiliza CDMA en la banda BC0 (principalmente solo voz) y EVDO en la banda BC0 (en su mayor\u00eda descontinuado). Para 4G\/LTE, utilizan las bandas de 850 MHz, 1800 MHz y 2100 MHz (FDD-LTE) y 2600 MHz (TD-LTE).<\/p>\n\n<\/div>\n<\/div>\n<div id=\"faq-question-1732871622890\" class=\"rank-math-list-item\">\n<h3 class=\"rank-math-question \">\u00bfCu\u00e1les son las opciones de inicio y disponibilidad de China Telecom?<\/h3>\n<div class=\"rank-math-answer \">\n\n<p>Para comenzar un plan con China Telecom, necesitas mostrar tu pasaporte y comprobante de domicilio en China al comprar una tarjeta SIM en una tienda oficial de China Telecom. Las tarjetas SIM est\u00e1n disponibles en los tama\u00f1os est\u00e1ndar nano\/micro\/normal.<\/p>\n\n<\/div>\n<\/div>\n<div id=\"faq-question-1732871677458\" class=\"rank-math-list-item\">\n<h3 class=\"rank-math-question \">\u00bfCu\u00e1les son algunos de los planes prepago de China Telecom?<\/h3>\n<div class=\"rank-math-answer \">\n\n<p>Algunos planes clave incluyen:<br \/>&#8211; Plan de bajo uso (\u65e0\u5fe7\u5361): A partir de 20 RMB\/mes por 30 minutos de tiempo de conversaci\u00f3n y 30 MB de datos<br \/>&#8211; Planes combinados que incluyen tiempo de conversaci\u00f3n y datos<br \/>&#8211; Varios paquetes de datos adicionales que se pueden comprar<\/p>\n\n<\/div>\n<\/div>\n<div id=\"faq-question-1732871692050\" class=\"rank-math-list-item\">\n<h3 class=\"rank-math-question \">\u00bfC\u00f3mo se verifica el saldo y el uso en China Telecom?<\/h3>\n<div class=\"rank-math-answer \">\n\n<p>Para verificar su saldo, env\u00ede un SMS con el texto &#8220;dyyb&#8221; al 10010. Para verificar su uso de datos, env\u00ede un SMS con el texto &#8220;1098&#8221; al 10010.<\/p>\n\n<\/div>\n<\/div>\n<div id=\"faq-question-1732871702650\" class=\"rank-math-list-item\">\n<h3 class=\"rank-math-question \">\u00bfHay una manera de suspender su plan de China Telecom si sale de China temporalmente?<\/h3>\n<div class=\"rank-math-answer \">\n\n<p>Se recomienda terminar su plan y cuenta de China Telecom correctamente antes de salir de China para evitar cualquier problema. La terminaci\u00f3n requiere visitar una tienda de China Telecom en persona con su identificaci\u00f3n original.<\/p>\n\n<\/div>\n<\/div>\n<\/div>\n<\/div>\n\n\n<h2 class=\"wp-block-heading\" id=\"palabras-finales\">Palabras Finales<\/h2>\n\n\n\n<p>Tanto si navegas por las bulliciosas calles de Pek\u00edn, como si exploras los lugares hist\u00f3ricos de Xi&#8217;an o realizas negocios en Shanghai, permanecer conectado con China Telecom garantiza una comunicaci\u00f3n fluida y el acceso a servicios en l\u00ednea esenciales durante todo tu viaje. Disfruta de tus viajes por China con la comodidad y fiabilidad de la red de China Telecom.<\/p>\n","protected":false},"excerpt":{"rendered":"<p>Viajar a China puede ser una aventura emocionante, pero mantenerse conectado es crucial para navegar por destinos desconocidos, acceder a informaci\u00f3n en l\u00ednea y mantenerse en contacto con los seres queridos. Una de las formas m\u00e1s c\u00f3modas de garantizar una conectividad perfecta es adquirir una tarjeta SIM de China Telecom. Esta gu\u00eda le proporcionar\u00e1 informaci\u00f3n [&#8230;]\n","protected":false},"author":15,"featured_media":9800,"parent":9507,"menu_order":0,"comment_status":"closed","ping_status":"closed","template":"page-right-sidebar.php","meta":{"_acf_changed":false,"inline_featured_image":false,"footnotes":""},"acf":[],"jetpack_sharing_enabled":true,"_links":{"self":[{"href":"https:\/\/chinaesim.com\/es\/wp-json\/wp\/v2\/pages\/9963"}],"collection":[{"href":"https:\/\/chinaesim.com\/es\/wp-json\/wp\/v2\/pages"}],"about":[{"href":"https:\/\/chinaesim.com\/es\/wp-json\/wp\/v2\/types\/page"}],"author":[{"embeddable":true,"href":"https:\/\/chinaesim.com\/es\/wp-json\/wp\/v2\/users\/15"}],"replies":[{"embeddable":true,"href":"https:\/\/chinaesim.com\/es\/wp-json\/wp\/v2\/comments?post=9963"}],"version-history":[{"count":0,"href":"https:\/\/chinaesim.com\/es\/wp-json\/wp\/v2\/pages\/9963\/revisions"}],"up":[{"embeddable":true,"href":"https:\/\/chinaesim.com\/es\/wp-json\/wp\/v2\/pages\/9507"}],"wp:featuredmedia":[{"embeddable":true,"href":"https:\/\/chinaesim.com\/es\/wp-json\/wp\/v2\/media\/9800"}],"wp:attachment":[{"href":"https:\/\/chinaesim.com\/es\/wp-json\/wp\/v2\/media?parent=9963"}],"curies":[{"name":"wp","href":"https:\/\/api.w.org\/{rel}","templated":true}]}}