{"id":9712,"date":"2024-03-12T17:09:14","date_gmt":"2024-03-12T10:09:14","guid":{"rendered":"https:\/\/chinaesim.com\/tarjetas-sim\/como-comprar-una-tarjeta-sim-en-pekin-consejos-de-los-locales\/"},"modified":"2025-10-06T17:11:27","modified_gmt":"2025-10-06T10:11:27","slug":"pekin","status":"publish","type":"page","link":"https:\/\/chinaesim.com\/es\/tarjetas-sim\/pekin\/","title":{"rendered":"C\u00f3mo Comprar una Tarjeta SIM en Pek\u00edn: Consejos de los Locales"},"content":{"rendered":"\n<p>Conectarse con datos m\u00f3viles cuando se visita Pek\u00edn puede facilitar infinitamente el viaje. Tener acceso a mapas, aplicaciones de traducci\u00f3n y viajes compartidos como Didi es imprescindible para moverse por esta enorme ciudad. Comprar una tarjeta SIM local para tu tel\u00e9fono libre es la forma m\u00e1s asequible de conectarte a Internet durante tus viajes.<\/p>\n\n\n\n<p>En esta gu\u00eda aprender\u00e1s todo lo que necesitas saber para conseguir una tarjeta SIM en Pek\u00edn. Con estos consejos, podr\u00e1s realizar el proceso r\u00e1pidamente y disfrutar de un acceso estable a Internet durante tu estancia en la capital china. \u00a1Vamos all\u00e1!<\/p>\n\n\n\n<figure class=\"wp-block-image size-large\"><img decoding=\"async\" width=\"1024\" height=\"683\" src=\"https:\/\/chinaesim.com\/wp-content\/uploads\/sites\/5\/2024\/07\/sim-card-in-beijing-es-1-1024x683.jpg\" alt=\"sim en pekin\" class=\"wp-image-9927\" srcset=\"https:\/\/chinaesim.com\/wp-content\/uploads\/sites\/5\/2024\/07\/sim-card-in-beijing-es-1-1024x683.jpg 1024w, https:\/\/chinaesim.com\/wp-content\/uploads\/sites\/5\/2024\/07\/sim-card-in-beijing-es-1-300x200.jpg 300w, https:\/\/chinaesim.com\/wp-content\/uploads\/sites\/5\/2024\/07\/sim-card-in-beijing-es-1-768x512.jpg 768w, https:\/\/chinaesim.com\/wp-content\/uploads\/sites\/5\/2024\/07\/sim-card-in-beijing-es-1-570x380.jpg 570w, https:\/\/chinaesim.com\/wp-content\/uploads\/sites\/5\/2024\/07\/sim-card-in-beijing-es-1.jpg 1200w\" sizes=\"(max-width: 1024px) 100vw, 1024px\" \/><\/figure>\n\n\n\n<div class=\"wp-block-rank-math-toc-block\" id=\"rank-math-toc\"><h2>Tabla de Contenidos<\/h2><nav><div><div class=\"\"><a href=\"#i-que-operador-de-telefonia-movil-es-el-mejor-en-pekin\">I. \u00bfQu\u00e9 Operador de Telefon\u00eda M\u00f3vil es el Mejor en Pek\u00edn?<\/a><\/div><div class=\"\"><a href=\"#ii-las-mejores-tarjetas-sim-de-pekin-y-su-coste\">II. Las Mejores Tarjetas SIM de Pek\u00edn y su Coste<\/a><\/div><div class=\"\"><a href=\"#iii-donde-comprar-una-tarjeta-sim-en-pekin\">III. D\u00f3nde Comprar una Tarjeta SIM en Pek\u00edn<\/a><\/div><div class=\"\"><a href=\"#iv-e-sim-para-los-viajeros-a-pekin-una-alternativa-inteligente\">IV. eSIM para los Viajeros a Pek\u00edn: una Alternativa Inteligente<\/a><\/div><div class=\"\"><a href=\"#v-preparativos-para-la-compra-de-tarjetas-sim-en-pekin\">V. Preparativos para la Compra de Tarjetas SIM en Pek\u00edn<\/a><\/div><div class=\"\"><a href=\"#vi-consejos-y-recomendaciones\">VI. Consejos y Recomendaciones<\/a><\/div><div class=\"\"><a href=\"#vii-preguntas-frecuentes-sobre-la-tarjeta-sim-en-pekin\">VII. Preguntas Frecuentes sobre la Tarjeta SIM en Pek\u00edn<\/a><\/div><div class=\"\"><a href=\"#viii-palabras-finales\">VIII. Palabras Finales<\/a><\/div><\/div><\/nav><\/div>\n\n\n\n<h2 class=\"wp-block-heading\" id=\"i-que-operador-de-telefonia-movil-es-el-mejor-en-pekin\">I. \u00bfQu\u00e9 Operador de Telefon\u00eda M\u00f3vil es el Mejor en Pek\u00edn?<\/h2>\n\n\n\n<p>China tiene tres grandes proveedores de redes m\u00f3viles: <strong>China Mobile<\/strong>, <strong>China Unicom<\/strong> y <strong>China Telecom<\/strong>. Los tres tienen amplias infraestructuras en Pek\u00edn, pero difieren en velocidad y valor.<\/p>\n\n\n\n<figure class=\"wp-block-table\"><table><thead><tr><th>Operador<\/th><th>Suscriptores<\/th><th>Red<\/th><th>Compatibilidad<\/th><th>Cobertura<\/th><th>Velocidad<\/th><th>Planes para Turistas<\/th><\/tr><\/thead><tbody><tr><td><strong><a href=\"https:\/\/www.chinamobileltd.com\/en\/global\/home.php\" data-type=\"URL\" data-id=\"https:\/\/www.chinamobileltd.com\/en\/global\/home.php\" target=\"_blank\" rel=\"noopener\">China Mobile<\/a><\/strong><\/td><td>945,5 millones<\/td><td>WCDMA, GSM<\/td><td>El est\u00e1ndar TD-SCDMA no es compatible con muchos tel\u00e9fonos extranjeros. 4G compatible con la mayor\u00eda.<\/td><td>Excelente cobertura nacional.<\/td><td>Velocidad media de descarga 138,95 Mbps (la m\u00e1s r\u00e1pida)<\/td><td>2 GB durante 30 d\u00edas &#8211; 48 3 GB durante 30 d\u00edas &#8211; 80 18 GB durante 30 d\u00edas &#8211; 198<\/td><\/tr><tr><td><strong><a href=\"https:\/\/www.chinaunicom.com\/\" data-type=\"URL\" data-id=\"https:\/\/www.chinaunicom.com\/\" target=\"_blank\" rel=\"noopener\">China Unicom<\/a><\/strong><\/td><td>310.45 millones<\/td><td>WCDMA, GSM<\/td><td>3G compatible con la mayor\u00eda de tel\u00e9fonos extranjeros. Compatible con 4G.<\/td><td>Buena cobertura nacional.<\/td><td>Velocidad media de descarga 221,07 Mbps (banda ancha fija m\u00e1s r\u00e1pida)<\/td><td>10 GB durante 30 d\u00edas &#8211; $80 20 GB durante 30 d\u00edas &#8211; $100 30 GB durante 30 d\u00edas &#8211; $120<\/td><\/tr><tr><td><strong><a href=\"https:\/\/www.chinatelecom-h.com\/en\/global\/home.php\" data-type=\"URL\" data-id=\"https:\/\/www.chinatelecom-h.com\/en\/global\/home.php\" target=\"_blank\" rel=\"noopener\">China Telecom<\/a><\/strong><\/td><td>362.49 millones<\/td><td>CDMA<\/td><td>No es compatible con la mayor\u00eda de los tel\u00e9fonos extranjeros.<\/td><td>Buena cobertura nacional.<\/td><td>Velocidad media de descarga: 106,20 Mbps.<\/td><td>N\/A<\/td><\/tr><\/tbody><\/table><\/figure>\n\n\n\n<p>Aunque China Telecom tiene una gran base de abonados, su red CDMA no suele ser compatible con tel\u00e9fonos extranjeros. Sus velocidades y cobertura son algo mejores que las de China Unicom, pero la compatibilidad de la red es un problema mayor.<\/p>\n\n\n\n<p>Por lo tanto, por compatibilidad y comodidad, <strong>China Unicom se recomendar\u00eda generalmente como el mejor operador de telefon\u00eda m\u00f3vil para la mayor\u00eda de los turistas internacionales que visitan China<\/strong>, especialmente los procedentes de mercados basados en GSM. China Mobile tambi\u00e9n podr\u00eda utilizarse si el tel\u00e9fono del turista es compatible con redes 4G en China.<\/p>\n\n\n<div class=\"lazyblock-ggg-custom-block-dPE5j wp-block-lazyblock-ggg-custom-block\"><div class=\"ggg-custom-shortcode gigago-block-blue\">\n    <div class=\"ggg-shortcode-content\">\n        <p><strong>M\u00e1s informaci\u00f3n sobre <a href=\"https:\/\/chinaesim.com\/es\/operadores\/\">Los principales operadores de telefon\u00eda m\u00f3vil de China: \u00bfCu\u00e1l es el mejor para los turistas?<\/a><\/strong><\/p>    <\/div>\n<\/div><\/div>\n\n\n<h2 class=\"wp-block-heading\" id=\"ii-las-mejores-tarjetas-sim-de-pekin-y-su-coste\">II. Las Mejores Tarjetas SIM de Pek\u00edn y su Coste<\/h2>\n\n\n\n<p>Veamos ahora algunas opciones espec\u00edficas de tarjetas SIM de China Unicom, el proveedor recomendado:<\/p>\n\n\n\n<figure class=\"wp-block-table\"><table><thead><tr><th>Red<\/th><th>Plan<\/th><th>Coste mensual (RMB)<\/th><th>Coste mensual (USD)<\/th><th>Datos<\/th><th>Minutos<\/th><\/tr><\/thead><tbody><tr><td>China Mobile<\/td><td>128 RMB 5G Plan<\/td><td>128<\/td><td>18.55*<\/td><td>30 GB<\/td><td>500<\/td><\/tr><tr><td>China Mobile<\/td><td>158 RMB 5G Plan<\/td><td>158<\/td><td>22.90*<\/td><td>40 GB<\/td><td>600<\/td><\/tr><tr><td>China Mobile<\/td><td>198 RMB 5G Plan<\/td><td>198<\/td><td>28.70*<\/td><td>60 GB<\/td><td>1000<\/td><\/tr><tr><td>China Mobile<\/td><td>238 RMB 5G Plan<\/td><td>238<\/td><td>34.55*<\/td><td>80 GB<\/td><td>1000<\/td><\/tr><tr><td>China Mobile<\/td><td>88 RMB 4G Global Plan<\/td><td>88<\/td><td>12.75*<\/td><td>3 GB<\/td><td>220<\/td><\/tr><tr><td>China Mobile<\/td><td>138 RMB 4G Global Plan<\/td><td>138<\/td><td>20.05*<\/td><td>6 GB<\/td><td>450<\/td><\/tr><tr><td>China Unicom<\/td><td>4G Data King Plan<\/td><td>58<\/td><td>8.40*<\/td><td>6 GB<\/td><td>Llamadas ilimitadas<\/td><\/tr><tr><td>China Unicom<\/td><td>SIM de s\u00f3lo datos 4G<\/td><td>30<\/td><td>4.35*<\/td><td>3 GB<\/td><td>N\/A<\/td><\/tr><tr><td>China Unicom<\/td><td>SIM Easy<\/td><td>30-200<\/td><td>4.35-28.9*<\/td><td>Varias cantidades de datos de hasta 150 GB<\/td><td>Minutos variables<\/td><\/tr><tr><td>China Telecom<\/td><td>Tarjeta &#8220;No Worry&#8221;<\/td><td>20<\/td><td>2.90*<\/td><td>1 GB<\/td><td>100 minutos<\/td><\/tr><\/tbody><\/table><figcaption class=\"wp-element-caption\">*Nota: El tipo de cambio de 6,9 RMB = 1 USD utilizado para la estimaci\u00f3n puede variar.<\/figcaption><\/figure>\n\n\n\n<p>China Mobile proporciona la mejor cobertura de red y valor con sus planes 5G y 4G Global que ofrecen la mayor cantidad de datos por el coste mensual. El plan SIM Easy de China Unicom ofrece flexibilidad, pero cuesta m\u00e1s por mayores cantidades de datos. El plan de China Telecom tiene un coste bajo, pero datos y minutos limitados.<\/p>\n\n\n\n<h2 class=\"wp-block-heading\" id=\"iii-donde-comprar-una-tarjeta-sim-en-pekin\">III. D\u00f3nde Comprar una Tarjeta SIM en Pek\u00edn<\/h2>\n\n\n\n<p>Si no has hecho el pedido por Internet con antelaci\u00f3n, tambi\u00e9n puedes comprar una tarjeta SIM despu\u00e9s de llegar a Pek\u00edn. Veamos las opciones.<\/p>\n\n\n\n<h3 class=\"wp-block-heading\" id=\"upon-arrival\">A tu llegada al Aeropuerto Internacional de Pek\u00edn-Capital<\/h3>\n\n\n\n<ul>\n<li><strong>Ubicaci\u00f3n 1: Hall de llegadas de la Terminal 3<\/strong><\/li>\n<\/ul>\n\n\n\n<figure class=\"wp-block-image size-large\"><img decoding=\"async\" width=\"1024\" height=\"898\" src=\"https:\/\/chinaesim.com\/wp-content\/uploads\/sites\/5\/2024\/03\/international-arrival-t3-1024x898.jpg\" alt=\"Disponible en las principales compa\u00f1\u00edas chinas, como China Mobile, China Unicom y China Telecom. El personal suele dominar el ingl\u00e9s para comunicarse y ayudar a los turistas.\" class=\"wp-image-5096\" srcset=\"https:\/\/chinaesim.com\/wp-content\/uploads\/sites\/5\/2024\/03\/international-arrival-t3-1024x898.jpg 1024w, https:\/\/chinaesim.com\/wp-content\/uploads\/sites\/5\/2024\/03\/international-arrival-t3-300x263.jpg 300w, https:\/\/chinaesim.com\/wp-content\/uploads\/sites\/5\/2024\/03\/international-arrival-t3-768x674.jpg 768w, https:\/\/chinaesim.com\/wp-content\/uploads\/sites\/5\/2024\/03\/international-arrival-t3-1536x1347.jpg 1536w, https:\/\/chinaesim.com\/wp-content\/uploads\/sites\/5\/2024\/03\/international-arrival-t3-570x500.jpg 570w, https:\/\/chinaesim.com\/wp-content\/uploads\/sites\/5\/2024\/03\/international-arrival-t3.jpg 1596w\" sizes=\"(max-width: 1024px) 100vw, 1024px\" \/><\/figure>\n\n\n\n<p>Disponible en las principales compa\u00f1\u00edas chinas, como China Mobile, China Unicom y China Telecom. El personal suele dominar el ingl\u00e9s para comunicarse y ayudar a los turistas.<\/p>\n\n\n\n<ul>\n<li><strong>Ubicaci\u00f3n 2: Cerca de la Zona de Recogida de Equipajes de la Terminal 2<\/strong><\/li>\n<\/ul>\n\n\n\n<figure class=\"wp-block-image size-large\"><img decoding=\"async\" width=\"1024\" height=\"898\" src=\"https:\/\/chinaesim.com\/wp-content\/uploads\/sites\/5\/2024\/03\/international-arrival-t3-1-1024x898.jpg\" alt=\"Ofrece principalmente tarjetas SIM de China Unicom y China Mobile. Conveniente para los hu\u00e9spedes que visitan la terminal 2, pueden obtener una tarjeta sim mientras esperan su equipaje.\" class=\"wp-image-5097\" srcset=\"https:\/\/chinaesim.com\/wp-content\/uploads\/sites\/5\/2024\/03\/international-arrival-t3-1-1024x898.jpg 1024w, https:\/\/chinaesim.com\/wp-content\/uploads\/sites\/5\/2024\/03\/international-arrival-t3-1-300x263.jpg 300w, https:\/\/chinaesim.com\/wp-content\/uploads\/sites\/5\/2024\/03\/international-arrival-t3-1-768x674.jpg 768w, https:\/\/chinaesim.com\/wp-content\/uploads\/sites\/5\/2024\/03\/international-arrival-t3-1-1536x1347.jpg 1536w, https:\/\/chinaesim.com\/wp-content\/uploads\/sites\/5\/2024\/03\/international-arrival-t3-1-570x500.jpg 570w, https:\/\/chinaesim.com\/wp-content\/uploads\/sites\/5\/2024\/03\/international-arrival-t3-1.jpg 1596w\" sizes=\"(max-width: 1024px) 100vw, 1024px\" \/><\/figure>\n\n\n\n<p>Ofrece principalmente tarjetas SIM de China Unicom y China Mobile. Conveniente para los hu\u00e9spedes que visitan la terminal 2, pueden obtener una tarjeta sim mientras esperan su equipaje.<\/p>\n\n\n<div class=\"lazyblock-ggg-custom-block-B1wu2 wp-block-lazyblock-ggg-custom-block\"><div class=\"ggg-custom-shortcode gigago-block-red\">\n    <div class=\"ggg-shortcode-content\">\n        <p>Aseg\u00farate de que tu tel\u00e9fono est\u00e1 desbloqueado y es compatible con las redes chinas antes de comprar una tarjeta SIM. Haz clic para leer el art\u00edculo completo sobre <a href=\"https:\/\/chinaesim.com\/es\/usar-movil\/\">c\u00f3mo utilizar tu tel\u00e9fono en China sin problemas.<\/a><\/p>    <\/div>\n<\/div><\/div>\n\n\n<h3 class=\"wp-block-heading\" id=\"in-the-city\">En la Ciudad<\/h3>\n\n\n\n<figure class=\"wp-block-image size-large\"><img decoding=\"async\" width=\"1024\" height=\"769\" src=\"https:\/\/chinaesim.com\/wp-content\/uploads\/sites\/5\/2024\/03\/china-telecom-store-china-1024x769.jpg\" alt=\"Por todo Pek\u00edn tambi\u00e9n encontrar\u00e1s puestos de vendedores autorizados y tiendas de operadores oficiales. Las zonas comerciales como Wangfujing suelen tener varias opciones de vendedores de SIM en una misma zona.\" class=\"wp-image-5098\" srcset=\"https:\/\/chinaesim.com\/wp-content\/uploads\/sites\/5\/2024\/03\/china-telecom-store-china-1024x769.jpg 1024w, https:\/\/chinaesim.com\/wp-content\/uploads\/sites\/5\/2024\/03\/china-telecom-store-china-300x225.jpg 300w, https:\/\/chinaesim.com\/wp-content\/uploads\/sites\/5\/2024\/03\/china-telecom-store-china-768x576.jpg 768w, https:\/\/chinaesim.com\/wp-content\/uploads\/sites\/5\/2024\/03\/china-telecom-store-china-570x428.jpg 570w, https:\/\/chinaesim.com\/wp-content\/uploads\/sites\/5\/2024\/03\/china-telecom-store-china.jpg 1199w\" sizes=\"(max-width: 1024px) 100vw, 1024px\" \/><\/figure>\n\n\n\n<p>Por todo Pek\u00edn tambi\u00e9n encontrar\u00e1s puestos de vendedores autorizados y tiendas de operadores oficiales. Las zonas comerciales como Wangfujing suelen tener varias opciones de vendedores de SIM en una misma zona.<\/p>\n\n\n\n<p>Los grandes mercados de electr\u00f3nica, como Zhongguancun, tambi\u00e9n tienen plantas enteras dedicadas a los servicios m\u00f3viles. Tendr\u00e1s muchos proveedores de tarjetas SIM entre los que elegir.<\/p>\n\n\n\n<p>Dondequiera que compre en la ciudad, aseg\u00farate de regatear el precio. Las tarifas de las tarjetas SIM son casi siempre negociables en las tiendas locales. Acu\u00e9rdate tambi\u00e9n de llevar el pasaporte.<\/p>\n\n\n<div class=\"lazyblock-cta-browse-right-button-Z2jiBNp wp-block-lazyblock-cta-browse-right-button\"><\/div>\n\n\n<h2 class=\"wp-block-heading\" id=\"iv-e-sim-para-los-viajeros-a-pekin-una-alternativa-inteligente\">IV. eSIM para los Viajeros a Pek\u00edn: una Alternativa Inteligente<\/h2>\n\n\n\n<p>Tanto si es la primera vez que visita Pek\u00edn como si se trata de un viaje anual, disponer de una conexi\u00f3n de datos local es esencial para la navegaci\u00f3n, las traducciones y para mantenerse en contacto con amigos y familiares en casa. En el pasado, esto significaba cambiar la tarjeta SIM f\u00edsica en las tiendas del aeropuerto o encontrar puntos de acceso wifi por la ciudad.<\/p>\n\n\n\n<p>Sin embargo, con el auge de la tecnolog\u00eda eSIM, ahora existe una forma m\u00e1s c\u00f3moda: <strong>solicitar un plan eSIM a Chinaesim.com antes del viaje.<\/strong><\/p>\n\n\n\n<p><strong>Chinaesim.com<\/strong> ofrece a los viajeros asequibles paquetes de datos de prepago para distintos periodos (5 d\u00edas, 10 d\u00edas, etc.) que puedes activar f\u00e1cilmente al llegar a Pek\u00edn. Solo tienes que comprar en l\u00ednea el plan que se adapte a la duraci\u00f3n de tu viaje y recibir el perfil eSIM por correo electr\u00f3nico.<\/p>\n\n\n\n<p>Sin barreras ling\u00fc\u00edsticas ni colas en las tiendas del aeropuerto. En cuanto aterrices en el Aeropuerto Internacional de Pek\u00edn, solo tienes que activar el roaming en <a href=\"https:\/\/chinaesim.com\/es\/esim-moviles-compatibles\/\">tu dispositivo compatible con eSIM<\/a> y tus datos m\u00f3viles de China se activar\u00e1n al instante.<\/p>\n\n\n\n<h2 class=\"wp-block-heading\" id=\"v-preparativos-para-la-compra-de-tarjetas-sim-en-pekin\">V. Preparativos para la Compra de Tarjetas SIM en Pek\u00edn<\/h2>\n\n\n\n<p>Para que el proceso de compra de la tarjeta SIM sea fluido, tenga en cuenta los siguientes consejos:<\/p>\n\n\n\n<ul>\n<li><strong>Desbloquear el tel\u00e9fono<\/strong> &#8211; La mayor\u00eda de los tel\u00e9fonos comprados en el extranjero est\u00e1n bloqueados. Aseg\u00farate de ponerte en contacto con tu proveedor para desbloquearlo antes de viajar.<\/li>\n\n\n\n<li><strong>Llevar el pasaporte<\/strong> &#8211; Tendr\u00e1s que mostrar tu pasaporte cuando compres una tarjeta SIM en Pek\u00edn como turista.<\/li>\n\n\n\n<li><strong>Conoce el tama\u00f1o de la nano-SIM de tu tel\u00e9fono<\/strong> &#8211; Casi todos los tel\u00e9fonos modernos utilizan nano-SIM. Pero compru\u00e9balo dos veces para obtener el tama\u00f1o de tarjeta correcto.<\/li>\n\n\n\n<li><strong>Tener efectivo a mano<\/strong> &#8211; Puede que algunas tiendas no acepten tarjetas de cr\u00e9dito extranjeras. As\u00ed que es bueno tener moneda local a mano.<\/li>\n\n\n\n<li><strong>Descargue una aplicaci\u00f3n de traducci\u00f3n<\/strong> &#8211; aplicaciones como Google Translate pueden ayudarte a salvar las barreras ling\u00fc\u00edsticas cuando te comuniques con el personal de la tienda.<\/li>\n\n\n\n<li><strong>Anotar las instrucciones<\/strong> &#8211; Los dependientes de las tiendas suelen configurar la tarjeta SIM y mostrarte los pasos a seguir. Toma notas para recordar la informaci\u00f3n clave.<\/li>\n\n\n\n<li><strong>Probarlo inmediatamente<\/strong> &#8211; Antes de salir de la tienda, con\u00e9ctate al WiFi y comprueba que tu tarjeta SIM est\u00e1 activada y que los datos funcionan.<\/li>\n<\/ul>\n\n\n\n<p>Ir preparado con estos consejos har\u00e1 que conseguir una tarjeta SIM en Pek\u00edn sea coser y cantar.<\/p>\n\n\n\n<h2 class=\"wp-block-heading\" id=\"vi-consejos-y-recomendaciones\">VI. Consejos y Recomendaciones<\/h2>\n\n\n\n<p>M\u00e1s all\u00e1 de lo b\u00e1sico, estos consejos adicionales pueden mejorar tu experiencia con la tarjeta SIM de Pek\u00edn:<\/p>\n\n\n\n<ul>\n<li>Considera la posibilidad de contratar una SIM ilimitada si utilizas con frecuencia servicios de transporte compartido como Didi. Los datos se acumulan r\u00e1pidamente.<\/li>\n\n\n\n<li>Opta por periodos de validez m\u00e1s largos (30 d\u00edas), ya que ofrecen el mejor valor diario. Siempre puedes recargar m\u00e1s tarde si es necesario.<\/li>\n\n\n\n<li>No te preocupes por la cantidad exacta de datos. Recargar un GB extra es asequible si te pasas.<\/li>\n\n\n\n<li>Si compras en el aeropuerto, compara los precios entre las tiendas de China Mobile y Unicom antes de comprar.<\/li>\n\n\n\n<li>Para los \u00faltimos modelos de smartphone, confirma que admiten las bandas 4G utilizadas en China. La cobertura 5G sigue siendo limitada.<\/li>\n\n\n\n<li>Carga aplicaciones importantes como mapas, traductores, VPN y aplicaciones de pago antes de salir de casa.<\/li>\n\n\n\n<li>Haz una captura de pantalla de los ajustes de APN de tu proveedor de SIM para poder configurarlos f\u00e1cilmente en caso necesario.<\/li>\n\n\n\n<li>Marca como favoritos los n\u00fameros de atenci\u00f3n al cliente de tu proveedor de SIM por si necesitas ayuda.<\/li>\n<\/ul>\n\n\n\n<p>Ser flexible, comparar opciones y planificar con antelaci\u00f3n har\u00e1n que tu experiencia con la tarjeta SIM de Pek\u00edn sea fluida.<\/p>\n\n\n\n<h2 class=\"wp-block-heading\" id=\"vii-preguntas-frecuentes-sobre-la-tarjeta-sim-en-pekin\">VII. Preguntas Frecuentes sobre la Tarjeta SIM en Pek\u00edn<\/h2>\n\n\n<div id=\"rank-math-faq\" class=\"rank-math-block\">\n<div class=\"rank-math-list \">\n<div id=\"faq-question-1705648907590\" class=\"rank-math-list-item\">\n<h3 class=\"rank-math-question \">\u00bfQu\u00e9 redes de telefon\u00eda m\u00f3vil operan en Pek\u00edn?<\/h3>\n<div class=\"rank-math-answer \">\n\n<p>Las tres principales redes de telefon\u00eda m\u00f3vil de China son China Mobile, China Unicom y China Telecom. Las tres redes operan en Pek\u00edn.<\/p>\n\n<\/div>\n<\/div>\n<div id=\"faq-question-1705649225180\" class=\"rank-math-list-item\">\n<h3 class=\"rank-math-question \">\u00bfD\u00f3nde puedo comprar una tarjeta SIM?<\/h3>\n<div class=\"rank-math-answer \">\n\n<p>Se pueden comprar tarjetas SIM en tiendas oficiales de compa\u00f1\u00edas como China Mobile, China Unicom y China Telecom. En las tiendas m\u00e1s grandes del aeropuerto suelen hablar ingl\u00e9s. Aseg\u00farate de llevar el pasaporte.<\/p>\n\n<\/div>\n<\/div>\n<div id=\"faq-question-1705649231261\" class=\"rank-math-list-item\">\n<h3 class=\"rank-math-question \">\u00bfTengo que registrar la tarjeta SIM con mi documento de identidad?<\/h3>\n<div class=\"rank-math-answer \">\n\n<p>S\u00ed, desde 2010 la legislaci\u00f3n china exige el registro de nombres reales y documentos de identidad para las nuevas tarjetas SIM. En 2019, las operadoras tambi\u00e9n se vieron obligadas a realizar escaneos de reconocimiento facial como parte de la verificaci\u00f3n de usuarios.<\/p>\n\n<\/div>\n<\/div>\n<div id=\"faq-question-1705649238352\" class=\"rank-math-list-item\">\n<h3 class=\"rank-math-question \">\u00bfQu\u00e9 red tiene la mejor cobertura en Pek\u00edn?<\/h3>\n<div class=\"rank-math-answer \">\n\n<p>China Mobile tiene la cobertura 2G m\u00e1s amplia de toda China, incluida Pek\u00edn. Sin embargo, sus redes 3G y 4G pueden tener una cobertura m\u00e1s limitada en comparaci\u00f3n con China Unicom, que utiliza frecuencias m\u00e1s compatibles internacionalmente.<\/p>\n\n<\/div>\n<\/div>\n<div id=\"faq-question-1705649246870\" class=\"rank-math-list-item\">\n<h3 class=\"rank-math-question \">\u00bfQu\u00e9 planes hay disponibles?<\/h3>\n<div class=\"rank-math-answer \">\n\n<p>Los principales operadores ofrecen una gama de planes mensuales que combinan datos y minutos de llamada. Entre las opciones m\u00e1s populares est\u00e1n los planes de tarifa diaria &#8220;King SIM&#8221; con datos de pago por uso. Las operadoras tambi\u00e9n ofrecen varios paquetes adicionales de datos v\u00e1lidos durante 30, 90, 180 o 360 d\u00edas.<\/p>\n\n<\/div>\n<\/div>\n<div id=\"faq-question-1705649268766\" class=\"rank-math-list-item\">\n<h3 class=\"rank-math-question \">\u00bfC\u00f3mo puedo consultar el saldo y el uso de mi cuenta?<\/h3>\n<div class=\"rank-math-answer \">\n\n<p>Puedes consultar tu saldo de China Mobile enviando un SMS con el texto &#8220;ye&#8221; al 10086. Para consultar el consumo de datos, env\u00eda &#8220;1091&#8221; al 10086. Las alertas de uso tambi\u00e9n son habituales en China Unicom.<\/p>\n\n<\/div>\n<\/div>\n<\/div>\n<\/div>\n\n\n<h2 class=\"wp-block-heading\" id=\"viii-palabras-finales\">VIII. Palabras Finales<\/h2>\n\n\n\n<p>Con la informaci\u00f3n que te ofrecemos en esta gu\u00eda, el proceso de la tarjeta SIM ser\u00e1 coser y cantar. S\u00e9 flexible a la hora de solucionar problemas y no te estreses por el consumo de datos: recargar m\u00e1s es barato.<\/p>\n\n\n\n<p>Con datos m\u00f3viles fiables, podr\u00e1s trazar rutas de metro, buscar sugerencias de restaurantes y traducir cualquier barrera ling\u00fc\u00edstica. Disponer de conectividad te aportar\u00e1 una gran tranquilidad mientras exploras la vibrante capital de China.<\/p>\n","protected":false},"excerpt":{"rendered":"<p>Conectarse con datos m\u00f3viles cuando se visita Pek\u00edn puede facilitar infinitamente el viaje. Tener acceso a mapas, aplicaciones de traducci\u00f3n y viajes compartidos como Didi es imprescindible para moverse por esta enorme ciudad. Comprar una tarjeta SIM local para tu tel\u00e9fono libre es la forma m\u00e1s asequible de conectarte a Internet durante tus viajes. En [&#8230;]\n","protected":false},"author":15,"featured_media":9927,"parent":9502,"menu_order":0,"comment_status":"closed","ping_status":"closed","template":"page-right-sidebar.php","meta":{"_acf_changed":false,"inline_featured_image":false,"footnotes":""},"acf":[],"jetpack_sharing_enabled":true,"_links":{"self":[{"href":"https:\/\/chinaesim.com\/es\/wp-json\/wp\/v2\/pages\/9712"}],"collection":[{"href":"https:\/\/chinaesim.com\/es\/wp-json\/wp\/v2\/pages"}],"about":[{"href":"https:\/\/chinaesim.com\/es\/wp-json\/wp\/v2\/types\/page"}],"author":[{"embeddable":true,"href":"https:\/\/chinaesim.com\/es\/wp-json\/wp\/v2\/users\/15"}],"replies":[{"embeddable":true,"href":"https:\/\/chinaesim.com\/es\/wp-json\/wp\/v2\/comments?post=9712"}],"version-history":[{"count":0,"href":"https:\/\/chinaesim.com\/es\/wp-json\/wp\/v2\/pages\/9712\/revisions"}],"up":[{"embeddable":true,"href":"https:\/\/chinaesim.com\/es\/wp-json\/wp\/v2\/pages\/9502"}],"wp:featuredmedia":[{"embeddable":true,"href":"https:\/\/chinaesim.com\/es\/wp-json\/wp\/v2\/media\/9927"}],"wp:attachment":[{"href":"https:\/\/chinaesim.com\/es\/wp-json\/wp\/v2\/media?parent=9712"}],"curies":[{"name":"wp","href":"https:\/\/api.w.org\/{rel}","templated":true}]}}