{"id":9507,"date":"2023-06-09T00:05:26","date_gmt":"2023-06-08T17:05:26","guid":{"rendered":"https:\/\/chinaesim.com\/operadores-de-telefonia-movil-en-china-cual-es-la-mejor-para-los-turistas\/"},"modified":"2025-10-06T15:08:30","modified_gmt":"2025-10-06T08:08:30","slug":"operadores","status":"publish","type":"page","link":"https:\/\/chinaesim.com\/es\/operadores\/","title":{"rendered":"Operadores de Telefon\u00eda M\u00f3vil en China: \u00bfCu\u00e1l es la Mejor para los Turistas?"},"content":{"rendered":"\n<p>Cuando se trata de viajar por China, disponer de una conexi\u00f3n m\u00f3vil fiable y asequible es crucial para mantenerse conectado, acceder a los mapas y aprovechar al m\u00e1ximo el viaje. Con varios operadores de telefon\u00eda m\u00f3vil entre los que elegir, puede resultar abrumador decidir cu\u00e1l es el que mejor se adapta a tus necesidades como turista. <\/p>\n\n\n\n<p>En esta completa entrada de blog, exploraremos los principales operadores de telefon\u00eda m\u00f3vil de China, sus ofertas y le proporcionaremos la informaci\u00f3n que necesita para tomar una decisi\u00f3n informada.<\/p>\n\n\n\n<figure class=\"wp-block-image size-large is-resized\"><img decoding=\"async\" width=\"1024\" height=\"683\" src=\"https:\/\/chinaesim.com\/wp-content\/uploads\/sites\/5\/2024\/07\/best-mobile-operators-in-china-es-1024x683.jpg\" alt=\"operadores de telefon\u00eda m\u00f3vil en china\" class=\"wp-image-9791\" style=\"width:840px;height:auto\" srcset=\"https:\/\/chinaesim.com\/wp-content\/uploads\/sites\/5\/2024\/07\/best-mobile-operators-in-china-es-1024x683.jpg 1024w, https:\/\/chinaesim.com\/wp-content\/uploads\/sites\/5\/2024\/07\/best-mobile-operators-in-china-es-300x200.jpg 300w, https:\/\/chinaesim.com\/wp-content\/uploads\/sites\/5\/2024\/07\/best-mobile-operators-in-china-es-768x512.jpg 768w, https:\/\/chinaesim.com\/wp-content\/uploads\/sites\/5\/2024\/07\/best-mobile-operators-in-china-es-570x380.jpg 570w, https:\/\/chinaesim.com\/wp-content\/uploads\/sites\/5\/2024\/07\/best-mobile-operators-in-china-es.jpg 1200w\" sizes=\"(max-width: 1024px) 100vw, 1024px\" \/><\/figure>\n\n\n\n<div class=\"wp-block-rank-math-toc-block\" id=\"rank-math-toc\"><h2>Tabla de Contenidos<\/h2><nav><div><div class=\"\"><a href=\"#i-lista-de-operadores-de-telefonia-movil-en-china\">I. Lista de Operadores de Telefon\u00eda M\u00f3vil en China<\/a><\/div><div class=\"\"><a href=\"#ii-como-elegir-los-mejores-operadores-moviles-en-china\">II. C\u00f3mo Elegir los Mejores Operadores M\u00f3viles en China<\/a><\/div><div class=\"\"><a href=\"#iii-comparacion-detallada-de-los-mejores-operadores-moviles-en-china\">III. Comparaci\u00f3n Detallada de los Mejores Operadores M\u00f3viles en China<\/a><\/div><div class=\"\"><a href=\"#iv-donde-comprar-la-tarjeta-sim-de-los-operadores-moviles-en-china\">IV. \u00bfD\u00f3nde Comprar la Tarjeta SIM de los Operadores M\u00f3viles en China?<\/a><\/div><div class=\"\"><a href=\"#v-ofrecen-e-sim-los-operadores-moviles-en-china\">V. \u00bfOfrecen eSIM los Operadores M\u00f3viles en China?<\/a><\/div><div class=\"\"><a href=\"#vi-preguntas-frecuentes-sobre-operadores-de-telefonia-movil-en-china\">VI. Preguntas Frecuentes sobre Operadores de Telefon\u00eda M\u00f3vil en China<\/a><\/div><div class=\"\"><a href=\"#conclusion\">Conclusi\u00f3n<\/a><\/div><\/div><\/nav><\/div>\n\n\n\n<h2 class=\"wp-block-heading\" id=\"i-lista-de-operadores-de-telefonia-movil-en-china\">I. Lista de Operadores de Telefon\u00eda M\u00f3vil en China<\/h2>\n\n\n\n<div class=\"wp-block-group gigago-block-background\"><div class=\"wp-block-group__inner-container is-layout-constrained wp-block-group-is-layout-constrained\">\n<p><i class=\"icon frame-34\" aria-hidden=\"true\"> <\/i><strong><em>Datos:<\/em><\/strong><\/p>\n\n\n\n<ul>\n<li><em>China Mobile es la empresa de telecomunicaciones m\u00e1s importante de China y tambi\u00e9n una de las mayores del mundo. <\/em><\/li>\n\n\n\n<li><em>China Unicom es la segunda compa\u00f1\u00eda de red de China y es muy popular entre los viajeros.<\/em><\/li>\n\n\n\n<li><em>China Telecom es el tercer operador de red m\u00e1s importante del pa\u00eds asi\u00e1tico.<\/em><\/li>\n<\/ul>\n<\/div><\/div>\n\n\n\n<p>China, hogar de la poblaci\u00f3n m\u00e1s grande del mundo, tambi\u00e9n alberga los mercados de telecomunicaciones m\u00e1s grandes del mundo, al menos en t\u00e9rminos de n\u00famero total de suscriptores.<\/p>\n\n\n\n<p>En cuanto a <a href=\"https:\/\/chinaesim.com\/es\/operadores\/\" data-type=\"URL\" data-id=\"https:\/\/chinaesim.com\/es\/operadores\/\">Operadores de redes m\u00f3viles de China<\/a>, se dividen en 02 categor\u00edas principales: operadores de redes m\u00f3viles y operadores de redes m\u00f3viles virtuales (OMV).<\/p>\n\n\n\n<h3 class=\"wp-block-heading\" id=\"1-traditional-mobile-network-operators-in-china\">1. Principales Operadores M\u00f3viles en China<\/h3>\n\n\n\n<figure class=\"wp-block-table\"><table><thead><tr><th>Compa\u00f1\u00eda<\/th><th>Propiedad<\/th><th>A\u00f1o Establecido<\/th><th>Suscriptores en China<\/th><th>Servicios M\u00f3viles<\/th><th>Red<\/th><\/tr><\/thead><tbody><tr><td><a href=\"https:\/\/chinaesim.com\/es\/operadores\/china-mobile\/\" data-type=\"page\" data-id=\"3392\">China Mobile<\/a><\/td><td>Empresa de propiedad estatal<\/td><td>1997<\/td><td>975 millones<\/td><td>Proporciona servicios m\u00f3viles de voz y multimedia.<\/td><td>Red m\u00e1s grande, est\u00e1ndar TD-SCDMA 3G propio<\/td><\/tr><tr><td><a href=\"https:\/\/chinaesim.com\/es\/operadores\/china-unicom\/\" data-type=\"page\" data-id=\"6239\">China Unicom<\/a><\/td><td>Empresa de propiedad estatal<\/td><td>1994<\/td><td>1,001.72 millones<\/td><td>Proporciona red m\u00f3vil, larga distancia, llamadas locales, comunicaci\u00f3n de datos, servicios de Internet y telefon\u00eda IP.<\/td><td>Segunda red m\u00e1s grande<\/td><\/tr><tr><td><a href=\"https:\/\/chinaesim.com\/es\/operadores\/china-telecom\/\" data-type=\"page\" data-id=\"6238\">China Telecom<\/a><\/td><td>Empresa de propiedad estatal<\/td><td>1995<\/td><td>391 millones<\/td><td>Proporciona servicios m\u00f3viles de voz y multimedia.<\/td><td>La red m\u00e1s peque\u00f1a, utiliza CDMA<\/td><\/tr><\/tbody><\/table><\/figure>\n\n\n\n<h3 class=\"wp-block-heading\" id=\"2-mobile-virtual-network-operators-mvno-in-china\">2. Operadores de Redes Virtuales M\u00f3viles (MVNO) en China<\/h3>\n\n\n\n<p>Adem\u00e1s de los principales operadores m\u00f3viles, existen varios operadores de redes virtuales m\u00f3viles (MVNO) en China que revenden servicios de red de los principales operadores. Estos OMV a veces pueden ofrecer planes m\u00e1s asequibles, especialmente para visitantes de corta duraci\u00f3n.<\/p>\n\n\n\n<p>Existen muchos OMV en China, algunos est\u00e1n activos y otros ahora est\u00e1n inactivos. La siguiente tabla describe los activos en detalle:<\/p>\n\n\n\n<figure class=\"wp-block-table\"><table><thead><tr><th>Compa\u00f1\u00eda<\/th><th>Redes<\/th><th>Servicios<\/th><th>Objetivos<\/th><th>Estado<\/th><\/tr><\/thead><tbody><tr><td>263 Mobile<\/td><td>China Unicom<\/td><td>postpago<\/td><td>Negocio<\/td><td>Activo<\/td><\/tr><tr><td>Ali Telecom<\/td><td>China Mobile, China Telecom, China Unicom<\/td><td>prepago<\/td><td>Sin lujos<\/td><td>Activo<\/td><\/tr><tr><td>HNA Mobile<\/td><td>China Telecom, China Unicom<\/td><td>prepago<\/td><td>Sin lujos<\/td><td>Activo<\/td><\/tr><tr><td>Lenovo Connect<\/td><td>China Telecom, China Unicom<\/td><td>pre + pospago<\/td><td>No especializado<\/td><td>Activo<\/td><\/tr><tr><td>Mi Mobile<\/td><td>China Telecom, China Unicom<\/td><td>prepago<\/td><td>Sin lujos<\/td><td>Activo<\/td><\/tr><tr><td>Minsheng Communications<\/td><td>China Telecom, China Unicom<\/td><td>prepago<\/td><td>Sin lujos<\/td><td>Activo<\/td><\/tr><tr><td>Snail Mobile<\/td><td>China Telecom, China Unicom<\/td><td>prepago<\/td><td>Community<\/td><td>Activo<\/td><\/tr><tr><td>Suning Mobile<\/td><td>China Mobile<\/td><td>prepago<\/td><td>Retail<\/td><td>Activo<\/td><\/tr><tr><td>UYou<\/td><td>China Unicom<\/td><td>pre + pospago<\/td><td>Sin lujos<\/td><td>Activo<\/td><\/tr><tr><td>Yuantel<\/td><td>China Unicom<\/td><td>pre + pospago<\/td><td>No especializado<\/td><td>Activo<\/td><\/tr><\/tbody><\/table><\/figure>\n\n\n\n<h2 class=\"wp-block-heading\" id=\"ii-como-elegir-los-mejores-operadores-moviles-en-china\">II. C\u00f3mo Elegir los Mejores Operadores M\u00f3viles en China<\/h2>\n\n\n\n<figure class=\"wp-block-image size-large\"><img decoding=\"async\" width=\"1024\" height=\"683\" src=\"https:\/\/chinaesim.com\/wp-content\/uploads\/sites\/5\/2024\/04\/chinese-sim-options-cost-1024x683.jpg\" alt=\"\" class=\"wp-image-6186\" srcset=\"https:\/\/chinaesim.com\/wp-content\/uploads\/sites\/5\/2024\/04\/chinese-sim-options-cost-1024x683.jpg 1024w, https:\/\/chinaesim.com\/wp-content\/uploads\/sites\/5\/2024\/04\/chinese-sim-options-cost-300x200.jpg 300w, https:\/\/chinaesim.com\/wp-content\/uploads\/sites\/5\/2024\/04\/chinese-sim-options-cost-768x512.jpg 768w, https:\/\/chinaesim.com\/wp-content\/uploads\/sites\/5\/2024\/04\/chinese-sim-options-cost-570x380.jpg 570w, https:\/\/chinaesim.com\/wp-content\/uploads\/sites\/5\/2024\/04\/chinese-sim-options-cost.jpg 1200w\" sizes=\"(max-width: 1024px) 100vw, 1024px\" \/><\/figure>\n\n\n\n<p>Elegir el mejor operador de telefon\u00eda m\u00f3vil en China para sus necesidades como turista puede ser todo un reto, pero hay algunos factores clave a tener en cuenta:<\/p>\n\n\n\n<h3 class=\"wp-block-heading\"> Cobertura y Calidad de la Red<\/h3>\n\n\n\n<p>Cuando se viaja por China, es esencial tener una cobertura de red fiable. Aunque los principales operadores afirman tener una amplia cobertura, puede haber variaciones en la intensidad de la se\u00f1al y la calidad de la red en determinadas zonas. Considera los destinos de tu viaje e investiga qu\u00e9 operador tiene la mejor cobertura en esas regiones.<\/p>\n\n\n\n<h3 class=\"wp-block-heading\"> Planes de Datos y Precios<\/h3>\n\n\n\n<p>Como turista, es probable que dependas en gran medida de los datos para navegar, traducir aplicaciones y mantenerte conectado. Compara los planes de datos y los precios que ofrecen los distintos operadores para encontrar la opci\u00f3n m\u00e1s rentable que se ajuste a tus necesidades de uso de datos.<\/p>\n\n\n\n<h3 class=\"wp-block-heading\">Atenci\u00f3n al Cliente<\/h3>\n\n\n\n<p>Aunque las barreras ling\u00fc\u00edsticas pueden ser un problema, es esencial tener en cuenta el nivel de atenci\u00f3n al cliente y apoyo que cada operador ofrece a los viajeros internacionales. Busque operadores que ofrezcan asistencia en ingl\u00e9s o que dispongan de canales espec\u00edficos para turistas.<\/p>\n\n\n\n<h3 class=\"wp-block-heading\">Funciones de Itinerancia<\/h3>\n\n\n\n<p>Si piensas utilizar la tarjeta SIM de tu pa\u00eds de origen, comprueba qu\u00e9 operadores chinos de telefon\u00eda m\u00f3vil tienen acuerdos de itinerancia con tu compa\u00f1\u00eda. La itinerancia puede ser cara, pero algunos operadores pueden ofrecer paquetes de itinerancia m\u00e1s asequibles para visitantes internacionales.<\/p>\n\n\n\n<h2 class=\"wp-block-heading\" id=\"iii-comparacion-detallada-de-los-mejores-operadores-moviles-en-china\">III. Comparaci\u00f3n Detallada de los Mejores Operadores M\u00f3viles en China<\/h2>\n\n\n\n<figure class=\"wp-block-image size-large\"><img decoding=\"async\" width=\"1024\" height=\"683\" src=\"https:\/\/chinaesim.com\/wp-content\/uploads\/sites\/5\/2024\/04\/speedtest-5gperformance-china-1024x683.jpg\" alt=\"\" class=\"wp-image-5737\" srcset=\"https:\/\/chinaesim.com\/wp-content\/uploads\/sites\/5\/2024\/04\/speedtest-5gperformance-china-1024x683.jpg 1024w, https:\/\/chinaesim.com\/wp-content\/uploads\/sites\/5\/2024\/04\/speedtest-5gperformance-china-300x200.jpg 300w, https:\/\/chinaesim.com\/wp-content\/uploads\/sites\/5\/2024\/04\/speedtest-5gperformance-china-768x512.jpg 768w, https:\/\/chinaesim.com\/wp-content\/uploads\/sites\/5\/2024\/04\/speedtest-5gperformance-china-570x380.jpg 570w, https:\/\/chinaesim.com\/wp-content\/uploads\/sites\/5\/2024\/04\/speedtest-5gperformance-china.jpg 1200w\" sizes=\"(max-width: 1024px) 100vw, 1024px\" \/><\/figure>\n\n\n\n<p>A continuaci\u00f3n, le ofrecemos una descripci\u00f3n exhaustiva de los principales operadores de telefon\u00eda m\u00f3vil de China basada en la informaci\u00f3n de <a href=\"https:\/\/www.speedtest.net\/global-index\/china\" data-type=\"link\" data-id=\"https:\/\/www.speedtest.net\/global-index\/china\" target=\"_blank\" rel=\"noopener\">Speedtest Global Index<\/a>, que le permitir\u00e1 tomar una decisi\u00f3n informada en funci\u00f3n de sus necesidades espec\u00edficas.<\/p>\n\n\n\n<figure class=\"wp-block-table\"><table><thead><tr><th>M\u00e9trico<\/th><th>China Mobile<\/th><th>China Unicom<\/th><th>China Telecom<\/th><\/tr><\/thead><tbody><tr><td><strong>Velocidad de Descarga M\u00f3vil (Mbps)<\/strong><\/td><td>208.56<\/td><td>134.20<\/td><td>143.68<\/td><\/tr><tr><td><strong>Velocidad de Carga M\u00f3vil (Mbps)<\/strong><\/td><td>27.51<\/td><td>35.41<\/td><td>27.51<\/td><\/tr><tr><td><strong>Latencia M\u00f3vil (ms)<\/strong><\/td><td>42<\/td><td>42<\/td><td>43<\/td><\/tr><tr><td><strong>Coherencia M\u00f3vil (%)<\/strong><\/td><td>95.7%<\/td><td>93.8%<\/td><td>93.0%<\/td><\/tr><tr><td><strong>Velocidad de Descarga 5G (Mbps)<\/strong><\/td><td>283.64<\/td><td>230.41<\/td><td>221.71<\/td><\/tr><tr><td><strong>Compatibilidad 4G\/LTE<\/strong><\/td><td>Limitado a TDD-LTE<\/td><td>Buen soporte de FDD-LTE<\/td><td>Buen soporte de FDD-LTE<\/td><\/tr><tr><td><strong>Compatibilidad 3G<\/strong><\/td><td>Incompatible TD-SCDMA<\/td><td>Compatible UMTS\/HSPA+<\/td><td>CDMA\/EVDO (en su mayor\u00eda descatalogado)<\/td><\/tr><tr><td><strong>Compatibilidad 2G<\/strong><\/td><td>Compatible GSM\/EDGE<\/td><td>Compatible GSM\/EDGE<\/td><td>CDMA BC0 (principalmente s\u00f3lo voz)<\/td><\/tr><tr><td><strong>Cobertura<\/strong><\/td><td>Mejor cobertura nacional<\/td><td>Cobertura razonable<\/td><td>La menor cobertura de red<\/td><\/tr><tr><td><strong>Plan y Precios<\/strong><\/td><td>Planes mensuales desde 88 RMB con datos y minutos. Tambi\u00e9n planes de datos diarios desde 18 RMB\/1GB. Suele ofrecer m\u00e1s datos a precios m\u00e1s bajos, pero las velocidades pueden ser m\u00e1s lentas que las de la competencia.<\/td><td>Planes mensuales a partir de 58 RMB con solo datos o con minutos. Suele ofrecer velocidades m\u00e1s r\u00e1pidas en redes internacionales compatibles, pero a precios ligeramente superiores a los de China Mobile. Conocida por problemas ocasionales de sobrecarga de datos.<\/td><td>Planes mensuales a partir de 29 RMB centrados en paquetes que incluyen servicios de telefon\u00eda fija. Los planes son m\u00e1s baratos, pero la red est\u00e1 limitada a las principales ciudades por problemas de incompatibilidad con CDMA.<\/td><\/tr><tr><td><strong>Requisitos de Inscripci\u00f3n<\/strong><\/td><td>Es necesario registrarse con el nombre real y escanear la cara<\/td><td>Es necesario registrarse con el nombre real y escanear la cara<\/td><td>Es necesario registrarse con el nombre real y escanear la cara<\/td><\/tr><tr><td><strong>Evasi\u00f3n de la Censura<\/strong><\/td><td>Requiere VPN, sujeta a bloqueos <\/td><td>Requiere VPN, sujeta a bloqueos <\/td><td>Requiere VPN, sujeta a bloqueos <\/td><\/tr><\/tbody><\/table><\/figure>\n\n\n\n<p><strong>Recomendaciones:<\/strong><\/p>\n\n\n\n<ul>\n<li><strong>Para amplia cobertura y necesidades b\u00e1sicas:<\/strong> China Mobile<\/li>\n\n\n\n<li><strong>Para velocidades m\u00e1s r\u00e1pidas y compatibilidad con tel\u00e9fonos internacionales:<\/strong> China Unicom o China Telecom.<\/li>\n<\/ul>\n\n\n\n<h2 class=\"wp-block-heading\" id=\"iv-donde-comprar-la-tarjeta-sim-de-los-operadores-moviles-en-china\">IV. \u00bfD\u00f3nde Comprar la Tarjeta SIM de los Operadores M\u00f3viles en China?<\/h2>\n\n\n\n<p>Una de las formas m\u00e1s c\u00f3modas de adquirir una tarjeta SIM de los operadores de telefon\u00eda m\u00f3vil de China es en sus respectivas tiendas o distribuidores autorizados situados en los principales aeropuertos, estaciones de tren y zonas tur\u00edsticas. Muchos de estos lugares cuentan con mostradores o quioscos espec\u00edficos para viajeros internacionales, donde puedes encontrar asistencia en ingl\u00e9s y comprar tarjetas SIM prepago con planes de datos.<\/p>\n\n\n\n<p>Adem\u00e1s, algunos operadores de telefon\u00eda m\u00f3vil ofrecen la posibilidad de comprar tarjetas SIM por Internet o a trav\u00e9s de terceros. Sin embargo, es esencial asegurarse de que se compra a un vendedor autorizado para evitar tarjetas SIM falsificadas o fraudulentas.<\/p>\n\n\n<div class=\"lazyblock-ggg-custom-block-ZfT2yX wp-block-lazyblock-ggg-custom-block\"><div class=\"ggg-custom-shortcode gigago-block-yellow\">\n    <div class=\"ggg-shortcode-content\">\n        <p><strong>Tal vez te interese:<\/strong><\/p>\n<ul>\n<li><a href=\"https:\/\/chinaesim.com\/es\/tarjeta-sim-aeropuerto\/\">D\u00f3nde comprar tarjetas SIM locales en los principales aeropuertos chinos<\/a><\/li>\n<li><a href=\"https:\/\/chinaesim.com\/es\/tarjetas-sim\/\">Tarjetas SIM en China: Precios actualizados y d\u00f3nde comprarlas<\/a><\/li>\n<\/ul>    <\/div>\n<\/div><\/div>\n\n\n<h2 class=\"wp-block-heading\" id=\"v-ofrecen-e-sim-los-operadores-moviles-en-china\">V. \u00bfOfrecen eSIM los Operadores M\u00f3viles en China?<\/h2>\n\n\n\n<p>La tecnolog\u00eda eSIM, que permite a los usuarios activar instant\u00e1neamente un plan de datos m\u00f3viles sin necesidad de una tarjeta SIM f\u00edsica, es cada vez m\u00e1s popular entre los viajeros. Aunque los operadores de telefon\u00eda m\u00f3vil chinos han tardado un poco en adoptar la tecnolog\u00eda eSIM, en los \u00faltimos a\u00f1os se han hecho algunos progresos.<\/p>\n\n\n\n<p>China Mobile y China Unicom han comenzado a ofrecer servicios eSIM, apuntando principalmente a clientes y empresas locales. Sin embargo, <strong>sus ofertas eSIM para viajeros internacionales todav\u00eda son limitadas<\/strong> y pueden no estar ampliamente disponibles o ser f\u00e1cilmente accesibles.\n\n<\/p>\n\n\n\n<p>Alternativamente, los proveedores internacionales de eSIM como <strong>chinaesim.com <\/strong>ofrecen planes de datos eSIM competitivos para China continental y regiones, garantizando una conectividad ininterrumpida en plataformas como Facebook, Google SIN VPN. Esto permite a los turistas disfrutar de una conectividad a Internet estable durante todo su viaje a China y los pa\u00edses vecinos.<\/p>\n\n\n<div class=\"lazyblock-cta01-highlight-mXnfJ wp-block-lazyblock-cta01-highlight\">\n<div class=\"cta01-highlight mb-6\">\n    <div class=\"cta01-content\">\n        <p><strong>Chinaesim <\/strong>-\u00a0tu paso a la conectividad infinita en China de manera f\u00e1cil<\/p>    <\/div>\n    <div class=\"cta01-button\">\n        <a href=\"https:\/\/chinaesim.com\/es\/\">\n            Comprar ahora        <\/a>\n    <\/div>\n<\/div><\/div>\n\n\n<h2 class=\"wp-block-heading\" id=\"vi-preguntas-frecuentes-sobre-operadores-de-telefonia-movil-en-china\">VI. Preguntas Frecuentes sobre Operadores de Telefon\u00eda M\u00f3vil en China<\/h2>\n\n\n<div id=\"rank-math-faq\" class=\"rank-math-block\">\n<div class=\"rank-math-list \">\n<div id=\"faq-question-1713868198920\" class=\"rank-math-list-item\">\n<h3 class=\"rank-math-question \">\u00bfQu\u00e9 redes y frecuencias utilizan los operadores de telefon\u00eda m\u00f3vil en China?<\/h3>\n<div class=\"rank-math-answer \">\n\n<p>China Mobile utiliza TD-SCDMA para 3G y TDD-LTE para 4G. Ahora tambi\u00e9n utiliza FDD-LTE en las bandas 3 y 8 en las principales ciudades.<br \/>\nChina Unicom utiliza WCDMA para 3G en la banda 1 y FDD-LTE en las bandas 1, 3 y 41 para 4G.<br \/>\nChina Telecom utiliza CDMA2000 para voz y EVDO para 3G\/4G. Expansi\u00f3n de FDD-LTE en las bandas 1, 3 y 5.<\/p>\n\n<\/div>\n<\/div>\n<div id=\"faq-question-1713868273569\" class=\"rank-math-list-item\">\n<h3 class=\"rank-math-question \">\u00bfC\u00f3mo compro una tarjeta SIM de cada operador?<\/h3>\n<div class=\"rank-math-answer \">\n\n<p>Hay que acudir a una tienda oficial con el pasaporte. Las SIM se pueden comprar en las tiendas de China Mobile, China Unicom y China Telecom. Hay que facilitar la direcci\u00f3n de un hotel para registrarse. Se requiere una recarga inicial m\u00ednima de 30-50 RMB para la activaci\u00f3n.<\/p>\n\n<\/div>\n<\/div>\n<div id=\"faq-question-1713868284339\" class=\"rank-math-list-item\">\n<h3 class=\"rank-math-question \">\u00bfQu\u00e9 opciones de planes de datos hay disponibles?<\/h3>\n<div class=\"rank-math-answer \">\n\n<p>Los operadores ofrecen planes mensuales con cuotas de datos fijas y planes ilimitados con pol\u00edticas de uso razonable. Tambi\u00e9n hay paquetes de datos para recargar. China Mobile ofrece como alternativa planes de datos diarios\/semanales v\u00e1lidos de 1 a 7 d\u00edas.<\/p>\n\n<\/div>\n<\/div>\n<div id=\"faq-question-1713868293004\" class=\"rank-math-list-item\">\n<h3 class=\"rank-math-question \">\u00bfC\u00f3mo recargo el saldo de mi cuenta?<\/h3>\n<div class=\"rank-math-answer \">\n\n<p>Puedes recargar a trav\u00e9s de WeChat Pay a\u00f1adiendo tu tarjeta de cr\u00e9dito\/d\u00e9bito extranjera. Tambi\u00e9n puedes comprar tarjetas rasca y gana en tiendas de conveniencia para recargar saldo en l\u00ednea o en las tiendas de las operadoras.<\/p>\n\n<\/div>\n<\/div>\n<div id=\"faq-question-1713868305684\" class=\"rank-math-list-item\">\n<h3 class=\"rank-math-question \">\u00bfTengo que cancelar mi tarjeta SIM antes de salir de China?<\/h3>\n<div class=\"rank-math-answer \">\n\n<p>Se recomienda cancelar formalmente la cuenta en persona en una tienda del operador antes de marcharse para evitar cualquier inclusi\u00f3n en una lista negra que podr\u00eda impedir la inscripci\u00f3n en el futuro. La cancelaci\u00f3n de la cuenta requiere la identificaci\u00f3n original utilizada para el registro.<\/p>\n\n<\/div>\n<\/div>\n<\/div>\n<\/div>\n\n\n<h2 class=\"wp-block-heading\" id=\"conclusion\">Conclusi\u00f3n<\/h2>\n\n\n\n<p>China Telecom, Unicom y Mobile son los tres principales operadores de telefon\u00eda m\u00f3vil en China, con la mejor velocidad y cobertura. Por eso, cuando compres una tarjeta SIM\/eSIM a cualquier compa\u00f1\u00eda y no a estos operadores, ten en cuenta que probablemente utilizar\u00e1s la red de uno de estos tres.<\/p>\n\n\n\n<p>Debes comprobar si tu tel\u00e9fono tiene frecuencias similares a las que utilizan estas compa\u00f1\u00edas.<\/p>\n\n\n\n<p>La mayor\u00eda de los turistas y viajeros a China utilizan <strong>China Unicom<\/strong>, que funciona sin problemas con los smartphones comunes y cubre aproximadamente el 90% de la superficie del pa\u00eds con una conexi\u00f3n relativamente buena.<\/p>\n\n\n\n<p><i class=\"icon frame-33\" aria-hidden=\"true\"> <\/i>Descubre <a href=\"https:\/\/chinaesim.com\/es\/\" data-type=\"URL\" data-id=\"https:\/\/chinaesim.com\/es\/\">chinaesim.com<\/a> para obtener m\u00e1s informaci\u00f3n \u00fatil sobre los mejores planes de eSIM en China.<\/p>\n","protected":false},"excerpt":{"rendered":"<p>Cuando se trata de viajar por China, disponer de una conexi\u00f3n m\u00f3vil fiable y asequible es crucial para mantenerse conectado, acceder a los mapas y aprovechar al m\u00e1ximo el viaje. Con varios operadores de telefon\u00eda m\u00f3vil entre los que elegir, puede resultar abrumador decidir cu\u00e1l es el que mejor se adapta a tus necesidades como [&#8230;]\n","protected":false},"author":5,"featured_media":9791,"parent":0,"menu_order":0,"comment_status":"closed","ping_status":"closed","template":"page-right-sidebar.php","meta":{"_acf_changed":false,"inline_featured_image":false,"footnotes":""},"acf":[],"jetpack_sharing_enabled":true,"_links":{"self":[{"href":"https:\/\/chinaesim.com\/es\/wp-json\/wp\/v2\/pages\/9507"}],"collection":[{"href":"https:\/\/chinaesim.com\/es\/wp-json\/wp\/v2\/pages"}],"about":[{"href":"https:\/\/chinaesim.com\/es\/wp-json\/wp\/v2\/types\/page"}],"author":[{"embeddable":true,"href":"https:\/\/chinaesim.com\/es\/wp-json\/wp\/v2\/users\/5"}],"replies":[{"embeddable":true,"href":"https:\/\/chinaesim.com\/es\/wp-json\/wp\/v2\/comments?post=9507"}],"version-history":[{"count":0,"href":"https:\/\/chinaesim.com\/es\/wp-json\/wp\/v2\/pages\/9507\/revisions"}],"wp:featuredmedia":[{"embeddable":true,"href":"https:\/\/chinaesim.com\/es\/wp-json\/wp\/v2\/media\/9791"}],"wp:attachment":[{"href":"https:\/\/chinaesim.com\/es\/wp-json\/wp\/v2\/media?parent=9507"}],"curies":[{"name":"wp","href":"https:\/\/api.w.org\/{rel}","templated":true}]}}