{"id":8999,"date":"2023-02-23T11:11:37","date_gmt":"2023-02-23T04:11:37","guid":{"rendered":"https:\/\/chinaesim.com\/terminos-y-condiciones\/"},"modified":"2024-06-25T11:16:46","modified_gmt":"2024-06-25T04:16:46","slug":"terminos-y-condiciones","status":"publish","type":"page","link":"https:\/\/chinaesim.com\/es\/terminos-y-condiciones\/","title":{"rendered":"T\u00e9rminos y Condiciones"},"content":{"rendered":"\n<p>Estos <a href=\"https:\/\/chinaesim.com\/es\/terminos-y-condiciones\/\" data-type=\"URL\" data-id=\"https:\/\/chinaesim.com\/es\/terminos-y-condiciones\/\">T\u00e9rminos y Condiciones<\/a> establecen las condiciones bajo las cuales China eSIM se ofrece a los clientes. Al comprar una eSIM de Chinaesim.com por Gigago, aceptas que estos T\u00e9rminos y Condiciones constituyan un contrato entre usted &#8211; nuestro cliente y Chinaesim (en adelante denominado &#8220;Nosotros&#8221;, &#8220;nos&#8221; o &#8220;Empresa&#8221;).<\/p>\n\n<p>ANTES DE HACER CLIC EN EL BOT\u00d3N &#8220;CHECKOUT&#8221; o &#8220;PayPal&#8221;, LEA ATENTAMENTE LOS T\u00c9RMINOS Y CONDICIONES QUE FIGURAN A CONTINUACI\u00d3N.<\/p>\n\n<h2 class=\"wp-block-heading\">1. Naturaleza del servicio<\/h2>\n\n<p>Chinaesim.com proporciona perfiles eSIM de viajes a China y a la regi\u00f3n (la &#8220;eSIM&#8221;), a los viajeros que planean visitar China y otros pa\u00edses y desean mantenerse conectados en el destino.<\/p>\n\n<p>La eSIM se proporciona en forma de c\u00f3digo QR, no de tarjeta SIM f\u00edsica, y s\u00f3lo funciona en los dispositivos m\u00f3viles compatibles con la eSIM que se han enumerado claramente aqu\u00ed.<\/p>\n\n<p>El c\u00f3digo QR de la eSIM se env\u00eda por correo electr\u00f3nico inmediatamente despu\u00e9s de completar el pago. Por lo tanto, no incurrir\u00e1 en gastos de env\u00edo ni en tiempo de tr\u00e1nsito.<\/p>\n\n<h2 class=\"wp-block-heading\">2. Precios<\/h2>\n\n<p>Estamos ofreciendo una serie de planes de datos m\u00f3viles de China (tanto locales como regionales) en forma de eSIM.<\/p>\n\n<p>Las tarifas de los productos y servicios de nuestro sitio web pueden modificarse de vez en cuando.<\/p>\n\n<p>Nuestros planes le permiten utilizar una determinada cantidad de datos en un determinado periodo de tiempo. Adem\u00e1s, algunos de nuestros planes vienen con n\u00fameros de tel\u00e9fono locales que se pueden utilizar para recibir o hacer llamadas de voz y SMS, siguiendo las condiciones que vienen con cada plan. Esto significa que nunca se le facturar\u00e1n cargos adicionales por datos.<\/p>\n\n<h2 class=\"wp-block-heading\">3. Pago<\/h2>\n\n<p>Aceptamos el pago mediante Paypal y no nos hacemos responsables de los gastos bancarios (si los hubiera) derivados del pago de nuestros productos.<\/p>\n\n<p>En caso de impugnaci\u00f3n de la factura, el cliente deber\u00e1 enviar a Chinaesim.com, a m\u00e1s tardar 7 d\u00edas antes de la fecha de vencimiento del pago, una declaraci\u00f3n por escrito en la que se enumeren todos los elementos objeto de impugnaci\u00f3n y se proporcione una descripci\u00f3n razonablemente detallada de cada uno de ellos.<\/p>\n\n<p>El importe no impugnado o confirmado por sentencia judicial firme se considerar\u00e1 aceptado y abonado, sin perjuicio de los litigios sobre otros conceptos, en el plazo de 7 d\u00edas. Intentaremos resolver todos los litigios con rapidez y de buena fe.<\/p>\n\n<h2 class=\"wp-block-heading\">4. Cancelaci\u00f3n<\/h2>\n\n<p>En caso de que necesite cancelar el pago de su pedido, puede usted hacerlo sin penalizaci\u00f3n antes de que el c\u00f3digo QR de su eSIM haya sido enviado a su correo electr\u00f3nico. Una vez recibido el c\u00f3digo QR de la eSIM, no podr\u00e1 usted cancelar el pago o solo se le reembolsar\u00e1 si se produce alg\u00fan error relacionado con la eSIM que nuestro equipo de asistencia haya comunicado pero que no pueda solucionar.&#013;\n&#013;\n<\/p>\n\n<p>\u25ba Consulta m\u00e1s detalles en nuestra p\u00e1gina principal de <a href=\"https:\/\/chinaesim.com\/es\/cancelacion-reembolso\/\">Cancelaci\u00f3n y reembolsos<\/a>.&#013;\n&#013;\n<\/p>\n\n<h2 class=\"wp-block-heading\">5. Pol\u00edtica de uso leal de la comunicaci\u00f3n de datos<\/h2>\n\n<p>Cuando el proveedor de red local del pa\u00eds en el que te alojas durante tu viaje identifica un volumen masivo de uso de datos, el volumen de comunicaci\u00f3n de la l\u00ednea utilizada puede limitarse sin previo aviso para mantener la calidad de la red y el uso justo de las ondas de radio. Debido a ello, la conexi\u00f3n a Internet puede ser inestable, perderse o reducirse la velocidad.<\/p>\n","protected":false},"excerpt":{"rendered":"<p>Estos T\u00e9rminos y Condiciones establecen las condiciones bajo las cuales China eSIM se ofrece a los clientes. Al comprar una eSIM de Chinaesim.com por Gigago, aceptas que estos T\u00e9rminos y Condiciones constituyan un contrato entre usted &#8211; nuestro cliente y Chinaesim (en adelante denominado &#8220;Nosotros&#8221;, &#8220;nos&#8221; o &#8220;Empresa&#8221;). ANTES DE HACER CLIC EN EL BOT\u00d3N [&#8230;]\n","protected":false},"author":8,"featured_media":7803,"parent":0,"menu_order":0,"comment_status":"closed","ping_status":"closed","template":"","meta":{"_acf_changed":false,"inline_featured_image":false,"footnotes":""},"acf":[],"jetpack_sharing_enabled":true,"_links":{"self":[{"href":"https:\/\/chinaesim.com\/es\/wp-json\/wp\/v2\/pages\/8999"}],"collection":[{"href":"https:\/\/chinaesim.com\/es\/wp-json\/wp\/v2\/pages"}],"about":[{"href":"https:\/\/chinaesim.com\/es\/wp-json\/wp\/v2\/types\/page"}],"author":[{"embeddable":true,"href":"https:\/\/chinaesim.com\/es\/wp-json\/wp\/v2\/users\/8"}],"replies":[{"embeddable":true,"href":"https:\/\/chinaesim.com\/es\/wp-json\/wp\/v2\/comments?post=8999"}],"version-history":[{"count":0,"href":"https:\/\/chinaesim.com\/es\/wp-json\/wp\/v2\/pages\/8999\/revisions"}],"wp:featuredmedia":[{"embeddable":true,"href":"https:\/\/chinaesim.com\/es\/wp-json\/wp\/v2\/media\/7803"}],"wp:attachment":[{"href":"https:\/\/chinaesim.com\/es\/wp-json\/wp\/v2\/media?parent=8999"}],"curies":[{"name":"wp","href":"https:\/\/api.w.org\/{rel}","templated":true}]}}