{"id":8888,"date":"2023-02-17T18:18:42","date_gmt":"2023-02-17T11:18:42","guid":{"rendered":"https:\/\/chinaesim.com\/contacto\/"},"modified":"2025-04-10T15:09:55","modified_gmt":"2025-04-10T08:09:55","slug":"contacto","status":"publish","type":"page","link":"https:\/\/chinaesim.com\/es\/contacto\/","title":{"rendered":"Contacto"},"content":{"rendered":"\n<p>Puedes contactar a nuestro equipo de soporte las 24 horas del d\u00eda, los 7 d\u00edas de la semana y los 365 d\u00edas del a\u00f1o. Simplemente env\u00eda un mensaje a nuestro correo electr\u00f3nico o habla con <a href=\"https:\/\/chinaesim.com\/es\/\">Chinaesim<\/a> a trav\u00e9s del chat en l\u00ednea:<\/p> <ul> <li><strong>Correo electr\u00f3nico: <\/strong>cn@gigago.com<\/li> <li><strong>Whatsapp 24\/7<\/strong>: <a href=\"https:\/\/wa.me\/message\/HPRRG2EDTT5OA1\" target=\"_blank\" rel=\"noopener\">+1 607-536-9399<\/a><\/li> <\/ul> <p><strong>Visita nuestra oficina principal en Hong Kong:<\/strong><\/p> <ul> <li>Gigago Limited<\/li> <li>Unit 205, Unit C, 2\/F, Kwong On Bank Mongkok Branch Building, 728-730, Nathan Road, Mong Kok, Hong Kong<\/li> <\/ul>\n\n\t<script type=\"text\/javascript\">\n  jQuery( document ).ready(function() {\n    function initialize() {\n        var styles = {\n            'flatsome':  [{\n            \"featureType\": \"administrative\",\n            \"stylers\": [\n              { \"visibility\": \"on\" }\n            ]\n          },\n          {\n            \"featureType\": \"road\",\n            \"stylers\": [\n              { \"visibility\": \"on\" },\n              { \"hue\": \"\" }\n            ]\n          },\n          {\n            \"stylers\": [\n\t\t\t  { \"visibility\": \"on\" },\n\t\t\t  { \"hue\": \"\" },\n\t\t\t  { \"saturation\": -30 }\n            ]\n          }\n        ]};\n\n        var myLatlng = new google.maps.LatLng(22.321545627841, 114.1691788964);\n        var myOptions = {\n            zoom: 17,\n            center: myLatlng,\n            mapTypeId: google.maps.MapTypeId.ROADMAP,\n            disableDefaultUI: true,\n            mapTypeId: 'flatsome',\n            draggable: true,\n            zoomControl: false,\n            zoomControlOptions: {\n              position: google.maps.ControlPosition.TOP_LEFT\n            },\n      \t\t\t\/\/ panControl: false,\n            \/\/ panControlOptions: {\n            \/\/   position: google.maps.ControlPosition.TOP_LEFT\n            \/\/ },\n      \t\t\tmapTypeControl: false,\n            mapTypeControlOptions: {\n              position: google.maps.ControlPosition.TOP_LEFT\n            },\n      \t\t\t\/\/ scaleControl: false,\n            \/\/ scaleControlOptions: {\n            \/\/   position: google.maps.ControlPosition.TOP_LEFT\n            \/\/ },\n      \t\t\tstreetViewControl: false,\n            streetViewControlOptions: {\n              position: google.maps.ControlPosition.TOP_LEFT\n            },\n      \t\t\t\/\/ overviewMapControl: false,\n            \/\/ overviewMapControlOptions: {\n            \/\/   position: google.maps.ControlPosition.TOP_LEFT\n            \/\/ },\n            scrollwheel: false,\n            disableDoubleClickZoom: true\n        }\n        var map = new google.maps.Map(document.getElementById(\"map-2546214913-inner\"), myOptions);\n        var styledMapType = new google.maps.StyledMapType(styles['flatsome'], {name: 'flatsome'});\n        map.mapTypes.set('flatsome', styledMapType);\n\n        var marker = new google.maps.Marker({\n            position: myLatlng,\n            map: map,\n            title:\"\"\n        });\n    }\n\n    \/\/ Required to proceed\n    if (!(typeof google === 'object' && typeof google.maps === 'object')) {\n      return\n    }\n\n    initialize()\n    google.maps.event.addDomListener(window, 'resize', initialize);\n    });\n    <\/script>\n\n    <div class=\"google-map relative mb\" id=\"map-2546214913\">\n        <div class=\"map-height\" id=\"map-2546214913-inner\"><\/div>\n        <div id=\"map_overlay_top\"><\/div>\n        <div id=\"map_overlay_bottom\"><\/div>\n                  <div class=\"map_inner map-inner last-reset absolute x100 md-x95 lg-x95 y100 md-y95 lg-y95\">\n              \n\n<div> <div data-zone-id=\"0\" data-line-index=\"0\" data-line=\"true\"><strong>GIGAGO Limited<\/strong><\/div> <div data-zone-id=\"0\" data-line-index=\"0\" data-line=\"true\">Unit 205, Unit C, 2\/F, Kwong On Bank Mongkok Branch Building, 728-730, Nathan Road, Mong Kok, Hong Kong<\/div> <\/div>\n         <\/div>\n       \n       \n<style type=\"text\/css\">\n#map-2546214913 .map-inner {\n  background-color: #fff;\n  max-width: 100%;\n}\n#map-2546214913 .map-height {\n  height: 400px;\n}\n@media (min-width:550px) {\n  #map-2546214913 .map-inner {\n    max-width: 40%;\n  }\n}\n@media (min-width:850px) {\n  #map-2546214913 .map-inner {\n    max-width: 30%;\n  }\n}\n<\/style>\n    <\/div>\n\n\t\n<a href=\"https:\/\/chinaesim.com\/es\/sobre-nosotros\/\" target=\"_self\" class=\"button primary is-link\">\n    <span>VER M\u00c1S SOBRE NOSOTROS<\/span>\n  <i class=\"icon-angle-right\" aria-hidden=\"true\" ><\/i><\/a>\n\n\n\n","protected":false},"excerpt":{"rendered":"","protected":false},"author":8,"featured_media":7797,"parent":0,"menu_order":0,"comment_status":"closed","ping_status":"closed","template":"","meta":{"_acf_changed":false,"inline_featured_image":false,"footnotes":""},"acf":[],"jetpack_sharing_enabled":true,"_links":{"self":[{"href":"https:\/\/chinaesim.com\/es\/wp-json\/wp\/v2\/pages\/8888"}],"collection":[{"href":"https:\/\/chinaesim.com\/es\/wp-json\/wp\/v2\/pages"}],"about":[{"href":"https:\/\/chinaesim.com\/es\/wp-json\/wp\/v2\/types\/page"}],"author":[{"embeddable":true,"href":"https:\/\/chinaesim.com\/es\/wp-json\/wp\/v2\/users\/8"}],"replies":[{"embeddable":true,"href":"https:\/\/chinaesim.com\/es\/wp-json\/wp\/v2\/comments?post=8888"}],"version-history":[{"count":0,"href":"https:\/\/chinaesim.com\/es\/wp-json\/wp\/v2\/pages\/8888\/revisions"}],"wp:featuredmedia":[{"embeddable":true,"href":"https:\/\/chinaesim.com\/es\/wp-json\/wp\/v2\/media\/7797"}],"wp:attachment":[{"href":"https:\/\/chinaesim.com\/es\/wp-json\/wp\/v2\/media?parent=8888"}],"curies":[{"name":"wp","href":"https:\/\/api.w.org\/{rel}","templated":true}]}}