{"id":10091,"date":"2024-03-27T15:39:26","date_gmt":"2024-03-27T08:39:26","guid":{"rendered":"https:\/\/chinaesim.com\/?page_id=10091"},"modified":"2025-10-06T17:31:49","modified_gmt":"2025-10-06T10:31:49","slug":"pekin","status":"publish","type":"page","link":"https:\/\/chinaesim.com\/es\/tarjeta-sim-aeropuerto\/pekin\/","title":{"rendered":"D\u00f3nde Comprar una Tarjeta SIM en el Aeropuerto de Pek\u00edn-Capital"},"content":{"rendered":"\n<p>El Aeropuerto Internacional de Beijing Capital (PEK) es uno de los aeropuertos m\u00e1s transitados del mundo y atiende a millones de pasajeros cada a\u00f1o. Ya sea que visite China por negocios o por placer, mantenerse conectado con una tarjeta SIM local es esencial para navegar por el pa\u00eds, traducir idiomas y acceder a aplicaciones esenciales.<\/p>\n\n\n\n<p>Esta gu\u00eda completa le proporcionar\u00e1 toda la informaci\u00f3n que necesita para comprar una tarjeta SIM en el aeropuerto de Beijing, incluidas las diferentes opciones disponibles, los costos y los documentos que deber\u00e1 tener.<\/p>\n\n\n\n<figure class=\"wp-block-image size-large\"><img decoding=\"async\" width=\"1024\" height=\"683\" src=\"https:\/\/chinaesim.com\/wp-content\/uploads\/sites\/5\/2024\/07\/sim-card-beijing-airport-china-1024x683.jpg\" alt=\"sim en aeropuerto de pekin\" class=\"wp-image-9812\" srcset=\"https:\/\/chinaesim.com\/wp-content\/uploads\/sites\/5\/2024\/07\/sim-card-beijing-airport-china-1024x683.jpg 1024w, https:\/\/chinaesim.com\/wp-content\/uploads\/sites\/5\/2024\/07\/sim-card-beijing-airport-china-300x200.jpg 300w, https:\/\/chinaesim.com\/wp-content\/uploads\/sites\/5\/2024\/07\/sim-card-beijing-airport-china-768x512.jpg 768w, https:\/\/chinaesim.com\/wp-content\/uploads\/sites\/5\/2024\/07\/sim-card-beijing-airport-china-570x380.jpg 570w, https:\/\/chinaesim.com\/wp-content\/uploads\/sites\/5\/2024\/07\/sim-card-beijing-airport-china.jpg 1200w\" sizes=\"(max-width: 1024px) 100vw, 1024px\" \/><\/figure>\n\n\n\n<div class=\"wp-block-rank-math-toc-block\" id=\"rank-math-toc\"><h2>Tabla de Contenidos<\/h2><nav><div><div class=\"\"><a href=\"#i-donde-comprar-tarjetas-sim-en-el-aeropuerto-de-pekin\">I. D\u00f3nde Comprar Tarjetas SIM en el Aeropuerto de Pek\u00edn<\/a><\/div><div class=\"\"><a href=\"#ii-opciones-y-costos-de-la-tarjeta-sim-del-aeropuerto-de-beijing\">II. Opciones y Costos de la Tarjeta SIM del Aeropuerto de Beijing<\/a><\/div><div class=\"\"><a href=\"#iii-lo-que-necesita-prepararse-para-obtener-una-tarjeta-sim-en-el-aeropuerto-de-beijing\">III. Lo que Necesita Prepararse para Obtener una Tarjeta SIM en el Aeropuerto de Beijing<\/a><\/div><div class=\"\"><a href=\"#iv-e-sim-como-alternativa-a-la-tarjeta-sim-en-el-aeropuerto-de-beijing\">IV. eSIM como Alternativa a la Tarjeta SIM en el Aeropuerto de Beijing<\/a><\/div><div class=\"\"><a href=\"#v-preguntas-frecuentes-sobre-la-compra-de-tarjetas-sim-en-el-aeropuerto-de-beijing\">V. Preguntas Frecuentes sobre la Compra de Tarjetas SIM en el Aeropuerto de Beijing<\/a><\/div><div class=\"\"><a href=\"#conclusion\">Conclusi\u00f3n<\/a><\/div><\/div><\/nav><\/div>\n\n\n\n<h2 class=\"wp-block-heading\" id=\"i-donde-comprar-tarjetas-sim-en-el-aeropuerto-de-pekin\">I. D\u00f3nde Comprar Tarjetas SIM en el Aeropuerto de Pek\u00edn<\/h2>\n\n\n\n<p>Hay varios lugares donde puedes comprar una tarjeta SIM en el aeropuerto de Beijing:<\/p>\n\n\n\n<h3 class=\"wp-block-heading\" id=\"t-1-arrival-hall\">Sala de llegadas T1:<\/h3>\n\n\n\n<figure class=\"wp-block-image size-large\"><img decoding=\"async\" width=\"1024\" height=\"888\" src=\"https:\/\/chinaesim.com\/wp-content\/uploads\/sites\/5\/2024\/03\/I.-T1-Arrival-Hall-1024x888.jpg\" alt=\"There are several locations where you can purchase a SIM card at Beijing Airport:\" class=\"wp-image-5387\" srcset=\"https:\/\/chinaesim.com\/wp-content\/uploads\/sites\/5\/2024\/03\/I.-T1-Arrival-Hall-1024x888.jpg 1024w, https:\/\/chinaesim.com\/wp-content\/uploads\/sites\/5\/2024\/03\/I.-T1-Arrival-Hall-300x260.jpg 300w, https:\/\/chinaesim.com\/wp-content\/uploads\/sites\/5\/2024\/03\/I.-T1-Arrival-Hall-768x666.jpg 768w, https:\/\/chinaesim.com\/wp-content\/uploads\/sites\/5\/2024\/03\/I.-T1-Arrival-Hall-570x494.jpg 570w, https:\/\/chinaesim.com\/wp-content\/uploads\/sites\/5\/2024\/03\/I.-T1-Arrival-Hall.jpg 1488w\" sizes=\"(max-width: 1024px) 100vw, 1024px\" \/><\/figure>\n\n\n\n<ul>\n<li><strong>China Unicom: <\/strong>Ubicado en el primer piso junto a la Puerta 13<\/li>\n\n\n\n<li><strong>China Mobile:<\/strong> Ubicado en el primer piso cerca de la Puerta 28<\/li>\n<\/ul>\n\n\n\n<h3 class=\"wp-block-heading\" id=\"t-2-arrival-hall\">Sala de llegadas T2:<\/h3>\n\n\n\n<figure class=\"wp-block-image size-large\"><img decoding=\"async\" width=\"1024\" height=\"849\" src=\"https:\/\/chinaesim.com\/wp-content\/uploads\/sites\/5\/2024\/03\/t2-arrival-hall-1024x849.jpg\" alt=\"China Unicom: Located opposite Gate D7 on the second floor\" class=\"wp-image-5388\" srcset=\"https:\/\/chinaesim.com\/wp-content\/uploads\/sites\/5\/2024\/03\/t2-arrival-hall-1024x849.jpg 1024w, https:\/\/chinaesim.com\/wp-content\/uploads\/sites\/5\/2024\/03\/t2-arrival-hall-300x249.jpg 300w, https:\/\/chinaesim.com\/wp-content\/uploads\/sites\/5\/2024\/03\/t2-arrival-hall-768x637.jpg 768w, https:\/\/chinaesim.com\/wp-content\/uploads\/sites\/5\/2024\/03\/t2-arrival-hall-1536x1274.jpg 1536w, https:\/\/chinaesim.com\/wp-content\/uploads\/sites\/5\/2024\/03\/t2-arrival-hall-570x473.jpg 570w, https:\/\/chinaesim.com\/wp-content\/uploads\/sites\/5\/2024\/03\/t2-arrival-hall.jpg 1688w\" sizes=\"(max-width: 1024px) 100vw, 1024px\" \/><\/figure>\n\n\n\n<ul>\n<li><strong>China Unicom: <\/strong>ubicado frente a la puerta D7 en el segundo piso<\/li>\n\n\n\n<li><strong>China Telecom: <\/strong>ubicada cerca de la puerta D25<\/li>\n<\/ul>\n\n\n\n<h3 class=\"wp-block-heading\" id=\"t-3-arrival-hall\"><strong>Sala de llegadas T3:<\/strong><\/h3>\n\n\n\n<figure class=\"wp-block-image size-large\"><img decoding=\"async\" width=\"1024\" height=\"898\" src=\"https:\/\/chinaesim.com\/wp-content\/uploads\/sites\/5\/2024\/03\/t3-arrival-hall-1024x898.jpg\" alt=\"China Mobile: Located near Gate E5 on the first floor\" class=\"wp-image-5389\" srcset=\"https:\/\/chinaesim.com\/wp-content\/uploads\/sites\/5\/2024\/03\/t3-arrival-hall-1024x898.jpg 1024w, https:\/\/chinaesim.com\/wp-content\/uploads\/sites\/5\/2024\/03\/t3-arrival-hall-300x263.jpg 300w, https:\/\/chinaesim.com\/wp-content\/uploads\/sites\/5\/2024\/03\/t3-arrival-hall-768x674.jpg 768w, https:\/\/chinaesim.com\/wp-content\/uploads\/sites\/5\/2024\/03\/t3-arrival-hall-1536x1347.jpg 1536w, https:\/\/chinaesim.com\/wp-content\/uploads\/sites\/5\/2024\/03\/t3-arrival-hall-570x500.jpg 570w, https:\/\/chinaesim.com\/wp-content\/uploads\/sites\/5\/2024\/03\/t3-arrival-hall.jpg 1596w\" sizes=\"(max-width: 1024px) 100vw, 1024px\" \/><\/figure>\n\n\n\n<ul>\n<li><strong>China Mobile: <\/strong>ubicado cerca de la puerta E5 en el primer piso<\/li>\n<\/ul>\n\n\n\n<p>Para obtener informaci\u00f3n m\u00e1s detallada sobre las instalaciones y servicios disponibles en el Aeropuerto Internacional Capital de Beijing, consulte su sitio web oficial haciendo clic aqu\u00ed: Consulte <a href=\"https:\/\/en.bcia.com.cn\/\" data-type=\"link\" data-id=\"https:\/\/en.bcia.com.cn\/\" target=\"_blank\" rel=\"noopener\">el sitio web del aeropuerto<\/a><\/p>\n\n\n\n<h2 class=\"wp-block-heading\" id=\"ii-opciones-y-costos-de-la-tarjeta-sim-del-aeropuerto-de-beijing\">II. Opciones y Costos de la Tarjeta SIM del Aeropuerto de Beijing<\/h2>\n\n\n\n<figure class=\"wp-block-image size-full is-resized\"><img decoding=\"async\" width=\"800\" height=\"534\" src=\"https:\/\/chinaesim.com\/wp-content\/uploads\/sites\/5\/2024\/03\/Beijing-Airport-SIM-Card-Options-and-Costs.jpg\" alt=\"The major telecom providers in China offer a range of SIM card options at Beijing Airport.\" class=\"wp-image-5394\" style=\"width:1200px\" srcset=\"https:\/\/chinaesim.com\/wp-content\/uploads\/sites\/5\/2024\/03\/Beijing-Airport-SIM-Card-Options-and-Costs.jpg 800w, https:\/\/chinaesim.com\/wp-content\/uploads\/sites\/5\/2024\/03\/Beijing-Airport-SIM-Card-Options-and-Costs-300x200.jpg 300w, https:\/\/chinaesim.com\/wp-content\/uploads\/sites\/5\/2024\/03\/Beijing-Airport-SIM-Card-Options-and-Costs-768x513.jpg 768w, https:\/\/chinaesim.com\/wp-content\/uploads\/sites\/5\/2024\/03\/Beijing-Airport-SIM-Card-Options-and-Costs-570x380.jpg 570w\" sizes=\"(max-width: 800px) 100vw, 800px\" \/><\/figure>\n\n\n\n<p>Los principales proveedores de telecomunicaciones de China ofrecen una variedad de opciones de tarjetas SIM en el aeropuerto de Beijing. Las opciones m\u00e1s populares incluyen:<\/p>\n\n\n\n<figure class=\"wp-block-table\"><table><thead><tr><th>Plan<\/th><th>Costo (RMB)<\/th><th>Costo (USD)<\/th><th>Datos<\/th><th>Notas<\/th><\/tr><\/thead><tbody><tr><td>Plan Diario de Datos de China Mobile<\/td><td>18 RMB\/mes<\/td><td>~$2.60\/mes<\/td><td>1 RMB\/1GB diario<\/td><td>La opci\u00f3n m\u00e1s barata para un uso ligero de datos. Los precios pueden variar.<\/td><\/tr><tr><td>Plan Ilimitado de 30 D\u00edas de China Mobile<\/td><td>128 RMB\/mes<\/td><td>~$18.40\/mes<\/td><td>30GB de datos a velocidad completa<\/td><td>Buen valor para un uso moderado<\/td><\/tr><tr><td>Plan Ilimitado de 60 D\u00edas de China Mobile<\/td><td>238 RMB\/mes<\/td><td>~$34.20\/mes<\/td><td>40GB de datos a velocidad completa<\/td><td>M\u00e1s datos que el plan de 30 d\u00edas<\/td><\/tr><tr><td>SIM de Solo Datos de 1 Mes de China Unicom<\/td><td>30 RMB<\/td><td>~$4.30<\/td><td>4GB<\/td><td>SIM solo para datos, sin minutos de llamadas<\/td><\/tr><tr><td>SIM Turista de 7 D\u00edas de China Unicom<\/td><td>58 RMB<\/td><td>~$8.35<\/td><td>2GB<\/td><td>V\u00e1lido por 7 d\u00edas, sin registro chino requerido<\/td><\/tr><tr><td>SIM de 1 Mes de China Unicom de Hong Kong<\/td><td>128 HKD (~160 RMB)<\/td><td>~$22.90<\/td><td>8GB<\/td><td>Evita la censura, acepta tarjetas extranjeras<\/td><\/tr><\/tbody><\/table><\/figure>\n\n\n\n<p>Los planes en las principales redes nacionales, China Mobile y China Unicom, ofrecen una buena relaci\u00f3n calidad-precio, con paquetes que van desde opciones de alquiler diario hasta planes ilimitados de 1 mes. Para usuarios reducidos, el plan de datos diario de China Mobile es la opci\u00f3n m\u00e1s asequible. Los viajeros que buscan un uso moderado de alrededor de 30 GB pueden considerar el paquete ilimitado de 30 d\u00edas de China Mobile.<\/p>\n\n\n<div class=\"lazyblock-ggg-custom-block-ZkFu3o wp-block-lazyblock-ggg-custom-block\"><div class=\"ggg-custom-shortcode gigago-block-yellow\">\n    <div class=\"ggg-shortcode-content\">\n        <p>Descubra qu\u00e9 operador tiene la mejor cobertura en Beijing y d\u00f3nde comprar una tarjeta SIM f\u00e1cilmente en nuestra gu\u00eda completa:<\/p>\n<p style=\"text-align: center\"><a href=\"https:\/\/chinaesim.com\/es\/tarjetas-sim\/pekin\/\">C\u00f3mo comprar una tarjeta SIM en Beijing: consejos de los lugare\u00f1os<\/a><\/p>    <\/div>\n<\/div><\/div>\n\n\n<h2 class=\"wp-block-heading\" id=\"iii-lo-que-necesita-prepararse-para-obtener-una-tarjeta-sim-en-el-aeropuerto-de-beijing\">III. Lo que Necesita Prepararse para Obtener una Tarjeta SIM en el Aeropuerto de Beijing<\/h2>\n\n\n\n<figure class=\"wp-block-image size-full is-resized\"><img decoding=\"async\" width=\"783\" height=\"394\" src=\"https:\/\/chinaesim.com\/wp-content\/uploads\/sites\/5\/2024\/03\/What-You-Need-to-Prepare-for-Getting-a-SIM-Card-at-Beijing-Airport.jpg\" alt=\"What You Need to Prepare for Getting a SIM Card at Beijing Airport\" class=\"wp-image-5395\" style=\"width:1200px\" srcset=\"https:\/\/chinaesim.com\/wp-content\/uploads\/sites\/5\/2024\/03\/What-You-Need-to-Prepare-for-Getting-a-SIM-Card-at-Beijing-Airport.jpg 783w, https:\/\/chinaesim.com\/wp-content\/uploads\/sites\/5\/2024\/03\/What-You-Need-to-Prepare-for-Getting-a-SIM-Card-at-Beijing-Airport-300x151.jpg 300w, https:\/\/chinaesim.com\/wp-content\/uploads\/sites\/5\/2024\/03\/What-You-Need-to-Prepare-for-Getting-a-SIM-Card-at-Beijing-Airport-768x386.jpg 768w, https:\/\/chinaesim.com\/wp-content\/uploads\/sites\/5\/2024\/03\/What-You-Need-to-Prepare-for-Getting-a-SIM-Card-at-Beijing-Airport-570x287.jpg 570w\" sizes=\"(max-width: 783px) 100vw, 783px\" \/><\/figure>\n\n\n\n<p>Para comprar una tarjeta SIM en el aeropuerto de Beijing, deber\u00e1 proporcionar algunos documentos:<\/p>\n\n\n\n<ul>\n<li><strong>Ciudadanos chinos:<\/strong> Tarjeta de identificaci\u00f3n nacional<\/li>\n<\/ul>\n\n\n\n<ul>\n<li><strong>Residentes Extranjeros:<\/strong> Pasaporte y Permiso de residencia para extranjeros<\/li>\n<\/ul>\n\n\n\n<p><strong>Consejos:<\/strong><\/p>\n\n\n\n<ul>\n<li>Es \u00fatil tener una copia f\u00edsica de su pasaporte o permiso de residencia para extranjeros para una verificaci\u00f3n m\u00e1s sencilla.<\/li>\n\n\n\n<li>Aseg\u00farese de que su dispositivo est\u00e9 desbloqueado y sea compatible con las redes GSM chinas.<\/li>\n\n\n\n<li>Si tiene un tel\u00e9fono con doble SIM, puede insertar tanto su SIM local como la SIM china para evitar incurrir en cargos de roaming.<\/li>\n<\/ul>\n\n\n\n<h2 class=\"wp-block-heading\" id=\"iv-e-sim-como-alternativa-a-la-tarjeta-sim-en-el-aeropuerto-de-beijing\">IV. eSIM como Alternativa a la Tarjeta SIM en el Aeropuerto de Beijing<\/h2>\n\n\n\n<p>Al llegar al Aeropuerto Internacional de Beijing Capital, <strong>conseguir una tarjeta SIM local puede ser una molestia<\/strong>. Los quioscos SIM de los aeropuertos suelen tener largas colas y opciones de planes de datos limitadas. Si necesita conectividad de inmediato, una eSIM es una excelente alternativa a considerar.<\/p>\n\n\n\n<p>Las eSIM de servicios como <strong>Chinaesim.com<\/strong> le permiten configurar un plan de datos chino directamente desde su dispositivo sin tener que esperar en las colas del aeropuerto o buscar un kit SIM. Los planes a trav\u00e9s de <strong>Chinaesim.com<\/strong> van desde 3 GB por 5 d\u00edas por s\u00f3lo $7 hasta 30 GB por 30 d\u00edas por $36,90. Tenemos opciones adecuadas para visitantes de corto y largo plazo.<\/p>\n\n\n\n<p>La mejor parte es que puedes comprar y activar tu eSIM incluso antes de salir de viaje. Simplemente compre el plan en l\u00ednea en Chinaesim.com y recibir\u00e1 el c\u00f3digo QR de activaci\u00f3n por correo electr\u00f3nico de inmediato. Luego, una vez que aterrices y te conectes a WiFi en el aeropuerto, simplemente escanea el c\u00f3digo QR con tu tel\u00e9fono para comenzar a usar la red de datos al instante. No es necesario alquilar un dispositivo WiFi ni deambular buscando un proveedor de SIM.<\/p>\n\n\n<div class=\"lazyblock-cta01-highlight-1edKUl wp-block-lazyblock-cta01-highlight\">\n<div class=\"cta01-highlight mb-6\">\n    <div class=\"cta01-content\">\n        <p>Libertad m\u00f3vil en el extranjero. Consigue una eSIM de <strong>Chinaesim.com<\/strong><\/p>    <\/div>\n    <div class=\"cta01-button\">\n        <a href=\"https:\/\/chinaesim.com\/es\/\">\n            Comprar ahora        <\/a>\n    <\/div>\n<\/div><\/div>\n\n\n<h2 class=\"wp-block-heading\" id=\"v-preguntas-frecuentes-sobre-la-compra-de-tarjetas-sim-en-el-aeropuerto-de-beijing\">V. Preguntas Frecuentes sobre la Compra de Tarjetas SIM en el Aeropuerto de Beijing<\/h2>\n\n\n<div id=\"rank-math-faq\" class=\"rank-math-block\">\n<div class=\"rank-math-list \">\n<div id=\"faq-question-1711507047812\" class=\"rank-math-list-item\">\n<h3 class=\"rank-math-question \">\u00bfA qu\u00e9 proveedores puedo comprar en el aeropuerto?<\/h3>\n<div class=\"rank-math-answer \">\n\n<p>Los principales proveedores en las tiendas del aeropuerto son China Mobile, China Unicom y China Telecom.<\/p>\n\n<\/div>\n<\/div>\n<div id=\"faq-question-1711507058933\" class=\"rank-math-list-item\">\n<h3 class=\"rank-math-question \">\u00bfTienen soporte en ingl\u00e9s?<\/h3>\n<div class=\"rank-math-answer \">\n\n<p>Las tiendas del aeropuerto, especialmente en la Terminal 3, suelen tener personal que habla ingl\u00e9s y pueden ayudar a los extranjeros. Es posible que a\u00fan necesites traer una lista traducida de los planes si deseas elegir uno espec\u00edfico.<\/p>\n\n<\/div>\n<\/div>\n<div id=\"faq-question-1711507073589\" class=\"rank-math-list-item\">\n<h3 class=\"rank-math-question \">\u00bfQu\u00e9 identificaci\u00f3n necesito?<\/h3>\n<div class=\"rank-math-answer \">\n\n<p>Para comprar una tarjeta SIM, necesitas tu pasaporte. El vendedor har\u00e1 una fotocopia de la p\u00e1gina de informaci\u00f3n de su pasaporte para fines de registro.<\/p>\n\n<\/div>\n<\/div>\n<div id=\"faq-question-1711507083249\" class=\"rank-math-list-item\">\n<h3 class=\"rank-math-question \">\u00bfPuedo activarlo inmediatamente?<\/h3>\n<div class=\"rank-math-answer \">\n\n<p>S\u00ed, las tiendas pueden activar la tarjeta SIM en el momento. Aseg\u00farese de pedirles que lo activen antes de salir de la tienda.<\/p>\n\n<\/div>\n<\/div>\n<div id=\"faq-question-1711507105149\" class=\"rank-math-list-item\">\n<h3 class=\"rank-math-question \">\u00bfQu\u00e9 m\u00e9todos de pago se aceptan?<\/h3>\n<div class=\"rank-math-answer \">\n\n<p>Aceptan efectivo (solo RMB), as\u00ed como tarjetas de cr\u00e9dito\/d\u00e9bito, incluidas Visa y Mastercard. La recarga inicial debe ser en efectivo para activar la SIM.<\/p>\n\n<\/div>\n<\/div>\n<div id=\"faq-question-1711507202295\" class=\"rank-math-list-item\">\n<h3 class=\"rank-math-question \">\u00bfCu\u00e1l es el mejor sitio para comprar una eSIM para viajar dentro de China?<\/h3>\n<div class=\"rank-math-answer \">\n\n<p><strong>Chinaesim.com<\/strong> es muy recomendable para comprar planes de datos eSIM para viajar dentro de China. Ofrecen una amplia gama de planes a precios competitivos que funcionan en las tres principales redes chinas y brindan una cobertura confiable en todo el pa\u00eds.<\/p>\n\n<\/div>\n<\/div>\n<div id=\"faq-question-1711507212981\" class=\"rank-math-list-item\">\n<h3 class=\"rank-math-question \">\u00bfQu\u00e9 planes debo adquirir?<\/h3>\n<div class=\"rank-math-answer \">\n\n<p>China Mobile y China Unicom venden planes de 30 d\u00edas con datos de 1 a 10 GB que ser\u00edan suficientes para viajes cortos.<\/p>\n\n<\/div>\n<\/div>\n<div id=\"faq-question-1711507225398\" class=\"rank-math-list-item\">\n<h3 class=\"rank-math-question \">\u00bfHay alg\u00fan recargo en el aeropuerto?<\/h3>\n<div class=\"rank-math-answer \">\n\n<p>S\u00ed, las tiendas del aeropuerto pueden cobrar una prima de 10 a 20 RMB sobre las tiendas de la ciudad. Pero la comodidad lo compensa. Consulta precios fuera del aeropuerto si tienes tiempo.<\/p>\n\n<\/div>\n<\/div>\n<\/div>\n<\/div>\n\n\n<h2 class=\"wp-block-heading\" id=\"conclusion\">Conclusi\u00f3n<\/h2>\n\n\n\n<p>Comprar una tarjeta SIM en el aeropuerto de Beijing es una forma c\u00f3moda y econ\u00f3mica de mantenerse conectado durante su viaje a China. Con m\u00faltiples opciones de los principales proveedores de telecomunicaciones y la opci\u00f3n de eSIM, puedes encontrar f\u00e1cilmente un plan que se adapte a tus necesidades. Solo recuerda tener tus documentos listos y comparar precios antes de realizar una compra. \u00a1Disfruta de tu estancia en China!<\/p>\n\n\n<div class=\"lazyblock-cta-selling-points-2jtHp0 wp-block-lazyblock-cta-selling-points\">\n<div class=\"cta-selling-points mb-6\">\n    <div class=\"title\">\u00a1Ve m\u00e1s all\u00e1 de las fronteras con chinaesim.com!<\/div>\n    <div class=\"content\"><div data-page-id=\"AEbGd8Fedo34ogxo3qJlpSgZgyh\" data-docx-has-block-data=\"false\">\n<div class=\"ace-line ace-line old-record-id-Zf0Ud14xhonxs0xfWealkSffg3b\" style=\"text-align: left\">\u26a1\ufe0f<strong>Activaci\u00f3n instant\u00e1nea:<\/strong> \u00a1Sin esperas, solo desc\u00e1rgalo y listo!<br \/>\u2708\ufe0f<strong>Local Carrier Magic:<\/strong> fluido y r\u00e1pido, impulsado por los principales actores.<br \/>\u267e\ufe0f<strong>Planes flexibles:<\/strong> elige el paquete de datos que se ajuste a tus necesidades y presupuesto.<br \/>\u2705<strong>Sin tarifas ocultas:<\/strong> lo que ves es lo que pagas, sin sorpresas.<\/div>\n<div style=\"text-align: left\">\u00a0<\/div>\n<div class=\"ace-line ace-line old-record-id-CA9edLEa6oSHfPx9sdalflRigjh\" style=\"text-align: left\">\u00bfListo para liberarte de las restricciones del roaming? \u00a1 Haz clic en el bot\u00f3n de abajo para conseguir tu eSIM y comenzar tu aventura global hoy mismo!<\/div>\n<\/div><\/div>\n    <div class=\"link-shop\">\n        <a href=\"https:\/\/chinaesim.com\/es\/\">\n            Comprar ahora        <\/a>\n    <\/div>\n<\/div><\/div>","protected":false},"excerpt":{"rendered":"<p>El Aeropuerto Internacional de Beijing Capital (PEK) es uno de los aeropuertos m\u00e1s transitados del mundo y atiende a millones de pasajeros cada a\u00f1o. Ya sea que visite China por negocios o por placer, mantenerse conectado con una tarjeta SIM local es esencial para navegar por el pa\u00eds, traducir idiomas y acceder a aplicaciones esenciales. [&#8230;]\n","protected":false},"author":15,"featured_media":9812,"parent":9970,"menu_order":0,"comment_status":"closed","ping_status":"closed","template":"page-right-sidebar.php","meta":{"_acf_changed":false,"inline_featured_image":false,"footnotes":""},"acf":[],"jetpack_sharing_enabled":true,"_links":{"self":[{"href":"https:\/\/chinaesim.com\/es\/wp-json\/wp\/v2\/pages\/10091"}],"collection":[{"href":"https:\/\/chinaesim.com\/es\/wp-json\/wp\/v2\/pages"}],"about":[{"href":"https:\/\/chinaesim.com\/es\/wp-json\/wp\/v2\/types\/page"}],"author":[{"embeddable":true,"href":"https:\/\/chinaesim.com\/es\/wp-json\/wp\/v2\/users\/15"}],"replies":[{"embeddable":true,"href":"https:\/\/chinaesim.com\/es\/wp-json\/wp\/v2\/comments?post=10091"}],"version-history":[{"count":0,"href":"https:\/\/chinaesim.com\/es\/wp-json\/wp\/v2\/pages\/10091\/revisions"}],"up":[{"embeddable":true,"href":"https:\/\/chinaesim.com\/es\/wp-json\/wp\/v2\/pages\/9970"}],"wp:featuredmedia":[{"embeddable":true,"href":"https:\/\/chinaesim.com\/es\/wp-json\/wp\/v2\/media\/9812"}],"wp:attachment":[{"href":"https:\/\/chinaesim.com\/es\/wp-json\/wp\/v2\/media?parent=10091"}],"curies":[{"name":"wp","href":"https:\/\/api.w.org\/{rel}","templated":true}]}}